{"id":5702,"date":"2025-12-10T02:49:02","date_gmt":"2025-12-10T02:49:02","guid":{"rendered":"https:\/\/mountlaser.com\/?post_type=product&#038;p=5702"},"modified":"2025-12-10T02:49:02","modified_gmt":"2025-12-10T02:49:02","slug":"hc-th01-hard-case","status":"publish","type":"product","link":"https:\/\/mountlaser.com\/sq\/produkt\/hc-th01-hard-case\/","title":{"rendered":"Kuti e fort\u00eb HC-TH01"},"content":{"rendered":"<p>I\/E\/T\u00eb\/T\u00eb <a href=\"https:\/\/mountlaser.com\/sq\/\"><strong>Kuti e fort\u00eb HC-TH01<\/strong><\/a> \u00ebsht\u00eb nj\u00eb zgjidhje e q\u00ebndrueshme dhe mbrojt\u00ebse ruajtjeje e projektuar posa\u00e7\u00ebrisht p\u00ebr t\u00eb mbrojtur instrumentet e matjes me precizion. I projektuar p\u00ebr besueshm\u00ebri n\u00eb terren, kjo kuti e fort\u00eb p\u00ebr teodolitin ofron rezistenc\u00eb t\u00eb fort\u00eb ndaj goditjeve dhe mbushje t\u00eb brendshme t\u00eb sigurt p\u00ebr ta mbajtur teodolitin tuaj t\u00eb sigurt gjat\u00eb transportit dhe p\u00ebrdorimit t\u00eb p\u00ebrditsh\u00ebm.<\/p>\n<p><img fetchpriority=\"high\" decoding=\"async\" class=\"aligncenter wp-image-5708\" src=\"https:\/\/mountlaser.com\/wp-content\/uploads\/2025\/12\/HC-TH016.webp\" alt=\"HC-TH01 Hard case\" width=\"500\" height=\"500\" srcset=\"https:\/\/mountlaser.com\/wp-content\/uploads\/2025\/12\/HC-TH016.webp 1000w, https:\/\/mountlaser.com\/wp-content\/uploads\/2025\/12\/HC-TH016-300x300.webp 300w, https:\/\/mountlaser.com\/wp-content\/uploads\/2025\/12\/HC-TH016-150x150.webp 150w, https:\/\/mountlaser.com\/wp-content\/uploads\/2025\/12\/HC-TH016-768x768.webp 768w, https:\/\/mountlaser.com\/wp-content\/uploads\/2025\/12\/HC-TH016-12x12.webp 12w, https:\/\/mountlaser.com\/wp-content\/uploads\/2025\/12\/HC-TH016-600x600.webp 600w, https:\/\/mountlaser.com\/wp-content\/uploads\/2025\/12\/HC-TH016-800x800.webp 800w, https:\/\/mountlaser.com\/wp-content\/uploads\/2025\/12\/HC-TH016-400x400.webp 400w\" sizes=\"(max-width: 500px) 100vw, 500px\" \/><\/p>\n<p>E nd\u00ebrtuar me nj\u00eb ngjyr\u00eb t\u00eb kuqe me dukshm\u00ebri t\u00eb lart\u00eb, kutia e fort\u00eb HC-TH01 \u00ebsht\u00eb e leht\u00eb p\u00ebr t&#039;u dalluar n\u00eb vendet e pun\u00ebs me shum\u00eb njer\u00ebz dhe ofron q\u00ebndrueshm\u00ebri afatgjat\u00eb p\u00ebr mjedise t\u00eb v\u00ebshtira. Pavar\u00ebsisht n\u00ebse p\u00ebrdoret n\u00eb nd\u00ebrtim, matje toke apo aplikime inxhinierike, kjo <a href=\"https:\/\/mountlaser.com\/sq\/products\/\"><strong>Kuti e fort\u00eb p\u00ebr teodolit<\/strong><\/a> siguron q\u00eb pajisjet optike t\u00eb ndjeshme t\u00eb mbeten plot\u00ebsisht t\u00eb mbrojtura nga pluhuri, lag\u00ebshtia dhe goditjet.<\/p>","protected":false},"excerpt":{"rendered":"<ul>\n<li>Kuti e fort\u00eb HC-TH01 e projektuar posa\u00e7\u00ebrisht si nj\u00eb kuti e fort\u00eb p\u00ebr teodolit, duke siguruar nj\u00eb p\u00ebrshtatje t\u00eb ngusht\u00eb dhe t\u00eb sigurt.<\/li>\n<li>Guask\u00eb e jashtme me rezistenc\u00eb t\u00eb lart\u00eb p\u00ebr mbrojtje maksimale kund\u00ebr kushteve n\u00eb terren<\/li>\n<li>Mbushja e brendshme rezistente ndaj goditjeve ndihmon n\u00eb parandalimin e d\u00ebmtimit nga dridhjet<\/li>\n<li>Ngjyr\u00eb e kuqe e ndezur p\u00ebr dukshm\u00ebri t\u00eb p\u00ebrmir\u00ebsuar dhe identifikim t\u00eb leht\u00eb n\u00eb vend<\/li>\n<li>Mekaniz\u00ebm i fort\u00eb mbyll\u00ebs p\u00ebr transport t\u00eb sigurt dhe t\u00eb besuesh\u00ebm<\/li>\n<\/ul>","protected":false},"featured_media":5706,"comment_status":"open","ping_status":"closed","template":"","meta":[],"product_brand":[],"product_cat":[163,79],"product_tag":[],"class_list":{"0":"post-5702","1":"product","2":"type-product","3":"status-publish","4":"has-post-thumbnail","6":"product_cat-hard-case","7":"product_cat-surveying-accessory","9":"first","10":"instock","11":"shipping-taxable","12":"product-type-simple"},"_links":{"self":[{"href":"https:\/\/mountlaser.com\/sq\/wp-json\/wp\/v2\/product\/5702","targetHints":{"allow":["GET"]}}],"collection":[{"href":"https:\/\/mountlaser.com\/sq\/wp-json\/wp\/v2\/product"}],"about":[{"href":"https:\/\/mountlaser.com\/sq\/wp-json\/wp\/v2\/types\/product"}],"replies":[{"embeddable":true,"href":"https:\/\/mountlaser.com\/sq\/wp-json\/wp\/v2\/comments?post=5702"}],"wp:featuredmedia":[{"embeddable":true,"href":"https:\/\/mountlaser.com\/sq\/wp-json\/wp\/v2\/media\/5706"}],"wp:attachment":[{"href":"https:\/\/mountlaser.com\/sq\/wp-json\/wp\/v2\/media?parent=5702"}],"wp:term":[{"taxonomy":"product_brand","embeddable":true,"href":"https:\/\/mountlaser.com\/sq\/wp-json\/wp\/v2\/product_brand?post=5702"},{"taxonomy":"product_cat","embeddable":true,"href":"https:\/\/mountlaser.com\/sq\/wp-json\/wp\/v2\/product_cat?post=5702"},{"taxonomy":"product_tag","embeddable":true,"href":"https:\/\/mountlaser.com\/sq\/wp-json\/wp\/v2\/product_tag?post=5702"}],"curies":[{"name":"wp","href":"https:\/\/api.w.org\/{rel}","templated":true}]}}