{"id":5673,"date":"2025-12-10T02:12:59","date_gmt":"2025-12-10T02:12:59","guid":{"rendered":"https:\/\/mountlaser.com\/?post_type=product&#038;p=5673"},"modified":"2025-12-10T09:25:22","modified_gmt":"2025-12-10T09:25:22","slug":"hc-ps-series-hard-case","status":"publish","type":"product","link":"https:\/\/mountlaser.com\/sq\/produkt\/hc-ps-series-hard-case\/","title":{"rendered":"Kuti e fort\u00eb e seris\u00eb HC-PS"},"content":{"rendered":"<p>I\/E\/T\u00eb\/T\u00eb <a href=\"https:\/\/mountlaser.com\/sq\/\"><strong>Kuti e fort\u00eb e seris\u00eb HC-PS<\/strong><\/a> \u00ebsht\u00eb nj\u00eb zgjidhje e q\u00ebndrueshme dhe e besueshme p\u00ebr ruajtje, e projektuar posa\u00e7\u00ebrisht p\u00ebr t\u00eb mbrojtur setet profesionale t\u00eb prizmave t\u00eb p\u00ebrdorura n\u00eb aplikimet e matjeve. T\u00eb projektuara p\u00ebr siguri dhe organizim maksimal, k\u00ebto <a href=\"https:\/\/mountlaser.com\/sq\/kategori-produkti\/surveying-accessory\/\"><strong>Kuti t\u00eb forta p\u00ebr setin e prizmave<\/strong><\/a> ofrojn\u00eb mbrojtje t\u00eb fort\u00eb t\u00eb jashtme, planimetri t\u00eb sigurt t\u00eb brendshme dhe performanc\u00eb afatgjat\u00eb n\u00eb terren.<\/p>\n<p>Kutia e fort\u00eb e seris\u00eb HC-PS \u00ebsht\u00eb e disponueshme n\u00eb konfigurime t\u00eb shumta p\u00ebr t&#039;iu p\u00ebrshtatur konfigurimeve t\u00eb ndryshme t\u00eb prizmave.<br \/>\nHC-PS01 paraqet nj\u00eb dizajn me nj\u00eb priz\u00ebm t\u00eb vet\u00ebm dhe vjen n\u00eb opsione t\u00eb kuqe ose t\u00eb verdh\u00eb, nd\u00ebrsa HC-PS02 dhe HC-PS03 ofrojn\u00eb nj\u00eb dizajn me dy priz\u00ebm n\u00eb t\u00eb kuqe p\u00ebr p\u00ebrdoruesit q\u00eb k\u00ebrkojn\u00eb kapacitet shtes\u00eb ruajtjeje. Pavar\u00ebsisht modelit, \u00e7do kuti siguron mbrojtje t\u00eb q\u00ebndrueshme p\u00ebr komponent\u00ebt optik\u00eb t\u00eb vlefsh\u00ebm.<\/p>\n<p>T\u00eb nd\u00ebrtuara me materiale t\u00eb forta dhe integritet strukturor t\u00eb p\u00ebrforcuar, k\u00ebto <a href=\"https:\/\/mountlaser.com\/sq\/about-us\/\">Kuti t\u00eb forta p\u00ebr setin e prizmave<\/a> mbrojn\u00eb pajisjet nga goditjet, pluhuri dhe lag\u00ebshtia gjat\u00eb transportit ose p\u00ebrdorimit n\u00eb terren. Pjesa e brendshme e derdhur ndihmon n\u00eb mbajtjen e t\u00eb gjith\u00eb komponent\u00ebve t\u00eb pozicionuar n\u00eb m\u00ebnyr\u00eb t\u00eb sigurt, duke zvog\u00ebluar rrezikun e d\u00ebmtimit dhe duke e b\u00ebr\u00eb \u00e7ant\u00ebn e fort\u00eb t\u00eb seris\u00eb HC-PS nj\u00eb aksesor thelb\u00ebsor p\u00ebr topograf\u00ebt q\u00eb k\u00ebrkojn\u00eb transport t\u00eb besuesh\u00ebm t\u00eb pajisjeve.<\/p>\n<div>\n<table style=\"border-collapse: collapse; width: 371.27pt;\" border=\"0\" width=\"495\" cellspacing=\"0\" cellpadding=\"0\">\n<tbody>\n<tr style=\"height: 14.25pt;\">\n<td class=\"et2\" style=\"height: 14.25pt; width: 127.50pt;\" width=\"170\" height=\"19\">NUM\u00cbR<\/td>\n<td class=\"et3\" style=\"width: 92.25pt;\" width=\"123\">NGJYRA<\/td>\n<td class=\"et3\" style=\"width: 151.50pt;\" width=\"202\">FOTO<\/td>\n<\/tr>\n<tr style=\"height: 14.25pt;\">\n<td class=\"et4\" style=\"height: 14.25pt;\" height=\"19\">HC-PS01RD<\/td>\n<td class=\"et5\">E kuqe<\/td>\n<td class=\"et6\"><img fetchpriority=\"high\" decoding=\"async\" class=\"alignnone wp-image-5678\" src=\"https:\/\/mountlaser.com\/wp-content\/uploads\/2025\/12\/HC-PS01RD5.webp\" alt=\"HC-PS Series hard case\" width=\"500\" height=\"500\" srcset=\"https:\/\/mountlaser.com\/wp-content\/uploads\/2025\/12\/HC-PS01RD5.webp 1000w, https:\/\/mountlaser.com\/wp-content\/uploads\/2025\/12\/HC-PS01RD5-300x300.webp 300w, https:\/\/mountlaser.com\/wp-content\/uploads\/2025\/12\/HC-PS01RD5-150x150.webp 150w, https:\/\/mountlaser.com\/wp-content\/uploads\/2025\/12\/HC-PS01RD5-768x768.webp 768w, https:\/\/mountlaser.com\/wp-content\/uploads\/2025\/12\/HC-PS01RD5-12x12.webp 12w, https:\/\/mountlaser.com\/wp-content\/uploads\/2025\/12\/HC-PS01RD5-600x600.webp 600w, https:\/\/mountlaser.com\/wp-content\/uploads\/2025\/12\/HC-PS01RD5-800x800.webp 800w, https:\/\/mountlaser.com\/wp-content\/uploads\/2025\/12\/HC-PS01RD5-400x400.webp 400w\" sizes=\"(max-width: 500px) 100vw, 500px\" \/><\/td>\n<\/tr>\n<tr style=\"height: 14.25pt;\">\n<td class=\"et4\" style=\"height: 14.25pt;\" height=\"19\">HC-PS01YL<\/td>\n<td class=\"et7\">E verdh\u00eb<\/td>\n<td class=\"et6\"><img decoding=\"async\" class=\"alignnone wp-image-5686\" src=\"https:\/\/mountlaser.com\/wp-content\/uploads\/2025\/12\/HC-PS01YL6.webp\" alt=\"HC-PS Series hard case\" width=\"500\" height=\"500\" srcset=\"https:\/\/mountlaser.com\/wp-content\/uploads\/2025\/12\/HC-PS01YL6.webp 1000w, https:\/\/mountlaser.com\/wp-content\/uploads\/2025\/12\/HC-PS01YL6-300x300.webp 300w, https:\/\/mountlaser.com\/wp-content\/uploads\/2025\/12\/HC-PS01YL6-150x150.webp 150w, https:\/\/mountlaser.com\/wp-content\/uploads\/2025\/12\/HC-PS01YL6-768x768.webp 768w, https:\/\/mountlaser.com\/wp-content\/uploads\/2025\/12\/HC-PS01YL6-12x12.webp 12w, https:\/\/mountlaser.com\/wp-content\/uploads\/2025\/12\/HC-PS01YL6-600x600.webp 600w, https:\/\/mountlaser.com\/wp-content\/uploads\/2025\/12\/HC-PS01YL6-800x800.webp 800w, https:\/\/mountlaser.com\/wp-content\/uploads\/2025\/12\/HC-PS01YL6-400x400.webp 400w\" sizes=\"(max-width: 500px) 100vw, 500px\" \/><\/td>\n<\/tr>\n<tr style=\"height: 14.25pt;\">\n<td class=\"et4\" style=\"height: 14.25pt;\" height=\"19\">HC-PS02RD<\/td>\n<td class=\"et5\">E kuqe<\/td>\n<td class=\"et6\"><img decoding=\"async\" class=\"alignnone wp-image-5693\" src=\"https:\/\/mountlaser.com\/wp-content\/uploads\/2025\/12\/HC-PS026.webp\" alt=\"HC-PS Series hard case\" width=\"500\" height=\"500\" srcset=\"https:\/\/mountlaser.com\/wp-content\/uploads\/2025\/12\/HC-PS026.webp 1000w, https:\/\/mountlaser.com\/wp-content\/uploads\/2025\/12\/HC-PS026-300x300.webp 300w, https:\/\/mountlaser.com\/wp-content\/uploads\/2025\/12\/HC-PS026-150x150.webp 150w, https:\/\/mountlaser.com\/wp-content\/uploads\/2025\/12\/HC-PS026-768x768.webp 768w, https:\/\/mountlaser.com\/wp-content\/uploads\/2025\/12\/HC-PS026-12x12.webp 12w, https:\/\/mountlaser.com\/wp-content\/uploads\/2025\/12\/HC-PS026-600x600.webp 600w, https:\/\/mountlaser.com\/wp-content\/uploads\/2025\/12\/HC-PS026-800x800.webp 800w, https:\/\/mountlaser.com\/wp-content\/uploads\/2025\/12\/HC-PS026-400x400.webp 400w\" sizes=\"(max-width: 500px) 100vw, 500px\" \/><\/td>\n<\/tr>\n<tr style=\"height: 14.25pt;\">\n<td class=\"et4\" style=\"height: 14.25pt;\" height=\"19\">HC-PS03RD<\/td>\n<td class=\"et5\">E kuqe<\/td>\n<td class=\"et6\"><img loading=\"lazy\" decoding=\"async\" class=\"alignnone wp-image-5700\" src=\"https:\/\/mountlaser.com\/wp-content\/uploads\/2025\/12\/HC-PS036.webp\" alt=\"HC-PS Series hard case\" width=\"500\" height=\"500\" srcset=\"https:\/\/mountlaser.com\/wp-content\/uploads\/2025\/12\/HC-PS036.webp 1000w, https:\/\/mountlaser.com\/wp-content\/uploads\/2025\/12\/HC-PS036-300x300.webp 300w, https:\/\/mountlaser.com\/wp-content\/uploads\/2025\/12\/HC-PS036-150x150.webp 150w, https:\/\/mountlaser.com\/wp-content\/uploads\/2025\/12\/HC-PS036-768x768.webp 768w, https:\/\/mountlaser.com\/wp-content\/uploads\/2025\/12\/HC-PS036-12x12.webp 12w, https:\/\/mountlaser.com\/wp-content\/uploads\/2025\/12\/HC-PS036-600x600.webp 600w, https:\/\/mountlaser.com\/wp-content\/uploads\/2025\/12\/HC-PS036-800x800.webp 800w, https:\/\/mountlaser.com\/wp-content\/uploads\/2025\/12\/HC-PS036-400x400.webp 400w\" sizes=\"(max-width: 500px) 100vw, 500px\" \/><\/td>\n<\/tr>\n<\/tbody>\n<\/table>\n<\/div>","protected":false},"excerpt":{"rendered":"<ul>\n<li>Mbron setet e prizmave nga goditjet, pluhuri dhe lag\u00ebshtia<\/li>\n<li>Ndarje t\u00eb brendshme t\u00eb modeluara p\u00ebr vendosje t\u00eb sigurt t\u00eb komponent\u00ebve<\/li>\n<li>I disponuesh\u00ebm n\u00eb konfigurime t\u00eb vetme dhe t\u00eb dyfishta p\u00ebr nevoja t\u00eb ndryshme magazinimi<\/li>\n<li>Opsione ngjyrash p\u00ebr identifikim m\u00eb t\u00eb leht\u00eb n\u00eb terren<\/li>\n<\/ul>","protected":false},"featured_media":5674,"comment_status":"open","ping_status":"closed","template":"","meta":[],"product_brand":[],"product_cat":[163,79],"product_tag":[],"class_list":{"0":"post-5673","1":"product","2":"type-product","3":"status-publish","4":"has-post-thumbnail","6":"product_cat-hard-case","7":"product_cat-surveying-accessory","9":"first","10":"instock","11":"shipping-taxable","12":"product-type-simple"},"_links":{"self":[{"href":"https:\/\/mountlaser.com\/sq\/wp-json\/wp\/v2\/product\/5673","targetHints":{"allow":["GET"]}}],"collection":[{"href":"https:\/\/mountlaser.com\/sq\/wp-json\/wp\/v2\/product"}],"about":[{"href":"https:\/\/mountlaser.com\/sq\/wp-json\/wp\/v2\/types\/product"}],"replies":[{"embeddable":true,"href":"https:\/\/mountlaser.com\/sq\/wp-json\/wp\/v2\/comments?post=5673"}],"wp:featuredmedia":[{"embeddable":true,"href":"https:\/\/mountlaser.com\/sq\/wp-json\/wp\/v2\/media\/5674"}],"wp:attachment":[{"href":"https:\/\/mountlaser.com\/sq\/wp-json\/wp\/v2\/media?parent=5673"}],"wp:term":[{"taxonomy":"product_brand","embeddable":true,"href":"https:\/\/mountlaser.com\/sq\/wp-json\/wp\/v2\/product_brand?post=5673"},{"taxonomy":"product_cat","embeddable":true,"href":"https:\/\/mountlaser.com\/sq\/wp-json\/wp\/v2\/product_cat?post=5673"},{"taxonomy":"product_tag","embeddable":true,"href":"https:\/\/mountlaser.com\/sq\/wp-json\/wp\/v2\/product_tag?post=5673"}],"curies":[{"name":"wp","href":"https:\/\/api.w.org\/{rel}","templated":true}]}}