{"id":5636,"date":"2025-12-09T09:23:59","date_gmt":"2025-12-09T09:23:59","guid":{"rendered":"https:\/\/mountlaser.com\/?post_type=product&#038;p=5636"},"modified":"2025-12-09T09:23:59","modified_gmt":"2025-12-09T09:23:59","slug":"ldt-302-series-theodolite","status":"publish","type":"product","link":"https:\/\/mountlaser.com\/sq\/produkt\/ldt-302-series-theodolite\/","title":{"rendered":"Teodolit i Seris\u00eb LDT-302"},"content":{"rendered":"<p>Inxhinier precizitet dhe efikasitet n\u00eb \u00e7do projekt me <a href=\"https:\/\/mountlaser.com\/sq\/about-us\/\">Teodolit i Seris\u00eb LDT-302<\/a> nga Mount Laser. I projektuar p\u00ebr gjeodet\u00eb, inxhinier\u00eb dhe profesionist\u00eb nd\u00ebrtimi q\u00eb k\u00ebrkojn\u00eb performanc\u00eb t\u00eb besueshme, ky teodolit dixhital kombinon pajisje t\u00eb fuqishme me karakteristika inteligjente p\u00ebr t\u00eb p\u00ebrmir\u00ebsuar matjen e k\u00ebndit dhe detyrat e shtrirjes n\u00eb terren.<br \/>\nThelbi i k\u00ebsaj serie, <a href=\"https:\/\/mountlaser.com\/sq\/about-us\/\">Teodolit Dixhital LDT-302<\/a>, \u00ebsht\u00eb nd\u00ebrtuar p\u00ebr t\u00eb ofruar sakt\u00ebsi dhe q\u00ebndrueshm\u00ebri t\u00eb jasht\u00ebzakonshme, duke e b\u00ebr\u00eb at\u00eb nj\u00eb mjet t\u00eb domosdosh\u00ebm p\u00ebr nj\u00eb gam\u00eb t\u00eb gjer\u00eb aplikimesh, nga planifikimi i vendit deri te studimet topografike.<\/p>\n<p><img fetchpriority=\"high\" decoding=\"async\" class=\"aligncenter wp-image-5638\" src=\"https:\/\/mountlaser.com\/wp-content\/uploads\/2025\/12\/LDT-3022.webp\" alt=\"Ldt-302 Digital Theodolite\" width=\"500\" height=\"500\" srcset=\"https:\/\/mountlaser.com\/wp-content\/uploads\/2025\/12\/LDT-3022.webp 1000w, https:\/\/mountlaser.com\/wp-content\/uploads\/2025\/12\/LDT-3022-300x300.webp 300w, https:\/\/mountlaser.com\/wp-content\/uploads\/2025\/12\/LDT-3022-150x150.webp 150w, https:\/\/mountlaser.com\/wp-content\/uploads\/2025\/12\/LDT-3022-768x768.webp 768w, https:\/\/mountlaser.com\/wp-content\/uploads\/2025\/12\/LDT-3022-12x12.webp 12w, https:\/\/mountlaser.com\/wp-content\/uploads\/2025\/12\/LDT-3022-600x600.webp 600w, https:\/\/mountlaser.com\/wp-content\/uploads\/2025\/12\/LDT-3022-800x800.webp 800w, https:\/\/mountlaser.com\/wp-content\/uploads\/2025\/12\/LDT-3022-400x400.webp 400w\" sizes=\"(max-width: 500px) 100vw, 500px\" \/><\/p>\n<p><strong>Teodoliti dixhital LDT-302 p\u00ebrfshin kat\u00ebr llojet e m\u00ebposhtme:<\/strong><\/p>\n<p>Teodolit Dixhital LDT-302LO<br \/>\nTeodolit, Posht\u00eb: Lazer (Rreze e Kuqe), Sip\u00ebr: Optik, Ngjyr\u00eb e Verdh\u00eb e L\u00ebvozhg\u00ebs<\/p>\n<p>Teodolit Dixhital LDT-302LL<br \/>\nTeodolit, Posht\u00eb: Lazer (Rreze e Kuqe), Sip\u00ebr: Lazer (Rreze e Kuqe), Ngjyr\u00eb e Verdh\u00eb e Guask\u00ebs<\/p>\n<p>LDT-302OO Teodolit Dixhital<br \/>\nTeodolit, Posht\u00eb: Optik, Sip\u00ebr: Optik, Ngjyr\u00eb e Verdh\u00eb e Guask\u00ebs<\/p>\n<p>Teodolit Dixhital LDT-302OL<br \/>\nTeodolit, Posht\u00eb: Optik, Sip\u00ebr: Lazer (Rreze e Kuqe), Ngjyr\u00eb e Verdh\u00eb e Guask\u00ebs<\/p>\n<p><strong>Specifikimet e Teodolitit t\u00eb Seris\u00eb LDT-302<\/strong><\/p>\n<table style=\"border-collapse: collapse; width: 704px; height: 945px;\" border=\"0\" width=\"463\" cellspacing=\"0\" cellpadding=\"0\">\n<tbody>\n<tr style=\"height: 13.50pt;\">\n<td class=\"et2\" style=\"height: 13.50pt; width: 230.25pt;\" colspan=\"2\" width=\"307\" height=\"18\">Modeli Nr.<\/td>\n<td class=\"et3\" style=\"width: 117.00pt;\" width=\"156\">LDT-302<\/td>\n<\/tr>\n<tr style=\"height: 13.50pt;\">\n<td class=\"et3\" style=\"height: 13.50pt;\" height=\"18\">Tribrak<\/td>\n<td class=\"et3\">Model<\/td>\n<td class=\"et3\">I shk\u00ebputsh\u00ebm<\/td>\n<\/tr>\n<tr style=\"height: 13.50pt;\">\n<td class=\"et2\" style=\"height: 108.00pt;\" rowspan=\"8\" height=\"144\">Teleskop<\/td>\n<td class=\"et3\">Imazheri<\/td>\n<td class=\"et3\">Ngrit<\/td>\n<\/tr>\n<tr style=\"height: 13.50pt;\">\n<td class=\"et3\">Zmadhimi<\/td>\n<td class=\"et3\">30X<\/td>\n<\/tr>\n<tr style=\"height: 13.50pt;\">\n<td class=\"et3\">Apertura Objektive<\/td>\n<td class=\"et3\">45 mm<\/td>\n<\/tr>\n<tr style=\"height: 13.50pt;\">\n<td class=\"et3\">Rezolucioni<\/td>\n<td class=\"et3\">3\u2033<\/td>\n<\/tr>\n<tr style=\"height: 13.50pt;\">\n<td class=\"et3\">KP<\/td>\n<td class=\"et3\">1\u00b030\u2032<\/td>\n<\/tr>\n<tr style=\"height: 13.50pt;\">\n<td class=\"et3\">Fokus minimal<\/td>\n<td class=\"et3\">1.3 m<\/td>\n<\/tr>\n<tr style=\"height: 13.50pt;\">\n<td class=\"et3\">Konstantja e Shum\u00ebzimit\/Shtojc\u00ebs<\/td>\n<td class=\"et3\">100\/ 0<\/td>\n<\/tr>\n<tr style=\"height: 13.50pt;\">\n<td class=\"et3\">Gjat\u00ebsia<\/td>\n<td class=\"et3\">156 mm<\/td>\n<\/tr>\n<tr style=\"height: 13.50pt;\">\n<td class=\"et2\" style=\"height: 67.50pt;\" rowspan=\"5\" height=\"90\">Matja e k\u00ebndit<\/td>\n<td class=\"et3\">Modaliteti i matjes<\/td>\n<td class=\"et3\">Enkoder Absolut<\/td>\n<\/tr>\n<tr style=\"height: 13.50pt;\">\n<td class=\"et3\">Lexim minimal<\/td>\n<td class=\"et3\">1\u2033\/ 5\u2033<\/td>\n<\/tr>\n<tr style=\"height: 13.50pt;\">\n<td class=\"et3\">Sakt\u00ebsia e Leximit<\/td>\n<td class=\"et3\">2\u2033<\/td>\n<\/tr>\n<tr style=\"height: 13.50pt;\">\n<td class=\"et3\">Diametri i rrethit<\/td>\n<td class=\"et3\">71 mm<\/td>\n<\/tr>\n<tr style=\"height: 13.50pt;\">\n<td class=\"et3\">Nj\u00ebsit\u00eb e k\u00ebndit<\/td>\n<td class=\"et3\">360\u00b0\/ 400gon\/ 6400mil<\/td>\n<\/tr>\n<tr style=\"height: 13.50pt;\">\n<td class=\"et2\" style=\"height: 27.00pt;\" rowspan=\"2\" height=\"36\">Kompensator<\/td>\n<td class=\"et3\">Sensori i pjerr\u00ebsis\u00eb<\/td>\n<td class=\"et3\">Po<\/td>\n<\/tr>\n<tr style=\"height: 13.50pt;\">\n<td class=\"et3\">Diapazoni<\/td>\n<td class=\"et3\">\u00b13\u2032<\/td>\n<\/tr>\n<tr style=\"height: 13.50pt;\">\n<td class=\"et2\" style=\"height: 54.00pt;\" rowspan=\"4\" height=\"72\">Lazer Plummet<\/td>\n<td class=\"et3\">Gjat\u00ebsia e val\u00ebs<\/td>\n<td class=\"et3\">Rreze e Kuqe 635nm<\/td>\n<\/tr>\n<tr style=\"height: 13.50pt;\">\n<td class=\"et3\">Fuqia<\/td>\n<td class=\"et3\">1mW<\/td>\n<\/tr>\n<tr style=\"height: 13.50pt;\">\n<td class=\"et3\">Sakt\u00ebsia (1.5 m)<\/td>\n<td class=\"et3\">\u00b11 mm<\/td>\n<\/tr>\n<tr style=\"height: 13.50pt;\">\n<td class=\"et3\">Shkalla e lazerit<\/td>\n<td class=\"et3\"><span class=\"font1\">Klasa<\/span><span class=\"font3\">\u2161<\/span><\/td>\n<\/tr>\n<tr style=\"height: 13.50pt;\">\n<td class=\"et2\" style=\"height: 40.50pt;\" rowspan=\"3\" height=\"54\">R\u00ebnie optike (opsionale)<\/td>\n<td class=\"et3\">Zmadhimi<\/td>\n<td class=\"et3\">3x<\/td>\n<\/tr>\n<tr style=\"height: 13.50pt;\">\n<td class=\"et3\">Fusha e Pamjes<\/td>\n<td class=\"et3\">5\u00b0<\/td>\n<\/tr>\n<tr style=\"height: 13.50pt;\">\n<td class=\"et3\">Diapazoni i fokusit<\/td>\n<td class=\"et3\"><span class=\"font1\">0.5 m\u2014<\/span><span class=\"font3\">\u221e<\/span><\/td>\n<\/tr>\n<tr style=\"height: 13.50pt;\">\n<td class=\"et2\" style=\"height: 67.50pt;\" rowspan=\"5\" height=\"90\">Tregues lazeri<\/td>\n<td class=\"et3\">Gjat\u00ebsia e val\u00ebs<\/td>\n<td class=\"et3\">\/<\/td>\n<\/tr>\n<tr style=\"height: 13.50pt;\">\n<td class=\"et3\">Fuqia<\/td>\n<td class=\"et3\">\/<\/td>\n<\/tr>\n<tr style=\"height: 13.50pt;\">\n<td class=\"et3\">Diapazoni i lazerit (gjat\u00eb dit\u00ebs)<\/td>\n<td class=\"et3\">\/<\/td>\n<\/tr>\n<tr style=\"height: 13.50pt;\">\n<td class=\"et3\">Sakt\u00ebsia Koaksiale e Lazerit<\/td>\n<td class=\"et3\">\/<\/td>\n<\/tr>\n<tr style=\"height: 13.50pt;\">\n<td class=\"et3\">Diametri i pik\u00ebs s\u00eb lazerit<\/td>\n<td class=\"et3\">\/<\/td>\n<\/tr>\n<tr style=\"height: 13.50pt;\">\n<td class=\"et2\" style=\"height: 27.00pt;\" rowspan=\"2\" height=\"36\">Shishe<\/td>\n<td class=\"et3\">Shishe pllake<\/td>\n<td class=\"et3\">30\u2033\/ 2 mm<\/td>\n<\/tr>\n<tr style=\"height: 13.50pt;\">\n<td class=\"et3\">Shishe rrethore<\/td>\n<td class=\"et3\">8&#039;\/ 2 mm<\/td>\n<\/tr>\n<tr style=\"height: 13.50pt;\">\n<td class=\"et3\" style=\"height: 13.50pt;\" height=\"18\">Shfaq<\/td>\n<td class=\"et3\">Fytyr\u00eb e dyfisht\u00eb<\/td>\n<td class=\"et3\">Drit\u00eb prapa LED<\/td>\n<\/tr>\n<tr style=\"height: 13.50pt;\">\n<td class=\"et2\" style=\"height: 27.00pt;\" rowspan=\"2\" height=\"36\">Fuqia<\/td>\n<td class=\"et3\">Burim Energjie<\/td>\n<td class=\"et4\">Bateri Ni-MH 4.8V 1500 mAh<\/td>\n<\/tr>\n<tr style=\"height: 13.50pt;\">\n<td class=\"et3\">Temperatura e pun\u00ebs<\/td>\n<td class=\"et3\"><span class=\"font1\">-20<\/span><span class=\"font4\">\u2103\uff5e<\/span><span class=\"font1\">+50<\/span><span class=\"font4\">\u2103<\/span><\/td>\n<\/tr>\n<\/tbody>\n<\/table>","protected":false},"excerpt":{"rendered":"<ul>\n<li>Matje Dixhitale e K\u00ebndit me Precizion t\u00eb Lart\u00eb: N\u00eb zem\u00ebr t\u00eb Teodolitit Dixhital Ldt-302 \u00ebsht\u00eb nj\u00eb sistem mat\u00ebs enkoder absolut.<\/li>\n<li>Teodoliti i seris\u00eb LDT-302 p\u00ebrfaq\u00ebson nj\u00eb ekuilib\u00ebr t\u00eb p\u00ebrsosur midis optik\u00ebs precize, elektronik\u00ebs dixhitale t\u00eb fuqishme dhe dizajnit praktik t\u00eb fush\u00ebs.<\/li>\n<\/ul>","protected":false},"featured_media":5637,"comment_status":"open","ping_status":"closed","template":"","meta":[],"product_brand":[],"product_cat":[144,95],"product_tag":[],"class_list":{"0":"post-5636","1":"product","2":"type-product","3":"status-publish","4":"has-post-thumbnail","6":"product_cat-theodoliteagent-sales","7":"product_cat-agent-sales","9":"first","10":"instock","11":"shipping-taxable","12":"product-type-simple"},"_links":{"self":[{"href":"https:\/\/mountlaser.com\/sq\/wp-json\/wp\/v2\/product\/5636","targetHints":{"allow":["GET"]}}],"collection":[{"href":"https:\/\/mountlaser.com\/sq\/wp-json\/wp\/v2\/product"}],"about":[{"href":"https:\/\/mountlaser.com\/sq\/wp-json\/wp\/v2\/types\/product"}],"replies":[{"embeddable":true,"href":"https:\/\/mountlaser.com\/sq\/wp-json\/wp\/v2\/comments?post=5636"}],"wp:featuredmedia":[{"embeddable":true,"href":"https:\/\/mountlaser.com\/sq\/wp-json\/wp\/v2\/media\/5637"}],"wp:attachment":[{"href":"https:\/\/mountlaser.com\/sq\/wp-json\/wp\/v2\/media?parent=5636"}],"wp:term":[{"taxonomy":"product_brand","embeddable":true,"href":"https:\/\/mountlaser.com\/sq\/wp-json\/wp\/v2\/product_brand?post=5636"},{"taxonomy":"product_cat","embeddable":true,"href":"https:\/\/mountlaser.com\/sq\/wp-json\/wp\/v2\/product_cat?post=5636"},{"taxonomy":"product_tag","embeddable":true,"href":"https:\/\/mountlaser.com\/sq\/wp-json\/wp\/v2\/product_tag?post=5636"}],"curies":[{"name":"wp","href":"https:\/\/api.w.org\/{rel}","templated":true}]}}