{"id":5589,"date":"2025-12-10T01:31:40","date_gmt":"2025-12-10T01:31:40","guid":{"rendered":"https:\/\/mountlaser.com\/?post_type=product&#038;p=5589"},"modified":"2025-12-10T02:13:26","modified_gmt":"2025-12-10T02:13:26","slug":"hc-al01-series-hard-case","status":"publish","type":"product","link":"https:\/\/mountlaser.com\/sq\/produkt\/hc-al01-series-hard-case\/","title":{"rendered":"Kuti e fort\u00eb e seris\u00eb HC-AL01"},"content":{"rendered":"<p>I\/E\/T\u00eb\/T\u00eb <a href=\"https:\/\/mountlaser.com\/sq\/\"><strong>Kuti e fort\u00eb HC-AL01<\/strong><\/a> \u00ebsht\u00eb nj\u00eb zgjidhje mbrojt\u00ebse e q\u00ebndrueshme dhe universale e projektuar posa\u00e7\u00ebrisht p\u00ebr nivela automatike dhe instrumente t\u00eb ngjashme t\u00eb matjes me precizion. T\u00eb projektuara p\u00ebr performanc\u00eb t\u00eb besueshme n\u00eb terren, k\u00ebto <a href=\"https:\/\/mountlaser.com\/sq\/kategori-produkti\/surveying-accessory\/\"><strong>Kuti t\u00eb forta p\u00ebr nivelim automatik<\/strong><\/a> ofrojn\u00eb mbrojtje t\u00eb fort\u00eb t\u00eb jashtme, duke siguruar q\u00eb pajisjet tuaja t\u00eb q\u00ebndrojn\u00eb t\u00eb sigurta gjat\u00eb transportit dhe magazinimit. Secila <!--StartFragment --><span class=\"cf0\">Kuti e fort\u00eb HC-AL01<\/span><!--EndFragment --> \u00cbsht\u00eb i disponuesh\u00ebm me ngjyr\u00eb t\u00eb kuqe ose t\u00eb verdh\u00eb p\u00ebr shikueshm\u00ebri t\u00eb lart\u00eb, dhe p\u00ebrdoruesit mund t\u00eb zgjedhin midis konfigurimeve me nj\u00eb ky\u00e7je t\u00eb vetme ose me dy ky\u00e7je p\u00ebr t&#039;iu p\u00ebrshtatur nevojave t\u00eb tyre t\u00eb siguris\u00eb.<\/p>\n<p>T\u00eb nd\u00ebrtuara me materiale rezistente ndaj goditjeve, kutit\u00eb e forta p\u00ebr nivelim automatik mbrojn\u00eb instrumentet nga goditjet, pluhuri dhe kushtet e v\u00ebshtira t\u00eb pun\u00ebs. Seria HC-AL01 p\u00ebrfshin dy opsione kryesore - HC-AL01RD dhe HC-AL01YL - t\u00eb dyja me nj\u00eb sistem me nj\u00eb ky\u00e7je t\u00eb vetme, nd\u00ebrsa seria HC-AL02 (HC-AL02RD dhe HC-AL02YL) ofron mbrojtje t\u00eb p\u00ebrmir\u00ebsuar me mekanizma me dy ky\u00e7je. Pavar\u00ebsisht modelit, secila <!--StartFragment --><a href=\"https:\/\/mountlaser.com\/sq\/contact-us\/\"><span class=\"cf0\">Kuti e fort\u00eb HC-AL01<\/span><\/a><!--EndFragment -->\u00a0Ofron performanc\u00eb t\u00eb besueshme dhe p\u00ebrputhshm\u00ebri universale p\u00ebr gjeodet\u00ebt profesionist\u00eb.<\/p>\n<div>\n<table style=\"border-collapse: collapse; width: 491.27pt;\" border=\"0\" width=\"655\" cellspacing=\"0\" cellpadding=\"0\">\n<tbody>\n<tr style=\"height: 14.25pt;\">\n<td class=\"et2\" style=\"height: 14.25pt; width: 127.50pt;\" width=\"170\" height=\"19\">NUM\u00cbR<\/td>\n<td class=\"et3\" style=\"width: 135.00pt;\" width=\"180\">KY\u00c7<\/td>\n<td class=\"et3\" style=\"width: 84.00pt;\" width=\"112\">NGJYRA<\/td>\n<td class=\"et4\" style=\"width: 144.75pt;\" width=\"193\">FOTO<\/td>\n<\/tr>\n<tr style=\"height: 14.25pt;\">\n<td class=\"et5\" style=\"height: 14.25pt;\" height=\"19\">HC-AL01RD<\/td>\n<td class=\"et5\">Ky\u00e7 i vet\u00ebm<\/td>\n<td class=\"et5\">E kuqe<\/td>\n<td class=\"et6\"><img fetchpriority=\"high\" decoding=\"async\" class=\"alignnone wp-image-5649\" src=\"https:\/\/mountlaser.com\/wp-content\/uploads\/2025\/12\/HC-AL01RD4.webp\" alt=\"HC-AL01 Hard case\" width=\"500\" height=\"500\" srcset=\"https:\/\/mountlaser.com\/wp-content\/uploads\/2025\/12\/HC-AL01RD4.webp 1000w, https:\/\/mountlaser.com\/wp-content\/uploads\/2025\/12\/HC-AL01RD4-300x300.webp 300w, https:\/\/mountlaser.com\/wp-content\/uploads\/2025\/12\/HC-AL01RD4-150x150.webp 150w, https:\/\/mountlaser.com\/wp-content\/uploads\/2025\/12\/HC-AL01RD4-768x768.webp 768w, https:\/\/mountlaser.com\/wp-content\/uploads\/2025\/12\/HC-AL01RD4-12x12.webp 12w, https:\/\/mountlaser.com\/wp-content\/uploads\/2025\/12\/HC-AL01RD4-600x600.webp 600w, https:\/\/mountlaser.com\/wp-content\/uploads\/2025\/12\/HC-AL01RD4-800x800.webp 800w, https:\/\/mountlaser.com\/wp-content\/uploads\/2025\/12\/HC-AL01RD4-400x400.webp 400w\" sizes=\"(max-width: 500px) 100vw, 500px\" \/><\/td>\n<\/tr>\n<tr style=\"height: 14.25pt;\">\n<td class=\"et5\" style=\"height: 14.25pt;\" height=\"19\">HC-AL01YL<\/td>\n<td class=\"et5\">Ky\u00e7 i vet\u00ebm<\/td>\n<td class=\"et5\">E verdh\u00eb<\/td>\n<td class=\"et6\"><img decoding=\"async\" class=\"alignnone wp-image-5657\" src=\"https:\/\/mountlaser.com\/wp-content\/uploads\/2025\/12\/HC-AL01YL5.webp\" alt=\"HC-AL01 Hard case\" width=\"500\" height=\"500\" srcset=\"https:\/\/mountlaser.com\/wp-content\/uploads\/2025\/12\/HC-AL01YL5.webp 1000w, https:\/\/mountlaser.com\/wp-content\/uploads\/2025\/12\/HC-AL01YL5-300x300.webp 300w, https:\/\/mountlaser.com\/wp-content\/uploads\/2025\/12\/HC-AL01YL5-150x150.webp 150w, https:\/\/mountlaser.com\/wp-content\/uploads\/2025\/12\/HC-AL01YL5-768x768.webp 768w, https:\/\/mountlaser.com\/wp-content\/uploads\/2025\/12\/HC-AL01YL5-12x12.webp 12w, https:\/\/mountlaser.com\/wp-content\/uploads\/2025\/12\/HC-AL01YL5-600x600.webp 600w, https:\/\/mountlaser.com\/wp-content\/uploads\/2025\/12\/HC-AL01YL5-800x800.webp 800w, https:\/\/mountlaser.com\/wp-content\/uploads\/2025\/12\/HC-AL01YL5-400x400.webp 400w\" sizes=\"(max-width: 500px) 100vw, 500px\" \/><\/td>\n<\/tr>\n<tr style=\"height: 14.25pt;\">\n<td class=\"et5\" style=\"height: 14.25pt;\" height=\"19\">HC-AL02RD<\/td>\n<td class=\"et5\">Ky\u00e7je e dyfisht\u00eb<\/td>\n<td class=\"et5\">E kuqe<\/td>\n<td class=\"et6\"><img decoding=\"async\" class=\"alignnone wp-image-5663\" src=\"https:\/\/mountlaser.com\/wp-content\/uploads\/2025\/12\/HC-AL02RD5.webp\" alt=\"HC-AL01 Hard case\" width=\"500\" height=\"500\" srcset=\"https:\/\/mountlaser.com\/wp-content\/uploads\/2025\/12\/HC-AL02RD5.webp 1000w, https:\/\/mountlaser.com\/wp-content\/uploads\/2025\/12\/HC-AL02RD5-300x300.webp 300w, https:\/\/mountlaser.com\/wp-content\/uploads\/2025\/12\/HC-AL02RD5-150x150.webp 150w, https:\/\/mountlaser.com\/wp-content\/uploads\/2025\/12\/HC-AL02RD5-768x768.webp 768w, https:\/\/mountlaser.com\/wp-content\/uploads\/2025\/12\/HC-AL02RD5-12x12.webp 12w, https:\/\/mountlaser.com\/wp-content\/uploads\/2025\/12\/HC-AL02RD5-600x600.webp 600w, https:\/\/mountlaser.com\/wp-content\/uploads\/2025\/12\/HC-AL02RD5-800x800.webp 800w, https:\/\/mountlaser.com\/wp-content\/uploads\/2025\/12\/HC-AL02RD5-400x400.webp 400w\" sizes=\"(max-width: 500px) 100vw, 500px\" \/><\/td>\n<\/tr>\n<tr style=\"height: 14.25pt;\">\n<td class=\"et5\" style=\"height: 14.25pt;\" height=\"19\">HC-AL02YL<\/td>\n<td class=\"et5\">Ky\u00e7je e dyfisht\u00eb<\/td>\n<td class=\"et5\">E verdh\u00eb<\/td>\n<td class=\"et6\"><img loading=\"lazy\" decoding=\"async\" class=\"alignnone wp-image-5669\" src=\"https:\/\/mountlaser.com\/wp-content\/uploads\/2025\/12\/HC-AL02YL4.webp\" alt=\"HC-AL01 Hard case\" width=\"500\" height=\"500\" srcset=\"https:\/\/mountlaser.com\/wp-content\/uploads\/2025\/12\/HC-AL02YL4.webp 1000w, https:\/\/mountlaser.com\/wp-content\/uploads\/2025\/12\/HC-AL02YL4-300x300.webp 300w, https:\/\/mountlaser.com\/wp-content\/uploads\/2025\/12\/HC-AL02YL4-150x150.webp 150w, https:\/\/mountlaser.com\/wp-content\/uploads\/2025\/12\/HC-AL02YL4-768x768.webp 768w, https:\/\/mountlaser.com\/wp-content\/uploads\/2025\/12\/HC-AL02YL4-12x12.webp 12w, https:\/\/mountlaser.com\/wp-content\/uploads\/2025\/12\/HC-AL02YL4-600x600.webp 600w, https:\/\/mountlaser.com\/wp-content\/uploads\/2025\/12\/HC-AL02YL4-800x800.webp 800w, https:\/\/mountlaser.com\/wp-content\/uploads\/2025\/12\/HC-AL02YL4-400x400.webp 400w\" sizes=\"(max-width: 500px) 100vw, 500px\" \/><\/td>\n<\/tr>\n<\/tbody>\n<\/table>\n<\/div>","protected":false},"excerpt":{"rendered":"<ul>\n<li>Mbron nivelet automatike nga goditjet, pluhuri, lag\u00ebshtia dhe kushtet n\u00eb terren<\/li>\n<li>Paraqitja e brendshme universale akomodon nj\u00eb gam\u00eb t\u00eb gjer\u00eb modelesh t\u00eb nivelit automatik<\/li>\n<li>Sistemi i ky\u00e7jes (i vet\u00ebm ose i dyfisht\u00eb) siguron mbyllje t\u00eb sigurt gjat\u00eb transportit<\/li>\n<li>Opsionet e ngjyrave me dukshm\u00ebri t\u00eb lart\u00eb rrisin dukshm\u00ebrin\u00eb e pajisjeve dhe zvog\u00eblojn\u00eb humbjen<\/li>\n<\/ul>","protected":false},"featured_media":5646,"comment_status":"open","ping_status":"closed","template":"","meta":[],"product_brand":[],"product_cat":[163,79],"product_tag":[],"class_list":{"0":"post-5589","1":"product","2":"type-product","3":"status-publish","4":"has-post-thumbnail","6":"product_cat-hard-case","7":"product_cat-surveying-accessory","9":"first","10":"instock","11":"shipping-taxable","12":"product-type-simple"},"_links":{"self":[{"href":"https:\/\/mountlaser.com\/sq\/wp-json\/wp\/v2\/product\/5589","targetHints":{"allow":["GET"]}}],"collection":[{"href":"https:\/\/mountlaser.com\/sq\/wp-json\/wp\/v2\/product"}],"about":[{"href":"https:\/\/mountlaser.com\/sq\/wp-json\/wp\/v2\/types\/product"}],"replies":[{"embeddable":true,"href":"https:\/\/mountlaser.com\/sq\/wp-json\/wp\/v2\/comments?post=5589"}],"wp:featuredmedia":[{"embeddable":true,"href":"https:\/\/mountlaser.com\/sq\/wp-json\/wp\/v2\/media\/5646"}],"wp:attachment":[{"href":"https:\/\/mountlaser.com\/sq\/wp-json\/wp\/v2\/media?parent=5589"}],"wp:term":[{"taxonomy":"product_brand","embeddable":true,"href":"https:\/\/mountlaser.com\/sq\/wp-json\/wp\/v2\/product_brand?post=5589"},{"taxonomy":"product_cat","embeddable":true,"href":"https:\/\/mountlaser.com\/sq\/wp-json\/wp\/v2\/product_cat?post=5589"},{"taxonomy":"product_tag","embeddable":true,"href":"https:\/\/mountlaser.com\/sq\/wp-json\/wp\/v2\/product_tag?post=5589"}],"curies":[{"name":"wp","href":"https:\/\/api.w.org\/{rel}","templated":true}]}}