{"id":5577,"date":"2025-12-09T01:46:19","date_gmt":"2025-12-09T01:46:19","guid":{"rendered":"https:\/\/mountlaser.com\/?post_type=product&#038;p=5577"},"modified":"2025-12-12T01:32:14","modified_gmt":"2025-12-12T01:32:14","slug":"tsfg01-tripod-floor-guide","status":"publish","type":"product","link":"https:\/\/mountlaser.com\/sq\/produkt\/tsfg01-tripod-floor-guide\/","title":{"rendered":"Udh\u00ebzues p\u00ebr dyshemen\u00eb e tripodit TSFG01"},"content":{"rendered":"<p>I\/E\/T\u00eb\/T\u00eb <a href=\"https:\/\/mountlaser.com\/sq\/\"><strong>Udh\u00ebzues p\u00ebr dyshemen\u00eb e tripodit TSFG01<\/strong><\/a> \u00ebsht\u00eb nj\u00eb aksesor i projektuar me precizion t\u00eb lart\u00eb, i projektuar p\u00ebr t\u00eb siguruar stabilitet maksimal t\u00eb trek\u00ebmb\u00ebshit n\u00eb sip\u00ebrfaqe t\u00eb l\u00ebmuara, t\u00eb l\u00ebmuara ose betoni. Si nj\u00eb aksesor shum\u00eb i besuesh\u00ebm<a href=\"https:\/\/mountlaser.com\/sq\/kategori-produkti\/surveying-accessory\/\"><strong> stabilizues i trek\u00ebmb\u00ebshit, udh\u00ebzues dyshemeje<\/strong><\/a>, i ndihmon gjeodet\u00ebt t\u00eb vendosen n\u00eb nj\u00eb pik\u00eb m\u00eb shpejt dhe me besim m\u00eb t\u00eb madh, duke siguruar sakt\u00ebsi t\u00eb q\u00ebndrueshme n\u00eb mjedise t\u00eb v\u00ebshtira n\u00eb terren.<\/p>\n<p>I nd\u00ebrtuar nga \u00e7elik me rezistenc\u00eb t\u00eb lart\u00eb, <a href=\"https:\/\/mountlaser.com\/sq\/contact-us\/\">Udh\u00ebzues p\u00ebr dyshemen\u00eb e tripodit TSFG01<\/a> Ofron q\u00ebndrueshm\u00ebri t\u00eb jasht\u00ebzakonshme dhe i zgjat k\u00ebmb\u00ebt e trek\u00ebmb\u00ebshit deri n\u00eb 40 cm nga qendra, duke ofruar nj\u00eb baz\u00eb t\u00eb q\u00ebndrueshme dhe t\u00eb sigurt n\u00eb terren t\u00eb l\u00ebmuar.<\/p>\n<p><img fetchpriority=\"high\" decoding=\"async\" class=\"aligncenter wp-image-5578\" src=\"https:\/\/mountlaser.com\/wp-content\/uploads\/2025\/12\/TSFG01.webp\" alt=\"TSFG01 Tripod Floor Guide\" width=\"500\" height=\"500\" srcset=\"https:\/\/mountlaser.com\/wp-content\/uploads\/2025\/12\/TSFG01.webp 1000w, https:\/\/mountlaser.com\/wp-content\/uploads\/2025\/12\/TSFG01-300x300.webp 300w, https:\/\/mountlaser.com\/wp-content\/uploads\/2025\/12\/TSFG01-150x150.webp 150w, https:\/\/mountlaser.com\/wp-content\/uploads\/2025\/12\/TSFG01-768x768.webp 768w, https:\/\/mountlaser.com\/wp-content\/uploads\/2025\/12\/TSFG01-12x12.webp 12w, https:\/\/mountlaser.com\/wp-content\/uploads\/2025\/12\/TSFG01-600x600.webp 600w, https:\/\/mountlaser.com\/wp-content\/uploads\/2025\/12\/TSFG01-800x800.webp 800w, https:\/\/mountlaser.com\/wp-content\/uploads\/2025\/12\/TSFG01-400x400.webp 400w\" sizes=\"(max-width: 500px) 100vw, 500px\" \/><\/p>\n<p>Pavar\u00ebsisht n\u00ebse p\u00ebrdoret n\u00eb nd\u00ebrtim, matje ose n\u00eb konfigurime matjeje t\u00eb brendshme, <a href=\"https:\/\/mountlaser.com\/sq\/about-us\/\">Udh\u00ebzues p\u00ebr dyshemen\u00eb e tripodit TSFG01<\/a> Siguron pozicionim t\u00eb shpejt\u00eb, t\u00eb q\u00ebndruesh\u00ebm dhe t\u00eb sakt\u00eb t\u00eb instrumenteve n\u00eb \u00e7do koh\u00eb. Dizajni i tij i fort\u00eb dhe paraqitja e optimizuar e b\u00ebjn\u00eb at\u00eb nj\u00eb mjet thelb\u00ebsor p\u00ebr ekipet n\u00eb terren q\u00eb punojn\u00eb n\u00eb sip\u00ebrfaqe dyshemeje t\u00eb forta, t\u00eb rr\u00ebshqitshme ose t\u00eb l\u00ebmuara.<\/p>","protected":false},"excerpt":{"rendered":"<ul>\n<li>P\u00ebrmir\u00ebson stabilitetin n\u00eb dysheme t\u00eb l\u00ebmuara, t\u00eb l\u00ebmuara ose prej betoni.<\/li>\n<li>P\u00ebrshpejton konfigurimin kur pozicionohen trek\u00ebmb\u00ebshat direkt mbi nj\u00eb pik\u00eb.<\/li>\n<li>Ofron zgjatje fleksibile t\u00eb k\u00ebmb\u00ebve, me TSFG01 q\u00eb arrin 40 cm.<\/li>\n<\/ul>","protected":false},"featured_media":5578,"comment_status":"open","ping_status":"closed","template":"","meta":[],"product_brand":[],"product_cat":[79,160],"product_tag":[],"class_list":{"0":"post-5577","1":"product","2":"type-product","3":"status-publish","4":"has-post-thumbnail","6":"product_cat-surveying-accessory","7":"product_cat-tripod-floor-guide","9":"first","10":"instock","11":"shipping-taxable","12":"product-type-simple"},"_links":{"self":[{"href":"https:\/\/mountlaser.com\/sq\/wp-json\/wp\/v2\/product\/5577","targetHints":{"allow":["GET"]}}],"collection":[{"href":"https:\/\/mountlaser.com\/sq\/wp-json\/wp\/v2\/product"}],"about":[{"href":"https:\/\/mountlaser.com\/sq\/wp-json\/wp\/v2\/types\/product"}],"replies":[{"embeddable":true,"href":"https:\/\/mountlaser.com\/sq\/wp-json\/wp\/v2\/comments?post=5577"}],"wp:featuredmedia":[{"embeddable":true,"href":"https:\/\/mountlaser.com\/sq\/wp-json\/wp\/v2\/media\/5578"}],"wp:attachment":[{"href":"https:\/\/mountlaser.com\/sq\/wp-json\/wp\/v2\/media?parent=5577"}],"wp:term":[{"taxonomy":"product_brand","embeddable":true,"href":"https:\/\/mountlaser.com\/sq\/wp-json\/wp\/v2\/product_brand?post=5577"},{"taxonomy":"product_cat","embeddable":true,"href":"https:\/\/mountlaser.com\/sq\/wp-json\/wp\/v2\/product_cat?post=5577"},{"taxonomy":"product_tag","embeddable":true,"href":"https:\/\/mountlaser.com\/sq\/wp-json\/wp\/v2\/product_tag?post=5577"}],"curies":[{"name":"wp","href":"https:\/\/api.w.org\/{rel}","templated":true}]}}