{"id":5576,"date":"2025-12-09T01:08:15","date_gmt":"2025-12-09T01:08:15","guid":{"rendered":"https:\/\/mountlaser.com\/?post_type=product&#038;p=5576"},"modified":"2025-12-09T01:08:15","modified_gmt":"2025-12-09T01:08:15","slug":"su01-surveying-umbrella","status":"publish","type":"product","link":"https:\/\/mountlaser.com\/sq\/produkt\/su01-surveying-umbrella\/","title":{"rendered":"SU01 \u00c7ad\u00ebr p\u00ebr matje"},"content":{"rendered":"<p>I\/E\/T\u00eb\/T\u00eb <a href=\"https:\/\/mountlaser.com\/sq\/\"><strong>\u00c7ad\u00ebr vrojtimi SU01<\/strong><\/a> \u00ebsht\u00eb nj\u00eb streh\u00eb e nivelit profesional e projektuar p\u00ebr t\u00eb mbrojtur pajisjet e ndjeshme t\u00eb matjes dhe operator\u00ebt n\u00eb terren nga rrezet e diellit direkte dhe shiu i papritur. E projektuar p\u00ebr kushte t\u00eb v\u00ebshtira n\u00eb natyr\u00eb, kjo <a href=\"https:\/\/mountlaser.com\/sq\/kategori-produkti\/surveying-accessory\/\"><strong>ombrell\u00eb p\u00ebr matjen e tok\u00ebs<\/strong><\/a> siguron performanc\u00eb t\u00eb q\u00ebndrueshme t\u00eb instrumenteve n\u00eb t\u00eb gjitha skenar\u00ebt e motit. Me nj\u00eb kok\u00eb rrotulluese p\u00ebr rregullim fleksib\u00ebl t\u00eb drejtimit dhe nj\u00eb tend\u00eb t\u00eb madhe prej 200 cm, \u00e7adra e vrojtimit SU01 ofron mbulim t\u00eb besuesh\u00ebm me hije gjat\u00eb operacioneve t\u00eb gjata n\u00eb terren.<\/p>\n<p><img fetchpriority=\"high\" decoding=\"async\" class=\"aligncenter wp-image-5570\" src=\"https:\/\/mountlaser.com\/wp-content\/uploads\/2025\/12\/SU011.webp\" alt=\"SU01 surveying umbrella\" width=\"500\" height=\"500\" srcset=\"https:\/\/mountlaser.com\/wp-content\/uploads\/2025\/12\/SU011.webp 1000w, https:\/\/mountlaser.com\/wp-content\/uploads\/2025\/12\/SU011-300x300.webp 300w, https:\/\/mountlaser.com\/wp-content\/uploads\/2025\/12\/SU011-150x150.webp 150w, https:\/\/mountlaser.com\/wp-content\/uploads\/2025\/12\/SU011-768x768.webp 768w, https:\/\/mountlaser.com\/wp-content\/uploads\/2025\/12\/SU011-12x12.webp 12w, https:\/\/mountlaser.com\/wp-content\/uploads\/2025\/12\/SU011-600x600.webp 600w, https:\/\/mountlaser.com\/wp-content\/uploads\/2025\/12\/SU011-800x800.webp 800w, https:\/\/mountlaser.com\/wp-content\/uploads\/2025\/12\/SU011-400x400.webp 400w\" sizes=\"(max-width: 500px) 100vw, 500px\" \/><\/p>\n<p>E nd\u00ebrtuar me nj\u00eb material t\u00eb q\u00ebndruesh\u00ebm me 10 panele blu dhe t\u00eb bardh\u00eb dhe e mb\u00ebshtetur nga nj\u00eb shtyll\u00eb me dy seksione (\u00d828\u201332 mm), kjo \u00e7ad\u00ebr p\u00ebr matjen e tok\u00ebs \u00ebsht\u00eb nd\u00ebrtuar p\u00ebr komoditet dhe besueshm\u00ebri afatgjat\u00eb. Kunja e saj e fort\u00eb n\u00eb tok\u00eb dep\u00ebrton deri n\u00eb 20 cm n\u00eb tok\u00eb t\u00eb but\u00eb, duke siguruar ankorim t\u00eb fort\u00eb edhe n\u00eb terren t\u00eb pabarabart\u00eb. Pavar\u00ebsisht n\u00ebse p\u00ebrdoret p\u00ebr stacione totale, marr\u00ebs GNSS ose detyra dokumentimi n\u00eb terren, <a href=\"https:\/\/mountlaser.com\/sq\/about-us\/\">\u00c7ad\u00ebr vrojtimi SU01<\/a> Ndihmon n\u00eb ruajtjen e dukshm\u00ebris\u00eb, zgjatjen e jet\u00ebgjat\u00ebsis\u00eb s\u00eb instrumenteve dhe p\u00ebrmir\u00ebsimin e rehatis\u00eb n\u00eb pun\u00eb. P\u00ebr gjeodet\u00ebt q\u00eb k\u00ebrkojn\u00eb performanc\u00eb t\u00eb q\u00ebndrueshme, transportueshm\u00ebri dhe mbrojtje, kjo ombrell\u00eb gjeodete \u00ebsht\u00eb nj\u00eb shtes\u00eb thelb\u00ebsore p\u00ebr \u00e7do pajisje terreni.<\/p>","protected":false},"excerpt":{"rendered":"<ul>\n<li>Mbrojtje nga moti: Mbron instrumentet dhe operator\u00ebt nga rrezet e forta t\u00eb diellit dhe shiu.<\/li>\n<li>Kok\u00eb Rrotulluese: Lejon rregullimin e drejtimit p\u00ebr efikasitet maksimal t\u00eb hijezimit.<\/li>\n<li>Tend\u00eb e madhe 200 cm: P\u00eblhura me 10 panele ngjyr\u00eb blu dhe t\u00eb bardh\u00eb siguron mbulim t\u00eb gjer\u00eb.<\/li>\n<li>Lart\u00ebsi e rregullueshme: Shtylla me dy seksione shtrihet deri n\u00eb 200 cm p\u00ebr konfigurim t\u00eb gjithansh\u00ebm.<\/li>\n<li>Stabilitet i p\u00ebrmir\u00ebsuar: Kunja metalike e fort\u00eb dep\u00ebrton 20 cm n\u00eb tok\u00eb t\u00eb but\u00eb.<\/li>\n<li>Nd\u00ebrtim i q\u00ebndruesh\u00ebm: I projektuar p\u00ebr p\u00ebrdorim t\u00eb p\u00ebrs\u00ebritur profesional n\u00eb terren.<\/li>\n<li>Instalim i l\u00ebvizsh\u00ebm dhe i leht\u00eb: Montim i thjesht\u00eb p\u00ebr vendosje t\u00eb shpejt\u00eb n\u00eb vendet e studimit.<\/li>\n<\/ul>","protected":false},"featured_media":5572,"comment_status":"open","ping_status":"closed","template":"","meta":[],"product_brand":[],"product_cat":[79,159],"product_tag":[],"class_list":{"0":"post-5576","1":"product","2":"type-product","3":"status-publish","4":"has-post-thumbnail","6":"product_cat-surveying-accessory","7":"product_cat-surveying-umbrella","9":"first","10":"instock","11":"shipping-taxable","12":"product-type-simple"},"_links":{"self":[{"href":"https:\/\/mountlaser.com\/sq\/wp-json\/wp\/v2\/product\/5576","targetHints":{"allow":["GET"]}}],"collection":[{"href":"https:\/\/mountlaser.com\/sq\/wp-json\/wp\/v2\/product"}],"about":[{"href":"https:\/\/mountlaser.com\/sq\/wp-json\/wp\/v2\/types\/product"}],"replies":[{"embeddable":true,"href":"https:\/\/mountlaser.com\/sq\/wp-json\/wp\/v2\/comments?post=5576"}],"wp:featuredmedia":[{"embeddable":true,"href":"https:\/\/mountlaser.com\/sq\/wp-json\/wp\/v2\/media\/5572"}],"wp:attachment":[{"href":"https:\/\/mountlaser.com\/sq\/wp-json\/wp\/v2\/media?parent=5576"}],"wp:term":[{"taxonomy":"product_brand","embeddable":true,"href":"https:\/\/mountlaser.com\/sq\/wp-json\/wp\/v2\/product_brand?post=5576"},{"taxonomy":"product_cat","embeddable":true,"href":"https:\/\/mountlaser.com\/sq\/wp-json\/wp\/v2\/product_cat?post=5576"},{"taxonomy":"product_tag","embeddable":true,"href":"https:\/\/mountlaser.com\/sq\/wp-json\/wp\/v2\/product_tag?post=5576"}],"curies":[{"name":"wp","href":"https:\/\/api.w.org\/{rel}","templated":true}]}}