{"id":5569,"date":"2025-12-08T09:09:35","date_gmt":"2025-12-08T09:09:35","guid":{"rendered":"https:\/\/mountlaser.com\/?post_type=product&#038;p=5569"},"modified":"2025-12-12T02:46:23","modified_gmt":"2025-12-12T02:46:23","slug":"ps2a-pocket-stereo-viewer","status":"publish","type":"product","link":"https:\/\/mountlaser.com\/sq\/produkt\/ps2a-pocket-stereo-viewer\/","title":{"rendered":"Shikues Stereo Xhepi PS2A"},"content":{"rendered":"<p data-start=\"358\" data-end=\"742\">I\/E\/T\u00eb\/T\u00eb <a href=\"https:\/\/mountlaser.com\/sq\/\"><strong data-start=\"362\" data-end=\"394\">Shikues Stereo Xhepi PS2A<\/strong><\/a> \u00ebsht\u00eb nj\u00eb stereoskop profesional dhe kompakt i projektuar p\u00ebr interpretim t\u00eb qart\u00eb dhe t\u00eb sakt\u00eb t\u00eb imazhit stereo si n\u00eb mjedise terreni ashtu edhe n\u00eb ato t\u00eb zyr\u00ebs. I nd\u00ebrtuar me mbajt\u00ebse t\u00eb q\u00ebndrueshme prej aliazhi metalik t\u00eb derdhur, <a href=\"https:\/\/mountlaser.com\/sq\/kategori-produkti\/surveying-accessory\/\"><strong data-start=\"583\" data-end=\"613\">Shikues Stereo Xhepi Metalik<\/strong><\/a> ofron stabilitet dhe konsistenc\u00eb optike afatgjat\u00eb, duke e b\u00ebr\u00eb ideal p\u00ebr gjeodet\u00ebt, fotogrametrist\u00ebt dhe analist\u00ebt e terrenit.<\/p>\n<p data-start=\"744\" data-end=\"1196\">I projektuar me nj\u00eb distanc\u00eb t\u00eb rregullueshme nd\u00ebrpupillare nga 56 mm n\u00eb 75 mm, Shikuesi Stereo Xhepi PS2A siguron shikim t\u00eb rehatsh\u00ebm p\u00ebr p\u00ebrdorues t\u00eb ndrysh\u00ebm, nd\u00ebrsa ofron nj\u00eb fush\u00ebpamje t\u00eb gjer\u00eb 125 mm \u00d7 125 mm p\u00ebr ekzaminim efikas t\u00eb \u00e7ifteve stereo. PS2A n\u00eb 2X, Shikuesi Stereo Xhepi Metalik akomodon nivele t\u00eb ndryshme detajesh t\u00eb k\u00ebrkuara gjat\u00eb detyrave profesionale t\u00eb matjes dhe hart\u00ebzimit.<\/p>\n<p data-start=\"744\" data-end=\"1196\"><img fetchpriority=\"high\" decoding=\"async\" class=\"aligncenter wp-image-5563\" src=\"https:\/\/mountlaser.com\/wp-content\/uploads\/2025\/12\/\u4e3b\u56fe3-4.webp\" alt=\"PS2A\/4A pocket stereo viewer\" width=\"500\" height=\"500\" srcset=\"https:\/\/mountlaser.com\/wp-content\/uploads\/2025\/12\/\u4e3b\u56fe3-4.webp 1000w, https:\/\/mountlaser.com\/wp-content\/uploads\/2025\/12\/\u4e3b\u56fe3-4-300x300.webp 300w, https:\/\/mountlaser.com\/wp-content\/uploads\/2025\/12\/\u4e3b\u56fe3-4-150x150.webp 150w, https:\/\/mountlaser.com\/wp-content\/uploads\/2025\/12\/\u4e3b\u56fe3-4-768x768.webp 768w, https:\/\/mountlaser.com\/wp-content\/uploads\/2025\/12\/\u4e3b\u56fe3-4-12x12.webp 12w, https:\/\/mountlaser.com\/wp-content\/uploads\/2025\/12\/\u4e3b\u56fe3-4-600x600.webp 600w, https:\/\/mountlaser.com\/wp-content\/uploads\/2025\/12\/\u4e3b\u56fe3-4-800x800.webp 800w, https:\/\/mountlaser.com\/wp-content\/uploads\/2025\/12\/\u4e3b\u56fe3-4-400x400.webp 400w\" sizes=\"(max-width: 500px) 100vw, 500px\" \/><\/p>\n<p data-start=\"1198\" data-end=\"1423\">Duke kombinuar transportueshm\u00ebrin\u00eb, nd\u00ebrtimin e q\u00ebndruesh\u00ebm dhe qart\u00ebsin\u00eb optike, <a href=\"https:\/\/mountlaser.com\/sq\/contact-us\/\">Shikues Stereo Xhepi PS2A\/4A<\/a> Ofron performanc\u00eb t\u00eb besueshme p\u00ebr k\u00ebdo q\u00eb ka nevoj\u00eb p\u00ebr interpretim t\u00eb sakt\u00eb stereoskopik n\u00eb mjedise pune t\u00eb v\u00ebshtira.<\/p>","protected":false},"excerpt":{"rendered":"<ul>\n<li>PS2A (zmadhim 2X).<\/li>\n<li>Distanc\u00eb e rregullueshme nd\u00ebrpupilare: 56\u201375 mm p\u00ebr t&#039;iu p\u00ebrshtatur rehatsh\u00ebm p\u00ebrdoruesve t\u00eb ndrysh\u00ebm.<\/li>\n<li>Fush\u00ebpamje e Gjer\u00eb: 125 mm \u00d7 125 mm p\u00ebr analiz\u00eb efikase t\u00eb imazhit stereo.<\/li>\n<li>Konstruksion Metalik: Trupi i fort\u00eb prej aliazhi metalik t\u00eb derdhur siguron stabilitet dhe q\u00ebndrueshm\u00ebri afatgjat\u00eb.<\/li>\n<li>Dizajn portativ: Mjaftuesh\u00ebm i leht\u00eb p\u00ebr transport t\u00eb leht\u00eb gjat\u00eb pun\u00ebs n\u00eb terren.<\/li>\n<li>P\u00ebrdorim Profesional: Ideal p\u00ebr interpretim stereo, vler\u00ebsim t\u00eb terrenit dhe aplikime fotogrametrike.<\/li>\n<\/ul>","protected":false},"featured_media":5562,"comment_status":"open","ping_status":"closed","template":"","meta":[],"product_brand":[],"product_cat":[79,158],"product_tag":[],"class_list":{"0":"post-5569","1":"product","2":"type-product","3":"status-publish","4":"has-post-thumbnail","6":"product_cat-surveying-accessory","7":"product_cat-pocket-stereo-viewer","9":"first","10":"instock","11":"shipping-taxable","12":"product-type-simple"},"_links":{"self":[{"href":"https:\/\/mountlaser.com\/sq\/wp-json\/wp\/v2\/product\/5569","targetHints":{"allow":["GET"]}}],"collection":[{"href":"https:\/\/mountlaser.com\/sq\/wp-json\/wp\/v2\/product"}],"about":[{"href":"https:\/\/mountlaser.com\/sq\/wp-json\/wp\/v2\/types\/product"}],"replies":[{"embeddable":true,"href":"https:\/\/mountlaser.com\/sq\/wp-json\/wp\/v2\/comments?post=5569"}],"wp:featuredmedia":[{"embeddable":true,"href":"https:\/\/mountlaser.com\/sq\/wp-json\/wp\/v2\/media\/5562"}],"wp:attachment":[{"href":"https:\/\/mountlaser.com\/sq\/wp-json\/wp\/v2\/media?parent=5569"}],"wp:term":[{"taxonomy":"product_brand","embeddable":true,"href":"https:\/\/mountlaser.com\/sq\/wp-json\/wp\/v2\/product_brand?post=5569"},{"taxonomy":"product_cat","embeddable":true,"href":"https:\/\/mountlaser.com\/sq\/wp-json\/wp\/v2\/product_cat?post=5569"},{"taxonomy":"product_tag","embeddable":true,"href":"https:\/\/mountlaser.com\/sq\/wp-json\/wp\/v2\/product_tag?post=5569"}],"curies":[{"name":"wp","href":"https:\/\/api.w.org\/{rel}","templated":true}]}}