{"id":5539,"date":"2025-12-08T07:47:18","date_gmt":"2025-12-08T07:47:18","guid":{"rendered":"https:\/\/mountlaser.com\/?post_type=product&#038;p=5539"},"modified":"2025-12-12T05:08:10","modified_gmt":"2025-12-12T05:08:10","slug":"al01-abney-level","status":"publish","type":"product","link":"https:\/\/mountlaser.com\/sq\/produkt\/al01-abney-level\/","title":{"rendered":"Niveli AL01 Abney"},"content":{"rendered":"<p data-start=\"286\" data-end=\"718\">I\/E\/T\u00eb\/T\u00eb <a href=\"https:\/\/mountlaser.com\/sq\/\"><strong data-start=\"290\" data-end=\"313\">Niveli AL01 Abney<\/strong><\/a> \u00ebsht\u00eb nj\u00eb instrument optik me precizion t\u00eb lart\u00eb i projektuar p\u00ebr profesionist\u00ebt q\u00eb k\u00ebrkojn\u00eb vler\u00ebsime t\u00eb shpejta dhe t\u00eb sakta t\u00eb pjerr\u00ebsis\u00eb, k\u00ebndit dhe lart\u00ebsis\u00eb si n\u00eb matjet topografike ashtu edhe n\u00eb ato t\u00eb nd\u00ebrtimit. Si nj\u00eb instrument i gjithansh\u00ebm <a href=\"https:\/\/mountlaser.com\/sq\/kategori-produkti\/surveying-accessory\/\"><strong data-start=\"515\" data-end=\"547\">Niveli Topografik i Duarve n\u00eb Abney<\/strong><\/a>, ai p\u00ebrmban nj\u00eb tub katror shikimi t\u00eb pajisur me nj\u00eb teleskop fokusimi t\u00eb brendsh\u00ebm q\u00eb ofron sakt\u00ebsi 20&#039;\/2 mm, duke siguruar performanc\u00eb t\u00eb besueshme n\u00eb mjedise fushore t\u00eb k\u00ebrkuara.<\/p>\n<figure id=\"attachment_5540\" aria-describedby=\"caption-attachment-5540\" style=\"width: 500px\" class=\"wp-caption aligncenter\"><img fetchpriority=\"high\" decoding=\"async\" class=\"wp-image-5540\" src=\"https:\/\/mountlaser.com\/wp-content\/uploads\/2025\/12\/AL011.webp\" alt=\"AL01\/03 Abney Level\" width=\"500\" height=\"500\" srcset=\"https:\/\/mountlaser.com\/wp-content\/uploads\/2025\/12\/AL011.webp 1000w, https:\/\/mountlaser.com\/wp-content\/uploads\/2025\/12\/AL011-300x300.webp 300w, https:\/\/mountlaser.com\/wp-content\/uploads\/2025\/12\/AL011-150x150.webp 150w, https:\/\/mountlaser.com\/wp-content\/uploads\/2025\/12\/AL011-768x768.webp 768w, https:\/\/mountlaser.com\/wp-content\/uploads\/2025\/12\/AL011-12x12.webp 12w, https:\/\/mountlaser.com\/wp-content\/uploads\/2025\/12\/AL011-600x600.webp 600w, https:\/\/mountlaser.com\/wp-content\/uploads\/2025\/12\/AL011-800x800.webp 800w, https:\/\/mountlaser.com\/wp-content\/uploads\/2025\/12\/AL011-400x400.webp 400w\" sizes=\"(max-width: 500px) 100vw, 500px\" \/><figcaption id=\"caption-attachment-5540\" class=\"wp-caption-text\">Niveli AL01 Abney<\/figcaption><\/figure>\n<p data-start=\"720\" data-end=\"1206\">I projektuar p\u00ebr p\u00ebrshtatshm\u00ebri, <a href=\"https:\/\/mountlaser.com\/sq\/about-us\/\">Niveli AL01 Abney<\/a> Vjen me harqe t\u00eb nd\u00ebrrueshme, duke u lejuar mat\u00ebsve t\u00eb kalojn\u00eb leht\u00ebsisht nga nj\u00eb aplikim n\u00eb tjetrin. Shkalla kryesore e integruar 1\u00b0 me lexime vernier 10\u2032, s\u00eb bashku me shkall\u00ebt e gradientit 1:1 dhe 1:10, e b\u00ebn k\u00ebt\u00eb Nivel Dore Topografik Abney ideal p\u00ebr matje t\u00eb sakta t\u00eb pjerr\u00ebsis\u00eb. P\u00ebr p\u00ebrdorshm\u00ebri t\u00eb p\u00ebrmir\u00ebsuar, modeli AL01 vjen me nj\u00eb pamje t\u00eb jashtme jeshile.<\/p>\n<p data-start=\"1208\" data-end=\"1443\">Niveli AL01 Abney \u00ebsht\u00eb kompakt, i leht\u00eb dhe i pajisur me nj\u00eb \u00e7ant\u00eb t\u00eb p\u00ebrshtatshme p\u00ebr mbajtjen me rrip, duke e b\u00ebr\u00eb k\u00ebt\u00eb <a href=\"https:\/\/mountlaser.com\/sq\/contact-us\/\">Niveli Topografik i Duarve n\u00eb Abney<\/a> Nj\u00eb shoq\u00ebrues i besuesh\u00ebm p\u00ebr profesionist\u00ebt e gjeodet\u00ebve q\u00eb kan\u00eb nevoj\u00eb p\u00ebr efikasitet dhe l\u00ebvizshm\u00ebri.<\/p>","protected":false},"excerpt":{"rendered":"<ul>\n<li>Matje e sakt\u00eb e pjerr\u00ebsis\u00eb dhe k\u00ebndeve: Mat ndryshimet e pjerr\u00ebsis\u00eb, lart\u00ebsis\u00eb dhe k\u00ebndit me sakt\u00ebsi 20&#039;\/2 mm.<\/li>\n<li>Harka Mat\u00ebse t\u00eb Nd\u00ebrrueshme: Dy harqe mund\u00ebsojn\u00eb p\u00ebrdorim fleksib\u00ebl p\u00ebr detyra t\u00eb ndryshme topografike ose nd\u00ebrtimi.<\/li>\n<li>Shkall\u00ebzimi preciz: P\u00ebrmban nj\u00eb shkall\u00eb kryesore 1\u00b0, lexime vernier 10\u2032 dhe shkall\u00eb t\u00eb integruara me raport pjerr\u00ebsie 1:1 dhe 1:10 p\u00ebr matje n\u00eb nivel profesional.<\/li>\n<li>Modele t\u00eb koduara me ngjyra p\u00ebr dukshm\u00ebrin\u00eb n\u00eb terren: AL01 jeshile p\u00ebr identifikim t\u00eb leht\u00eb n\u00eb mjedise t\u00eb ndryshme t\u00eb vrojtimit.<\/li>\n<li>Portativ dhe i Q\u00ebndruesh\u00ebm: Vjen me nj\u00eb \u00e7ant\u00eb me rrip p\u00ebr transport t\u00eb p\u00ebrshtatsh\u00ebm n\u00eb terren.<\/li>\n<\/ul>","protected":false},"featured_media":5541,"comment_status":"open","ping_status":"closed","template":"","meta":[],"product_brand":[],"product_cat":[79,156],"product_tag":[],"class_list":{"0":"post-5539","1":"product","2":"type-product","3":"status-publish","4":"has-post-thumbnail","6":"product_cat-surveying-accessory","7":"product_cat-abney-level","9":"first","10":"instock","11":"shipping-taxable","12":"product-type-simple"},"_links":{"self":[{"href":"https:\/\/mountlaser.com\/sq\/wp-json\/wp\/v2\/product\/5539","targetHints":{"allow":["GET"]}}],"collection":[{"href":"https:\/\/mountlaser.com\/sq\/wp-json\/wp\/v2\/product"}],"about":[{"href":"https:\/\/mountlaser.com\/sq\/wp-json\/wp\/v2\/types\/product"}],"replies":[{"embeddable":true,"href":"https:\/\/mountlaser.com\/sq\/wp-json\/wp\/v2\/comments?post=5539"}],"wp:featuredmedia":[{"embeddable":true,"href":"https:\/\/mountlaser.com\/sq\/wp-json\/wp\/v2\/media\/5541"}],"wp:attachment":[{"href":"https:\/\/mountlaser.com\/sq\/wp-json\/wp\/v2\/media?parent=5539"}],"wp:term":[{"taxonomy":"product_brand","embeddable":true,"href":"https:\/\/mountlaser.com\/sq\/wp-json\/wp\/v2\/product_brand?post=5539"},{"taxonomy":"product_cat","embeddable":true,"href":"https:\/\/mountlaser.com\/sq\/wp-json\/wp\/v2\/product_cat?post=5539"},{"taxonomy":"product_tag","embeddable":true,"href":"https:\/\/mountlaser.com\/sq\/wp-json\/wp\/v2\/product_tag?post=5539"}],"curies":[{"name":"wp","href":"https:\/\/api.w.org\/{rel}","templated":true}]}}