{"id":5531,"date":"2025-12-08T07:08:04","date_gmt":"2025-12-08T07:08:04","guid":{"rendered":"https:\/\/mountlaser.com\/?post_type=product&#038;p=5531"},"modified":"2025-12-08T07:08:04","modified_gmt":"2025-12-08T07:08:04","slug":"ft40-series-flagging-tape","status":"publish","type":"product","link":"https:\/\/mountlaser.com\/sq\/produkt\/ft40-series-flagging-tape\/","title":{"rendered":"Shirit sh\u00ebnues i seris\u00eb FT40"},"content":{"rendered":"<p>MountLaser <a href=\"https:\/\/mountlaser.com\/sq\/\"><strong>Shirit sinjalizues<\/strong><\/a> \u00ebsht\u00eb nj\u00eb zgjidhje sh\u00ebnjimi e q\u00ebndrueshme dhe shum\u00eb e dukshme e projektuar p\u00ebr mjedise t\u00eb jashtme me k\u00ebrkesa t\u00eb larta. E projektuar p\u00ebr gjeodet\u00eb dhe profesionist\u00eb nd\u00ebrtimi, kjo Shirit Sh\u00ebnjimi ofron performanc\u00eb t\u00eb besueshme n\u00eb temperatura dhe terrene t\u00eb ndryshme. Pavar\u00ebsisht n\u00ebse sh\u00ebnon kufij, pika planimetrie apo vende kritike referimi, kjo Shirit Sh\u00ebnjimi siguron dukshm\u00ebri t\u00eb qart\u00eb dhe afatgjat\u00eb n\u00eb t\u00eb gjitha kushtet e terrenit.<\/p>\n<p><img fetchpriority=\"high\" decoding=\"async\" class=\"aligncenter wp-image-5536\" src=\"https:\/\/mountlaser.com\/wp-content\/uploads\/2025\/12\/05.webp\" alt=\"Flagging Tape\" width=\"500\" height=\"500\" srcset=\"https:\/\/mountlaser.com\/wp-content\/uploads\/2025\/12\/05.webp 1200w, https:\/\/mountlaser.com\/wp-content\/uploads\/2025\/12\/05-300x300.webp 300w, https:\/\/mountlaser.com\/wp-content\/uploads\/2025\/12\/05-1024x1024.webp 1024w, https:\/\/mountlaser.com\/wp-content\/uploads\/2025\/12\/05-150x150.webp 150w, https:\/\/mountlaser.com\/wp-content\/uploads\/2025\/12\/05-768x768.webp 768w, https:\/\/mountlaser.com\/wp-content\/uploads\/2025\/12\/05-12x12.webp 12w, https:\/\/mountlaser.com\/wp-content\/uploads\/2025\/12\/05-600x600.webp 600w, https:\/\/mountlaser.com\/wp-content\/uploads\/2025\/12\/05-800x800.webp 800w, https:\/\/mountlaser.com\/wp-content\/uploads\/2025\/12\/05-400x400.webp 400w\" sizes=\"(max-width: 500px) 100vw, 500px\" \/><\/p>\n<p>Prodhuar nga material i fort\u00eb dhe rezistent ndaj motit, ton\u00eb <a href=\"https:\/\/mountlaser.com\/sq\/kategori-produkti\/surveying-accessory\/\"><strong>Shirit Sh\u00ebnues p\u00ebr Flamuj<\/strong><\/a> ofron rezistenc\u00eb t\u00eb jasht\u00ebzakonshme ndaj grisjes dhe ruajtje t\u00eb ngjyr\u00ebs. Gama e Shiritave t\u00eb Sh\u00ebnjimit me Flagging p\u00ebrfshin gjat\u00ebsi, trash\u00ebsi dhe opsione ngjyrash t\u00eb gjalla t\u00eb shum\u00ebfishta - ideale p\u00ebr identifikim t\u00eb shpejt\u00eb n\u00eb vendet e studimit dhe nd\u00ebrtimit. Me fleksibilitet t\u00eb lart\u00eb dhe q\u00ebndrueshm\u00ebri superiore, Shiriti i Sh\u00ebnjimit me Flagging dallohet si nj\u00eb mjet thelb\u00ebsor p\u00ebr sh\u00ebnimin e sakt\u00eb t\u00eb tok\u00ebs dhe menaxhimin efikas t\u00eb rrjedh\u00ebs s\u00eb pun\u00ebs.<\/p>\n<div>\n<table style=\"border-collapse: collapse; width: 741.02pt;\" border=\"0\" width=\"988\" cellspacing=\"0\" cellpadding=\"0\">\n<tbody>\n<tr style=\"height: 14.25pt;\">\n<td class=\"et2\" style=\"height: 14.25pt; width: 99.75pt;\" width=\"133\" height=\"19\">NUM\u00cbR<\/td>\n<td class=\"et3\" style=\"width: 101.25pt;\" width=\"135\">TEMPERATURA E OPERIMIT.<\/td>\n<td class=\"et4\" style=\"width: 74.25pt;\" width=\"99\">GJAT\u00cbSI<\/td>\n<td class=\"et5\" style=\"width: 83.25pt;\" width=\"111\">TRASH\u00cbSI<\/td>\n<td class=\"et5\" style=\"width: 69.00pt;\" width=\"92\">GJER\u00cbSI<\/td>\n<td class=\"et5\" style=\"width: 201.00pt;\" width=\"268\">NGJYRA<\/td>\n<td class=\"et5\" style=\"width: 112.50pt;\" width=\"150\">MOQ (ROLLA)<\/td>\n<\/tr>\n<tr style=\"height: 14.25pt;\">\n<td class=\"et6\" style=\"height: 14.25pt;\" height=\"19\">FT40-45-127<\/td>\n<td class=\"et6\">-40\u00b0C<\/td>\n<td class=\"et6\">45m<\/td>\n<td class=\"et6\">0.127 mm<\/td>\n<td class=\"et6\">25 mm<\/td>\n<td class=\"et7\">Portokalli, Roz\u00eb, e Verdh\u00eb, e Kuqe<\/td>\n<td class=\"et6\">Shum\u00ebfisha t\u00eb 100<\/td>\n<\/tr>\n<tr style=\"height: 14.25pt;\">\n<td class=\"et6\" style=\"height: 14.25pt;\" height=\"19\">FT15-45-050<\/td>\n<td class=\"et6\">-15\u00b0C<\/td>\n<td class=\"et6\">45m<\/td>\n<td class=\"et6\">0.0508 mm<\/td>\n<td class=\"et6\">25 mm<\/td>\n<td class=\"et7\">Portokalli, Roz\u00eb, e Verdh\u00eb, e Kuqe<\/td>\n<td class=\"et6\">Shum\u00ebfisha t\u00eb 100<\/td>\n<\/tr>\n<tr style=\"height: 14.25pt;\">\n<td class=\"et6\" style=\"height: 14.25pt;\" height=\"19\">FT15-30-070<\/td>\n<td class=\"et6\">-15\u00b0C<\/td>\n<td class=\"et6\">30m<\/td>\n<td class=\"et6\">0.070 mm<\/td>\n<td class=\"et6\">25 mm<\/td>\n<td class=\"et7\">Portokalli, Roz\u00eb, e Verdh\u00eb, e Kuqe, Jeshile, Blu<\/td>\n<td class=\"et6\">Shum\u00ebfisha t\u00eb 240<\/td>\n<\/tr>\n<tr style=\"height: 14.25pt;\">\n<td class=\"et6\" style=\"height: 14.25pt;\" height=\"19\">FT40-100-127<\/td>\n<td class=\"et6\">-40\u00b0C<\/td>\n<td class=\"et6\">100 m<\/td>\n<td class=\"et6\">0.127 mm<\/td>\n<td class=\"et6\">25 mm<\/td>\n<td class=\"et7\">Portokalli, Roz\u00eb, e Verdh\u00eb, e Kuqe<\/td>\n<td class=\"et6\">Shum\u00ebfisha t\u00eb 96<\/td>\n<\/tr>\n<tr style=\"height: 14.25pt;\">\n<td class=\"et6\" style=\"height: 14.25pt;\" height=\"19\">FT15-100-050<\/td>\n<td class=\"et6\">-15\u00b0C<\/td>\n<td class=\"et6\">100 m<\/td>\n<td class=\"et6\">0.0508 mm<\/td>\n<td class=\"et6\">25 mm<\/td>\n<td class=\"et7\">Portokalli, Roz\u00eb, e Verdh\u00eb, e Kuqe<\/td>\n<td class=\"et6\">Shum\u00ebfisha t\u00eb 96<\/td>\n<\/tr>\n<tr style=\"height: 14.25pt;\">\n<td class=\"et6\" style=\"height: 14.25pt;\" height=\"19\">FT15-100-070<\/td>\n<td class=\"et6\">-15\u00b0C<\/td>\n<td class=\"et6\">100 m<\/td>\n<td class=\"et6\">0.070 mm<\/td>\n<td class=\"et6\">25 mm<\/td>\n<td class=\"et7\">Portokalli, Roz\u00eb, e Verdh\u00eb, e Kuqe, Jeshile, Blu<\/td>\n<td class=\"et6\">Shum\u00ebfisha t\u00eb 96<\/td>\n<\/tr>\n<\/tbody>\n<\/table>\n<p>&nbsp;<\/p>\n<\/div>","protected":false},"excerpt":{"rendered":"<ul>\n<li>Sh\u00ebnim me Dukshm\u00ebri t\u00eb Lart\u00eb: Ngjyrat e ndritshme, rezistente ndaj rrezeve UV, ofrojn\u00eb identifikim t\u00eb qart\u00eb t\u00eb pikave t\u00eb kontrollit, kufijve, rreziqeve dhe vijave t\u00eb planifikimit n\u00eb \u00e7do gjendje.<\/li>\n<li>Rezistenc\u00eb ndaj temperatur\u00ebs dhe motit: I projektuar p\u00ebr t\u00eb funksionuar n\u00eb mjedise t\u00eb ashpra, me temperatura funksionimi deri n\u00eb -40\u00b0C n\u00eb var\u00ebsi t\u00eb modelit.<\/li>\n<li>Material fleksib\u00ebl dhe rezistent ndaj grisjes: Siguron jet\u00ebgjat\u00ebsi t\u00eb gjat\u00eb sh\u00ebrbimi dhe performanc\u00eb t\u00eb besueshme edhe me trajtim t\u00eb p\u00ebrs\u00ebritur n\u00eb operacione n\u00eb terren.<\/li>\n<li>Aplikime t\u00eb gjithanshme: I p\u00ebrshtatsh\u00ebm p\u00ebr studime inxhinierike, planifikim nd\u00ebrtimi, pylltari, sh\u00ebrbime publike dhe monitorim mjedisor.<\/li>\n<\/ul>","protected":false},"featured_media":5536,"comment_status":"open","ping_status":"closed","template":"","meta":[],"product_brand":[],"product_cat":[79,152],"product_tag":[],"class_list":{"0":"post-5531","1":"product","2":"type-product","3":"status-publish","4":"has-post-thumbnail","6":"product_cat-surveying-accessory","7":"product_cat-surveying-marker","9":"first","10":"instock","11":"shipping-taxable","12":"product-type-simple"},"_links":{"self":[{"href":"https:\/\/mountlaser.com\/sq\/wp-json\/wp\/v2\/product\/5531","targetHints":{"allow":["GET"]}}],"collection":[{"href":"https:\/\/mountlaser.com\/sq\/wp-json\/wp\/v2\/product"}],"about":[{"href":"https:\/\/mountlaser.com\/sq\/wp-json\/wp\/v2\/types\/product"}],"replies":[{"embeddable":true,"href":"https:\/\/mountlaser.com\/sq\/wp-json\/wp\/v2\/comments?post=5531"}],"wp:featuredmedia":[{"embeddable":true,"href":"https:\/\/mountlaser.com\/sq\/wp-json\/wp\/v2\/media\/5536"}],"wp:attachment":[{"href":"https:\/\/mountlaser.com\/sq\/wp-json\/wp\/v2\/media?parent=5531"}],"wp:term":[{"taxonomy":"product_brand","embeddable":true,"href":"https:\/\/mountlaser.com\/sq\/wp-json\/wp\/v2\/product_brand?post=5531"},{"taxonomy":"product_cat","embeddable":true,"href":"https:\/\/mountlaser.com\/sq\/wp-json\/wp\/v2\/product_cat?post=5531"},{"taxonomy":"product_tag","embeddable":true,"href":"https:\/\/mountlaser.com\/sq\/wp-json\/wp\/v2\/product_tag?post=5531"}],"curies":[{"name":"wp","href":"https:\/\/api.w.org\/{rel}","templated":true}]}}