{"id":5518,"date":"2025-12-08T05:35:52","date_gmt":"2025-12-08T05:35:52","guid":{"rendered":"https:\/\/mountlaser.com\/?post_type=product&#038;p=5518"},"modified":"2025-12-08T05:35:52","modified_gmt":"2025-12-08T05:35:52","slug":"bl04-bubble-level","status":"publish","type":"product","link":"https:\/\/mountlaser.com\/sq\/produkt\/bl04-bubble-level\/","title":{"rendered":"Niveli i flluskave BL04"},"content":{"rendered":"<p>I\/E\/T\u00eb\/T\u00eb <a href=\"https:\/\/mountlaser.com\/sq\/\"><strong data-start=\"192\" data-end=\"213\">Niveli i flluskave BL04<\/strong><\/a> \u00ebsht\u00eb nj\u00eb komponent nivelimi me precizion t\u00eb lart\u00eb i projektuar p\u00ebr tribrak\u00eb, bart\u00ebs dhe sisteme stacionesh totale. I projektuar n\u00eb stilin klasik zviceran TS, ky BL04 p\u00ebrmban nj\u00eb streh\u00eb t\u00eb q\u00ebndrueshme argjendi me nj\u00eb fllusk\u00eb qendrore t\u00eb bardh\u00eb t\u00eb past\u00ebr dhe nj\u00eb dallues. <a href=\"https:\/\/mountlaser.com\/sq\/kategori-produkti\/surveying-accessory\/\"><strong data-start=\"468\" data-end=\"495\">fllusk\u00eb gjysm\u00ebrrethi n\u00eb nivel<\/strong><\/a> profil p\u00ebr qart\u00ebsi vizuale t\u00eb p\u00ebrmir\u00ebsuar. Nd\u00ebrtimi i tij i fort\u00eb siguron sakt\u00ebsi t\u00eb q\u00ebndrueshme n\u00eb mjedise t\u00eb v\u00ebshtira n\u00eb terren, duke e b\u00ebr\u00eb at\u00eb nj\u00eb aksesor thelb\u00ebsor p\u00ebr topograf\u00ebt q\u00eb mb\u00ebshteten n\u00eb nj\u00eb shtrirje t\u00eb besueshme.<\/p>\n<p><img fetchpriority=\"high\" decoding=\"async\" class=\"aligncenter wp-image-5520\" src=\"https:\/\/mountlaser.com\/wp-content\/uploads\/2025\/12\/BL042.webp\" alt=\"BL04 Bubble Level\" width=\"500\" height=\"500\" srcset=\"https:\/\/mountlaser.com\/wp-content\/uploads\/2025\/12\/BL042.webp 1000w, https:\/\/mountlaser.com\/wp-content\/uploads\/2025\/12\/BL042-300x300.webp 300w, https:\/\/mountlaser.com\/wp-content\/uploads\/2025\/12\/BL042-150x150.webp 150w, https:\/\/mountlaser.com\/wp-content\/uploads\/2025\/12\/BL042-768x768.webp 768w, https:\/\/mountlaser.com\/wp-content\/uploads\/2025\/12\/BL042-12x12.webp 12w, https:\/\/mountlaser.com\/wp-content\/uploads\/2025\/12\/BL042-600x600.webp 600w, https:\/\/mountlaser.com\/wp-content\/uploads\/2025\/12\/BL042-800x800.webp 800w, https:\/\/mountlaser.com\/wp-content\/uploads\/2025\/12\/BL042-400x400.webp 400w\" sizes=\"(max-width: 500px) 100vw, 500px\" \/><\/p>\n<p>Pavar\u00ebsisht n\u00ebse p\u00ebrdoret p\u00ebr kalibrimin e pajisjeve ose p\u00ebr verifikimin n\u00eb vend, <a href=\"https:\/\/mountlaser.com\/sq\/contact-us\/\">Niveli i flluskave BL04<\/a>\u00a0ofrojn\u00eb performanc\u00eb t\u00eb besueshme n\u00eb t\u00eb gjitha aplikimet e matjeve.<\/p>","protected":false},"excerpt":{"rendered":"<ul>\n<li>Dizajn fllusk\u00eb gjysm\u00ebrrethi me sakt\u00ebsi t\u00eb lart\u00eb: Struktura e fllusk\u00ebs gjysm\u00ebrrethore ofron lexueshm\u00ebri t\u00eb p\u00ebrmir\u00ebsuar, duke u mund\u00ebsuar mat\u00ebsve t\u00eb arrijn\u00eb nivelim t\u00eb sakt\u00eb me p\u00ebrpjekje minimale.<\/li>\n<li>Nd\u00ebrtim i q\u00ebndruesh\u00ebm n\u00eb stilin zviceran: Flluska gjysm\u00ebrrethore e nivelit \u00ebsht\u00eb nd\u00ebrtuar me nj\u00eb strehim t\u00eb plot\u00eb argjendi p\u00ebr ngurt\u00ebsi t\u00eb p\u00ebrmir\u00ebsuar, rezistenc\u00eb ndaj korrozionit dhe jet\u00ebgjat\u00ebsi t\u00eb gjat\u00eb sh\u00ebrbimi.<\/li>\n<li>I optimizuar p\u00ebr p\u00ebrdorim n\u00eb Stacion Total dhe Tribrah: Plot\u00ebsisht i pajtuesh\u00ebm me instrumentet e stilit TS, ky nivel fllusk\u00eb BL04 ofron stabilitet t\u00eb q\u00ebndruesh\u00ebm dhe integrim t\u00eb qet\u00eb me shumic\u00ebn e konfigurimeve moderne t\u00eb matjeve.<\/li>\n<\/ul>","protected":false},"featured_media":5519,"comment_status":"open","ping_status":"closed","template":"","meta":[],"product_brand":[],"product_cat":[79,153],"product_tag":[],"class_list":{"0":"post-5518","1":"product","2":"type-product","3":"status-publish","4":"has-post-thumbnail","6":"product_cat-surveying-accessory","7":"product_cat-bubble-for-tribrach-carrier-prism","9":"first","10":"instock","11":"shipping-taxable","12":"product-type-simple"},"_links":{"self":[{"href":"https:\/\/mountlaser.com\/sq\/wp-json\/wp\/v2\/product\/5518","targetHints":{"allow":["GET"]}}],"collection":[{"href":"https:\/\/mountlaser.com\/sq\/wp-json\/wp\/v2\/product"}],"about":[{"href":"https:\/\/mountlaser.com\/sq\/wp-json\/wp\/v2\/types\/product"}],"replies":[{"embeddable":true,"href":"https:\/\/mountlaser.com\/sq\/wp-json\/wp\/v2\/comments?post=5518"}],"wp:featuredmedia":[{"embeddable":true,"href":"https:\/\/mountlaser.com\/sq\/wp-json\/wp\/v2\/media\/5519"}],"wp:attachment":[{"href":"https:\/\/mountlaser.com\/sq\/wp-json\/wp\/v2\/media?parent=5518"}],"wp:term":[{"taxonomy":"product_brand","embeddable":true,"href":"https:\/\/mountlaser.com\/sq\/wp-json\/wp\/v2\/product_brand?post=5518"},{"taxonomy":"product_cat","embeddable":true,"href":"https:\/\/mountlaser.com\/sq\/wp-json\/wp\/v2\/product_cat?post=5518"},{"taxonomy":"product_tag","embeddable":true,"href":"https:\/\/mountlaser.com\/sq\/wp-json\/wp\/v2\/product_tag?post=5518"}],"curies":[{"name":"wp","href":"https:\/\/api.w.org\/{rel}","templated":true}]}}