{"id":5509,"date":"2025-12-08T03:30:09","date_gmt":"2025-12-08T03:30:09","guid":{"rendered":"https:\/\/mountlaser.com\/?post_type=product&#038;p=5509"},"modified":"2025-12-08T05:10:26","modified_gmt":"2025-12-08T05:10:26","slug":"bl02-triangle-bubble-level","status":"publish","type":"product","link":"https:\/\/mountlaser.com\/sq\/produkt\/bl02-triangle-bubble-level\/","title":{"rendered":"Niveli trek\u00ebnd\u00ebsh BL02 me flluska"},"content":{"rendered":"<p>I\/E\/T\u00eb\/T\u00eb <a href=\"https:\/\/mountlaser.com\/sq\/\"><strong>Niveli trek\u00ebnd\u00ebsh BL02 me flluska<\/strong><\/a> \u00ebsht\u00eb nj\u00eb komponent nivelimi i projektuar me precizion, i projektuar p\u00ebr pozicionim me sakt\u00ebsi t\u00eb lart\u00eb n\u00eb stacionet totale, tribrak\u00ebt dhe sistemet e prizmave. I nd\u00ebrtuar n\u00eb nj\u00eb form\u00eb trek\u00ebnd\u00ebshe dalluese me nj\u00eb streh\u00eb argjendi dhe nj\u00eb fllusk\u00eb qendrore t\u00eb bardh\u00eb, niveli trek\u00ebnd\u00ebsh BL02 ofron shikueshm\u00ebri t\u00eb shk\u00eblqyer dhe performanc\u00eb t\u00eb besueshme n\u00eb mjedise t\u00eb k\u00ebrkuara matjeje.<\/p>\n<p>BL02 ofron nivelim t\u00eb q\u00ebndruesh\u00ebm shum\u00ebaksor, duke e b\u00ebr\u00eb at\u00eb t\u00eb p\u00ebrshtatsh\u00ebm p\u00ebr gjeodet\u00ebt profesionist\u00eb q\u00eb k\u00ebrkojn\u00eb q\u00ebndrueshm\u00ebri maksimale. Qoft\u00eb i p\u00ebrdorur si pjes\u00eb kalibrimi e pavarur apo i integruar n\u00eb instrumente optike, <a href=\"https:\/\/mountlaser.com\/sq\/about-us\/\">Niveli trek\u00ebnd\u00ebsh BL02 me flluska<\/a> Siguron nivelim t\u00eb shpejt\u00eb dhe t\u00eb sakt\u00eb n\u00eb \u00e7do konfigurim.<\/p>\n<p><img fetchpriority=\"high\" decoding=\"async\" class=\"aligncenter wp-image-5510\" src=\"https:\/\/mountlaser.com\/wp-content\/uploads\/2025\/12\/BL021.webp\" alt=\"BL02 triangle bubble level\" width=\"500\" height=\"500\" srcset=\"https:\/\/mountlaser.com\/wp-content\/uploads\/2025\/12\/BL021.webp 1000w, https:\/\/mountlaser.com\/wp-content\/uploads\/2025\/12\/BL021-300x300.webp 300w, https:\/\/mountlaser.com\/wp-content\/uploads\/2025\/12\/BL021-150x150.webp 150w, https:\/\/mountlaser.com\/wp-content\/uploads\/2025\/12\/BL021-768x768.webp 768w, https:\/\/mountlaser.com\/wp-content\/uploads\/2025\/12\/BL021-12x12.webp 12w, https:\/\/mountlaser.com\/wp-content\/uploads\/2025\/12\/BL021-600x600.webp 600w, https:\/\/mountlaser.com\/wp-content\/uploads\/2025\/12\/BL021-800x800.webp 800w, https:\/\/mountlaser.com\/wp-content\/uploads\/2025\/12\/BL021-400x400.webp 400w\" sizes=\"(max-width: 500px) 100vw, 500px\" \/><\/p>\n<p>I pajtuesh\u00ebm me sistemet e stacioneve totale PEN n\u00eb stilin japonez, ky <a href=\"https:\/\/mountlaser.com\/sq\/contact-us\/\"><strong>Niveli i fllusk\u00ebs Bullseye<\/strong><\/a> \u00ebsht\u00eb ideal p\u00ebr ruajtjen e stabilitetit t\u00eb instrumentit. Nd\u00ebrtimi i tij i leht\u00eb dhe i q\u00ebndruesh\u00ebm siguron besueshm\u00ebri afatgjat\u00eb, duke e b\u00ebr\u00eb nivelin trek\u00ebnd\u00ebsh BL02 me flluska nj\u00eb zgjidhje t\u00eb besueshme p\u00ebr shtrirjen e sakt\u00eb t\u00eb fush\u00ebs. Profesionist\u00ebt e matjeve mb\u00ebshteten n\u00eb k\u00ebt\u00eb nivel me flluska Bullseye p\u00ebr t\u00eb arritur matje t\u00eb q\u00ebndrueshme dhe t\u00eb p\u00ebrs\u00ebritshme n\u00eb t\u00eb gjitha kushtet e pun\u00ebs.<\/p>","protected":false},"excerpt":{"rendered":"<ul>\n<li>Dizajn preciz trek\u00ebndor p\u00ebr nivelim t\u00eb shpejt\u00eb dhe t\u00eb sakt\u00eb.<\/li>\n<li>Streh\u00eb e q\u00ebndrueshme argjendi me nj\u00eb fllusk\u00eb qendrore t\u00eb bardh\u00eb t\u00eb qart\u00eb p\u00ebr shikueshm\u00ebri t\u00eb lart\u00eb.<\/li>\n<li>I pajtuesh\u00ebm me tribrak\u00eb, bart\u00ebs dhe montime prizmash p\u00ebr p\u00ebrdorim t\u00eb gjithansh\u00ebm.<\/li>\n<li>Performanc\u00eb e q\u00ebndrueshme e nivelit t\u00eb fllusk\u00ebs Bullseye, duke siguruar referenc\u00eb horizontale t\u00eb besueshme.<\/li>\n<li>Kompakt dhe i leht\u00eb, ideal p\u00ebr aplikime n\u00eb terren dhe n\u00eb laborator.<\/li>\n<\/ul>","protected":false},"featured_media":5510,"comment_status":"open","ping_status":"closed","template":"","meta":[],"product_brand":[],"product_cat":[79,153],"product_tag":[],"class_list":{"0":"post-5509","1":"product","2":"type-product","3":"status-publish","4":"has-post-thumbnail","6":"product_cat-surveying-accessory","7":"product_cat-bubble-for-tribrach-carrier-prism","9":"first","10":"instock","11":"shipping-taxable","12":"product-type-simple"},"_links":{"self":[{"href":"https:\/\/mountlaser.com\/sq\/wp-json\/wp\/v2\/product\/5509","targetHints":{"allow":["GET"]}}],"collection":[{"href":"https:\/\/mountlaser.com\/sq\/wp-json\/wp\/v2\/product"}],"about":[{"href":"https:\/\/mountlaser.com\/sq\/wp-json\/wp\/v2\/types\/product"}],"replies":[{"embeddable":true,"href":"https:\/\/mountlaser.com\/sq\/wp-json\/wp\/v2\/comments?post=5509"}],"wp:featuredmedia":[{"embeddable":true,"href":"https:\/\/mountlaser.com\/sq\/wp-json\/wp\/v2\/media\/5510"}],"wp:attachment":[{"href":"https:\/\/mountlaser.com\/sq\/wp-json\/wp\/v2\/media?parent=5509"}],"wp:term":[{"taxonomy":"product_brand","embeddable":true,"href":"https:\/\/mountlaser.com\/sq\/wp-json\/wp\/v2\/product_brand?post=5509"},{"taxonomy":"product_cat","embeddable":true,"href":"https:\/\/mountlaser.com\/sq\/wp-json\/wp\/v2\/product_cat?post=5509"},{"taxonomy":"product_tag","embeddable":true,"href":"https:\/\/mountlaser.com\/sq\/wp-json\/wp\/v2\/product_tag?post=5509"}],"curies":[{"name":"wp","href":"https:\/\/api.w.org\/{rel}","templated":true}]}}