{"id":5502,"date":"2025-12-08T02:55:59","date_gmt":"2025-12-08T02:55:59","guid":{"rendered":"https:\/\/mountlaser.com\/?post_type=product&#038;p=5502"},"modified":"2025-12-08T02:55:59","modified_gmt":"2025-12-08T02:55:59","slug":"bl08-bubble-level","status":"publish","type":"product","link":"https:\/\/mountlaser.com\/sq\/produkt\/bl08-bubble-level\/","title":{"rendered":"Niveli i flluskave BL08"},"content":{"rendered":"<p>I\/E\/T\u00eb\/T\u00eb <a href=\"https:\/\/mountlaser.com\/sq\/\"><strong>Niveli i flluskave BL08<\/strong><\/a> \u00ebsht\u00eb nj\u00eb komponent nivelimi me precizion t\u00eb lart\u00eb i projektuar posa\u00e7\u00ebrisht p\u00ebr instrumentet profesionale t\u00eb matjes. I nd\u00ebrtuar n\u00eb stilin amerikan TRI Dini03, ky nivel fllusk\u00eb p\u00ebrmban nj\u00eb streh\u00eb t\u00eb zez\u00eb t\u00eb q\u00ebndrueshme t\u00eb \u00e7ift\u00ebzuar me nj\u00eb shishe qendrore t\u00eb gjelb\u00ebr t\u00eb ndritshme p\u00ebr shikueshm\u00ebri t\u00eb p\u00ebrmir\u00ebsuar n\u00eb t\u00eb gjitha kushtet e terrenit. Si nj\u00eb nivel fllusk\u00eb BL08 i gjithansh\u00ebm, ai ofron performanc\u00eb t\u00eb q\u00ebndrueshme dhe sakt\u00ebsi t\u00eb besueshme kur montohet n\u00eb prizma, tribrak\u00eb ose bart\u00ebs.<\/p>\n<p><img fetchpriority=\"high\" decoding=\"async\" class=\"aligncenter wp-image-5503\" src=\"https:\/\/mountlaser.com\/wp-content\/uploads\/2025\/12\/BL081-1.webp\" alt=\"BL08 Bubble Level\" width=\"500\" height=\"500\" srcset=\"https:\/\/mountlaser.com\/wp-content\/uploads\/2025\/12\/BL081-1.webp 1000w, https:\/\/mountlaser.com\/wp-content\/uploads\/2025\/12\/BL081-1-300x300.webp 300w, https:\/\/mountlaser.com\/wp-content\/uploads\/2025\/12\/BL081-1-150x150.webp 150w, https:\/\/mountlaser.com\/wp-content\/uploads\/2025\/12\/BL081-1-768x768.webp 768w, https:\/\/mountlaser.com\/wp-content\/uploads\/2025\/12\/BL081-1-12x12.webp 12w, https:\/\/mountlaser.com\/wp-content\/uploads\/2025\/12\/BL081-1-600x600.webp 600w, https:\/\/mountlaser.com\/wp-content\/uploads\/2025\/12\/BL081-1-800x800.webp 800w, https:\/\/mountlaser.com\/wp-content\/uploads\/2025\/12\/BL081-1-400x400.webp 400w\" sizes=\"(max-width: 500px) 100vw, 500px\" \/><\/p>\n<p>I projektuar p\u00ebr t\u00eb p\u00ebrmbushur standardet strikte t\u00eb industris\u00eb, ky nivel fllusk\u00eb BL08 njihet gjithashtu gjer\u00ebsisht si nj\u00eb <a href=\"https:\/\/mountlaser.com\/sq\/kategori-produkti\/surveying-accessory\/\"><strong>Fllusk\u00eb niveli dixhitale TRI<\/strong><\/a>, duke ofruar mb\u00ebshtetje t\u00eb q\u00ebndrueshme t\u00eb nivelimit p\u00ebr stacionet totale dhe instrumente t\u00eb tjera optike. Struktura e fort\u00eb siguron jet\u00ebgjat\u00ebsi t\u00eb gjat\u00eb sh\u00ebrbimi, nd\u00ebrsa dizajni kompakt dhe jo-rrethor p\u00ebrmir\u00ebson p\u00ebrshtatshm\u00ebrin\u00eb n\u00eb mjedise t\u00eb ndryshme montimi. Profesionist\u00ebt mb\u00ebshteten n\u00eb k\u00ebt\u00eb fllusk\u00eb dixhitale t\u00eb nivelimit TRI p\u00ebr shtrirje precize, konfigurime t\u00eb q\u00ebndrueshme dhe matje t\u00eb besueshme. Me dizajnin e saj miq\u00ebsor p\u00ebr p\u00ebrdoruesit,<a href=\"https:\/\/mountlaser.com\/sq\/contact-us\/\"> Fllusk\u00eb niveli dixhitale TRI<\/a> rrit efikasitetin e rrjedh\u00ebs s\u00eb pun\u00ebs, qoft\u00eb p\u00ebr planifikimin e nd\u00ebrtimit, matjen e tok\u00ebs apo aplikimet inxhinierike.<\/p>","protected":false},"excerpt":{"rendered":"<ul>\n<li>Dukshm\u00ebri e Lart\u00eb: Flluska e gjelb\u00ebr n\u00eb qend\u00ebr ofron lexueshm\u00ebri t\u00eb shk\u00eblqyer edhe n\u00eb rrezet e forta t\u00eb diellit ose n\u00eb kushte t\u00eb drit\u00ebs s\u00eb ul\u00ebt.<\/li>\n<li>Nd\u00ebrtim i q\u00ebndruesh\u00ebm: Strehimi i p\u00ebrforcuar me ngjyr\u00eb t\u00eb zez\u00eb siguron mbrojtje t\u00eb fort\u00eb p\u00ebr p\u00ebrdorim afatgjat\u00eb n\u00eb terren.<\/li>\n<li>Nivelim preciz: Ofron shtrirje t\u00eb sakt\u00eb p\u00ebr prizmat dhe instrumentet e matjes, duke siguruar matje t\u00eb q\u00ebndrueshme dhe t\u00eb besueshme.<\/li>\n<li>Dizajn kompakt jo-rrethor: P\u00ebrmir\u00ebson p\u00ebrputhshm\u00ebrin\u00eb e instrumenteve dhe mb\u00ebshtet nj\u00eb gam\u00eb t\u00eb gjer\u00eb konfigurimesh montimi.<\/li>\n<\/ul>","protected":false},"featured_media":5504,"comment_status":"open","ping_status":"closed","template":"","meta":[],"product_brand":[],"product_cat":[79,153],"product_tag":[],"class_list":{"0":"post-5502","1":"product","2":"type-product","3":"status-publish","4":"has-post-thumbnail","6":"product_cat-surveying-accessory","7":"product_cat-bubble-for-tribrach-carrier-prism","9":"first","10":"instock","11":"shipping-taxable","12":"product-type-simple"},"_links":{"self":[{"href":"https:\/\/mountlaser.com\/sq\/wp-json\/wp\/v2\/product\/5502","targetHints":{"allow":["GET"]}}],"collection":[{"href":"https:\/\/mountlaser.com\/sq\/wp-json\/wp\/v2\/product"}],"about":[{"href":"https:\/\/mountlaser.com\/sq\/wp-json\/wp\/v2\/types\/product"}],"replies":[{"embeddable":true,"href":"https:\/\/mountlaser.com\/sq\/wp-json\/wp\/v2\/comments?post=5502"}],"wp:featuredmedia":[{"embeddable":true,"href":"https:\/\/mountlaser.com\/sq\/wp-json\/wp\/v2\/media\/5504"}],"wp:attachment":[{"href":"https:\/\/mountlaser.com\/sq\/wp-json\/wp\/v2\/media?parent=5502"}],"wp:term":[{"taxonomy":"product_brand","embeddable":true,"href":"https:\/\/mountlaser.com\/sq\/wp-json\/wp\/v2\/product_brand?post=5502"},{"taxonomy":"product_cat","embeddable":true,"href":"https:\/\/mountlaser.com\/sq\/wp-json\/wp\/v2\/product_cat?post=5502"},{"taxonomy":"product_tag","embeddable":true,"href":"https:\/\/mountlaser.com\/sq\/wp-json\/wp\/v2\/product_tag?post=5502"}],"curies":[{"name":"wp","href":"https:\/\/api.w.org\/{rel}","templated":true}]}}