{"id":5499,"date":"2025-12-08T02:00:11","date_gmt":"2025-12-08T02:00:11","guid":{"rendered":"https:\/\/mountlaser.com\/?post_type=product&#038;p=5499"},"modified":"2025-12-08T02:00:11","modified_gmt":"2025-12-08T02:00:11","slug":"bl06-digital-bubble-level","status":"publish","type":"product","link":"https:\/\/mountlaser.com\/sq\/produkt\/bl06-digital-bubble-level\/","title":{"rendered":"Niveli dixhital BL06"},"content":{"rendered":"<p>I\/E\/T\u00eb\/T\u00eb <a href=\"https:\/\/mountlaser.com\/sq\/kategori-produkti\/surveying-accessory\/\"><strong>Niveli dixhital BL06<\/strong><\/a> \u00ebsht\u00eb nj\u00eb shishk\u00eb rrethore me precizion t\u00eb lart\u00eb e projektuar p\u00ebr aplikime profesionale t\u00eb matjes. I projektuar n\u00eb nj\u00eb streh\u00eb n\u00eb stilin zviceran, ky nivel dixhital me flluska ofron performanc\u00eb t\u00eb nivelimit t\u00eb qet\u00eb dhe ultra t\u00eb sakt\u00eb p\u00ebr instrumente t\u00eb tilla si tribrak\u00eb, bart\u00ebs dhe prizma. Nd\u00ebrtimi t\u00ebr\u00ebsisht prej argjendi siguron q\u00ebndrueshm\u00ebri t\u00eb shk\u00eblqyer, nd\u00ebrsa dizajni i plot\u00eb i rrumbullak\u00ebt ofron ndjeshm\u00ebri t\u00eb q\u00ebndrueshme n\u00eb t\u00eb gjitha drejtimet.<\/p>\n<p><img fetchpriority=\"high\" decoding=\"async\" class=\"aligncenter wp-image-5500\" src=\"https:\/\/mountlaser.com\/wp-content\/uploads\/2025\/12\/01.webp\" alt=\"BL06 Digital bubble level\" width=\"500\" height=\"500\" srcset=\"https:\/\/mountlaser.com\/wp-content\/uploads\/2025\/12\/01.webp 1000w, https:\/\/mountlaser.com\/wp-content\/uploads\/2025\/12\/01-300x300.webp 300w, https:\/\/mountlaser.com\/wp-content\/uploads\/2025\/12\/01-150x150.webp 150w, https:\/\/mountlaser.com\/wp-content\/uploads\/2025\/12\/01-768x768.webp 768w, https:\/\/mountlaser.com\/wp-content\/uploads\/2025\/12\/01-12x12.webp 12w, https:\/\/mountlaser.com\/wp-content\/uploads\/2025\/12\/01-600x600.webp 600w, https:\/\/mountlaser.com\/wp-content\/uploads\/2025\/12\/01-800x800.webp 800w, https:\/\/mountlaser.com\/wp-content\/uploads\/2025\/12\/01-400x400.webp 400w\" sizes=\"(max-width: 500px) 100vw, 500px\" \/><\/p>\n<p>Si nj\u00eb nivel dixhital BL06, ai ofron sakt\u00ebsi t\u00eb q\u00ebndrueshme dhe t\u00eb p\u00ebrs\u00ebritshme n\u00eb t\u00eb cil\u00ebn mat\u00ebsit e terrenit mund t\u00eb mb\u00ebshteten gjat\u00eb konfigurimit t\u00eb instrumenteve. Nd\u00ebrtimi i fuqish\u00ebm dhe kalibrimi i sakt\u00eb i flakonit e b\u00ebjn\u00eb k\u00ebt\u00eb nivel dixhital t\u00eb p\u00ebrshtatsh\u00ebm p\u00ebr stacionet totale, konfigurimet GNSS, nivelat automatike dhe instrumente t\u00eb tjera precize q\u00eb k\u00ebrkojn\u00eb shtrirje horizontale t\u00eb besueshme. Qoft\u00eb i p\u00ebrdorur si komponent z\u00ebvend\u00ebsues apo i integruar n\u00eb pajisje t\u00eb reja, ky <!--StartFragment --><a href=\"https:\/\/mountlaser.com\/sq\/about-us\/\"><strong><span class=\"cf0\">Nivel flluskash precize<\/span><\/strong><\/a><!--EndFragment -->\u00a0siguron besueshm\u00ebrin\u00eb e matjes edhe n\u00eb mjedise t\u00eb v\u00ebshtira n\u00eb terren.<\/p>","protected":false},"excerpt":{"rendered":"<ul>\n<li>Shishja rrethore me sakt\u00ebsi t\u00eb lart\u00eb siguron nivelim t\u00eb sakt\u00eb dhe t\u00eb q\u00ebndruesh\u00ebm p\u00ebr instrumentet e matjes.<\/li>\n<li>Strehimi i plot\u00eb prej argjendi siguron q\u00ebndrueshm\u00ebri dhe rezistenc\u00eb t\u00eb shk\u00eblqyer ndaj kushteve t\u00eb fush\u00ebs.<\/li>\n<li>Dizajni i plot\u00eb me flluska t\u00eb rrumbullak\u00ebta p\u00ebrmir\u00ebson ndjeshm\u00ebrin\u00eb dhe aft\u00ebsin\u00eb e nivelimit shum\u00ebdrejtim\u00ebsh.<\/li>\n<li>I pajtuesh\u00ebm me tribrak\u00eb, bart\u00ebs, prizma dhe sisteme optike\/automatike niveli.<\/li>\n<li>Nd\u00ebrtimi preciz n\u00eb stilin zviceran siguron stabilitet afatgjat\u00eb dhe shtrirje t\u00eb besueshme t\u00eb instrumenteve.<\/li>\n<\/ul>","protected":false},"featured_media":5500,"comment_status":"open","ping_status":"closed","template":"","meta":[],"product_brand":[],"product_cat":[79,153],"product_tag":[],"class_list":{"0":"post-5499","1":"product","2":"type-product","3":"status-publish","4":"has-post-thumbnail","6":"product_cat-surveying-accessory","7":"product_cat-bubble-for-tribrach-carrier-prism","9":"first","10":"instock","11":"shipping-taxable","12":"product-type-simple"},"_links":{"self":[{"href":"https:\/\/mountlaser.com\/sq\/wp-json\/wp\/v2\/product\/5499","targetHints":{"allow":["GET"]}}],"collection":[{"href":"https:\/\/mountlaser.com\/sq\/wp-json\/wp\/v2\/product"}],"about":[{"href":"https:\/\/mountlaser.com\/sq\/wp-json\/wp\/v2\/types\/product"}],"replies":[{"embeddable":true,"href":"https:\/\/mountlaser.com\/sq\/wp-json\/wp\/v2\/comments?post=5499"}],"wp:featuredmedia":[{"embeddable":true,"href":"https:\/\/mountlaser.com\/sq\/wp-json\/wp\/v2\/media\/5500"}],"wp:attachment":[{"href":"https:\/\/mountlaser.com\/sq\/wp-json\/wp\/v2\/media?parent=5499"}],"wp:term":[{"taxonomy":"product_brand","embeddable":true,"href":"https:\/\/mountlaser.com\/sq\/wp-json\/wp\/v2\/product_brand?post=5499"},{"taxonomy":"product_cat","embeddable":true,"href":"https:\/\/mountlaser.com\/sq\/wp-json\/wp\/v2\/product_cat?post=5499"},{"taxonomy":"product_tag","embeddable":true,"href":"https:\/\/mountlaser.com\/sq\/wp-json\/wp\/v2\/product_tag?post=5499"}],"curies":[{"name":"wp","href":"https:\/\/api.w.org\/{rel}","templated":true}]}}