{"id":5492,"date":"2025-12-08T01:21:19","date_gmt":"2025-12-08T01:21:19","guid":{"rendered":"https:\/\/mountlaser.com\/?post_type=product&#038;p=5492"},"modified":"2025-12-08T01:21:19","modified_gmt":"2025-12-08T01:21:19","slug":"bl03-bubble-for-auto-level","status":"publish","type":"product","link":"https:\/\/mountlaser.com\/sq\/produkt\/bl03-bubble-for-auto-level\/","title":{"rendered":"BL03 Fllusk\u00eb p\u00ebr Nivelim Automatik"},"content":{"rendered":"<p>I\/E\/T\u00eb\/T\u00eb <a href=\"https:\/\/mountlaser.com\/sq\/kategori-produkti\/surveying-accessory\/\"><strong>Fllusk\u00eb BL03 p\u00ebr nivelim automatik<\/strong><\/a> \u00ebsht\u00eb nj\u00eb komponent nivelimi i projektuar me precizion t\u00eb lart\u00eb, i projektuar posa\u00e7\u00ebrisht p\u00ebr instrumente optike me sakt\u00ebsi t\u00eb lart\u00eb. I prodhuar n\u00eb nj\u00eb dizajn n\u00eb stilin zviceran, flluska BL03 p\u00ebr nivelim automatik ofron stabilitet dhe besueshm\u00ebri t\u00eb jasht\u00ebzakonshme p\u00ebr aplikime t\u00eb k\u00ebrkuara n\u00eb terren. Nd\u00ebrtimi i saj i q\u00ebndruesh\u00ebm, plot\u00ebsisht argjendi, rrit jet\u00ebgjat\u00ebsin\u00eb duke ruajtur shikueshm\u00ebri t\u00eb shk\u00eblqyer n\u00eb kushte t\u00eb ndryshme ndri\u00e7imi. I pajtuesh\u00ebm me instrumentet e tipit NA2, ky <a href=\"https:\/\/mountlaser.com\/sq\/products\/\"><strong>Fllusk\u00eb automatike niveli NA2<\/strong><\/a> Ofron performanc\u00eb t\u00eb qet\u00eb dhe t\u00eb sakt\u00eb t\u00eb nivelimit p\u00ebr topograf\u00ebt q\u00eb k\u00ebrkojn\u00eb sakt\u00ebsi t\u00eb vazhdueshme.<\/p>\n<p><img fetchpriority=\"high\" decoding=\"async\" class=\"aligncenter wp-image-5494\" src=\"https:\/\/mountlaser.com\/wp-content\/uploads\/2025\/12\/BL032.webp\" alt=\"BL03 bubble for auto level\" width=\"500\" height=\"500\" srcset=\"https:\/\/mountlaser.com\/wp-content\/uploads\/2025\/12\/BL032.webp 1000w, https:\/\/mountlaser.com\/wp-content\/uploads\/2025\/12\/BL032-300x300.webp 300w, https:\/\/mountlaser.com\/wp-content\/uploads\/2025\/12\/BL032-150x150.webp 150w, https:\/\/mountlaser.com\/wp-content\/uploads\/2025\/12\/BL032-768x768.webp 768w, https:\/\/mountlaser.com\/wp-content\/uploads\/2025\/12\/BL032-12x12.webp 12w, https:\/\/mountlaser.com\/wp-content\/uploads\/2025\/12\/BL032-600x600.webp 600w, https:\/\/mountlaser.com\/wp-content\/uploads\/2025\/12\/BL032-800x800.webp 800w, https:\/\/mountlaser.com\/wp-content\/uploads\/2025\/12\/BL032-400x400.webp 400w\" sizes=\"(max-width: 500px) 100vw, 500px\" \/><\/p>\n<p>I projektuar p\u00ebr integrim t\u00eb p\u00ebrsosur, flluska automatike e nivelimit NA2 siguron shtrirjen e duhur dhe mb\u00ebshtet sakt\u00ebsi t\u00eb q\u00ebndrueshme matjeje. Flluska automatike e nivelimit NA2 p\u00ebrmir\u00ebson performanc\u00ebn e instrumentit tuaj t\u00eb nivelimit duke p\u00ebrmir\u00ebsuar shpejt\u00ebsin\u00eb e konfigurimit dhe duke zvog\u00ebluar gabimet e nivelimit. Me struktur\u00ebn e saj t\u00eb rafinuar, <a href=\"https:\/\/mountlaser.com\/sq\/\">Fllusk\u00eb BL03 p\u00ebr nivelim automatik<\/a> \u00ebsht\u00eb nj\u00eb komponent i besuesh\u00ebm si p\u00ebr z\u00ebvend\u00ebsimin ashtu edhe p\u00ebr mir\u00ebmbajtjen e instrumenteve.<\/p>","protected":false},"excerpt":{"rendered":"<ul>\n<li>Inxhinieria n\u00eb stilin zviceran siguron sakt\u00ebsi t\u00eb jasht\u00ebzakonshme dhe performanc\u00eb t\u00eb q\u00ebndrueshme t\u00eb nivelimit.<\/li>\n<li>Strehimi i q\u00ebndruesh\u00ebm prej argjendi t\u00eb plot\u00eb siguron rezistenc\u00eb t\u00eb shtuar ndaj goditjeve, korrozionit dhe konsumimit.<\/li>\n<li>Dhoma e flluskave me ndjeshm\u00ebri t\u00eb lart\u00eb mund\u00ebson nivelim m\u00eb t\u00eb shpejt\u00eb dhe besueshm\u00ebri t\u00eb p\u00ebrmir\u00ebsuar t\u00eb matjes.<\/li>\n<li>I pajtuesh\u00ebm me nivelet automatike NA2 p\u00ebr z\u00ebvend\u00ebsim t\u00eb leht\u00eb dhe jet\u00ebgjat\u00ebsi t\u00eb zgjatur t\u00eb instrumentit.<\/li>\n<li>I optimizuar p\u00ebr matje profesionale, duke ofruar rezultate t\u00eb q\u00ebndrueshme n\u00eb nd\u00ebrtim, hart\u00ebzim dhe aplikime inxhinierike.<\/li>\n<\/ul>","protected":false},"featured_media":5493,"comment_status":"open","ping_status":"closed","template":"","meta":[],"product_brand":[],"product_cat":[79,153],"product_tag":[],"class_list":{"0":"post-5492","1":"product","2":"type-product","3":"status-publish","4":"has-post-thumbnail","6":"product_cat-surveying-accessory","7":"product_cat-bubble-for-tribrach-carrier-prism","9":"first","10":"instock","11":"shipping-taxable","12":"product-type-simple"},"_links":{"self":[{"href":"https:\/\/mountlaser.com\/sq\/wp-json\/wp\/v2\/product\/5492","targetHints":{"allow":["GET"]}}],"collection":[{"href":"https:\/\/mountlaser.com\/sq\/wp-json\/wp\/v2\/product"}],"about":[{"href":"https:\/\/mountlaser.com\/sq\/wp-json\/wp\/v2\/types\/product"}],"replies":[{"embeddable":true,"href":"https:\/\/mountlaser.com\/sq\/wp-json\/wp\/v2\/comments?post=5492"}],"wp:featuredmedia":[{"embeddable":true,"href":"https:\/\/mountlaser.com\/sq\/wp-json\/wp\/v2\/media\/5493"}],"wp:attachment":[{"href":"https:\/\/mountlaser.com\/sq\/wp-json\/wp\/v2\/media?parent=5492"}],"wp:term":[{"taxonomy":"product_brand","embeddable":true,"href":"https:\/\/mountlaser.com\/sq\/wp-json\/wp\/v2\/product_brand?post=5492"},{"taxonomy":"product_cat","embeddable":true,"href":"https:\/\/mountlaser.com\/sq\/wp-json\/wp\/v2\/product_cat?post=5492"},{"taxonomy":"product_tag","embeddable":true,"href":"https:\/\/mountlaser.com\/sq\/wp-json\/wp\/v2\/product_tag?post=5492"}],"curies":[{"name":"wp","href":"https:\/\/api.w.org\/{rel}","templated":true}]}}