{"id":5478,"date":"2025-12-05T09:17:47","date_gmt":"2025-12-05T09:17:47","guid":{"rendered":"https:\/\/mountlaser.com\/?post_type=product&#038;p=5478"},"modified":"2025-12-11T09:26:00","modified_gmt":"2025-12-11T09:26:00","slug":"de-2b-series-theodolite","status":"publish","type":"product","link":"https:\/\/mountlaser.com\/sq\/produkt\/de-2b-series-theodolite\/","title":{"rendered":"Teodoliti i Seris\u00eb DE-2B"},"content":{"rendered":"<p>Seria DE-2B ofron nj\u00eb zgjidhje t\u00eb personalizuar p\u00ebr shtrirjen precize dhe matjen e k\u00ebndit. N\u00ebse ju nevojitet besueshm\u00ebria themelore e nj\u00eb modeli optik apo drejtimi i p\u00ebrparuar dhe shum\u00eb i duksh\u00ebm i nj\u00eb lazeri jeshil <a href=\"https:\/\/mountlaser.com\/sq\/\"><strong>Teodolit Elektronik DE-2B<\/strong><\/a><\/p>\n<p>Zgjidhni nga nj\u00eb gam\u00eb modelesh q\u00eb dallohen p\u00ebr strehimin e tyre me ngjyra t\u00eb forta dhe konfigurimet e p\u00ebrparuara t\u00eb treguesit me lazer, t\u00eb gjitha t\u00eb nd\u00ebrtuara mbi nj\u00eb themel t\u00eb performanc\u00ebs s\u00eb fort\u00eb optike dhe elektronike.<\/p>\n<p><img fetchpriority=\"high\" decoding=\"async\" class=\"aligncenter wp-image-5479\" src=\"https:\/\/mountlaser.com\/wp-content\/uploads\/2025\/12\/DE-2ALG1_\u526f\u672c.webp\" alt=\"Electronic Theodolite DE-2B\" width=\"500\" height=\"500\" srcset=\"https:\/\/mountlaser.com\/wp-content\/uploads\/2025\/12\/DE-2ALG1_\u526f\u672c.webp 1000w, https:\/\/mountlaser.com\/wp-content\/uploads\/2025\/12\/DE-2ALG1_\u526f\u672c-300x300.webp 300w, https:\/\/mountlaser.com\/wp-content\/uploads\/2025\/12\/DE-2ALG1_\u526f\u672c-150x150.webp 150w, https:\/\/mountlaser.com\/wp-content\/uploads\/2025\/12\/DE-2ALG1_\u526f\u672c-768x768.webp 768w, https:\/\/mountlaser.com\/wp-content\/uploads\/2025\/12\/DE-2ALG1_\u526f\u672c-12x12.webp 12w, https:\/\/mountlaser.com\/wp-content\/uploads\/2025\/12\/DE-2ALG1_\u526f\u672c-600x600.webp 600w, https:\/\/mountlaser.com\/wp-content\/uploads\/2025\/12\/DE-2ALG1_\u526f\u672c-800x800.webp 800w, https:\/\/mountlaser.com\/wp-content\/uploads\/2025\/12\/DE-2ALG1_\u526f\u672c-400x400.webp 400w\" sizes=\"(max-width: 500px) 100vw, 500px\" \/><\/p>\n<p><strong>Teodolit\u00eb t\u00eb Seris\u00eb DE-2B OSE Teodoliti Elektronik DE-2B<\/strong><br \/>\nTeodolit DE-2BR, mbules\u00eb e kuqe, lazer i kuq i posht\u00ebm, optik i sip\u00ebrm<br \/>\nTeodolit DE-2BY, mbules\u00eb e verdh\u00eb, lazer i kuq i posht\u00ebm, optik i sip\u00ebrm<br \/>\nTeodolit DE-2BG, mbules\u00eb jeshile, lazer i kuq i posht\u00ebm, optik i sip\u00ebrm<br \/>\nTeodolit DEL-2BG, mb\u00ebshtjell\u00ebs jeshil, lazer i kuq i posht\u00ebm, lazer i kuq i sip\u00ebrm<br \/>\nTeodolit DEL-2BR, mb\u00ebshtjell\u00ebs i kuq, lazer i kuq i posht\u00ebm, lazer i kuq i sip\u00ebrm<br \/>\nTeodolit DEL-2BY, mb\u00ebshtjell\u00ebs i verdh\u00eb, lazer i kuq i posht\u00ebm, lazer i kuq i sip\u00ebrm<br \/>\nTeodolit DEL-2BGG, mbules\u00eb jeshile, lazer i kuq i posht\u00ebm, lazer jeshil i sip\u00ebrm<br \/>\nTeodolit DEL-2BRG, mb\u00ebshtjell\u00ebs i kuq, lazer i kuq i posht\u00ebm, lazer jeshil i sip\u00ebrm<br \/>\nTeodolit DEL-2BYG, mbules\u00eb e verdh\u00eb, lazer i kuq i posht\u00ebm, lazer jeshil i sip\u00ebrm<\/p>\n<p><strong><a href=\"https:\/\/mountlaser.com\/sq\/\">Teodolit\u00ebt e Seris\u00eb DE-2B<\/a> Specifikimet<\/strong><\/p>\n<table style=\"border-collapse: collapse; width: 847px; height: 948px;\" border=\"0\" width=\"792\" cellspacing=\"0\" cellpadding=\"0\">\n<tbody>\n<tr style=\"height: 13.50pt;\">\n<td class=\"et2\" style=\"height: 13.50pt; width: 230.25pt;\" colspan=\"2\" width=\"307\" height=\"18\">Modeli Nr.<\/td>\n<td class=\"et3\" style=\"width: 117.00pt;\" width=\"156\">DE-2BR\/2BY\/2BG<\/td>\n<td class=\"et3\" style=\"width: 117.00pt;\" width=\"156\">DEL-2BR\/2BY\/2BG<\/td>\n<td class=\"et3\" style=\"width: 129.75pt;\" width=\"173\">DEL-2BRG\/2BYG\/2BGG<\/td>\n<\/tr>\n<tr style=\"height: 13.50pt;\">\n<td class=\"et3\" style=\"height: 13.50pt;\" height=\"18\">Tribrak<\/td>\n<td class=\"et3\">Model<\/td>\n<td class=\"et3\">I shk\u00ebputsh\u00ebm<\/td>\n<td class=\"et3\">I shk\u00ebputsh\u00ebm<\/td>\n<td class=\"et3\">I shk\u00ebputsh\u00ebm<\/td>\n<\/tr>\n<tr style=\"height: 13.50pt;\">\n<td class=\"et2\" style=\"height: 108.00pt;\" rowspan=\"8\" height=\"144\">Teleskop<\/td>\n<td class=\"et3\">Imazheri<\/td>\n<td class=\"et3\">Ngrit<\/td>\n<td class=\"et3\">Ngrit<\/td>\n<td class=\"et3\">Ngrit<\/td>\n<\/tr>\n<tr style=\"height: 13.50pt;\">\n<td class=\"et3\">Zmadhimi<\/td>\n<td class=\"et3\">30X<\/td>\n<td class=\"et3\">30X<\/td>\n<td class=\"et3\">30X<\/td>\n<\/tr>\n<tr style=\"height: 13.50pt;\">\n<td class=\"et3\">Apertura Objektive<\/td>\n<td class=\"et3\">45 mm<\/td>\n<td class=\"et3\">45 mm<\/td>\n<td class=\"et3\">45 mm<\/td>\n<\/tr>\n<tr style=\"height: 13.50pt;\">\n<td class=\"et3\">Rezolucioni<\/td>\n<td class=\"et3\">3\u2033<\/td>\n<td class=\"et3\">3\u2033<\/td>\n<td class=\"et3\">3\u2033<\/td>\n<\/tr>\n<tr style=\"height: 13.50pt;\">\n<td class=\"et3\">KP<\/td>\n<td class=\"et3\">1\u00b030\u2032<\/td>\n<td class=\"et3\">1\u00b030\u2032<\/td>\n<td class=\"et3\">1\u00b030\u2032<\/td>\n<\/tr>\n<tr style=\"height: 13.50pt;\">\n<td class=\"et3\">Fokus minimal<\/td>\n<td class=\"et3\">1.35 m<\/td>\n<td class=\"et3\">1.35 m<\/td>\n<td class=\"et3\">1.35 m<\/td>\n<\/tr>\n<tr style=\"height: 13.50pt;\">\n<td class=\"et3\">Konstantja e Shum\u00ebzimit\/Shtojc\u00ebs<\/td>\n<td class=\"et3\">100\/ 0<\/td>\n<td class=\"et3\">100\/ 0<\/td>\n<td class=\"et3\">100\/ 0<\/td>\n<\/tr>\n<tr style=\"height: 13.50pt;\">\n<td class=\"et3\">Gjat\u00ebsia<\/td>\n<td class=\"et3\">155 mm<\/td>\n<td class=\"et3\">155 mm<\/td>\n<td class=\"et3\">155 mm<\/td>\n<\/tr>\n<tr style=\"height: 13.50pt;\">\n<td class=\"et2\" style=\"height: 67.50pt;\" rowspan=\"5\" height=\"90\">Matja e k\u00ebndit<\/td>\n<td class=\"et3\">Modaliteti i matjes<\/td>\n<td class=\"et3\">Enkoder Absolut<\/td>\n<td class=\"et3\">Enkoder Absolut<\/td>\n<td class=\"et3\">Enkoder Absolut<\/td>\n<\/tr>\n<tr style=\"height: 13.50pt;\">\n<td class=\"et3\">Lexim minimal<\/td>\n<td class=\"et3\">1\u2033\/ 5\u2033<\/td>\n<td class=\"et3\">1\u2033\/ 5\u2033<\/td>\n<td class=\"et3\">1\u2033\/ 5\u2033<\/td>\n<\/tr>\n<tr style=\"height: 13.50pt;\">\n<td class=\"et3\">Sakt\u00ebsia e Leximit<\/td>\n<td class=\"et3\">2\u2033\/ 5\u2033\/ 10\u2033<\/td>\n<td class=\"et3\">2\u2033\/ 5\u2033\/ 10\u2033<\/td>\n<td class=\"et3\">2\u2033\/ 5\u2033\/ 10\u2033<\/td>\n<\/tr>\n<tr style=\"height: 13.50pt;\">\n<td class=\"et3\">Diametri i rrethit<\/td>\n<td class=\"et3\">79 mm<\/td>\n<td class=\"et3\">79 mm<\/td>\n<td class=\"et3\">79 mm<\/td>\n<\/tr>\n<tr style=\"height: 13.50pt;\">\n<td class=\"et3\">Nj\u00ebsit\u00eb e k\u00ebndit<\/td>\n<td class=\"et3\">360\u00b0\/ 400gon\/ 6400mil<\/td>\n<td class=\"et3\">360\u00b0\/ 400gon\/ 6400mil<\/td>\n<td class=\"et3\">360\u00b0\/ 400gon\/ 6400mil<\/td>\n<\/tr>\n<tr style=\"height: 13.50pt;\">\n<td class=\"et2\" style=\"height: 27.00pt;\" rowspan=\"2\" height=\"36\">Kompensator<\/td>\n<td class=\"et3\">Sensori i pjerr\u00ebsis\u00eb<\/td>\n<td class=\"et3\">Po<\/td>\n<td class=\"et3\">Po<\/td>\n<td class=\"et3\">Po<\/td>\n<\/tr>\n<tr style=\"height: 13.50pt;\">\n<td class=\"et3\">Diapazoni<\/td>\n<td class=\"et3\">\u00b13\u2032<\/td>\n<td class=\"et3\">\u00b13\u2032<\/td>\n<td class=\"et3\">\u00b13\u2032<\/td>\n<\/tr>\n<tr style=\"height: 13.50pt;\">\n<td class=\"et2\" style=\"height: 54.00pt;\" rowspan=\"4\" height=\"72\">Lazer Plummet<\/td>\n<td class=\"et3\">Gjat\u00ebsia e val\u00ebs<\/td>\n<td class=\"et3\">Rreze e Kuqe 635nm<\/td>\n<td class=\"et3\">Rreze e Kuqe 635nm<\/td>\n<td class=\"et3\">Rreze e Kuqe 635nm<\/td>\n<\/tr>\n<tr style=\"height: 13.50pt;\">\n<td class=\"et3\">Fuqia<\/td>\n<td class=\"et3\">1mW<\/td>\n<td class=\"et3\">1mW<\/td>\n<td class=\"et3\">1mW<\/td>\n<\/tr>\n<tr style=\"height: 13.50pt;\">\n<td class=\"et3\">Sakt\u00ebsia (1.5 m)<\/td>\n<td class=\"et3\">\u00b10.5 mm<\/td>\n<td class=\"et3\">\u00b10.5 mm<\/td>\n<td class=\"et3\">\u00b10.5 mm<\/td>\n<\/tr>\n<tr style=\"height: 13.50pt;\">\n<td class=\"et3\">Shkalla e lazerit<\/td>\n<td class=\"et3\">Klasa<span class=\"font6\">\u2161<\/span><\/td>\n<td class=\"et3\">Klasa<span class=\"font6\">\u2161<\/span><\/td>\n<td class=\"et3\">Klasa<span class=\"font6\">\u2161<\/span><\/td>\n<\/tr>\n<tr style=\"height: 13.50pt;\">\n<td class=\"et2\" style=\"height: 40.50pt;\" rowspan=\"3\" height=\"54\">R\u00ebnie optike (opsionale)<\/td>\n<td class=\"et3\">Zmadhimi<\/td>\n<td class=\"et3\">3x<\/td>\n<td class=\"et3\">3x<\/td>\n<td class=\"et3\">3x<\/td>\n<\/tr>\n<tr style=\"height: 13.50pt;\">\n<td class=\"et3\">Fusha e Pamjes<\/td>\n<td class=\"et3\">5\u00b0<\/td>\n<td class=\"et3\">5\u00b0<\/td>\n<td class=\"et3\">5\u00b0<\/td>\n<\/tr>\n<tr style=\"height: 13.50pt;\">\n<td class=\"et3\">Diapazoni i fokusit<\/td>\n<td class=\"et3\">0.5 m\u2014<span class=\"font6\">\u221e<\/span><\/td>\n<td class=\"et3\">0.5 m\u2014<span class=\"font6\">\u221e<\/span><\/td>\n<td class=\"et3\">0.5 m\u2014<span class=\"font6\">\u221e<\/span><\/td>\n<\/tr>\n<tr style=\"height: 13.50pt;\">\n<td class=\"et2\" style=\"height: 67.50pt;\" rowspan=\"5\" height=\"90\">Tregues lazeri<\/td>\n<td class=\"et3\">Gjat\u00ebsia e val\u00ebs<\/td>\n<td class=\"et3\">\/<\/td>\n<td class=\"et3\">635nm e kuqe<\/td>\n<td class=\"et3\">520nm jeshile<\/td>\n<\/tr>\n<tr style=\"height: 13.50pt;\">\n<td class=\"et3\">Fuqia<\/td>\n<td class=\"et3\">\/<\/td>\n<td class=\"et3\">5mW<\/td>\n<td class=\"et3\">5mW<\/td>\n<\/tr>\n<tr style=\"height: 13.50pt;\">\n<td class=\"et3\">Diapazoni i lazerit (gjat\u00eb dit\u00ebs)<\/td>\n<td class=\"et3\">\/<\/td>\n<td class=\"et3\">180 m<\/td>\n<td class=\"et3\">250 m<\/td>\n<\/tr>\n<tr style=\"height: 13.50pt;\">\n<td class=\"et3\">Sakt\u00ebsia Koaksiale e Lazerit<\/td>\n<td class=\"et3\">\/<\/td>\n<td class=\"et4\">\u2264<span class=\"font7\">5\u2033<\/span><\/td>\n<td class=\"et5\">\u2264<span class=\"font1\">5\u2033<\/span><\/td>\n<\/tr>\n<tr style=\"height: 13.50pt;\">\n<td class=\"et3\">Diametri i pik\u00ebs s\u00eb lazerit<\/td>\n<td class=\"et3\">\/<\/td>\n<td class=\"et6\">\u2264<span class=\"font8\">2 mm\/100 m<\/span><\/td>\n<td class=\"et6\">\u2264<span class=\"font8\">2 mm\/ 100 m<\/span><\/td>\n<\/tr>\n<tr style=\"height: 13.50pt;\">\n<td class=\"et2\" style=\"height: 27.00pt;\" rowspan=\"2\" height=\"36\">Shishe<\/td>\n<td class=\"et3\">Shishe pllake<\/td>\n<td class=\"et3\">30\u2033\/ 2 mm<\/td>\n<td class=\"et3\">30\u2033\/ 2 mm<\/td>\n<td class=\"et3\">30\u2033\/ 2 mm<\/td>\n<\/tr>\n<tr style=\"height: 13.50pt;\">\n<td class=\"et3\">Shishe rrethore<\/td>\n<td class=\"et3\">8&#039;\/ 2 mm<\/td>\n<td class=\"et3\">8&#039;\/ 2 mm<\/td>\n<td class=\"et3\">8&#039;\/ 2 mm<\/td>\n<\/tr>\n<tr style=\"height: 13.50pt;\">\n<td class=\"et3\" style=\"height: 13.50pt;\" height=\"18\">Shfaq<\/td>\n<td class=\"et3\">Fytyr\u00eb e dyfisht\u00eb<\/td>\n<td class=\"et3\">Drit\u00eb prapa LED<\/td>\n<td class=\"et3\">Drit\u00eb prapa LED<\/td>\n<td class=\"et3\">Drit\u00eb prapa LED<\/td>\n<\/tr>\n<tr style=\"height: 13.50pt;\">\n<td class=\"et2\" style=\"height: 27.00pt;\" rowspan=\"2\" height=\"36\">Fuqia<\/td>\n<td class=\"et3\">Burim Energjie<\/td>\n<td class=\"et7\">Bateri Li-ion 7.4V 1650mAh<\/td>\n<td class=\"et7\">Bateri Li-ion 7.4V 1650mAh<\/td>\n<td class=\"et7\">Bateri Li-ion 7.4V 1650mAh<\/td>\n<\/tr>\n<tr style=\"height: 13.50pt;\">\n<td class=\"et3\">Temperatura e pun\u00ebs<\/td>\n<td class=\"et3\">-20<span class=\"font3\">\u2103\uff5e<\/span><span class=\"font1\">+50<\/span><span class=\"font3\">\u2103<\/span><\/td>\n<td class=\"et3\">-20<span class=\"font3\">\u2103\uff5e<\/span><span class=\"font1\">+50<\/span><span class=\"font3\">\u2103<\/span><\/td>\n<td class=\"et3\">-20<span class=\"font3\">\u2103\uff5e<\/span><span class=\"font1\">+50<\/span><span class=\"font3\">\u2103<\/span><\/td>\n<\/tr>\n<\/tbody>\n<\/table>","protected":false},"excerpt":{"rendered":"<ul>\n<li>I nd\u00ebrtuar p\u00ebr sakt\u00ebsi dhe q\u00ebndrueshm\u00ebri, \u00e7do model DE-2B me teodolit optik lazer dhe elektronik ndan k\u00ebto specifikime profesionale:<\/li>\n<li>Matje me precizion t\u00eb lart\u00eb: P\u00ebrmban nj\u00eb enkoder absolut<\/li>\n<li>Sistem optik i fuqish\u00ebm: Nj\u00eb teleskop me imazh t\u00eb drejt\u00eb me zmadhim 30x dhe nj\u00eb hapje objektivi 45 mm ofron nj\u00eb pamje t\u00eb qart\u00eb<\/li>\n<\/ul>","protected":false},"featured_media":5480,"comment_status":"open","ping_status":"closed","template":"","meta":[],"product_brand":[],"product_cat":[144,95],"product_tag":[],"class_list":{"0":"post-5478","1":"product","2":"type-product","3":"status-publish","4":"has-post-thumbnail","6":"product_cat-theodoliteagent-sales","7":"product_cat-agent-sales","9":"first","10":"instock","11":"shipping-taxable","12":"product-type-simple"},"_links":{"self":[{"href":"https:\/\/mountlaser.com\/sq\/wp-json\/wp\/v2\/product\/5478","targetHints":{"allow":["GET"]}}],"collection":[{"href":"https:\/\/mountlaser.com\/sq\/wp-json\/wp\/v2\/product"}],"about":[{"href":"https:\/\/mountlaser.com\/sq\/wp-json\/wp\/v2\/types\/product"}],"replies":[{"embeddable":true,"href":"https:\/\/mountlaser.com\/sq\/wp-json\/wp\/v2\/comments?post=5478"}],"wp:featuredmedia":[{"embeddable":true,"href":"https:\/\/mountlaser.com\/sq\/wp-json\/wp\/v2\/media\/5480"}],"wp:attachment":[{"href":"https:\/\/mountlaser.com\/sq\/wp-json\/wp\/v2\/media?parent=5478"}],"wp:term":[{"taxonomy":"product_brand","embeddable":true,"href":"https:\/\/mountlaser.com\/sq\/wp-json\/wp\/v2\/product_brand?post=5478"},{"taxonomy":"product_cat","embeddable":true,"href":"https:\/\/mountlaser.com\/sq\/wp-json\/wp\/v2\/product_cat?post=5478"},{"taxonomy":"product_tag","embeddable":true,"href":"https:\/\/mountlaser.com\/sq\/wp-json\/wp\/v2\/product_tag?post=5478"}],"curies":[{"name":"wp","href":"https:\/\/api.w.org\/{rel}","templated":true}]}}