{"id":5477,"date":"2025-12-05T08:56:49","date_gmt":"2025-12-05T08:56:49","guid":{"rendered":"https:\/\/mountlaser.com\/?post_type=product&#038;p=5477"},"modified":"2025-12-05T08:56:49","modified_gmt":"2025-12-05T08:56:49","slug":"gli115-bubble-for-prism","status":"publish","type":"product","link":"https:\/\/mountlaser.com\/sq\/produkt\/gli115-bubble-for-prism\/","title":{"rendered":"GLI115 Fllusk\u00eb p\u00ebr Prizm\u00eb"},"content":{"rendered":"<p>I\/E\/T\u00eb\/T\u00eb <a href=\"https:\/\/mountlaser.com\/sq\/\"><strong data-start=\"210\" data-end=\"237\">GLI115 Fllusk\u00eb p\u00ebr Prizm\u00eb<\/strong><\/a> \u00ebsht\u00eb nj\u00eb nivel preciz me kap\u00ebse i projektuar p\u00ebr shtylla mini reflektore, duke ofruar shtrirje t\u00eb shpejt\u00eb dhe t\u00eb besueshme n\u00eb detyrat profesionale t\u00eb matjes. I projektuar nga plastik\u00eb e q\u00ebndrueshme n\u00eb stilin zviceran, ky GLI115 Bubble for Prism ofron stabilitet t\u00eb shk\u00eblqyer nd\u00ebrsa mbetet i leht\u00eb dhe i leht\u00eb p\u00ebr t&#039;u montuar. Si nj\u00eb nivel me dukshm\u00ebri t\u00eb lart\u00eb <a href=\"https:\/\/mountlaser.com\/sq\/kategori-produkti\/surveying-accessory\/\"><strong data-start=\"548\" data-end=\"590\">fllusk\u00eb plastike p\u00ebr shuf\u00ebr mini reflektori<\/strong><\/a>, siguron q\u00eb topograf\u00ebt t\u00eb arrijn\u00eb sakt\u00ebsi vertikale t\u00eb q\u00ebndrueshme edhe n\u00eb kushte t\u00eb v\u00ebshtira n\u00eb terren.<\/p>\n<p><img fetchpriority=\"high\" decoding=\"async\" class=\"aligncenter wp-image-5490\" src=\"https:\/\/mountlaser.com\/wp-content\/uploads\/2025\/12\/GLI1156.webp\" alt=\"GLI115 Bubble for Prism\" width=\"500\" height=\"500\" srcset=\"https:\/\/mountlaser.com\/wp-content\/uploads\/2025\/12\/GLI1156.webp 1000w, https:\/\/mountlaser.com\/wp-content\/uploads\/2025\/12\/GLI1156-300x300.webp 300w, https:\/\/mountlaser.com\/wp-content\/uploads\/2025\/12\/GLI1156-150x150.webp 150w, https:\/\/mountlaser.com\/wp-content\/uploads\/2025\/12\/GLI1156-768x768.webp 768w, https:\/\/mountlaser.com\/wp-content\/uploads\/2025\/12\/GLI1156-12x12.webp 12w, https:\/\/mountlaser.com\/wp-content\/uploads\/2025\/12\/GLI1156-600x600.webp 600w, https:\/\/mountlaser.com\/wp-content\/uploads\/2025\/12\/GLI1156-800x800.webp 800w, https:\/\/mountlaser.com\/wp-content\/uploads\/2025\/12\/GLI1156-400x400.webp 400w\" sizes=\"(max-width: 500px) 100vw, 500px\" \/><\/p>\n<p>I\/E\/T\u00eb\/T\u00eb <a href=\"https:\/\/mountlaser.com\/sq\/contact-us\/\">GLI115 Fllusk\u00eb p\u00ebr Prizm\u00eb<\/a> \u00ebsht\u00eb zgjedhja ideale p\u00ebr teknik\u00ebt q\u00eb k\u00ebrkojn\u00eb performanc\u00eb t\u00eb besueshme dhe t\u00eb gatshme p\u00ebr n\u00eb terren n\u00eb nivelim me nj\u00eb dizajn kompakt dhe efikas.<\/p>","protected":false},"excerpt":{"rendered":"<ul>\n<li>Dizajn me kap\u00ebse \u2013 Flluska plastike p\u00ebr shufr\u00ebn mini reflektuese fiksohet n\u00eb m\u00ebnyr\u00eb t\u00eb sigurt brenda sekondash p\u00ebr montim t\u00eb shpejt\u00eb.<\/li>\n<li>Shishe me dukshm\u00ebri t\u00eb lart\u00eb \u2013 Siguron nivelim t\u00eb qart\u00eb dhe t\u00eb sakt\u00eb gjat\u00eb operacioneve t\u00eb matjes.<\/li>\n<li>Plastik\u00eb e q\u00ebndrueshme n\u00eb stilin zviceran \u2013 Nd\u00ebrtuar p\u00ebr t&#039;i b\u00ebr\u00eb ball\u00eb mjediseve t\u00eb v\u00ebshtira t\u00eb jashtme, duke siguruar jet\u00ebgjat\u00ebsi t\u00eb gjat\u00eb sh\u00ebrbimi.<\/li>\n<li>I leht\u00eb dhe kompakt p\u00ebr ngarkes\u00eb minimale n\u00eb shtyll\u00eb.<\/li>\n<li>Performanc\u00eb e q\u00ebndrueshme dhe e besueshme p\u00ebr shtrirje vertikale t\u00eb sakt\u00eb.<\/li>\n<li>I pajtuesh\u00ebm me shumic\u00ebn e shtyllave mini reflektuese.<\/li>\n<\/ul>","protected":false},"featured_media":5485,"comment_status":"open","ping_status":"closed","template":"","meta":[],"product_brand":[],"product_cat":[79,153],"product_tag":[],"class_list":{"0":"post-5477","1":"product","2":"type-product","3":"status-publish","4":"has-post-thumbnail","6":"product_cat-surveying-accessory","7":"product_cat-bubble-for-tribrach-carrier-prism","9":"first","10":"instock","11":"shipping-taxable","12":"product-type-simple"},"_links":{"self":[{"href":"https:\/\/mountlaser.com\/sq\/wp-json\/wp\/v2\/product\/5477","targetHints":{"allow":["GET"]}}],"collection":[{"href":"https:\/\/mountlaser.com\/sq\/wp-json\/wp\/v2\/product"}],"about":[{"href":"https:\/\/mountlaser.com\/sq\/wp-json\/wp\/v2\/types\/product"}],"replies":[{"embeddable":true,"href":"https:\/\/mountlaser.com\/sq\/wp-json\/wp\/v2\/comments?post=5477"}],"wp:featuredmedia":[{"embeddable":true,"href":"https:\/\/mountlaser.com\/sq\/wp-json\/wp\/v2\/media\/5485"}],"wp:attachment":[{"href":"https:\/\/mountlaser.com\/sq\/wp-json\/wp\/v2\/media?parent=5477"}],"wp:term":[{"taxonomy":"product_brand","embeddable":true,"href":"https:\/\/mountlaser.com\/sq\/wp-json\/wp\/v2\/product_brand?post=5477"},{"taxonomy":"product_cat","embeddable":true,"href":"https:\/\/mountlaser.com\/sq\/wp-json\/wp\/v2\/product_cat?post=5477"},{"taxonomy":"product_tag","embeddable":true,"href":"https:\/\/mountlaser.com\/sq\/wp-json\/wp\/v2\/product_tag?post=5477"}],"curies":[{"name":"wp","href":"https:\/\/api.w.org\/{rel}","templated":true}]}}