{"id":5470,"date":"2025-12-05T08:22:48","date_gmt":"2025-12-05T08:22:48","guid":{"rendered":"https:\/\/mountlaser.com\/?post_type=product&#038;p=5470"},"modified":"2025-12-05T08:22:48","modified_gmt":"2025-12-05T08:22:48","slug":"bl12-bubble-level-for-tribrach","status":"publish","type":"product","link":"https:\/\/mountlaser.com\/sq\/produkt\/bl12-bubble-level-for-tribrach\/","title":{"rendered":"Niveli i flluskave BL12 p\u00ebr tribrah"},"content":{"rendered":"<p>I\/E\/T\u00eb\/T\u00eb <a href=\"https:\/\/mountlaser.com\/sq\/\"><strong>Niveli i flluskave BL12 p\u00ebr tribrah<\/strong><\/a> \u00ebsht\u00eb nj\u00eb shishk\u00eb e gjat\u00eb me flluska e projektuar me precizion t\u00eb lart\u00eb, e projektuar p\u00ebr t\u00eb siguruar nivelim t\u00eb sakt\u00eb t\u00eb instrumenteve t\u00eb matjes n\u00eb mjedise t\u00eb v\u00ebshtira n\u00eb terren. I nd\u00ebrtuar p\u00ebr besueshm\u00ebri, niveli i flluskave BL12 p\u00ebr tribrah\u00eb u ofron mat\u00ebsve performanc\u00eb t\u00eb q\u00ebndrueshme dhe shtrirje t\u00eb shpejt\u00eb vizuale, duke e b\u00ebr\u00eb at\u00eb nj\u00eb komponent thelb\u00ebsor p\u00ebr adaptor\u00ebt e tribrah\u00ebve dhe konfigurimet profesionale optike. Si nj\u00eb <a href=\"https:\/\/mountlaser.com\/sq\/about-us\/\"><strong>Niveli i gjat\u00eb i flluskave t\u00eb verdha p\u00ebr tribrakun<\/strong><\/a>, ofron nj\u00eb sip\u00ebrfaqe t\u00eb zgjeruar shikimi q\u00eb rrit ndjeshm\u00ebrin\u00eb dhe p\u00ebrmir\u00ebson sakt\u00ebsin\u00eb e nivelimit gjat\u00eb konfigurimit t\u00eb instrumentit.<\/p>\n<p><img fetchpriority=\"high\" decoding=\"async\" class=\"aligncenter wp-image-5473\" src=\"https:\/\/mountlaser.com\/wp-content\/uploads\/2025\/12\/BL12YL3.webp\" alt=\"BL12 Bubble Level for tribrach\" width=\"500\" height=\"500\" srcset=\"https:\/\/mountlaser.com\/wp-content\/uploads\/2025\/12\/BL12YL3.webp 1000w, https:\/\/mountlaser.com\/wp-content\/uploads\/2025\/12\/BL12YL3-300x300.webp 300w, https:\/\/mountlaser.com\/wp-content\/uploads\/2025\/12\/BL12YL3-150x150.webp 150w, https:\/\/mountlaser.com\/wp-content\/uploads\/2025\/12\/BL12YL3-768x768.webp 768w, https:\/\/mountlaser.com\/wp-content\/uploads\/2025\/12\/BL12YL3-12x12.webp 12w, https:\/\/mountlaser.com\/wp-content\/uploads\/2025\/12\/BL12YL3-600x600.webp 600w, https:\/\/mountlaser.com\/wp-content\/uploads\/2025\/12\/BL12YL3-800x800.webp 800w, https:\/\/mountlaser.com\/wp-content\/uploads\/2025\/12\/BL12YL3-400x400.webp 400w\" sizes=\"(max-width: 500px) 100vw, 500px\" \/><\/p>\n<p>I nd\u00ebrtuar me materiale me cil\u00ebsi t\u00eb lart\u00eb dhe lakim t\u00eb optimizuar, Niveli i Gjat\u00eb me Flluska p\u00ebr tribrah ofron q\u00ebndrueshm\u00ebri t\u00eb jasht\u00ebzakonshme dhe reagime t\u00eb q\u00ebndrueshme matjeje. Pavar\u00ebsisht n\u00ebse p\u00ebrdoret me stacione totale, prizma ose aksesor\u00eb GNSS, Niveli i Gjat\u00eb me Flluska BL12 p\u00ebr tribrah siguron q\u00eb instrumenti t\u00eb jet\u00eb i vendosur n\u00eb m\u00ebnyr\u00eb t\u00eb p\u00ebrsosur p\u00ebr mbledhje t\u00eb sakt\u00eb t\u00eb t\u00eb dh\u00ebnave.<\/p>","protected":false},"excerpt":{"rendered":"<ul>\n<li>Niveli i gjat\u00eb i flluskave p\u00ebr dizajnin tribrak siguron nivelim me precizion t\u00eb lart\u00eb dhe shtrirje t\u00eb q\u00ebndrueshme p\u00ebr instrumentet e matjes.<\/li>\n<li>Strehimi i q\u00ebndruesh\u00ebm i verdh\u00eb rrit dukshm\u00ebrin\u00eb dhe ofron mbrojtje shtes\u00eb gjat\u00eb p\u00ebrdorimit n\u00eb terren.<\/li>\n<li>I pajtuesh\u00ebm me adaptor\u00ebt e tribrakut, duke e b\u00ebr\u00eb nivelin fllusk\u00eb BL12 p\u00ebr tribrakun nj\u00eb komponent t\u00eb gjithansh\u00ebm z\u00ebvend\u00ebsues ose p\u00ebrdit\u00ebsues.<\/li>\n<\/ul>","protected":false},"featured_media":5471,"comment_status":"open","ping_status":"closed","template":"","meta":[],"product_brand":[],"product_cat":[79,153],"product_tag":[],"class_list":{"0":"post-5470","1":"product","2":"type-product","3":"status-publish","4":"has-post-thumbnail","6":"product_cat-surveying-accessory","7":"product_cat-bubble-for-tribrach-carrier-prism","9":"first","10":"instock","11":"shipping-taxable","12":"product-type-simple"},"_links":{"self":[{"href":"https:\/\/mountlaser.com\/sq\/wp-json\/wp\/v2\/product\/5470","targetHints":{"allow":["GET"]}}],"collection":[{"href":"https:\/\/mountlaser.com\/sq\/wp-json\/wp\/v2\/product"}],"about":[{"href":"https:\/\/mountlaser.com\/sq\/wp-json\/wp\/v2\/types\/product"}],"replies":[{"embeddable":true,"href":"https:\/\/mountlaser.com\/sq\/wp-json\/wp\/v2\/comments?post=5470"}],"wp:featuredmedia":[{"embeddable":true,"href":"https:\/\/mountlaser.com\/sq\/wp-json\/wp\/v2\/media\/5471"}],"wp:attachment":[{"href":"https:\/\/mountlaser.com\/sq\/wp-json\/wp\/v2\/media?parent=5470"}],"wp:term":[{"taxonomy":"product_brand","embeddable":true,"href":"https:\/\/mountlaser.com\/sq\/wp-json\/wp\/v2\/product_brand?post=5470"},{"taxonomy":"product_cat","embeddable":true,"href":"https:\/\/mountlaser.com\/sq\/wp-json\/wp\/v2\/product_cat?post=5470"},{"taxonomy":"product_tag","embeddable":true,"href":"https:\/\/mountlaser.com\/sq\/wp-json\/wp\/v2\/product_tag?post=5470"}],"curies":[{"name":"wp","href":"https:\/\/api.w.org\/{rel}","templated":true}]}}