{"id":547,"date":"2024-03-28T08:16:41","date_gmt":"2024-03-28T08:16:41","guid":{"rendered":"https:\/\/startersites.io\/blocksy\/pottery\/?post_type=product&#038;p=547"},"modified":"2025-12-01T02:06:00","modified_gmt":"2025-12-01T02:06:00","slug":"ma-h32-auto-level","status":"publish","type":"product","link":"https:\/\/mountlaser.com\/sq\/produkt\/ma-h32-auto-level\/","title":{"rendered":"Niveli Automatik MA-H32"},"content":{"rendered":"<p>I\/E\/T\u00eb\/T\u00eb <a href=\"https:\/\/mountlaser.com\/sq\/\"><strong>Nivele Automatike MA-H32\/H36<\/strong><\/a> nga Mountlaser vendosi nj\u00eb standard t\u00eb ri p\u00ebr <a href=\"https:\/\/mountlaser.com\/sq\/kategori-produkti\/surveying-instrument\/automatic-level\/\"><strong>matje automatike me cil\u00ebsi t\u00eb lart\u00eb<\/strong><\/a>, duke ofruar sakt\u00ebsi dhe besueshm\u00ebri superiore p\u00ebr gjeodet\u00ebt profesionist\u00eb t\u00eb tok\u00ebs dhe inxhinier\u00ebt e nd\u00ebrtimit. T\u00eb projektuar me nj\u00eb kompensator t\u00eb p\u00ebrparuar t\u00eb amortizimit t\u00eb ajrit, k\u00ebto instrumente sigurojn\u00eb sakt\u00ebsi t\u00eb jasht\u00ebzakonshme me nj\u00eb devijim standard prej vet\u00ebm 1.0 mm p\u00ebr kilomet\u00ebr me dy vrapime.<\/p>\n<p>MA-H32 ofron zmadhim 32x, nd\u00ebrsa MA-H36 ofron zmadhim t\u00eb p\u00ebrmir\u00ebsuar 36x\u2014t\u00eb dyja me teleskop\u00eb imazhesh t\u00eb ngritur p\u00ebr pamje t\u00eb qarta, me an\u00ebn e djatht\u00eb lart. Strehimi i tyre i fort\u00eb me vler\u00ebsim IP54 ofron rezistenc\u00eb ndaj ujit dhe pluhurit, duke i b\u00ebr\u00eb ato ideale p\u00ebr mjedise sfiduese t\u00eb jashtme.<\/p>\n<p>Pavar\u00ebsisht karakteristikave t\u00eb tyre t\u00eb p\u00ebrparuara, \u00e7mimi i Nivelave Automatike mbetet shum\u00eb konkurrues, duke ofruar vler\u00eb t\u00eb jasht\u00ebzakonshme pa kompromentuar performanc\u00ebn. Qoft\u00eb t\u00eb p\u00ebrdorura p\u00ebr studime topografike, planifikim nd\u00ebrtesash apo detyra nivelimi inxhinierik, Nivelat Automatike MA-H32\/H36 ilustrojn\u00eb se \u00e7far\u00eb duhet t\u00eb jet\u00eb nj\u00eb studim automatik i nivelit me cil\u00ebsi t\u00eb lart\u00eb - i q\u00ebndruesh\u00ebm, i sakt\u00eb dhe miq\u00ebsor ndaj p\u00ebrdoruesit. Kur merret n\u00eb konsiderat\u00eb si preciziteti ashtu edhe \u00e7mimi i Nivelave Automatike, k\u00ebto modele dallohen si zgjidhje me kosto efektive p\u00ebr profesionist\u00ebt q\u00eb k\u00ebrkojn\u00eb rezultate t\u00eb besueshme n\u00eb \u00e7do pun\u00eb.<\/p>\n<p>&nbsp;<\/p>\n<p><img fetchpriority=\"high\" decoding=\"async\" class=\"aligncenter wp-image-1890\" src=\"https:\/\/mountlaser.com\/wp-content\/uploads\/2024\/03\/MA-H325.webp\" alt=\"high quality auto level surveying\" width=\"500\" height=\"500\" srcset=\"https:\/\/mountlaser.com\/wp-content\/uploads\/2024\/03\/MA-H325.webp 1000w, https:\/\/mountlaser.com\/wp-content\/uploads\/2024\/03\/MA-H325-300x300.webp 300w, https:\/\/mountlaser.com\/wp-content\/uploads\/2024\/03\/MA-H325-400x400.webp 400w, https:\/\/mountlaser.com\/wp-content\/uploads\/2024\/03\/MA-H325-800x800.webp 800w, https:\/\/mountlaser.com\/wp-content\/uploads\/2024\/03\/MA-H325-600x600.webp 600w, https:\/\/mountlaser.com\/wp-content\/uploads\/2024\/03\/MA-H325-150x150.webp 150w, https:\/\/mountlaser.com\/wp-content\/uploads\/2024\/03\/MA-H325-768x768.webp 768w, https:\/\/mountlaser.com\/wp-content\/uploads\/2024\/03\/MA-H325-12x12.webp 12w\" sizes=\"(max-width: 500px) 100vw, 500px\" \/><\/p>\n<p><strong><a href=\"https:\/\/mountlaser.com\/sq\/about-us\/\">Niveli Automatik<\/a> Specifikimet<\/strong><\/p>\n<table style=\"border-collapse: collapse; width: 555.02pt;\" border=\"0\" width=\"740\" cellspacing=\"0\" cellpadding=\"0\">\n<tbody>\n<tr style=\"height: 14.25pt;\">\n<td class=\"et2\" style=\"height: 14.25pt; width: 242.25pt;\" width=\"323\" height=\"19\">Modeli Nr.<\/td>\n<td class=\"et2\" style=\"width: 146.25pt;\" width=\"195\">MA-H32<\/td>\n<td class=\"et3\" style=\"width: 166.50pt;\" width=\"222\">MA-H36<\/td>\n<\/tr>\n<tr style=\"height: 14.25pt;\">\n<td class=\"et4\" style=\"height: 14.25pt;\" height=\"19\">Distanca e pun\u00ebs<\/td>\n<td class=\"et5\" colspan=\"2\">50m<\/td>\n<\/tr>\n<tr style=\"height: 14.25pt;\">\n<td class=\"et4\" style=\"height: 14.25pt;\" height=\"19\">Devijimi Standard p\u00ebr 1 km vrapim t\u00eb dyfisht\u00eb<\/td>\n<td class=\"et5\" colspan=\"2\">1.0 mm<\/td>\n<\/tr>\n<tr style=\"height: 14.25pt;\">\n<td class=\"et4\" style=\"height: 14.25pt;\" height=\"19\">Zmadhimi i Teleskopit<\/td>\n<td class=\"et4\">32X<\/td>\n<td class=\"et7\">36X<\/td>\n<\/tr>\n<tr style=\"height: 14.25pt;\">\n<td class=\"et4\" style=\"height: 14.25pt;\" height=\"19\">Imazh Teleskopi<\/td>\n<td class=\"et5\" colspan=\"2\">Ngrit<\/td>\n<\/tr>\n<tr style=\"height: 14.25pt;\">\n<td class=\"et4\" style=\"height: 14.25pt;\" height=\"19\">Distanca m\u00eb e shkurt\u00ebr e shikimit<\/td>\n<td class=\"et5\" colspan=\"2\">0.5 m<\/td>\n<\/tr>\n<tr style=\"height: 14.25pt;\">\n<td class=\"et4\" style=\"height: 14.25pt;\" height=\"19\">Gabim n\u00eb distanc\u00ebn e shikimit<\/td>\n<td class=\"et5\" colspan=\"2\">\u2264\u00b10.5%<\/td>\n<\/tr>\n<tr style=\"height: 14.25pt;\">\n<td class=\"et4\" style=\"height: 14.25pt;\" height=\"19\">Madh\u00ebsia efektive e hapjes s\u00eb lentes s\u00eb objektit<\/td>\n<td class=\"et5\" colspan=\"2\">4Omm<\/td>\n<\/tr>\n<tr style=\"height: 14.25pt;\">\n<td class=\"et4\" style=\"height: 14.25pt;\" height=\"19\">Gabim n\u00eb fokusim<\/td>\n<td class=\"et5\" colspan=\"2\">\u22641.0 mm<\/td>\n<\/tr>\n<tr style=\"height: 14.25pt;\">\n<td class=\"et4\" style=\"height: 14.25pt;\" height=\"19\">Lloji i Kompensatorit<\/td>\n<td class=\"et5\" colspan=\"2\">Amortizim ajri<\/td>\n<\/tr>\n<tr style=\"height: 14.25pt;\">\n<td class=\"et4\" style=\"height: 14.25pt;\" height=\"19\">Kompensimi i Gabimit<\/td>\n<td class=\"et5\" colspan=\"2\">&lt;0.5\u2032<\/td>\n<\/tr>\n<tr style=\"height: 14.25pt;\">\n<td class=\"et4\" style=\"height: 14.25pt;\" height=\"19\">Rrjet\u00eb<\/td>\n<td class=\"et5\" colspan=\"2\">Form\u00eb pyk\u00eb<\/td>\n<\/tr>\n<tr style=\"height: 14.25pt;\">\n<td class=\"et4\" style=\"height: 14.25pt;\" height=\"19\">Vendosja e Sakt\u00ebsis\u00eb<\/td>\n<td class=\"et5\" colspan=\"2\">\u00b10.4%<\/td>\n<\/tr>\n<tr style=\"height: 14.25pt;\">\n<td class=\"et4\" style=\"height: 14.25pt;\" height=\"19\">I pap\u00ebrshkuesh\u00ebm nga uji dhe pluhuri<\/td>\n<td class=\"et5\" colspan=\"2\">IP54<\/td>\n<\/tr>\n<tr style=\"height: 14.25pt;\">\n<td class=\"et4\" style=\"height: 14.25pt;\" height=\"19\">D\u00ebrgo aksesorin<\/td>\n<td class=\"et5\" colspan=\"2\">Plumb Bob, Manual, Kunj Rregullues, Kuti Plastike<\/td>\n<\/tr>\n<tr style=\"height: 14.25pt;\">\n<td class=\"et8\" style=\"height: 14.25pt;\" height=\"19\">Pesha neto<\/td>\n<td class=\"et9\" colspan=\"2\">1.55 kg<\/td>\n<\/tr>\n<\/tbody>\n<\/table>","protected":false},"excerpt":{"rendered":"<ul>\n<li>Zmadhim fleksib\u00ebl: Zgjidhni teleskopin e drejt\u00eb 32x (MA-H32) ose 36x (MA-H36) p\u00ebr imazhe t\u00eb mprehta, me an\u00ebn e djatht\u00eb lart.<\/li>\n<li>Kompensimi Automatik: Kompensatori i amortizimit t\u00eb ajrit me gabim &lt;0.5\u2032 p\u00ebr konfigurim t\u00eb shpejt\u00eb dhe t\u00eb q\u00ebndruesh\u00ebm.<\/li>\n<li>Miq\u00ebsor p\u00ebr p\u00ebrdoruesit: P\u00ebrfshin bobin\u00ebn plumb\u00e7e, manualin, kunjin rregullues dhe kutin\u00eb plastike p\u00ebr leht\u00ebsi n\u00eb terren.<\/li>\n<\/ul>","protected":false},"featured_media":1887,"comment_status":"open","ping_status":"closed","template":"","meta":[],"product_brand":[],"product_cat":[15,140],"product_tag":[],"class_list":{"0":"post-547","1":"product","2":"type-product","3":"status-publish","4":"has-post-thumbnail","6":"product_cat-surveying-instrument","7":"product_cat-automatic-level","9":"first","10":"instock","11":"shipping-taxable","12":"product-type-simple"},"_links":{"self":[{"href":"https:\/\/mountlaser.com\/sq\/wp-json\/wp\/v2\/product\/547","targetHints":{"allow":["GET"]}}],"collection":[{"href":"https:\/\/mountlaser.com\/sq\/wp-json\/wp\/v2\/product"}],"about":[{"href":"https:\/\/mountlaser.com\/sq\/wp-json\/wp\/v2\/types\/product"}],"replies":[{"embeddable":true,"href":"https:\/\/mountlaser.com\/sq\/wp-json\/wp\/v2\/comments?post=547"}],"wp:featuredmedia":[{"embeddable":true,"href":"https:\/\/mountlaser.com\/sq\/wp-json\/wp\/v2\/media\/1887"}],"wp:attachment":[{"href":"https:\/\/mountlaser.com\/sq\/wp-json\/wp\/v2\/media?parent=547"}],"wp:term":[{"taxonomy":"product_brand","embeddable":true,"href":"https:\/\/mountlaser.com\/sq\/wp-json\/wp\/v2\/product_brand?post=547"},{"taxonomy":"product_cat","embeddable":true,"href":"https:\/\/mountlaser.com\/sq\/wp-json\/wp\/v2\/product_cat?post=547"},{"taxonomy":"product_tag","embeddable":true,"href":"https:\/\/mountlaser.com\/sq\/wp-json\/wp\/v2\/product_tag?post=547"}],"curies":[{"name":"wp","href":"https:\/\/api.w.org\/{rel}","templated":true}]}}