{"id":5462,"date":"2025-12-05T08:00:49","date_gmt":"2025-12-05T08:00:49","guid":{"rendered":"https:\/\/mountlaser.com\/?post_type=product&#038;p=5462"},"modified":"2025-12-05T08:00:49","modified_gmt":"2025-12-05T08:00:49","slug":"bl11-bubble-for-tribrach","status":"publish","type":"product","link":"https:\/\/mountlaser.com\/sq\/produkt\/bl11-bubble-for-tribrach\/","title":{"rendered":"BL11 Fllusk\u00eb p\u00ebr tribrak"},"content":{"rendered":"<p>I\/E\/T\u00eb\/T\u00eb <a href=\"https:\/\/mountlaser.com\/sq\/\"><strong data-start=\"175\" data-end=\"203\">BL11 Fllusk\u00eb p\u00ebr tribrak<\/strong><\/a> \u00ebsht\u00eb nj\u00eb nivel i rrumbullak\u00ebt i projektuar me precizion t\u00eb lart\u00eb, i projektuar p\u00ebr t\u00eb siguruar shtrirjen e sakt\u00eb t\u00eb instrumenteve n\u00eb aplikimet profesionale t\u00eb matjeve. Kjo shishk\u00eb me cil\u00ebsi t\u00eb lart\u00eb ofron performanc\u00eb t\u00eb qart\u00eb dhe t\u00eb besueshme t\u00eb nivelimit, duke e b\u00ebr\u00eb at\u00eb nj\u00eb komponent ideal z\u00ebvend\u00ebsues p\u00ebr tribrak\u00ebt dhe sistemet e prizmave. BL11 Bubble p\u00ebr tribrak\u00ebt p\u00ebrmban nj\u00eb kapsul\u00eb t\u00eb l\u00ebngshme t\u00eb q\u00ebndrueshme dhe shum\u00eb t\u00eb dukshme q\u00eb u lejon mat\u00ebsve t\u00eb arrijn\u00eb nj\u00eb konfigurim t\u00eb shpejt\u00eb dhe t\u00eb q\u00ebndruesh\u00ebm n\u00eb terren. I projektuar p\u00ebr pajtueshm\u00ebri me nj\u00eb gam\u00eb t\u00eb gjer\u00eb aksesor\u00ebsh optik\u00eb dhe GNSS, ai gjithashtu funksionon pa probleme si nj\u00eb <a href=\"https:\/\/mountlaser.com\/sq\/products\/\"><strong data-start=\"745\" data-end=\"771\">Fllusk\u00eb e rrumbullak\u00ebt p\u00ebr priz\u00ebm<\/strong><\/a>, duke siguruar nivelim t\u00eb q\u00ebndruesh\u00ebm p\u00ebr prizmat dhe pajisjet e tjera t\u00eb montuara.<\/p>\n<p><img fetchpriority=\"high\" decoding=\"async\" class=\"aligncenter wp-image-5466\" src=\"https:\/\/mountlaser.com\/wp-content\/uploads\/2025\/12\/BL104.webp\" alt=\"BL11 Bubble for tribrach\" width=\"500\" height=\"500\" srcset=\"https:\/\/mountlaser.com\/wp-content\/uploads\/2025\/12\/BL104.webp 1000w, https:\/\/mountlaser.com\/wp-content\/uploads\/2025\/12\/BL104-300x300.webp 300w, https:\/\/mountlaser.com\/wp-content\/uploads\/2025\/12\/BL104-150x150.webp 150w, https:\/\/mountlaser.com\/wp-content\/uploads\/2025\/12\/BL104-768x768.webp 768w, https:\/\/mountlaser.com\/wp-content\/uploads\/2025\/12\/BL104-12x12.webp 12w, https:\/\/mountlaser.com\/wp-content\/uploads\/2025\/12\/BL104-600x600.webp 600w, https:\/\/mountlaser.com\/wp-content\/uploads\/2025\/12\/BL104-800x800.webp 800w, https:\/\/mountlaser.com\/wp-content\/uploads\/2025\/12\/BL104-400x400.webp 400w\" sizes=\"(max-width: 500px) 100vw, 500px\" \/><\/p>\n<p>N\u00ebse p\u00ebrdoret si fllusk\u00eb tribrake apo nj\u00eb <a href=\"https:\/\/mountlaser.com\/sq\/contact-us\/\">Fllusk\u00eb e rrumbullak\u00ebt p\u00ebr priz\u00ebm<\/a>, BL11 ofron stabilitet afatgjat\u00eb dhe precizion t\u00eb besuesh\u00ebm. BL11 Bubble p\u00ebr tribrah \u00ebsht\u00eb nj\u00eb komponent thelb\u00ebsor p\u00ebr ruajtjen e sakt\u00ebsis\u00eb n\u00eb rrjedhat e pun\u00ebs s\u00eb stacionit total, prizmit dhe GNSS.<\/p>","protected":false},"excerpt":{"rendered":"<ul>\n<li>Nivelim preciz \u2013 Siguron konfigurim t\u00eb sakt\u00eb p\u00ebr tribrak\u00ebt, prizmat dhe instrumentet e matjes.<\/li>\n<li>P\u00ebrputhshm\u00ebri e Lart\u00eb \u2013 Funksionon si fllusk\u00eb tribrake dhe si fllusk\u00eb e rrumbullak\u00ebt p\u00ebr Prizm\u00ebn, duke mb\u00ebshtetur aksesor\u00eb t\u00eb shumt\u00eb p\u00ebr matje.<\/li>\n<li>Nd\u00ebrtim i Q\u00ebndruesh\u00ebm \u2013 Nd\u00ebrtuar me materiale t\u00eb q\u00ebndrueshme dhe jet\u00ebgjat\u00eb p\u00ebr besueshm\u00ebri n\u00eb mjedise t\u00eb v\u00ebshtira n\u00eb terren.<\/li>\n<\/ul>","protected":false},"featured_media":5463,"comment_status":"open","ping_status":"closed","template":"","meta":[],"product_brand":[],"product_cat":[79,153],"product_tag":[],"class_list":{"0":"post-5462","1":"product","2":"type-product","3":"status-publish","4":"has-post-thumbnail","6":"product_cat-surveying-accessory","7":"product_cat-bubble-for-tribrach-carrier-prism","9":"first","10":"instock","11":"shipping-taxable","12":"product-type-simple"},"_links":{"self":[{"href":"https:\/\/mountlaser.com\/sq\/wp-json\/wp\/v2\/product\/5462","targetHints":{"allow":["GET"]}}],"collection":[{"href":"https:\/\/mountlaser.com\/sq\/wp-json\/wp\/v2\/product"}],"about":[{"href":"https:\/\/mountlaser.com\/sq\/wp-json\/wp\/v2\/types\/product"}],"replies":[{"embeddable":true,"href":"https:\/\/mountlaser.com\/sq\/wp-json\/wp\/v2\/comments?post=5462"}],"wp:featuredmedia":[{"embeddable":true,"href":"https:\/\/mountlaser.com\/sq\/wp-json\/wp\/v2\/media\/5463"}],"wp:attachment":[{"href":"https:\/\/mountlaser.com\/sq\/wp-json\/wp\/v2\/media?parent=5462"}],"wp:term":[{"taxonomy":"product_brand","embeddable":true,"href":"https:\/\/mountlaser.com\/sq\/wp-json\/wp\/v2\/product_brand?post=5462"},{"taxonomy":"product_cat","embeddable":true,"href":"https:\/\/mountlaser.com\/sq\/wp-json\/wp\/v2\/product_cat?post=5462"},{"taxonomy":"product_tag","embeddable":true,"href":"https:\/\/mountlaser.com\/sq\/wp-json\/wp\/v2\/product_tag?post=5462"}],"curies":[{"name":"wp","href":"https:\/\/api.w.org\/{rel}","templated":true}]}}