{"id":5450,"date":"2025-12-05T05:56:21","date_gmt":"2025-12-05T05:56:21","guid":{"rendered":"https:\/\/mountlaser.com\/?post_type=product&#038;p=5450"},"modified":"2025-12-05T06:12:58","modified_gmt":"2025-12-05T06:12:58","slug":"hdcc01-heavy-duty-column-mount-bracket","status":"publish","type":"product","link":"https:\/\/mountlaser.com\/sq\/produkt\/hdcc01-heavy-duty-column-mount-bracket\/","title":{"rendered":"Mb\u00ebshtet\u00ebse p\u00ebr montim kolone HDCC01 p\u00ebr pun\u00eb t\u00eb r\u00ebnd\u00eb"},"content":{"rendered":"<p data-start=\"141\" data-end=\"685\">I\/E\/T\u00eb\/T\u00eb <a href=\"https:\/\/mountlaser.com\/sq\/\"><strong data-start=\"145\" data-end=\"180\">Mb\u00ebshtet\u00ebse p\u00ebr Montimin e Kolon\u00ebs p\u00ebr Pun\u00eb t\u00eb R\u00ebnda<\/strong><\/a> nga MountLaser \u00ebsht\u00eb projektuar p\u00ebr t\u00eb ofruar stabilitet, forc\u00eb dhe precizion t\u00eb jasht\u00ebzakonsh\u00ebm p\u00ebr aplikime profesionale t\u00eb matjeve dhe nd\u00ebrtimit. I projektuar si nj\u00eb <a href=\"https:\/\/mountlaser.com\/sq\/about-us\/\"><strong data-start=\"342\" data-end=\"377\">Mb\u00ebshtet\u00ebse e rregullueshme e montimit t\u00eb kolon\u00ebs<\/strong><\/a>, ai ofron rregullime rrotulluese dhe vertikale, duke u lejuar p\u00ebrdoruesve t\u00eb pozicionojn\u00eb instrumentet e tyre me kontroll t\u00eb sakt\u00eb t\u00eb lart\u00ebsis\u00eb dhe shtrirjes. I nd\u00ebrtuar nga alumini strukturor me rezistenc\u00eb t\u00eb lart\u00eb dhe i pajisur me pajisje \u00e7eliku inox, ky sistem siguron q\u00ebndrueshm\u00ebri edhe n\u00eb mjediset industriale m\u00eb t\u00eb k\u00ebrkuara.<\/p>\n<p data-start=\"141\" data-end=\"685\"><img fetchpriority=\"high\" decoding=\"async\" class=\"aligncenter wp-image-5453\" src=\"https:\/\/mountlaser.com\/wp-content\/uploads\/2025\/12\/HDCC013.webp\" alt=\"heavy-duty Column Mount Bracket\" width=\"500\" height=\"500\" srcset=\"https:\/\/mountlaser.com\/wp-content\/uploads\/2025\/12\/HDCC013.webp 1000w, https:\/\/mountlaser.com\/wp-content\/uploads\/2025\/12\/HDCC013-300x300.webp 300w, https:\/\/mountlaser.com\/wp-content\/uploads\/2025\/12\/HDCC013-150x150.webp 150w, https:\/\/mountlaser.com\/wp-content\/uploads\/2025\/12\/HDCC013-768x768.webp 768w, https:\/\/mountlaser.com\/wp-content\/uploads\/2025\/12\/HDCC013-12x12.webp 12w, https:\/\/mountlaser.com\/wp-content\/uploads\/2025\/12\/HDCC013-600x600.webp 600w, https:\/\/mountlaser.com\/wp-content\/uploads\/2025\/12\/HDCC013-800x800.webp 800w, https:\/\/mountlaser.com\/wp-content\/uploads\/2025\/12\/HDCC013-400x400.webp 400w\" sizes=\"(max-width: 500px) 100vw, 500px\" \/><\/p>\n<p data-start=\"687\" data-end=\"1336\">Nj\u00eb rrip i grad\u00ebs industriale me gjer\u00ebsi 2 in\u00e7 (5.08 cm) dhe trash\u00ebsi 10 ft (3.05 m) - i vler\u00ebsuar p\u00ebr t\u00eb mb\u00ebshtetur ngarkesa deri n\u00eb 2,200 lb (1,000 kg) - lejon q\u00eb kllapa t\u00eb montohet n\u00eb m\u00ebnyr\u00eb t\u00eb sigurt si n\u00eb kolonat katrore ashtu edhe n\u00eb ato t\u00eb rrumbullak\u00ebta. Kllapa e Montimit t\u00eb Kolon\u00ebs p\u00ebr p\u00ebrdorim t\u00eb fort\u00eb ofron l\u00ebvizje vertikale 12 in\u00e7 (30.48 cm), nd\u00ebrsa platforma e montimit 6 in\u00e7 p\u00ebrmban nj\u00eb kunj standard me fileto 5\/8-11 q\u00eb i p\u00ebrshtatet nj\u00eb game t\u00eb gjer\u00eb instrumentesh mat\u00ebs. Me nj\u00eb distanc\u00eb t\u00eb optimizuar prej 15 in\u00e7 (38.1 cm) n\u00eb vij\u00ebn qendrore q\u00eb ofron hap\u00ebsir\u00eb shtes\u00eb, <a href=\"https:\/\/mountlaser.com\/sq\/kategori-produkti\/surveying-accessory\/\">Mb\u00ebshtet\u00ebse p\u00ebr Montimin e Kolon\u00ebs p\u00ebr Pun\u00eb t\u00eb R\u00ebnda<\/a> rrit p\u00ebrdorshm\u00ebrin\u00eb n\u00eb hap\u00ebsira pune t\u00eb ngushta ose t\u00eb bllokuara. Nj\u00eb parakolp gome i integruar siguron m\u00eb tej nj\u00eb trajtim t\u00eb sigurt dhe t\u00eb rehatsh\u00ebm gjat\u00eb konfigurimit.<\/p>","protected":false},"excerpt":{"rendered":"<ul>\n<li>Nd\u00ebrtim me Fort\u00ebsi t\u00eb Lart\u00eb<\/li>\n<li>Pozicionim plot\u00ebsisht i rregulluesh\u00ebm<\/li>\n<li>Pajtueshm\u00ebri e gjer\u00eb dhe montim i sigurt: Vjen me nj\u00eb rrip t\u00eb fort\u00eb 2 in\u00e7 x 10 ft t\u00eb aft\u00eb t\u00eb fiksohet n\u00eb kolona t\u00eb rrumbullak\u00ebta ose katrore, duke mb\u00ebshtetur deri n\u00eb 2,200 lb (1,000 kg).<\/li>\n<li>Platform\u00eb e gatshme p\u00ebr instrumente: E pajisur me nj\u00eb baz\u00eb t\u00eb shesht\u00eb 6 in\u00e7 dhe nj\u00eb kunj standard me fileto 5\/8-11 p\u00ebr montimin e stacioneve totale, lazer\u00ebve dhe pajisjeve t\u00eb tjera t\u00eb matjes.<\/li>\n<li>Hap\u00ebsir\u00eb dhe Siguri e Optimizuar: Distanca prej 15 in\u00e7 n\u00eb vij\u00ebn qendrore rrit dukshm\u00ebrin\u00eb, nd\u00ebrsa parakolpi i integruar prej gome p\u00ebrmir\u00ebson mbrojtjen e p\u00ebrdoruesit gjat\u00eb instalimit.<\/li>\n<\/ul>","protected":false},"featured_media":5452,"comment_status":"open","ping_status":"closed","template":"","meta":[],"product_brand":[],"product_cat":[79,155],"product_tag":[],"class_list":{"0":"post-5450","1":"product","2":"type-product","3":"status-publish","4":"has-post-thumbnail","6":"product_cat-surveying-accessory","7":"product_cat-column-mount-bracket","9":"first","10":"instock","11":"shipping-taxable","12":"product-type-simple"},"_links":{"self":[{"href":"https:\/\/mountlaser.com\/sq\/wp-json\/wp\/v2\/product\/5450","targetHints":{"allow":["GET"]}}],"collection":[{"href":"https:\/\/mountlaser.com\/sq\/wp-json\/wp\/v2\/product"}],"about":[{"href":"https:\/\/mountlaser.com\/sq\/wp-json\/wp\/v2\/types\/product"}],"replies":[{"embeddable":true,"href":"https:\/\/mountlaser.com\/sq\/wp-json\/wp\/v2\/comments?post=5450"}],"wp:featuredmedia":[{"embeddable":true,"href":"https:\/\/mountlaser.com\/sq\/wp-json\/wp\/v2\/media\/5452"}],"wp:attachment":[{"href":"https:\/\/mountlaser.com\/sq\/wp-json\/wp\/v2\/media?parent=5450"}],"wp:term":[{"taxonomy":"product_brand","embeddable":true,"href":"https:\/\/mountlaser.com\/sq\/wp-json\/wp\/v2\/product_brand?post=5450"},{"taxonomy":"product_cat","embeddable":true,"href":"https:\/\/mountlaser.com\/sq\/wp-json\/wp\/v2\/product_cat?post=5450"},{"taxonomy":"product_tag","embeddable":true,"href":"https:\/\/mountlaser.com\/sq\/wp-json\/wp\/v2\/product_tag?post=5450"}],"curies":[{"name":"wp","href":"https:\/\/api.w.org\/{rel}","templated":true}]}}