{"id":5448,"date":"2025-12-05T05:17:35","date_gmt":"2025-12-05T05:17:35","guid":{"rendered":"https:\/\/mountlaser.com\/?post_type=product&#038;p=5448"},"modified":"2025-12-11T05:09:18","modified_gmt":"2025-12-11T05:09:18","slug":"pb01-08-brass-plumb-bob","status":"publish","type":"product","link":"https:\/\/mountlaser.com\/sq\/produkt\/pb01-08-brass-plumb-bob\/","title":{"rendered":"PB01-08 Bob Plumb prej bronzi"},"content":{"rendered":"<p>I\/E\/T\u00eb\/T\u00eb <a href=\"https:\/\/mountlaser.com\/sq\/\"><strong>PB01-08 BRUNS PLUMB BOB<\/strong><\/a> \u00ebsht\u00eb nj\u00eb mjet premium, i p\u00ebrpunuar me precizion, i projektuar p\u00ebr profesionist\u00ebt q\u00eb k\u00ebrkojn\u00eb sakt\u00ebsi dhe besueshm\u00ebri afatgjat\u00eb n\u00eb detyrat e nd\u00ebrtimit dhe matjes. I prodhuar nga bronzi i fort\u00eb, PB01-08 BRASS PLUMB BOB ofron ekuilib\u00ebr dhe stabilitet t\u00eb shk\u00eblqyer, duke siguruar nj\u00eb referenc\u00eb t\u00eb v\u00ebrtet\u00eb vertikale \u00e7do her\u00eb. Ky <a href=\"https:\/\/mountlaser.com\/sq\/kategori-produkti\/surveying-accessory\/\"><strong>bob plumbi prej bronzi t\u00eb fort\u00eb<\/strong><\/a> \u00ebsht\u00eb i mbrojtur me nj\u00eb shtres\u00eb llaku t\u00eb q\u00ebndrueshme, duke zgjatur jet\u00ebgjat\u00ebsin\u00eb e tij t\u00eb sh\u00ebrbimit edhe n\u00eb kushte t\u00eb v\u00ebshtira n\u00eb terren.<\/p>\n<p><img fetchpriority=\"high\" decoding=\"async\" class=\"aligncenter wp-image-5449\" src=\"https:\/\/mountlaser.com\/wp-content\/uploads\/2025\/12\/PB01.webp\" alt=\"PB01-08 BRASS PLUMB BOB\" width=\"500\" height=\"500\" srcset=\"https:\/\/mountlaser.com\/wp-content\/uploads\/2025\/12\/PB01.webp 1000w, https:\/\/mountlaser.com\/wp-content\/uploads\/2025\/12\/PB01-300x300.webp 300w, https:\/\/mountlaser.com\/wp-content\/uploads\/2025\/12\/PB01-150x150.webp 150w, https:\/\/mountlaser.com\/wp-content\/uploads\/2025\/12\/PB01-768x768.webp 768w, https:\/\/mountlaser.com\/wp-content\/uploads\/2025\/12\/PB01-12x12.webp 12w, https:\/\/mountlaser.com\/wp-content\/uploads\/2025\/12\/PB01-600x600.webp 600w, https:\/\/mountlaser.com\/wp-content\/uploads\/2025\/12\/PB01-800x800.webp 800w, https:\/\/mountlaser.com\/wp-content\/uploads\/2025\/12\/PB01-400x400.webp 400w\" sizes=\"(max-width: 500px) 100vw, 500px\" \/><\/p>\n<p>Me nj\u00eb maj\u00eb \u00e7eliku t\u00eb ngurt\u00ebsuar dhe nj\u00eb kapak standard me fileto ASA, <a href=\"https:\/\/mountlaser.com\/sq\/contact-us\/\">PB01-08 BRUNS PLUMB BOB<\/a> Lejon z\u00ebvend\u00ebsim t\u00eb shpejt\u00eb t\u00eb maj\u00ebs dhe fiksim t\u00eb sigurt. Kapaku i \u00e7elikut p\u00ebrfshin gjithashtu hap\u00ebsir\u00eb t\u00eb brendshme p\u00ebr nj\u00eb maj\u00eb shtes\u00eb, duke shtuar komoditet p\u00ebr p\u00ebrdorim t\u00eb vazhduesh\u00ebm n\u00eb terren. Plumbi prej bronzi t\u00eb fort\u00eb ofron performanc\u00eb t\u00eb sakt\u00eb p\u00ebr paraqitjen, shtrirjen dhe sh\u00ebnimin e pikave t\u00eb kontrollit.<\/p>","protected":false},"excerpt":{"rendered":"<ul>\n<li>Sakt\u00ebsi e lart\u00eb dhe ekuilib\u00ebr i p\u00ebrsosur \u2013 Siguron shtrirje vertikale t\u00eb sakt\u00eb p\u00ebr punimet e matjes, nd\u00ebrtimit dhe planifikimit.<\/li>\n<li>Nd\u00ebrtim i q\u00ebndruesh\u00ebm prej bronzi t\u00eb fort\u00eb \u2013 Rezistent ndaj korrozionit, rezistent ndaj goditjeve dhe i projektuar p\u00ebr p\u00ebrdorim afatgjat\u00eb n\u00eb terren.<\/li>\n<li>Maj\u00eb \u00e7eliku e ngurt\u00ebsuar dhe kapak me fileto ASA \u2013 Ofron performanc\u00eb t\u00eb besueshme me ruajtje t\u00eb p\u00ebrshtatshme n\u00eb nj\u00eb pik\u00eb rezerv\u00eb.<\/li>\n<li>Opsione t\u00eb shum\u00ebfishta peshe \u2013 I p\u00ebrshtatsh\u00ebm p\u00ebr detyra t\u00eb ndryshme profesionale dhe kushte mjedisore.<\/li>\n<\/ul>","protected":false},"featured_media":5449,"comment_status":"open","ping_status":"closed","template":"","meta":[],"product_brand":[],"product_cat":[79,154],"product_tag":[],"class_list":{"0":"post-5448","1":"product","2":"type-product","3":"status-publish","4":"has-post-thumbnail","6":"product_cat-surveying-accessory","7":"product_cat-brass-plumb-bob","9":"first","10":"instock","11":"shipping-taxable","12":"product-type-simple"},"_links":{"self":[{"href":"https:\/\/mountlaser.com\/sq\/wp-json\/wp\/v2\/product\/5448","targetHints":{"allow":["GET"]}}],"collection":[{"href":"https:\/\/mountlaser.com\/sq\/wp-json\/wp\/v2\/product"}],"about":[{"href":"https:\/\/mountlaser.com\/sq\/wp-json\/wp\/v2\/types\/product"}],"replies":[{"embeddable":true,"href":"https:\/\/mountlaser.com\/sq\/wp-json\/wp\/v2\/comments?post=5448"}],"wp:featuredmedia":[{"embeddable":true,"href":"https:\/\/mountlaser.com\/sq\/wp-json\/wp\/v2\/media\/5449"}],"wp:attachment":[{"href":"https:\/\/mountlaser.com\/sq\/wp-json\/wp\/v2\/media?parent=5448"}],"wp:term":[{"taxonomy":"product_brand","embeddable":true,"href":"https:\/\/mountlaser.com\/sq\/wp-json\/wp\/v2\/product_brand?post=5448"},{"taxonomy":"product_cat","embeddable":true,"href":"https:\/\/mountlaser.com\/sq\/wp-json\/wp\/v2\/product_cat?post=5448"},{"taxonomy":"product_tag","embeddable":true,"href":"https:\/\/mountlaser.com\/sq\/wp-json\/wp\/v2\/product_tag?post=5448"}],"curies":[{"name":"wp","href":"https:\/\/api.w.org\/{rel}","templated":true}]}}