{"id":5441,"date":"2025-12-05T03:21:14","date_gmt":"2025-12-05T03:21:14","guid":{"rendered":"https:\/\/mountlaser.com\/?post_type=product&#038;p=5441"},"modified":"2025-12-05T03:21:14","modified_gmt":"2025-12-05T03:21:14","slug":"bl20-surveying-instrument-bubble-level","status":"publish","type":"product","link":"https:\/\/mountlaser.com\/sq\/produkt\/bl20-surveying-instrument-bubble-level\/","title":{"rendered":"Niveli i flluskave t\u00eb instrumentit t\u00eb matjes BL20"},"content":{"rendered":"<p data-start=\"209\" data-end=\"750\">I\/E\/T\u00eb\/T\u00eb <a href=\"https:\/\/mountlaser.com\/sq\/\"><strong data-start=\"213\" data-end=\"255\">Niveli i flluskave t\u00eb instrumentit t\u00eb matjes BL20<\/strong><\/a> \u00ebsht\u00eb nj\u00eb komponent nivelimi i projektuar me precizion t\u00eb lart\u00eb p\u00ebr nivelime optike dhe automatike me sakt\u00ebsi t\u00eb lart\u00eb. I nd\u00ebrtuar n\u00eb nj\u00eb dizajn NA532 n\u00eb stilin zviceran, niveli fllusk\u00eb BL20 i instrumentit t\u00eb matjes siguron reagime t\u00eb q\u00ebndrueshme, t\u00eb besueshme dhe ultra t\u00eb qarta t\u00eb nivelimit p\u00ebr aplikime profesionale t\u00eb matjes. Si nj\u00eb element thelb\u00ebsor <a href=\"https:\/\/mountlaser.com\/sq\/kategori-produkti\/surveying-accessory\/\"><strong data-start=\"556\" data-end=\"583\">nivel automatik i nivelit t\u00eb fllusk\u00ebs<\/strong><\/a>, ai ofron performanc\u00eb t\u00eb q\u00ebndrueshme n\u00eb mjedise t\u00eb v\u00ebshtira n\u00eb terren, duke e b\u00ebr\u00eb ideal p\u00ebr topograf\u00ebt q\u00eb mb\u00ebshteten n\u00eb shtrirjen e sakt\u00eb dhe kalibrimin e besuesh\u00ebm t\u00eb instrumenteve.<\/p>\n<p data-start=\"209\" data-end=\"750\"><img fetchpriority=\"high\" decoding=\"async\" class=\"aligncenter wp-image-5446\" src=\"https:\/\/mountlaser.com\/wp-content\/uploads\/2025\/12\/BL085.webp\" alt=\"BL20 Surveying Instrument Bubble Level\" width=\"500\" height=\"500\" srcset=\"https:\/\/mountlaser.com\/wp-content\/uploads\/2025\/12\/BL085.webp 1000w, https:\/\/mountlaser.com\/wp-content\/uploads\/2025\/12\/BL085-300x300.webp 300w, https:\/\/mountlaser.com\/wp-content\/uploads\/2025\/12\/BL085-150x150.webp 150w, https:\/\/mountlaser.com\/wp-content\/uploads\/2025\/12\/BL085-768x768.webp 768w, https:\/\/mountlaser.com\/wp-content\/uploads\/2025\/12\/BL085-12x12.webp 12w, https:\/\/mountlaser.com\/wp-content\/uploads\/2025\/12\/BL085-600x600.webp 600w, https:\/\/mountlaser.com\/wp-content\/uploads\/2025\/12\/BL085-800x800.webp 800w, https:\/\/mountlaser.com\/wp-content\/uploads\/2025\/12\/BL085-400x400.webp 400w\" sizes=\"(max-width: 500px) 100vw, 500px\" \/><\/p>\n<p data-start=\"752\" data-end=\"1260\">Me nj\u00eb nd\u00ebrtim t\u00eb q\u00ebndruesh\u00ebm dhe ndjeshm\u00ebri t\u00eb shk\u00eblqyer, ky nivel automatik p\u00ebr flluska p\u00ebrshtatet pa probleme n\u00eb nj\u00eb gam\u00eb t\u00eb gjer\u00eb tribrak\u00ebsh, bart\u00ebsish dhe instrumentesh optik\u00eb. Pavar\u00ebsisht n\u00ebse p\u00ebrdoret p\u00ebr planifikim nd\u00ebrtimi, matje inxhinierike apo mir\u00ebmbajtje instrumentesh, niveli BL20 p\u00ebr instrumente matjeje ofron sakt\u00ebsin\u00eb e besueshme t\u00eb nevojshme p\u00ebr pun\u00ebn e p\u00ebrditshme n\u00eb terren. Ky nivel me cil\u00ebsi t\u00eb lart\u00eb <a href=\"https:\/\/mountlaser.com\/sq\/about-us\/\">nivel automatik i nivelit t\u00eb fllusk\u00ebs<\/a> rrit efikasitetin e matjes p\u00ebr t\u00eb siguruar q\u00eb \u00e7do konfigurim p\u00ebrmbush standardet e k\u00ebrkuara t\u00eb sakt\u00ebsis\u00eb.<\/p>","protected":false},"excerpt":{"rendered":"<ul>\n<li>Nivelim me precizion t\u00eb lart\u00eb \u2013 Ofron l\u00ebvizje t\u00eb qart\u00eb dhe t\u00eb ndjeshme t\u00eb flluskave p\u00ebr t\u00eb siguruar q\u00eb instrumentet optike dhe t\u00eb nivelit automatik t\u00eb arrijn\u00eb nj\u00eb shtrirje t\u00eb sakt\u00eb.<\/li>\n<li>Nd\u00ebrtim i q\u00ebndruesh\u00ebm dhe i gatsh\u00ebm p\u00ebr n\u00eb terren \u2013 I projektuar me materiale t\u00eb forta, t\u00eb p\u00ebrshtatshme p\u00ebr mjedise t\u00eb jashtme me k\u00ebrkesa t\u00eb larta dhe p\u00ebrdorim afatgjat\u00eb t\u00eb instrumenteve.<\/li>\n<li>Pajtueshm\u00ebri e gjer\u00eb me instrumente - I projektuar p\u00ebr pajisje t\u00eb stilit NA532 dhe i p\u00ebrshtatet shumic\u00ebs s\u00eb tribrak\u00ebve, bart\u00ebsve dhe sistemeve t\u00eb nivelimit pa mundim.<\/li>\n<li>Performanc\u00eb e q\u00ebndrueshme dhe e besueshme \u2013 Zvog\u00eblon gabimet e konfigurimit dhe rrit sakt\u00ebsin\u00eb e matjeve n\u00eb nd\u00ebrtim, hart\u00ebzim dhe aplikime inxhinierike.<\/li>\n<li>Instalim i leht\u00eb \u2013 Struktura kompakte dhe e leht\u00eb siguron z\u00ebvend\u00ebsim ose integrim t\u00eb shpejt\u00eb n\u00eb pajisjet e matjes.<\/li>\n<\/ul>","protected":false},"featured_media":5442,"comment_status":"open","ping_status":"closed","template":"","meta":[],"product_brand":[],"product_cat":[79,153],"product_tag":[],"class_list":{"0":"post-5441","1":"product","2":"type-product","3":"status-publish","4":"has-post-thumbnail","6":"product_cat-surveying-accessory","7":"product_cat-bubble-for-tribrach-carrier-prism","9":"first","10":"instock","11":"shipping-taxable","12":"product-type-simple"},"_links":{"self":[{"href":"https:\/\/mountlaser.com\/sq\/wp-json\/wp\/v2\/product\/5441","targetHints":{"allow":["GET"]}}],"collection":[{"href":"https:\/\/mountlaser.com\/sq\/wp-json\/wp\/v2\/product"}],"about":[{"href":"https:\/\/mountlaser.com\/sq\/wp-json\/wp\/v2\/types\/product"}],"replies":[{"embeddable":true,"href":"https:\/\/mountlaser.com\/sq\/wp-json\/wp\/v2\/comments?post=5441"}],"wp:featuredmedia":[{"embeddable":true,"href":"https:\/\/mountlaser.com\/sq\/wp-json\/wp\/v2\/media\/5442"}],"wp:attachment":[{"href":"https:\/\/mountlaser.com\/sq\/wp-json\/wp\/v2\/media?parent=5441"}],"wp:term":[{"taxonomy":"product_brand","embeddable":true,"href":"https:\/\/mountlaser.com\/sq\/wp-json\/wp\/v2\/product_brand?post=5441"},{"taxonomy":"product_cat","embeddable":true,"href":"https:\/\/mountlaser.com\/sq\/wp-json\/wp\/v2\/product_cat?post=5441"},{"taxonomy":"product_tag","embeddable":true,"href":"https:\/\/mountlaser.com\/sq\/wp-json\/wp\/v2\/product_tag?post=5441"}],"curies":[{"name":"wp","href":"https:\/\/api.w.org\/{rel}","templated":true}]}}