{"id":5435,"date":"2025-12-05T02:40:20","date_gmt":"2025-12-05T02:40:20","guid":{"rendered":"https:\/\/mountlaser.com\/?post_type=product&#038;p=5435"},"modified":"2025-12-05T02:40:20","modified_gmt":"2025-12-05T02:40:20","slug":"bl07-surveying-instrument-bubble-level","status":"publish","type":"product","link":"https:\/\/mountlaser.com\/sq\/produkt\/bl07-surveying-instrument-bubble-level\/","title":{"rendered":"Niveli i flluskave t\u00eb instrumentit t\u00eb matjes BL07"},"content":{"rendered":"<p>I\/E\/T\u00eb\/T\u00eb <a href=\"https:\/\/mountlaser.com\/sq\/\"><strong>Niveli dixhital i fllusk\u00ebs<\/strong><\/a> BL07 \u00ebsht\u00eb nj\u00eb pajisje me precizion t\u00eb lart\u00eb <a href=\"https:\/\/mountlaser.com\/sq\/kategori-produkti\/surveying-accessory\/\"><strong>Niveli i flluskave t\u00eb instrumentit t\u00eb matjes<\/strong><\/a> i projektuar p\u00ebr tribrak\u00eb, bart\u00ebs dhe sisteme prizmash t\u00eb p\u00ebrdorura n\u00eb matjet profesionale. I projektuar n\u00eb nj\u00eb dizajn GX n\u00eb stilin zviceran, ky nivelues dixhital ofron sakt\u00ebsi dhe stabilitet t\u00eb jasht\u00ebzakonsh\u00ebm, duke siguruar q\u00eb instrumentet t\u00eb jen\u00eb t\u00eb niveluara n\u00eb m\u00ebnyr\u00eb t\u00eb p\u00ebrkryer p\u00ebr matje t\u00eb besueshme n\u00eb terren.<\/p>\n<p><img fetchpriority=\"high\" decoding=\"async\" class=\"aligncenter wp-image-5437\" src=\"https:\/\/mountlaser.com\/wp-content\/uploads\/2025\/12\/BL072.webp\" alt=\"Digital bubble level\" width=\"500\" height=\"500\" srcset=\"https:\/\/mountlaser.com\/wp-content\/uploads\/2025\/12\/BL072.webp 1000w, https:\/\/mountlaser.com\/wp-content\/uploads\/2025\/12\/BL072-300x300.webp 300w, https:\/\/mountlaser.com\/wp-content\/uploads\/2025\/12\/BL072-150x150.webp 150w, https:\/\/mountlaser.com\/wp-content\/uploads\/2025\/12\/BL072-768x768.webp 768w, https:\/\/mountlaser.com\/wp-content\/uploads\/2025\/12\/BL072-12x12.webp 12w, https:\/\/mountlaser.com\/wp-content\/uploads\/2025\/12\/BL072-600x600.webp 600w, https:\/\/mountlaser.com\/wp-content\/uploads\/2025\/12\/BL072-800x800.webp 800w, https:\/\/mountlaser.com\/wp-content\/uploads\/2025\/12\/BL072-400x400.webp 400w\" sizes=\"(max-width: 500px) 100vw, 500px\" \/><\/p>\n<p>Si nj\u00eb nivelues fllusk\u00eb p\u00ebr instrumente gjeodezike shum\u00ebfunksionale, ai integrohet pa probleme me stacionet totale, prizmat dhe aksesor\u00ebt e tjer\u00eb t\u00eb gjeodezis\u00eb ku nivelimi i q\u00ebndruesh\u00ebm \u00ebsht\u00eb kritik. I nd\u00ebrtuar p\u00ebr q\u00ebndrueshm\u00ebri dhe sakt\u00ebsi, BL07 u ofron gjeodet\u00ebve nj\u00eb nivel t\u00eb besuesh\u00ebm. <a href=\"https:\/\/mountlaser.com\/sq\/about-us\/\">Niveli dixhital i fllusk\u00ebs<\/a> zgjidhje p\u00ebr t\u00eb gjitha kushtet e k\u00ebrkuara t\u00eb vendndodhjes.<\/p>","protected":false},"excerpt":{"rendered":"<ul>\n<li>Nivelim me precizion t\u00eb lart\u00eb \u2013 Siguron q\u00eb instrumentet e matjes t\u00eb mbeten t\u00eb rreshtuara me sakt\u00ebsi, duke p\u00ebrmir\u00ebsuar besueshm\u00ebrin\u00eb e matjes.<\/li>\n<li>Dizajn GX n\u00eb stilin zviceran \u2013 Struktura e p\u00ebrparuar rrit ndjeshm\u00ebrin\u00eb dhe stabilitetin p\u00ebr p\u00ebrdorim profesional.<\/li>\n<li>Pajtueshm\u00ebri e gjer\u00eb \u2013 Funksionon me tribrak\u00eb, bart\u00ebs, prizma dhe instrumente t\u00eb shumta matjeje.<\/li>\n<li>Nd\u00ebrtim i q\u00ebndruesh\u00ebm \u2013 Nd\u00ebrtuar p\u00ebr t&#039;i b\u00ebr\u00eb ball\u00eb mjediseve t\u00eb ashpra n\u00eb terren, duke ruajtur kalibrimin e q\u00ebndruesh\u00ebm.<\/li>\n<li>Referenc\u00eb e qart\u00eb vizuale \u2013 Ofron lexim t\u00eb shpejt\u00eb dhe intuitiv t\u00eb flluskave, duke zvog\u00ebluar koh\u00ebn e konfigurimit.<\/li>\n<\/ul>","protected":false},"featured_media":5437,"comment_status":"open","ping_status":"closed","template":"","meta":[],"product_brand":[],"product_cat":[79,153],"product_tag":[],"class_list":{"0":"post-5435","1":"product","2":"type-product","3":"status-publish","4":"has-post-thumbnail","6":"product_cat-surveying-accessory","7":"product_cat-bubble-for-tribrach-carrier-prism","9":"first","10":"instock","11":"shipping-taxable","12":"product-type-simple"},"_links":{"self":[{"href":"https:\/\/mountlaser.com\/sq\/wp-json\/wp\/v2\/product\/5435","targetHints":{"allow":["GET"]}}],"collection":[{"href":"https:\/\/mountlaser.com\/sq\/wp-json\/wp\/v2\/product"}],"about":[{"href":"https:\/\/mountlaser.com\/sq\/wp-json\/wp\/v2\/types\/product"}],"replies":[{"embeddable":true,"href":"https:\/\/mountlaser.com\/sq\/wp-json\/wp\/v2\/comments?post=5435"}],"wp:featuredmedia":[{"embeddable":true,"href":"https:\/\/mountlaser.com\/sq\/wp-json\/wp\/v2\/media\/5437"}],"wp:attachment":[{"href":"https:\/\/mountlaser.com\/sq\/wp-json\/wp\/v2\/media?parent=5435"}],"wp:term":[{"taxonomy":"product_brand","embeddable":true,"href":"https:\/\/mountlaser.com\/sq\/wp-json\/wp\/v2\/product_brand?post=5435"},{"taxonomy":"product_cat","embeddable":true,"href":"https:\/\/mountlaser.com\/sq\/wp-json\/wp\/v2\/product_cat?post=5435"},{"taxonomy":"product_tag","embeddable":true,"href":"https:\/\/mountlaser.com\/sq\/wp-json\/wp\/v2\/product_tag?post=5435"}],"curies":[{"name":"wp","href":"https:\/\/api.w.org\/{rel}","templated":true}]}}