{"id":543,"date":"2024-03-28T08:13:14","date_gmt":"2024-03-28T08:13:14","guid":{"rendered":"https:\/\/startersites.io\/blocksy\/pottery\/?post_type=product&#038;p=543"},"modified":"2025-12-01T02:32:34","modified_gmt":"2025-12-01T02:32:34","slug":"ma-dh32-dh36-optical-style-auto-level","status":"publish","type":"product","link":"https:\/\/mountlaser.com\/sq\/produkt\/ma-dh32-dh36-optical-style-auto-level\/","title":{"rendered":"Niveli Automatik i Stilit Optik MA-DH32\/ DH36"},"content":{"rendered":"<p>I\/E\/T\u00eb\/T\u00eb <strong><a href=\"https:\/\/mountlaser.com\/sq\/\">Nivelues Automatik\u00eb MA-DH32\/DH36 me Stil Optik<\/a><\/strong> nga Mountlaser p\u00ebrfaq\u00ebsojn\u00eb gjenerat\u00ebn e ardhshme t\u00eb pajisjeve t\u00eb matjes me nivel optik precize, t\u00eb projektuara p\u00ebr mat\u00ebs q\u00eb k\u00ebrkojn\u00eb sakt\u00ebsi dhe besueshm\u00ebri pa kompromis. K\u00ebto modele jan\u00eb projektuar si opsione automatike t\u00eb nivelimit me cil\u00ebsi t\u00eb lart\u00eb, duke kombinuar p\u00ebrsosm\u00ebrin\u00eb klasike optike me nd\u00ebrtimin modern t\u00eb fuqish\u00ebm.<br \/>\nNivelues Automatik\u00eb MA-DH32\/DH36 me Stil Optik. Duke ofruar nj\u00eb zgjedhje zmadhimi 32x (MA-DH32) ose 36x (MA-DH36) me teleskop\u00eb me imazh t\u00eb drejt\u00eb, ato ofrojn\u00eb pamje t\u00eb mprehta dhe pa shtremb\u00ebrime edhe n\u00eb distanca t\u00eb gjata. Me nj\u00eb kompensator shum\u00eb t\u00eb sakt\u00eb t\u00eb amortizimit t\u00eb ajrit dhe nj\u00eb devijim standard prej vet\u00ebm 1.0 mm p\u00ebr km me dy l\u00ebvizje, k\u00ebto instrumente jan\u00eb nd\u00ebrtuar p\u00ebr aplikime t\u00eb k\u00ebrkuara si vendosja e stampave n\u00eb nd\u00ebrtim, studimet topografike dhe nivelimi inxhinierik.<\/p>\n<p>Strehimi i fort\u00eb \u00ebsht\u00eb vler\u00ebsuar me IP66, i pap\u00ebrshkuesh\u00ebm nga uji n\u00eb nivel t\u00eb lart\u00eb, duke siguruar performanc\u00eb t\u00eb besueshme n\u00eb kushte t\u00eb v\u00ebshtira pune. Si nj\u00eb ofrues i besuesh\u00ebm i<a href=\"https:\/\/mountlaser.com\/sq\/kategori-produkti\/surveying-instrument\/automatic-level\/\"><strong> pajisje p\u00ebr matjen e nivelit optik<\/strong><\/a>, Mountlaser siguron q\u00eb \u00e7do nj\u00ebsi t\u00eb kalibrohet sipas standardeve m\u00eb t\u00eb larta. P\u00ebr profesionist\u00ebt q\u00eb k\u00ebrkojn\u00eb nivelim automatik me cil\u00ebsi t\u00eb lart\u00eb p\u00ebr shitje, serit\u00eb MA-DH32 dhe MA-DH36 ofrojn\u00eb q\u00ebndrueshm\u00ebri, sakt\u00ebsi dhe vler\u00eb t\u00eb jasht\u00ebzakonshme - duke i b\u00ebr\u00eb ato investime ideale p\u00ebr \u00e7do set mjetesh matjeje.<\/p>\n<p>&nbsp;<\/p>\n<p><img fetchpriority=\"high\" decoding=\"async\" class=\"aligncenter wp-image-1896\" src=\"https:\/\/mountlaser.com\/wp-content\/uploads\/2024\/03\/MA-DH328.webp\" alt=\"Optical Level Surveying Equipment\" width=\"500\" height=\"500\" srcset=\"https:\/\/mountlaser.com\/wp-content\/uploads\/2024\/03\/MA-DH328.webp 1000w, https:\/\/mountlaser.com\/wp-content\/uploads\/2024\/03\/MA-DH328-300x300.webp 300w, https:\/\/mountlaser.com\/wp-content\/uploads\/2024\/03\/MA-DH328-400x400.webp 400w, https:\/\/mountlaser.com\/wp-content\/uploads\/2024\/03\/MA-DH328-800x800.webp 800w, https:\/\/mountlaser.com\/wp-content\/uploads\/2024\/03\/MA-DH328-600x600.webp 600w, https:\/\/mountlaser.com\/wp-content\/uploads\/2024\/03\/MA-DH328-150x150.webp 150w, https:\/\/mountlaser.com\/wp-content\/uploads\/2024\/03\/MA-DH328-768x768.webp 768w, https:\/\/mountlaser.com\/wp-content\/uploads\/2024\/03\/MA-DH328-12x12.webp 12w\" sizes=\"(max-width: 500px) 100vw, 500px\" \/><\/p>\n<p><strong><a href=\"https:\/\/mountlaser.com\/sq\/contact-us\/\">Stili Optik i Nivelit Automatik<\/a> Specifikimet<\/strong><\/p>\n<table style=\"border-collapse: collapse; width: 810.77pt;\" border=\"0\" width=\"1081\" cellspacing=\"0\" cellpadding=\"0\">\n<tbody>\n<tr style=\"height: 14.25pt;\">\n<td class=\"et2\" style=\"height: 14.25pt; width: 322.50pt;\" width=\"430\" height=\"19\">Modeli Nr.<\/td>\n<td class=\"et2\" style=\"width: 141.00pt;\" width=\"188\">MA-DH32<\/td>\n<td class=\"et2\" style=\"width: 88.50pt;\" width=\"118\">MA-DH36<\/td>\n<td class=\"et2\" style=\"width: 82.50pt;\" width=\"110\">MA-DH32L<\/td>\n<td class=\"et3\" style=\"width: 176.25pt;\" width=\"235\">MA-DH36L<\/td>\n<\/tr>\n<tr style=\"height: 14.25pt;\">\n<td class=\"et2\" style=\"height: 14.25pt;\" height=\"19\">Distanca e pun\u00ebs<\/td>\n<td class=\"et4\" colspan=\"4\">60m<\/td>\n<\/tr>\n<tr style=\"height: 14.25pt;\">\n<td class=\"et2\" style=\"height: 14.25pt;\" height=\"19\">Devijimi Standard p\u00ebr 1 km vrapim t\u00eb dyfisht\u00eb<\/td>\n<td class=\"et4\" colspan=\"4\">1.0 mm<\/td>\n<\/tr>\n<tr style=\"height: 14.25pt;\">\n<td class=\"et2\" style=\"height: 14.25pt;\" height=\"19\">Zmadhimi i Teleskopit<\/td>\n<td class=\"et2\">32X<\/td>\n<td class=\"et2\">36X<\/td>\n<td class=\"et2\">32X<\/td>\n<td class=\"et3\">36X<\/td>\n<\/tr>\n<tr style=\"height: 14.25pt;\">\n<td class=\"et2\" style=\"height: 14.25pt;\" height=\"19\">Imazh Teleskopi<\/td>\n<td class=\"et4\" colspan=\"4\">Ngrit<\/td>\n<\/tr>\n<tr style=\"height: 14.25pt;\">\n<td class=\"et2\" style=\"height: 14.25pt;\" height=\"19\">Distanca m\u00eb e shkurt\u00ebr e fokusimit<\/td>\n<td class=\"et4\" colspan=\"4\">0.4 m<\/td>\n<\/tr>\n<tr style=\"height: 14.25pt;\">\n<td class=\"et2\" style=\"height: 14.25pt;\" height=\"19\">Gabim n\u00eb distanc\u00ebn e shikimit<\/td>\n<td class=\"et4\" colspan=\"4\">\u2264\u00b10.4%<\/td>\n<\/tr>\n<tr style=\"height: 14.25pt;\">\n<td class=\"et2\" style=\"height: 14.25pt;\" height=\"19\">Madh\u00ebsia efektive e hapjes s\u00eb lentes s\u00eb objektit<\/td>\n<td class=\"et4\" colspan=\"4\">42 mm<\/td>\n<\/tr>\n<tr style=\"height: 14.25pt;\">\n<td class=\"et2\" style=\"height: 14.25pt;\" height=\"19\">Gabim n\u00eb fokusim<\/td>\n<td class=\"et4\" colspan=\"4\">\u22641 mm<\/td>\n<\/tr>\n<tr style=\"height: 14.25pt;\">\n<td class=\"et2\" style=\"height: 14.25pt;\" height=\"19\">Lloji i Kompensatorit<\/td>\n<td class=\"et4\" colspan=\"4\">Var\u00ebse teli n\u00eb form\u00eb X me amortizim magnetik<\/td>\n<\/tr>\n<tr style=\"height: 14.25pt;\">\n<td class=\"et2\" style=\"height: 14.25pt;\" height=\"19\">Kompensimi i Gabimit<\/td>\n<td class=\"et4\" colspan=\"4\">\u22640.2\u2033<\/td>\n<\/tr>\n<tr style=\"height: 14.25pt;\">\n<td class=\"et2\" style=\"height: 14.25pt;\" height=\"19\">Rrjet\u00eb<\/td>\n<td class=\"et4\" colspan=\"4\">Form\u00eb pyk\u00eb<\/td>\n<\/tr>\n<tr style=\"height: 14.25pt;\">\n<td class=\"et2\" style=\"height: 14.25pt;\" height=\"19\">Vendosja e Sakt\u00ebsis\u00eb<\/td>\n<td class=\"et4\" colspan=\"4\">\u00b10.3\u2033<\/td>\n<\/tr>\n<tr style=\"height: 14.25pt;\">\n<td class=\"et2\" style=\"height: 14.25pt;\" height=\"19\">I pap\u00ebrshkuesh\u00ebm nga uji dhe pluhuri<\/td>\n<td class=\"et4\" colspan=\"4\">IP66 Niveli i Lart\u00eb i pap\u00ebrshkuesh\u00ebm nga uji<\/td>\n<\/tr>\n<tr style=\"height: 14.25pt;\">\n<td class=\"et2\" style=\"height: 14.25pt;\" height=\"19\">Aksesori Standard<\/td>\n<td class=\"et4\" colspan=\"4\">Plumb Bob, Manual, Kunj Rregullues, Kuti Plastike<\/td>\n<\/tr>\n<tr style=\"height: 14.25pt;\">\n<td class=\"et2\" style=\"height: 14.25pt;\" height=\"19\">Gjat\u00ebsia e val\u00ebs s\u00eb lazerit<\/td>\n<td class=\"et7\" style=\"border-right: .5pt solid #000000;\" colspan=\"2\">&#8212;<\/td>\n<td class=\"et4\" colspan=\"2\">Rreze e Kuqe 635nm<\/td>\n<\/tr>\n<tr style=\"height: 14.25pt;\">\n<td class=\"et2\" style=\"height: 14.25pt;\" height=\"19\">Diapazoni efektiv<\/td>\n<td class=\"et7\" style=\"border-right: .5pt solid #000000;\" colspan=\"2\">&#8212;<\/td>\n<td class=\"et7\" style=\"border-right: .5pt solid #000000;\" colspan=\"2\">200m (Nata)<\/td>\n<\/tr>\n<tr style=\"height: 14.25pt;\">\n<td class=\"et2\" style=\"height: 14.25pt;\" height=\"19\">Madh\u00ebsia e Vendit<\/td>\n<td class=\"et7\" style=\"border-right: .5pt solid #000000;\" colspan=\"2\">&#8212;<\/td>\n<td class=\"et7\" style=\"border-right: .5pt solid #000000;\" colspan=\"2\">5 mm\/100 m<\/td>\n<\/tr>\n<tr style=\"height: 14.25pt;\">\n<td class=\"et2\" style=\"height: 14.25pt;\" height=\"19\">Qendra e Spotit dhe Devijimi i Boshtit Vizual<\/td>\n<td class=\"et7\" style=\"border-right: .5pt solid #000000;\" colspan=\"2\">&#8212;<\/td>\n<td class=\"et7\" style=\"border-right: .5pt solid #000000;\" colspan=\"2\">5\u2033<\/td>\n<\/tr>\n<tr style=\"height: 14.25pt;\">\n<td class=\"et2\" style=\"height: 14.25pt;\" height=\"19\">Powar<\/td>\n<td class=\"et7\" style=\"border-right: .5pt solid #000000;\" colspan=\"2\">&#8212;<\/td>\n<td class=\"et7\" style=\"border-right: .5pt solid #000000;\" colspan=\"2\">Bateri Li-ion 3.7V 2000mAh<\/td>\n<\/tr>\n<tr style=\"height: 14.25pt;\">\n<td class=\"et2\" style=\"height: 14.25pt;\" height=\"19\">Lloji i lidh\u00ebsit<\/td>\n<td class=\"et7\" style=\"border-right: .5pt solid #000000;\" colspan=\"2\">&#8212;<\/td>\n<td class=\"et7\" style=\"border-right: .5pt solid #000000;\" colspan=\"2\">Tipi C<\/td>\n<\/tr>\n<tr style=\"height: 14.25pt;\">\n<td class=\"et2\" style=\"height: 14.25pt;\" height=\"19\">Orari i Pun\u00ebs<\/td>\n<td class=\"et7\" style=\"border-right: .5pt solid #000000;\" colspan=\"2\">&#8212;<\/td>\n<td class=\"et7\" style=\"border-right: .5pt solid #000000;\" colspan=\"2\">&gt;70 Or\u00eb<\/td>\n<\/tr>\n<tr style=\"height: 14.25pt;\">\n<td class=\"et2\" style=\"height: 14.25pt;\" height=\"19\">Temperatura e pun\u00ebs<\/td>\n<td class=\"et7\" style=\"border-right: .5pt solid #000000;\" colspan=\"2\">&#8212;<\/td>\n<td class=\"et7\" style=\"border-right: .5pt solid #000000;\" colspan=\"2\">-10\u2103-+60\u2103<\/td>\n<\/tr>\n<tr style=\"height: 14.25pt;\">\n<td class=\"et10\" style=\"height: 14.25pt;\" height=\"19\">Pesha neto<\/td>\n<td class=\"et4\" colspan=\"4\">1.85 kg<\/td>\n<\/tr>\n<\/tbody>\n<\/table>","protected":false},"excerpt":{"rendered":"<ul>\n<li>Niveluesit automatik\u00eb optik\u00eb MA-DH32\/DH36 ofrojn\u00eb performanc\u00eb t\u00eb nivelit profesional p\u00ebr nj\u00eb gam\u00eb t\u00eb gjer\u00eb detyrash matjeje.<\/li>\n<li>Si pajisje p\u00ebr matje optike t\u00eb nivelit me precizion t\u00eb lart\u00eb<\/li>\n<li>Ato jan\u00eb t\u00eb forta dhe miq\u00ebsore p\u00ebr p\u00ebrdoruesit, duke ofruar vler\u00eb t\u00eb jasht\u00ebzakonshme si nj\u00eb nivel automatik me cil\u00ebsi t\u00eb lart\u00eb p\u00ebr shitje.<\/li>\n<\/ul>","protected":false},"featured_media":1894,"comment_status":"open","ping_status":"closed","template":"","meta":[],"product_brand":[],"product_cat":[15,140],"product_tag":[],"class_list":{"0":"post-543","1":"product","2":"type-product","3":"status-publish","4":"has-post-thumbnail","6":"product_cat-surveying-instrument","7":"product_cat-automatic-level","9":"first","10":"instock","11":"shipping-taxable","12":"product-type-simple"},"_links":{"self":[{"href":"https:\/\/mountlaser.com\/sq\/wp-json\/wp\/v2\/product\/543","targetHints":{"allow":["GET"]}}],"collection":[{"href":"https:\/\/mountlaser.com\/sq\/wp-json\/wp\/v2\/product"}],"about":[{"href":"https:\/\/mountlaser.com\/sq\/wp-json\/wp\/v2\/types\/product"}],"replies":[{"embeddable":true,"href":"https:\/\/mountlaser.com\/sq\/wp-json\/wp\/v2\/comments?post=543"}],"wp:featuredmedia":[{"embeddable":true,"href":"https:\/\/mountlaser.com\/sq\/wp-json\/wp\/v2\/media\/1894"}],"wp:attachment":[{"href":"https:\/\/mountlaser.com\/sq\/wp-json\/wp\/v2\/media?parent=543"}],"wp:term":[{"taxonomy":"product_brand","embeddable":true,"href":"https:\/\/mountlaser.com\/sq\/wp-json\/wp\/v2\/product_brand?post=543"},{"taxonomy":"product_cat","embeddable":true,"href":"https:\/\/mountlaser.com\/sq\/wp-json\/wp\/v2\/product_cat?post=543"},{"taxonomy":"product_tag","embeddable":true,"href":"https:\/\/mountlaser.com\/sq\/wp-json\/wp\/v2\/product_tag?post=543"}],"curies":[{"name":"wp","href":"https:\/\/api.w.org\/{rel}","templated":true}]}}