{"id":541,"date":"2024-03-28T08:11:43","date_gmt":"2024-03-28T08:11:43","guid":{"rendered":"https:\/\/startersites.io\/blocksy\/pottery\/?post_type=product&#038;p=541"},"modified":"2025-12-01T02:38:10","modified_gmt":"2025-12-01T02:38:10","slug":"ma-e32-auto-level","status":"publish","type":"product","link":"https:\/\/mountlaser.com\/sq\/produkt\/ma-e32-auto-level\/","title":{"rendered":"Niveli Automatik MA-E32"},"content":{"rendered":"<p>I\/E\/T\u00eb\/T\u00eb <a href=\"https:\/\/mountlaser.com\/sq\/\"><strong>Niveli Automatik MA-E32<\/strong><\/a> \u00cbsht\u00eb projektuar p\u00ebr profesionist\u00eb q\u00eb k\u00ebrkojn\u00eb sakt\u00ebsi dhe q\u00ebndrueshm\u00ebri t\u00eb jasht\u00ebzakonshme n\u00eb matjet automatike t\u00eb nivelit. I projektuar me nj\u00eb kompensator t\u00eb nivelit japonez p\u00ebr stabilitet superior, ky instrument ofron performanc\u00eb t\u00eb besueshme edhe n\u00eb kushte t\u00eb v\u00ebshtira. Me zmadhim 32x, nj\u00eb teleskop me imazh t\u00eb drejt\u00eb dhe nj\u00eb devijim standard mbres\u00ebl\u00ebn\u00ebs prej 1.0 mm p\u00ebr km me dy kalime, MA-E32 siguron matje t\u00eb sakta p\u00ebr aplikimet e nd\u00ebrtimit, inxhinieris\u00eb dhe matjeve t\u00eb tok\u00ebs. Vler\u00ebsimi i tij i lart\u00eb IP66 i pap\u00ebrshkuesh\u00ebm nga uji dhe pluhuri e b\u00ebn at\u00eb nj\u00eb nga nivelet automatike t\u00eb matjeve m\u00eb t\u00eb fuqishme n\u00eb dispozicion, t\u00eb aft\u00eb t\u00eb funksionoj\u00eb n\u00eb mjedise t\u00eb ashpra ku mjetet e tjera mund t\u00eb d\u00ebshtojn\u00eb.<\/p>\n<p>Ky model ilustron t\u00eb p\u00ebrparuarin <a href=\"https:\/\/mountlaser.com\/sq\/kategori-produkti\/surveying-instrument\/automatic-level\/\"><strong>matje automatike e nivelit<\/strong><\/a> teknologji, q\u00eb paraqet nj\u00eb kompensator amortizimi magnetik t\u00eb pezullimit t\u00eb telit n\u00eb form\u00eb X me nj\u00eb gabim prej \u22640.4\u201d p\u00ebr konfigurim t\u00eb shpejt\u00eb dhe t\u00eb sakt\u00eb. P\u00ebr topograf\u00ebt q\u00eb k\u00ebrkojn\u00eb nivele automatike t\u00eb matjes me performanc\u00eb t\u00eb lart\u00eb, MA-E32 ofron nj\u00eb ekuilib\u00ebr t\u00eb p\u00ebrsosur t\u00eb qart\u00ebsis\u00eb optike, q\u00ebndrueshm\u00ebris\u00eb dhe leht\u00ebsis\u00eb s\u00eb p\u00ebrdorimit, duke e b\u00ebr\u00eb at\u00eb nj\u00eb zgjedhje ideale p\u00ebr projekte kritike.<\/p>\n<p><img fetchpriority=\"high\" decoding=\"async\" class=\"aligncenter wp-image-1900\" src=\"https:\/\/mountlaser.com\/wp-content\/uploads\/2024\/03\/MA-E325.webp\" alt=\"Automatic level surveying\" width=\"500\" height=\"500\" srcset=\"https:\/\/mountlaser.com\/wp-content\/uploads\/2024\/03\/MA-E325.webp 1000w, https:\/\/mountlaser.com\/wp-content\/uploads\/2024\/03\/MA-E325-300x300.webp 300w, https:\/\/mountlaser.com\/wp-content\/uploads\/2024\/03\/MA-E325-400x400.webp 400w, https:\/\/mountlaser.com\/wp-content\/uploads\/2024\/03\/MA-E325-800x800.webp 800w, https:\/\/mountlaser.com\/wp-content\/uploads\/2024\/03\/MA-E325-600x600.webp 600w, https:\/\/mountlaser.com\/wp-content\/uploads\/2024\/03\/MA-E325-150x150.webp 150w, https:\/\/mountlaser.com\/wp-content\/uploads\/2024\/03\/MA-E325-768x768.webp 768w, https:\/\/mountlaser.com\/wp-content\/uploads\/2024\/03\/MA-E325-12x12.webp 12w\" sizes=\"(max-width: 500px) 100vw, 500px\" \/><\/p>\n<p>&nbsp;<\/p>\n<p><strong><a href=\"https:\/\/mountlaser.com\/sq\/about-us\/\">Niveli Automatik MA-E32<\/a> Specifikimet<\/strong><\/p>\n<table style=\"border-collapse: collapse; width: 631.52pt;\" border=\"0\" width=\"842\" cellspacing=\"0\" cellpadding=\"0\">\n<tbody>\n<tr style=\"height: 14.25pt;\">\n<td class=\"et2\" style=\"height: 14.25pt; width: 322.50pt;\" width=\"430\" height=\"19\">Modeli Nr.<\/td>\n<td class=\"et3\" style=\"width: 309.00pt;\" width=\"412\">MA-E32<\/td>\n<\/tr>\n<tr style=\"height: 14.25pt;\">\n<td class=\"et4\" style=\"height: 14.25pt;\" height=\"19\">Distanca e pun\u00ebs<\/td>\n<td class=\"et5\">60m<\/td>\n<\/tr>\n<tr style=\"height: 14.25pt;\">\n<td class=\"et4\" style=\"height: 14.25pt;\" height=\"19\">Devijimi Standard p\u00ebr 1 km vrapim t\u00eb dyfisht\u00eb<\/td>\n<td class=\"et5\">1.0 mm<\/td>\n<\/tr>\n<tr style=\"height: 14.25pt;\">\n<td class=\"et4\" style=\"height: 14.25pt;\" height=\"19\">Zmadhimi i Teleskopit<\/td>\n<td class=\"et5\">32X<\/td>\n<\/tr>\n<tr style=\"height: 14.25pt;\">\n<td class=\"et4\" style=\"height: 14.25pt;\" height=\"19\">Imazh Teleskopi<\/td>\n<td class=\"et5\">Ngrit<\/td>\n<\/tr>\n<tr style=\"height: 14.25pt;\">\n<td class=\"et4\" style=\"height: 14.25pt;\" height=\"19\">Distanca m\u00eb e shkurt\u00ebr e fokusimit<\/td>\n<td class=\"et5\">0.5 m<\/td>\n<\/tr>\n<tr style=\"height: 14.25pt;\">\n<td class=\"et4\" style=\"height: 14.25pt;\" height=\"19\">Gabim n\u00eb distanc\u00ebn e shikimit<\/td>\n<td class=\"et5\">\u2264\u00b10.4%<\/td>\n<\/tr>\n<tr style=\"height: 14.25pt;\">\n<td class=\"et4\" style=\"height: 14.25pt;\" height=\"19\">Madh\u00ebsia efektive e hapjes s\u00eb lentes s\u00eb objektit<\/td>\n<td class=\"et5\">36 mm<\/td>\n<\/tr>\n<tr style=\"height: 14.25pt;\">\n<td class=\"et4\" style=\"height: 14.25pt;\" height=\"19\">Gabim n\u00eb fokusim<\/td>\n<td class=\"et5\">\u22641 mm<\/td>\n<\/tr>\n<tr style=\"height: 14.25pt;\">\n<td class=\"et4\" style=\"height: 14.25pt;\" height=\"19\">Lloji i Kompensatorit<\/td>\n<td class=\"et5\">Zbutje Magnetike me Tel n\u00eb Form\u00eb X p\u00ebr Varje<\/td>\n<\/tr>\n<tr style=\"height: 14.25pt;\">\n<td class=\"et4\" style=\"height: 14.25pt;\" height=\"19\">Kompensimi i Gabimit<\/td>\n<td class=\"et5\">\u22640.4\u201d<\/td>\n<\/tr>\n<tr style=\"height: 14.25pt;\">\n<td class=\"et4\" style=\"height: 14.25pt;\" height=\"19\">Rrjet\u00eb<\/td>\n<td class=\"et5\">Form\u00eb pyk\u00eb<\/td>\n<\/tr>\n<tr style=\"height: 14.25pt;\">\n<td class=\"et4\" style=\"height: 14.25pt;\" height=\"19\">Vendosja e Sakt\u00ebsis\u00eb<\/td>\n<td class=\"et5\">\u00b10.3\u201d<\/td>\n<\/tr>\n<tr style=\"height: 14.25pt;\">\n<td class=\"et4\" style=\"height: 14.25pt;\" height=\"19\">I pap\u00ebrshkuesh\u00ebm nga uji dhe pluhuri<\/td>\n<td class=\"et5\">IP66 Niveli i lart\u00eb i pap\u00ebrshkuesh\u00ebm nga uji<\/td>\n<\/tr>\n<tr style=\"height: 14.25pt;\">\n<td class=\"et4\" style=\"height: 14.25pt;\" height=\"19\">Aksesori Standard<\/td>\n<td class=\"et5\">Plumb Bob, Manual, Kunj Rregullues, Kuti Plastike<\/td>\n<\/tr>\n<tr style=\"height: 14.25pt;\">\n<td class=\"et6\" style=\"height: 14.25pt;\" height=\"19\">Pesha neto<\/td>\n<td class=\"et7\">1.7 kg<\/td>\n<\/tr>\n<\/tbody>\n<\/table>","protected":false},"excerpt":{"rendered":"<ul>\n<li>Optik\u00eb me precizion t\u00eb lart\u00eb: teleskop i ngritur me zmadhim 32x me gabim n\u00eb distanc\u00ebn e shikimit \u2264\u00b10.4%.<\/li>\n<li>Kompensator i Avancuar: Sistem amortizimi magnetik i pezullimit t\u00eb telit n\u00eb form\u00eb X (gabim \u22640.4\u201d).<\/li>\n<li>Dizajn ergonomik: P\u00ebrfshin bobin\u00ebn plumb\u00e7e, manualin, kunjin rregullues dhe kutin\u00eb p\u00ebr efikasitet n\u00eb terren.<\/li>\n<\/ul>","protected":false},"featured_media":1898,"comment_status":"open","ping_status":"closed","template":"","meta":[],"product_brand":[],"product_cat":[15,140],"product_tag":[],"class_list":{"0":"post-541","1":"product","2":"type-product","3":"status-publish","4":"has-post-thumbnail","6":"product_cat-surveying-instrument","7":"product_cat-automatic-level","9":"first","10":"instock","11":"shipping-taxable","12":"product-type-simple"},"_links":{"self":[{"href":"https:\/\/mountlaser.com\/sq\/wp-json\/wp\/v2\/product\/541","targetHints":{"allow":["GET"]}}],"collection":[{"href":"https:\/\/mountlaser.com\/sq\/wp-json\/wp\/v2\/product"}],"about":[{"href":"https:\/\/mountlaser.com\/sq\/wp-json\/wp\/v2\/types\/product"}],"replies":[{"embeddable":true,"href":"https:\/\/mountlaser.com\/sq\/wp-json\/wp\/v2\/comments?post=541"}],"wp:featuredmedia":[{"embeddable":true,"href":"https:\/\/mountlaser.com\/sq\/wp-json\/wp\/v2\/media\/1898"}],"wp:attachment":[{"href":"https:\/\/mountlaser.com\/sq\/wp-json\/wp\/v2\/media?parent=541"}],"wp:term":[{"taxonomy":"product_brand","embeddable":true,"href":"https:\/\/mountlaser.com\/sq\/wp-json\/wp\/v2\/product_brand?post=541"},{"taxonomy":"product_cat","embeddable":true,"href":"https:\/\/mountlaser.com\/sq\/wp-json\/wp\/v2\/product_cat?post=541"},{"taxonomy":"product_tag","embeddable":true,"href":"https:\/\/mountlaser.com\/sq\/wp-json\/wp\/v2\/product_tag?post=541"}],"curies":[{"name":"wp","href":"https:\/\/api.w.org\/{rel}","templated":true}]}}