{"id":5400,"date":"2025-12-05T00:57:10","date_gmt":"2025-12-05T00:57:10","guid":{"rendered":"https:\/\/mountlaser.com\/?post_type=product&#038;p=5400"},"modified":"2025-12-05T01:44:11","modified_gmt":"2025-12-05T01:44:11","slug":"bl21-series-prism-bubble-level","status":"publish","type":"product","link":"https:\/\/mountlaser.com\/sq\/produkt\/bl21-series-prism-bubble-level\/","title":{"rendered":"Niveli i flluskave prizmatike t\u00eb seris\u00eb BL21"},"content":{"rendered":"<p>I\/E\/T\u00eb\/T\u00eb <a href=\"https:\/\/mountlaser.com\/sq\/products\/\"><strong>Niveli i fllusk\u00ebs s\u00eb gjelb\u00ebr<\/strong><\/a>Seria l nga Mountlaser \u00ebsht\u00eb projektuar p\u00ebr t\u00eb ofruar performanc\u00eb t\u00eb sakt\u00eb nivelimi p\u00ebr tribrak\u00eb, bart\u00ebs dhe nj\u00eb gam\u00eb t\u00eb gjer\u00eb sistemesh prizmash. \u00c7do nivel fllusk\u00eb jeshile \u00ebsht\u00eb projektuar p\u00ebr integrim t\u00eb p\u00ebrsosur, duke ofruar lexime t\u00eb q\u00ebndrueshme dhe t\u00eb sakta thelb\u00ebsore p\u00ebr shtrirjen e matjeve. Si nj\u00eb nivel i dedikuar <a href=\"https:\/\/mountlaser.com\/sq\/\"><strong>Fllusk\u00eb p\u00ebr Prizm\u00ebn<\/strong><\/a> zgjidhje, ajo siguron dukshm\u00ebri t\u00eb lart\u00eb, q\u00ebndrueshm\u00ebri afatgjat\u00eb dhe performanc\u00eb t\u00eb besueshme edhe n\u00eb mjedise t\u00eb v\u00ebshtira n\u00eb terren.<\/p>\n<div>\n<table style=\"border-collapse: collapse; width: 309.77pt;\" border=\"0\" width=\"413\" cellspacing=\"0\" cellpadding=\"0\">\n<tbody>\n<tr style=\"height: 14.25pt;\">\n<td class=\"et2\" style=\"height: 14.25pt; width: 99.75pt;\" width=\"133\" height=\"19\">BL21<\/td>\n<td class=\"et3\" style=\"width: 101.25pt;\" width=\"135\">P\u00ebr Mini Prism MP061<\/td>\n<td style=\"width: 108.75pt;\" width=\"145\"><img fetchpriority=\"high\" decoding=\"async\" class=\"alignnone wp-image-5401\" src=\"https:\/\/mountlaser.com\/wp-content\/uploads\/2025\/12\/BL211.webp\" alt=\"Green Bubble Level\" width=\"500\" height=\"500\" srcset=\"https:\/\/mountlaser.com\/wp-content\/uploads\/2025\/12\/BL211.webp 1000w, https:\/\/mountlaser.com\/wp-content\/uploads\/2025\/12\/BL211-300x300.webp 300w, https:\/\/mountlaser.com\/wp-content\/uploads\/2025\/12\/BL211-150x150.webp 150w, https:\/\/mountlaser.com\/wp-content\/uploads\/2025\/12\/BL211-768x768.webp 768w, https:\/\/mountlaser.com\/wp-content\/uploads\/2025\/12\/BL211-12x12.webp 12w, https:\/\/mountlaser.com\/wp-content\/uploads\/2025\/12\/BL211-600x600.webp 600w, https:\/\/mountlaser.com\/wp-content\/uploads\/2025\/12\/BL211-800x800.webp 800w, https:\/\/mountlaser.com\/wp-content\/uploads\/2025\/12\/BL211-400x400.webp 400w\" sizes=\"(max-width: 500px) 100vw, 500px\" \/><\/td>\n<\/tr>\n<tr style=\"height: 14.25pt;\">\n<td class=\"et2\" style=\"height: 14.25pt;\" height=\"19\">BL31<\/td>\n<td class=\"et3\">P\u00ebr Mini Prism SP060\/063<\/td>\n<td><img decoding=\"async\" class=\"alignnone wp-image-5407\" src=\"https:\/\/mountlaser.com\/wp-content\/uploads\/2025\/12\/BL312.webp\" alt=\"Green Bubble Level\" width=\"500\" height=\"500\" srcset=\"https:\/\/mountlaser.com\/wp-content\/uploads\/2025\/12\/BL312.webp 1000w, https:\/\/mountlaser.com\/wp-content\/uploads\/2025\/12\/BL312-300x300.webp 300w, https:\/\/mountlaser.com\/wp-content\/uploads\/2025\/12\/BL312-150x150.webp 150w, https:\/\/mountlaser.com\/wp-content\/uploads\/2025\/12\/BL312-768x768.webp 768w, https:\/\/mountlaser.com\/wp-content\/uploads\/2025\/12\/BL312-12x12.webp 12w, https:\/\/mountlaser.com\/wp-content\/uploads\/2025\/12\/BL312-600x600.webp 600w, https:\/\/mountlaser.com\/wp-content\/uploads\/2025\/12\/BL312-800x800.webp 800w, https:\/\/mountlaser.com\/wp-content\/uploads\/2025\/12\/BL312-400x400.webp 400w\" sizes=\"(max-width: 500px) 100vw, 500px\" \/><\/td>\n<\/tr>\n<tr style=\"height: 14.25pt;\">\n<td class=\"et2\" style=\"height: 14.25pt;\" height=\"19\">BL32<\/td>\n<td class=\"et4\">P\u00ebr Mini Prism SP065<\/td>\n<td><img decoding=\"async\" class=\"alignnone wp-image-5413\" src=\"https:\/\/mountlaser.com\/wp-content\/uploads\/2025\/12\/BL322.webp\" alt=\"Green Bubble Level\" width=\"500\" height=\"500\" srcset=\"https:\/\/mountlaser.com\/wp-content\/uploads\/2025\/12\/BL322.webp 1000w, https:\/\/mountlaser.com\/wp-content\/uploads\/2025\/12\/BL322-300x300.webp 300w, https:\/\/mountlaser.com\/wp-content\/uploads\/2025\/12\/BL322-150x150.webp 150w, https:\/\/mountlaser.com\/wp-content\/uploads\/2025\/12\/BL322-768x768.webp 768w, https:\/\/mountlaser.com\/wp-content\/uploads\/2025\/12\/BL322-12x12.webp 12w, https:\/\/mountlaser.com\/wp-content\/uploads\/2025\/12\/BL322-600x600.webp 600w, https:\/\/mountlaser.com\/wp-content\/uploads\/2025\/12\/BL322-800x800.webp 800w, https:\/\/mountlaser.com\/wp-content\/uploads\/2025\/12\/BL322-400x400.webp 400w\" sizes=\"(max-width: 500px) 100vw, 500px\" \/><\/td>\n<\/tr>\n<tr style=\"height: 14.25pt;\">\n<td class=\"et2\" style=\"height: 14.25pt;\" height=\"19\">BL33<\/td>\n<td class=\"et3\">P\u00ebr Mini Prism SP066<\/td>\n<td class=\"et5\"><img loading=\"lazy\" decoding=\"async\" class=\"alignnone wp-image-5419\" src=\"https:\/\/mountlaser.com\/wp-content\/uploads\/2025\/12\/BL332.webp\" alt=\"Green Bubble Level\" width=\"500\" height=\"500\" srcset=\"https:\/\/mountlaser.com\/wp-content\/uploads\/2025\/12\/BL332.webp 1000w, https:\/\/mountlaser.com\/wp-content\/uploads\/2025\/12\/BL332-300x300.webp 300w, https:\/\/mountlaser.com\/wp-content\/uploads\/2025\/12\/BL332-150x150.webp 150w, https:\/\/mountlaser.com\/wp-content\/uploads\/2025\/12\/BL332-768x768.webp 768w, https:\/\/mountlaser.com\/wp-content\/uploads\/2025\/12\/BL332-12x12.webp 12w, https:\/\/mountlaser.com\/wp-content\/uploads\/2025\/12\/BL332-600x600.webp 600w, https:\/\/mountlaser.com\/wp-content\/uploads\/2025\/12\/BL332-800x800.webp 800w, https:\/\/mountlaser.com\/wp-content\/uploads\/2025\/12\/BL332-400x400.webp 400w\" sizes=\"(max-width: 500px) 100vw, 500px\" \/><\/td>\n<\/tr>\n<tr style=\"height: 14.25pt;\">\n<td class=\"et2\" style=\"height: 14.25pt;\" height=\"19\">BL34<\/td>\n<td class=\"et3\">P\u00ebr Mini Prism SP067<\/td>\n<td class=\"et5\"><img loading=\"lazy\" decoding=\"async\" class=\"alignnone wp-image-5423\" src=\"https:\/\/mountlaser.com\/wp-content\/uploads\/2025\/12\/BL341.webp\" alt=\"Green Bubble Level\" width=\"500\" height=\"500\" srcset=\"https:\/\/mountlaser.com\/wp-content\/uploads\/2025\/12\/BL341.webp 1000w, https:\/\/mountlaser.com\/wp-content\/uploads\/2025\/12\/BL341-300x300.webp 300w, https:\/\/mountlaser.com\/wp-content\/uploads\/2025\/12\/BL341-150x150.webp 150w, https:\/\/mountlaser.com\/wp-content\/uploads\/2025\/12\/BL341-768x768.webp 768w, https:\/\/mountlaser.com\/wp-content\/uploads\/2025\/12\/BL341-12x12.webp 12w, https:\/\/mountlaser.com\/wp-content\/uploads\/2025\/12\/BL341-600x600.webp 600w, https:\/\/mountlaser.com\/wp-content\/uploads\/2025\/12\/BL341-800x800.webp 800w, https:\/\/mountlaser.com\/wp-content\/uploads\/2025\/12\/BL341-400x400.webp 400w\" sizes=\"(max-width: 500px) 100vw, 500px\" \/><\/td>\n<\/tr>\n<tr style=\"height: 14.25pt;\">\n<td class=\"et2\" style=\"height: 14.25pt;\" height=\"19\">BL35<\/td>\n<td class=\"et3\">P\u00ebr Mini Prism SP068<\/td>\n<td><img loading=\"lazy\" decoding=\"async\" class=\"alignnone wp-image-5429\" src=\"https:\/\/mountlaser.com\/wp-content\/uploads\/2025\/12\/BL351.webp\" alt=\"Green Bubble Level\" width=\"500\" height=\"500\" srcset=\"https:\/\/mountlaser.com\/wp-content\/uploads\/2025\/12\/BL351.webp 1000w, https:\/\/mountlaser.com\/wp-content\/uploads\/2025\/12\/BL351-300x300.webp 300w, https:\/\/mountlaser.com\/wp-content\/uploads\/2025\/12\/BL351-150x150.webp 150w, https:\/\/mountlaser.com\/wp-content\/uploads\/2025\/12\/BL351-768x768.webp 768w, https:\/\/mountlaser.com\/wp-content\/uploads\/2025\/12\/BL351-12x12.webp 12w, https:\/\/mountlaser.com\/wp-content\/uploads\/2025\/12\/BL351-600x600.webp 600w, https:\/\/mountlaser.com\/wp-content\/uploads\/2025\/12\/BL351-800x800.webp 800w, https:\/\/mountlaser.com\/wp-content\/uploads\/2025\/12\/BL351-400x400.webp 400w\" sizes=\"(max-width: 500px) 100vw, 500px\" \/><\/td>\n<\/tr>\n<\/tbody>\n<\/table>\n<p>\u00c7do Nivel i Gjelb\u00ebr me Flluska paraqet stabilitet t\u00eb shk\u00eblqyer t\u00eb l\u00ebngjeve dhe shenja t\u00eb qarta referimi, duke e b\u00ebr\u00eb t\u00eb leht\u00eb p\u00ebr mat\u00ebsit t\u00eb arrijn\u00eb orientimin e sakt\u00eb t\u00eb instrumenteve. N\u00ebse p\u00ebrdoret si <a href=\"https:\/\/mountlaser.com\/sq\/contact-us\/\">Fllusk\u00eb p\u00ebr Prizm\u00ebn<\/a> ose t\u00eb instaluara n\u00eb tribrak\u00eb dhe bart\u00ebs, k\u00ebto shishe rrisin sakt\u00ebsin\u00eb e matjes n\u00eb t\u00eb gjitha aplikimet e nd\u00ebrtimit, hart\u00ebzimit dhe inxhinieris\u00eb.<\/p>\n<\/div>","protected":false},"excerpt":{"rendered":"<ul>\n<li>Niveli i flluskave jeshile me dukshm\u00ebri t\u00eb lart\u00eb siguron nivelim t\u00eb shpejt\u00eb dhe t\u00eb sakt\u00eb n\u00eb t\u00eb gjitha kushtet e ndri\u00e7imit, duke rritur sakt\u00ebsin\u00eb e matjes.<\/li>\n<li>P\u00ebrputhshm\u00ebri perfekte si sistemet Bubble for Prism, t\u00eb projektuara p\u00ebr t&#039;u p\u00ebrputhur me modele t\u00eb shumta mini-prizmash p\u00ebr instalim pa probleme dhe performanc\u00eb t\u00eb q\u00ebndrueshme.<\/li>\n<li>Nd\u00ebrtimi i q\u00ebndruesh\u00ebm siguron stabilitet dhe rezistenc\u00eb afatgjat\u00eb ndaj kushteve n\u00eb terren, duke zvog\u00ebluar mir\u00ebmbajtjen dhe duke siguruar p\u00ebrdorim t\u00eb besuesh\u00ebm n\u00eb aplikimet profesionale t\u00eb matjeve.<\/li>\n<\/ul>","protected":false},"featured_media":5405,"comment_status":"open","ping_status":"closed","template":"","meta":[],"product_brand":[],"product_cat":[79,153],"product_tag":[],"class_list":{"0":"post-5400","1":"product","2":"type-product","3":"status-publish","4":"has-post-thumbnail","6":"product_cat-surveying-accessory","7":"product_cat-bubble-for-tribrach-carrier-prism","9":"first","10":"instock","11":"shipping-taxable","12":"product-type-simple"},"_links":{"self":[{"href":"https:\/\/mountlaser.com\/sq\/wp-json\/wp\/v2\/product\/5400","targetHints":{"allow":["GET"]}}],"collection":[{"href":"https:\/\/mountlaser.com\/sq\/wp-json\/wp\/v2\/product"}],"about":[{"href":"https:\/\/mountlaser.com\/sq\/wp-json\/wp\/v2\/types\/product"}],"replies":[{"embeddable":true,"href":"https:\/\/mountlaser.com\/sq\/wp-json\/wp\/v2\/comments?post=5400"}],"wp:featuredmedia":[{"embeddable":true,"href":"https:\/\/mountlaser.com\/sq\/wp-json\/wp\/v2\/media\/5405"}],"wp:attachment":[{"href":"https:\/\/mountlaser.com\/sq\/wp-json\/wp\/v2\/media?parent=5400"}],"wp:term":[{"taxonomy":"product_brand","embeddable":true,"href":"https:\/\/mountlaser.com\/sq\/wp-json\/wp\/v2\/product_brand?post=5400"},{"taxonomy":"product_cat","embeddable":true,"href":"https:\/\/mountlaser.com\/sq\/wp-json\/wp\/v2\/product_cat?post=5400"},{"taxonomy":"product_tag","embeddable":true,"href":"https:\/\/mountlaser.com\/sq\/wp-json\/wp\/v2\/product_tag?post=5400"}],"curies":[{"name":"wp","href":"https:\/\/api.w.org\/{rel}","templated":true}]}}