{"id":538,"date":"2024-03-28T08:06:48","date_gmt":"2024-03-28T08:06:48","guid":{"rendered":"https:\/\/startersites.io\/blocksy\/pottery\/?post_type=product&#038;p=538"},"modified":"2025-12-01T03:22:35","modified_gmt":"2025-12-01T03:22:35","slug":"ma-k32-k40-auto-level","status":"publish","type":"product","link":"https:\/\/mountlaser.com\/sq\/produkt\/ma-k32-k40-auto-level\/","title":{"rendered":"Niveli Automatik MA-K32\/ K40"},"content":{"rendered":"<p>I\/E\/T\u00eb\/T\u00eb <a href=\"https:\/\/mountlaser.com\/sq\/\"><strong>Nivelues Automatik\u00eb MA-K32\/K40<\/strong><\/a> nga Mountlaser p\u00ebrfaq\u00ebsojn\u00eb kulmin e inxhinieris\u00eb precize p\u00ebr niveluesit automatik\u00eb profesionist\u00eb. T\u00eb projektuar me nj\u00eb sistem kompensuesi t\u00eb nivelit japonez, k\u00ebto instrumente ofrojn\u00eb sakt\u00ebsi t\u00eb jasht\u00ebzakonshme me nj\u00eb devijim standard prej 1.0 mm p\u00ebr km me dy kalime, duke i b\u00ebr\u00eb ato ideale p\u00ebr aplikime me rrezik t\u00eb lart\u00eb n\u00eb nd\u00ebrtim, inxhinieri dhe matje toke.<br \/>\n<a href=\"https:\/\/mountlaser.com\/sq\/kategori-produkti\/surveying-instrument\/automatic-level\/\">Niveli Automatik MA-K32\/ K40<\/a> Me opsione zmadhimi prej 32x (MA-K32) ose 40x (MA-K40), t\u00eb dy modelet kan\u00eb teleskop\u00eb me imazh t\u00eb drejt\u00eb dhe kompensator\u00eb t\u00eb avancuar me amortizim magnetik t\u00eb pezullimit me tela n\u00eb form\u00eb X (gabim \u22640.4\u201d) p\u00ebr konfigurim t\u00eb shpejt\u00eb dhe t\u00eb q\u00ebndruesh\u00ebm dhe pamje kristalore. Vler\u00ebsimi i tyre i pap\u00ebrshkuesh\u00ebm nga uji IPX6 siguron besueshm\u00ebri n\u00eb kushtet m\u00eb t\u00eb v\u00ebshtira t\u00eb fush\u00ebs, duke p\u00ebrforcuar pozicionin e tyre si nivele automatike t\u00eb nivelit t\u00eb lart\u00eb p\u00ebr shitje.<\/p>\n<p>T\u00eb nd\u00ebrtuara p\u00ebr t\u00eb p\u00ebrmbushur k\u00ebrkesat e profesionist\u00ebve modern\u00eb t\u00eb gjeodet\u00ebve, k\u00ebto<a href=\"https:\/\/mountlaser.com\/sq\/contact-us\/\"><strong> nivelet automatike t\u00eb gjeodet\u00ebve<\/strong> <\/a>kombinojn\u00eb q\u00ebndrueshm\u00ebri t\u00eb fort\u00eb me funksionim miq\u00ebsor ndaj p\u00ebrdoruesit. P\u00ebr ata q\u00eb k\u00ebrkojn\u00eb performanc\u00eb dhe q\u00ebndrueshm\u00ebri pa kompromis n\u00eb nivelat automatike p\u00ebr shitje, seria MA-K ofron vler\u00eb dhe sakt\u00ebsi t\u00eb pakrahasueshme p\u00ebr \u00e7do projekt sfidues.<\/p>\n<p><img fetchpriority=\"high\" decoding=\"async\" class=\"aligncenter wp-image-1907\" src=\"https:\/\/mountlaser.com\/wp-content\/uploads\/2024\/03\/MA-K326.webp\" alt=\"surveyors automatic levels\" width=\"500\" height=\"500\" srcset=\"https:\/\/mountlaser.com\/wp-content\/uploads\/2024\/03\/MA-K326.webp 1000w, https:\/\/mountlaser.com\/wp-content\/uploads\/2024\/03\/MA-K326-300x300.webp 300w, https:\/\/mountlaser.com\/wp-content\/uploads\/2024\/03\/MA-K326-400x400.webp 400w, https:\/\/mountlaser.com\/wp-content\/uploads\/2024\/03\/MA-K326-800x800.webp 800w, https:\/\/mountlaser.com\/wp-content\/uploads\/2024\/03\/MA-K326-600x600.webp 600w, https:\/\/mountlaser.com\/wp-content\/uploads\/2024\/03\/MA-K326-150x150.webp 150w, https:\/\/mountlaser.com\/wp-content\/uploads\/2024\/03\/MA-K326-768x768.webp 768w, https:\/\/mountlaser.com\/wp-content\/uploads\/2024\/03\/MA-K326-12x12.webp 12w\" sizes=\"(max-width: 500px) 100vw, 500px\" \/><\/p>\n<p>&nbsp;<\/p>\n<p><strong><a href=\"https:\/\/mountlaser.com\/sq\/about-us\/\">Niveli Automatik MA-K32\/ K40<\/a> Specifikimet<\/strong><\/p>\n<table style=\"border-collapse: collapse; width: 589.52pt;\" border=\"0\" width=\"786\" cellspacing=\"0\" cellpadding=\"0\">\n<tbody>\n<tr style=\"height: 14.25pt;\">\n<td class=\"et2\" style=\"height: 14.25pt; width: 207.75pt;\" width=\"277\" height=\"19\">Modeli Nr.<\/td>\n<td class=\"et2\" style=\"width: 185.25pt;\" width=\"247\">MA-K32<\/td>\n<td class=\"et3\" style=\"width: 196.50pt;\" width=\"262\">MA-K40<\/td>\n<\/tr>\n<tr style=\"height: 14.25pt;\">\n<td class=\"et2\" style=\"height: 14.25pt;\" height=\"19\">Distanca e pun\u00ebs<\/td>\n<td class=\"et4\" colspan=\"2\">60m<\/td>\n<\/tr>\n<tr style=\"height: 14.25pt;\">\n<td class=\"et2\" style=\"height: 14.25pt;\" height=\"19\">Devijimi Standard p\u00ebr 1 km vrapim t\u00eb dyfisht\u00eb<\/td>\n<td class=\"et4\" colspan=\"2\">1.0 mm<\/td>\n<\/tr>\n<tr style=\"height: 14.25pt;\">\n<td class=\"et2\" style=\"height: 14.25pt;\" height=\"19\">Zmadhimi i Teleskopit<\/td>\n<td class=\"et2\">32X<\/td>\n<td class=\"et3\">40X<\/td>\n<\/tr>\n<tr style=\"height: 14.25pt;\">\n<td class=\"et2\" style=\"height: 14.25pt;\" height=\"19\">Imazh Teleskopi<\/td>\n<td class=\"et4\" colspan=\"2\">Ngrit<\/td>\n<\/tr>\n<tr style=\"height: 14.25pt;\">\n<td class=\"et2\" style=\"height: 14.25pt;\" height=\"19\">Distanca m\u00eb e shkurt\u00ebr e fokusimit<\/td>\n<td class=\"et4\" colspan=\"2\">0.5 m<\/td>\n<\/tr>\n<tr style=\"height: 14.25pt;\">\n<td class=\"et2\" style=\"height: 14.25pt;\" height=\"19\">Gabim n\u00eb distanc\u00ebn e shikimit<\/td>\n<td class=\"et4\" colspan=\"2\">\u2264\u00b10.4%<\/td>\n<\/tr>\n<tr style=\"height: 14.25pt;\">\n<td class=\"et2\" style=\"height: 14.25pt;\" height=\"19\">Madh\u00ebsia efektive e hapjes s\u00eb lentes s\u00eb objektit<\/td>\n<td class=\"et4\" colspan=\"2\">40 mm<\/td>\n<\/tr>\n<tr style=\"height: 14.25pt;\">\n<td class=\"et2\" style=\"height: 14.25pt;\" height=\"19\">Gabim n\u00eb fokusim<\/td>\n<td class=\"et4\" colspan=\"2\">\u22641 mm<\/td>\n<\/tr>\n<tr style=\"height: 14.25pt;\">\n<td class=\"et2\" style=\"height: 14.25pt;\" height=\"19\">Lloji i Kompensatorit<\/td>\n<td class=\"et4\" colspan=\"2\">Zbutje Magnetike me Tel n\u00eb Form\u00eb X p\u00ebr Varje<\/td>\n<\/tr>\n<tr style=\"height: 14.25pt;\">\n<td class=\"et2\" style=\"height: 14.25pt;\" height=\"19\">Kompensimi i Gabimit<\/td>\n<td class=\"et4\" colspan=\"2\">\u22640.4\u201d<\/td>\n<\/tr>\n<tr style=\"height: 14.25pt;\">\n<td class=\"et2\" style=\"height: 14.25pt;\" height=\"19\">Rrjet\u00eb<\/td>\n<td class=\"et4\" colspan=\"2\">Form\u00eb pyk\u00eb<\/td>\n<\/tr>\n<tr style=\"height: 14.25pt;\">\n<td class=\"et2\" style=\"height: 14.25pt;\" height=\"19\">Vendosja e Sakt\u00ebsis\u00eb<\/td>\n<td class=\"et4\" colspan=\"2\">\u00b10.3\u201d<\/td>\n<\/tr>\n<tr style=\"height: 14.25pt;\">\n<td class=\"et2\" style=\"height: 14.25pt;\" height=\"19\">I pap\u00ebrshkuesh\u00ebm nga uji dhe pluhuri<\/td>\n<td class=\"et4\" colspan=\"2\">IPX6<\/td>\n<\/tr>\n<tr style=\"height: 14.25pt;\">\n<td class=\"et2\" style=\"height: 14.25pt;\" height=\"19\">Aksesori Standard<\/td>\n<td class=\"et4\" colspan=\"2\">Plumb Bob, Manual, Kunj Rregullues, Kuti Plastike<\/td>\n<\/tr>\n<tr style=\"height: 14.25pt;\">\n<td class=\"et6\" style=\"height: 14.25pt;\" height=\"19\">Pesha neto<\/td>\n<td class=\"et7\" colspan=\"2\">1.8 kg<\/td>\n<\/tr>\n<\/tbody>\n<\/table>","protected":false},"excerpt":{"rendered":"<ul>\n<li>Sakt\u00ebsi e jasht\u00ebzakonshme: Devijimi standard prej 1.0 mm p\u00ebr km, vrapimi i dyfisht\u00eb siguron rezultate t\u00eb nivelit t\u00eb studimit.<\/li>\n<li>Kompensator i Avancuar: Amortizim magnetik i pezullimit t\u00eb telit n\u00eb form\u00eb X n\u00eb stilin japonez (gabim \u22640.4\u201d).<\/li>\n<li>Q\u00ebndrueshm\u00ebri ndaj \u00e7do moti: Vler\u00ebsimi IPX6 i pap\u00ebrshkuesh\u00ebm nga uji mbron nga shiu i madh dhe pluhuri.<\/li>\n<li>Aksesor\u00eb Profesional\u00eb: P\u00ebrfshin bobin\u00ebn plumb\u00e7e, manualin, kunjin rregullues dhe kutin\u00eb plastike t\u00eb q\u00ebndrueshme.<\/li>\n<\/ul>","protected":false},"featured_media":1903,"comment_status":"open","ping_status":"closed","template":"","meta":[],"product_brand":[],"product_cat":[15,140],"product_tag":[],"class_list":{"0":"post-538","1":"product","2":"type-product","3":"status-publish","4":"has-post-thumbnail","6":"product_cat-surveying-instrument","7":"product_cat-automatic-level","9":"first","10":"instock","11":"shipping-taxable","12":"product-type-simple"},"_links":{"self":[{"href":"https:\/\/mountlaser.com\/sq\/wp-json\/wp\/v2\/product\/538","targetHints":{"allow":["GET"]}}],"collection":[{"href":"https:\/\/mountlaser.com\/sq\/wp-json\/wp\/v2\/product"}],"about":[{"href":"https:\/\/mountlaser.com\/sq\/wp-json\/wp\/v2\/types\/product"}],"replies":[{"embeddable":true,"href":"https:\/\/mountlaser.com\/sq\/wp-json\/wp\/v2\/comments?post=538"}],"wp:featuredmedia":[{"embeddable":true,"href":"https:\/\/mountlaser.com\/sq\/wp-json\/wp\/v2\/media\/1903"}],"wp:attachment":[{"href":"https:\/\/mountlaser.com\/sq\/wp-json\/wp\/v2\/media?parent=538"}],"wp:term":[{"taxonomy":"product_brand","embeddable":true,"href":"https:\/\/mountlaser.com\/sq\/wp-json\/wp\/v2\/product_brand?post=538"},{"taxonomy":"product_cat","embeddable":true,"href":"https:\/\/mountlaser.com\/sq\/wp-json\/wp\/v2\/product_cat?post=538"},{"taxonomy":"product_tag","embeddable":true,"href":"https:\/\/mountlaser.com\/sq\/wp-json\/wp\/v2\/product_tag?post=538"}],"curies":[{"name":"wp","href":"https:\/\/api.w.org\/{rel}","templated":true}]}}