{"id":5358,"date":"2025-12-04T09:22:41","date_gmt":"2025-12-04T09:22:41","guid":{"rendered":"https:\/\/mountlaser.com\/?post_type=product&#038;p=5358"},"modified":"2025-12-12T08:09:26","modified_gmt":"2025-12-12T08:09:26","slug":"cm01-crack-monitor","status":"publish","type":"product","link":"https:\/\/mountlaser.com\/sq\/produkt\/cm01-crack-monitor\/","title":{"rendered":"Monitori i \u00e7arjeve CM01"},"content":{"rendered":"<p data-start=\"179\" data-end=\"744\">I\/E\/T\u00eb\/T\u00eb <a href=\"https:\/\/mountlaser.com\/sq\/\"><strong data-start=\"183\" data-end=\"205\">Monitori i \u00e7arjeve CM01<\/strong><\/a> \u00ebsht\u00eb nj\u00eb mat\u00ebs i nd\u00ebrtuar me precizion i projektuar p\u00ebr ndjekjen e sakt\u00eb t\u00eb l\u00ebvizjes strukturore n\u00eb nd\u00ebrtesa, mure, ura dhe sip\u00ebrfaqe t\u00eb tjera kritike. Si nj\u00eb i besuesh\u00ebm <a href=\"https:\/\/mountlaser.com\/sq\/kategori-produkti\/surveying-accessory\/\"><strong data-start=\"360\" data-end=\"386\">Monitor Standard i \u00c7arjeve<\/strong><\/a>, ai p\u00ebrmban dy pllaka mbivendos\u00ebse - nj\u00ebra transparente me nj\u00eb kursor t\u00eb im\u00ebt dhe nj\u00eb tjet\u00ebr e kalibruar n\u00eb milimetra - duke u lejuar profesionist\u00ebve t\u00eb matin edhe ndryshimet m\u00eb t\u00eb vogla me besim. Qoft\u00eb i p\u00ebrdorur p\u00ebr monitorim afatgjat\u00eb apo inspektime rutin\u00eb, Monitori i \u00c7arjeve CM01 ofron performanc\u00eb t\u00eb besueshme si n\u00eb mjedise t\u00eb brendshme ashtu edhe n\u00eb ato t\u00eb jashtme.<\/p>\n<p data-start=\"179\" data-end=\"744\"><img fetchpriority=\"high\" decoding=\"async\" class=\"aligncenter wp-image-5360\" src=\"https:\/\/mountlaser.com\/wp-content\/uploads\/2025\/12\/\u4e3b\u56fe2.webp\" alt=\"CM01 Crack Monitor\" width=\"500\" height=\"500\" srcset=\"https:\/\/mountlaser.com\/wp-content\/uploads\/2025\/12\/\u4e3b\u56fe2.webp 800w, https:\/\/mountlaser.com\/wp-content\/uploads\/2025\/12\/\u4e3b\u56fe2-300x300.webp 300w, https:\/\/mountlaser.com\/wp-content\/uploads\/2025\/12\/\u4e3b\u56fe2-150x150.webp 150w, https:\/\/mountlaser.com\/wp-content\/uploads\/2025\/12\/\u4e3b\u56fe2-768x768.webp 768w, https:\/\/mountlaser.com\/wp-content\/uploads\/2025\/12\/\u4e3b\u56fe2-12x12.webp 12w, https:\/\/mountlaser.com\/wp-content\/uploads\/2025\/12\/\u4e3b\u56fe2-600x600.webp 600w, https:\/\/mountlaser.com\/wp-content\/uploads\/2025\/12\/\u4e3b\u56fe2-400x400.webp 400w\" sizes=\"(max-width: 500px) 100vw, 500px\" \/><\/p>\n<p data-start=\"746\" data-end=\"1250\">I leht\u00eb p\u00ebr t\u2019u instaluar duke p\u00ebrdorur vidat e furnizuara dhe i pajtuesh\u00ebm me ngjit\u00ebsin (nuk p\u00ebrfshihet), Monitori Standard i \u00c7arjeve siguron montim t\u00eb sigurt p\u00ebr lexime t\u00eb q\u00ebndrueshme dhe t\u00eb p\u00ebrs\u00ebritshme. \u00c7do Monitor \u00c7arjesh CM01 p\u00ebrfshin udh\u00ebzime t\u00eb holl\u00ebsishme instalimi dhe nj\u00eb flet\u00eb regjistrimi t\u00eb \u00e7arjeve, duke e b\u00ebr\u00eb at\u00eb nj\u00eb zgjidhje t\u00eb plot\u00eb p\u00ebr inxhinier\u00ebt, gjeodet\u00ebt dhe inspektor\u00ebt e nd\u00ebrtimit. P\u00ebr profesionist\u00ebt q\u00eb mb\u00ebshteten n\u00eb sakt\u00ebsin\u00eb e nj\u00eb <a href=\"https:\/\/mountlaser.com\/sq\/contact-us\/\">Monitor Standard i \u00c7arjeve<\/a>, ky model ofron q\u00ebndrueshm\u00ebri, qart\u00ebsi dhe sakt\u00ebsi matjeje.<\/p>","protected":false},"excerpt":{"rendered":"<ul>\n<li>Mat dhe monitoron l\u00ebvizjen e \u00e7arjeve me kalimin e koh\u00ebs<\/li>\n<li>Ofron lexime t\u00eb sakta n\u00eb shkall\u00eb milimetrike<\/li>\n<li>Mb\u00ebshtet vler\u00ebsimet strukturore dhe vler\u00ebsimet e siguris\u00eb<\/li>\n<li>Mat\u00ebs preciz me pllaka transparente dhe t\u00eb kalibruar q\u00eb mbivendosen<\/li>\n<li>Kursor i holl\u00eb me kroje p\u00ebr matje t\u00eb qarta dhe t\u00eb sakta<\/li>\n<li>Instalohet me vida (t\u00eb p\u00ebrfshira) dhe ngjit\u00ebs (opsional)<\/li>\n<\/ul>","protected":false},"featured_media":5359,"comment_status":"open","ping_status":"closed","template":"","meta":[],"product_brand":[],"product_cat":[79,151],"product_tag":[],"class_list":{"0":"post-5358","1":"product","2":"type-product","3":"status-publish","4":"has-post-thumbnail","6":"product_cat-surveying-accessory","7":"product_cat-crack-monitor","9":"first","10":"instock","11":"shipping-taxable","12":"product-type-simple"},"_links":{"self":[{"href":"https:\/\/mountlaser.com\/sq\/wp-json\/wp\/v2\/product\/5358","targetHints":{"allow":["GET"]}}],"collection":[{"href":"https:\/\/mountlaser.com\/sq\/wp-json\/wp\/v2\/product"}],"about":[{"href":"https:\/\/mountlaser.com\/sq\/wp-json\/wp\/v2\/types\/product"}],"replies":[{"embeddable":true,"href":"https:\/\/mountlaser.com\/sq\/wp-json\/wp\/v2\/comments?post=5358"}],"wp:featuredmedia":[{"embeddable":true,"href":"https:\/\/mountlaser.com\/sq\/wp-json\/wp\/v2\/media\/5359"}],"wp:attachment":[{"href":"https:\/\/mountlaser.com\/sq\/wp-json\/wp\/v2\/media?parent=5358"}],"wp:term":[{"taxonomy":"product_brand","embeddable":true,"href":"https:\/\/mountlaser.com\/sq\/wp-json\/wp\/v2\/product_brand?post=5358"},{"taxonomy":"product_cat","embeddable":true,"href":"https:\/\/mountlaser.com\/sq\/wp-json\/wp\/v2\/product_cat?post=5358"},{"taxonomy":"product_tag","embeddable":true,"href":"https:\/\/mountlaser.com\/sq\/wp-json\/wp\/v2\/product_tag?post=5358"}],"curies":[{"name":"wp","href":"https:\/\/api.w.org\/{rel}","templated":true}]}}