{"id":5353,"date":"2025-12-04T08:35:29","date_gmt":"2025-12-04T08:35:29","guid":{"rendered":"https:\/\/mountlaser.com\/?post_type=product&#038;p=5353"},"modified":"2025-12-15T03:03:51","modified_gmt":"2025-12-15T03:03:51","slug":"sn01-surveying-nail","status":"publish","type":"product","link":"https:\/\/mountlaser.com\/sq\/produkt\/sn01-surveying-nail\/","title":{"rendered":"SN01 Gozhd\u00eb p\u00ebr matje"},"content":{"rendered":"<p data-start=\"179\" data-end=\"661\">I\/E\/T\u00eb\/T\u00eb<a href=\"https:\/\/mountlaser.com\/sq\/\"> <strong data-start=\"183\" data-end=\"206\">SN01 Gozhd\u00eb p\u00ebr matje<\/strong> <\/a>\u00ebsht\u00eb nj\u00eb sh\u00ebnues toke i q\u00ebndruesh\u00ebm dhe i besuesh\u00ebm i projektuar p\u00ebr t\u00eb vendosur dhe identifikuar pika t\u00eb sakta t\u00eb matjes me sakt\u00ebsi afatgjat\u00eb. I prodhuar nga hekur i galvanizuar me cil\u00ebsi t\u00eb lart\u00eb, Gozhda e Matjes SN01 ofron rezistenc\u00eb t\u00eb shk\u00eblqyer ndaj korrozionit, duke e b\u00ebr\u00eb at\u00eb ideal p\u00ebr mjedise t\u00eb jashtme me k\u00ebrkesa t\u00eb larta. Si profesionist <a href=\"https:\/\/mountlaser.com\/sq\/kategori-produkti\/surveying-accessory\/\"><strong data-start=\"512\" data-end=\"535\">Sh\u00ebnjues p\u00ebr thonjt\u00eb e studimit<\/strong><\/a>, k\u00ebto gozhda ofrojn\u00eb nj\u00eb pik\u00eb referimi t\u00eb q\u00ebndrueshme t\u00eb p\u00ebrdorur gjer\u00ebsisht n\u00eb studimet inxhinierike, planifikimin e nd\u00ebrtimit dhe hartat kadastrale.<\/p>\n<p data-start=\"663\" data-end=\"1112\">T\u00eb projektuara posa\u00e7\u00ebrisht p\u00ebr p\u00ebrdorim profesional, produktet SN01 Gozhda p\u00ebr Vrojtim jan\u00eb sh\u00ebnjues t\u00eb besuesh\u00ebm t\u00eb Gozhdave p\u00ebr Vrojtim p\u00ebr sigurimin e pikave t\u00eb p\u00ebrhershme t\u00eb referenc\u00ebs n\u00eb tok\u00eb. I disponuesh\u00ebm me diamet\u00ebr 7.0 mm me opsione gjat\u00ebsie 55 mm ose 70 mm, Gozhda p\u00ebr Vrojtim SN01 siguron ankorim t\u00eb fort\u00eb n\u00eb kushte t\u00eb ndryshme t\u00eb tok\u00ebs. <a href=\"https:\/\/mountlaser.com\/sq\/about-us\/\">Sh\u00ebnjues p\u00ebr thonjt\u00eb e studimit<\/a> jan\u00eb nj\u00eb mjet thelb\u00ebsor p\u00ebr gjeodet\u00ebt q\u00eb k\u00ebrkojn\u00eb sh\u00ebnjim t\u00eb besuesh\u00ebm dhe afatgjat\u00eb t\u00eb tok\u00ebs n\u00eb t\u00eb gjitha kushtet n\u00eb terren.<\/p>\n<div>\n<table style=\"border-collapse: collapse; width: 1002.02pt;\" border=\"0\" width=\"1336\" cellspacing=\"0\" cellpadding=\"0\">\n<tbody>\n<tr style=\"height: 14.25pt;\">\n<td class=\"et2\" style=\"height: 14.25pt; width: 127.50pt;\" width=\"170\" height=\"19\">NUM\u00cbR<\/td>\n<td class=\"et3\" style=\"width: 196.50pt;\" width=\"262\">GJYS\u00cbM<\/td>\n<td class=\"et3\" style=\"width: 213.00pt;\" width=\"284\">DIAMETRI D<\/td>\n<td class=\"et3\" style=\"width: 93.75pt;\" width=\"125\">MADH\u00cbSIA L<\/td>\n<td class=\"et3\" style=\"width: 170.25pt;\" width=\"227\">MOQ (cop\u00eb)<\/td>\n<td class=\"et4\" style=\"width: 201.00pt;\" width=\"268\">FOTO<\/td>\n<\/tr>\n<tr style=\"height: 14.25pt;\">\n<td class=\"et5\" style=\"height: 14.25pt;\" height=\"19\">SN01-70055\/70070<\/td>\n<td class=\"et5\">Hekur i galvanizuar<\/td>\n<td class=\"et5\">7.0 mm<\/td>\n<td class=\"et5\">55\/70 mm<\/td>\n<td class=\"et6\">1000<\/td>\n<td class=\"et7\"><img fetchpriority=\"high\" decoding=\"async\" class=\"alignnone wp-image-5355\" src=\"https:\/\/mountlaser.com\/wp-content\/uploads\/2025\/12\/SM01-Surveying-Marker2.webp\" alt=\"SN01 Surveying Nail\" width=\"500\" height=\"500\" srcset=\"https:\/\/mountlaser.com\/wp-content\/uploads\/2025\/12\/SM01-Surveying-Marker2.webp 1000w, https:\/\/mountlaser.com\/wp-content\/uploads\/2025\/12\/SM01-Surveying-Marker2-300x300.webp 300w, https:\/\/mountlaser.com\/wp-content\/uploads\/2025\/12\/SM01-Surveying-Marker2-150x150.webp 150w, https:\/\/mountlaser.com\/wp-content\/uploads\/2025\/12\/SM01-Surveying-Marker2-768x768.webp 768w, https:\/\/mountlaser.com\/wp-content\/uploads\/2025\/12\/SM01-Surveying-Marker2-12x12.webp 12w, https:\/\/mountlaser.com\/wp-content\/uploads\/2025\/12\/SM01-Surveying-Marker2-600x600.webp 600w, https:\/\/mountlaser.com\/wp-content\/uploads\/2025\/12\/SM01-Surveying-Marker2-800x800.webp 800w, https:\/\/mountlaser.com\/wp-content\/uploads\/2025\/12\/SM01-Surveying-Marker2-400x400.webp 400w\" sizes=\"(max-width: 500px) 100vw, 500px\" \/><\/td>\n<\/tr>\n<\/tbody>\n<\/table>\n<\/div>\n<p>&nbsp;<\/p>\n<p>&nbsp;<\/p>","protected":false},"excerpt":{"rendered":"<ul>\n<li>Vendos pika referimi t\u00eb sakta dhe t\u00eb p\u00ebrhershme t\u00eb studimit<\/li>\n<li>Ofron kontroll t\u00eb q\u00ebndruesh\u00ebm t\u00eb tok\u00ebs p\u00ebr matje t\u00eb sakta<\/li>\n<li>I p\u00ebrshtatsh\u00ebm p\u00ebr studime inxhinierike, planifikim nd\u00ebrtimi dhe hartografi kadastrale<\/li>\n<\/ul>","protected":false},"featured_media":5355,"comment_status":"open","ping_status":"closed","template":"","meta":[],"product_brand":[],"product_cat":[79,152],"product_tag":[],"class_list":{"0":"post-5353","1":"product","2":"type-product","3":"status-publish","4":"has-post-thumbnail","6":"product_cat-surveying-accessory","7":"product_cat-surveying-marker","9":"first","10":"instock","11":"shipping-taxable","12":"product-type-simple"},"_links":{"self":[{"href":"https:\/\/mountlaser.com\/sq\/wp-json\/wp\/v2\/product\/5353","targetHints":{"allow":["GET"]}}],"collection":[{"href":"https:\/\/mountlaser.com\/sq\/wp-json\/wp\/v2\/product"}],"about":[{"href":"https:\/\/mountlaser.com\/sq\/wp-json\/wp\/v2\/types\/product"}],"replies":[{"embeddable":true,"href":"https:\/\/mountlaser.com\/sq\/wp-json\/wp\/v2\/comments?post=5353"}],"wp:featuredmedia":[{"embeddable":true,"href":"https:\/\/mountlaser.com\/sq\/wp-json\/wp\/v2\/media\/5355"}],"wp:attachment":[{"href":"https:\/\/mountlaser.com\/sq\/wp-json\/wp\/v2\/media?parent=5353"}],"wp:term":[{"taxonomy":"product_brand","embeddable":true,"href":"https:\/\/mountlaser.com\/sq\/wp-json\/wp\/v2\/product_brand?post=5353"},{"taxonomy":"product_cat","embeddable":true,"href":"https:\/\/mountlaser.com\/sq\/wp-json\/wp\/v2\/product_cat?post=5353"},{"taxonomy":"product_tag","embeddable":true,"href":"https:\/\/mountlaser.com\/sq\/wp-json\/wp\/v2\/product_tag?post=5353"}],"curies":[{"name":"wp","href":"https:\/\/api.w.org\/{rel}","templated":true}]}}