{"id":5347,"date":"2025-12-04T06:58:07","date_gmt":"2025-12-04T06:58:07","guid":{"rendered":"https:\/\/mountlaser.com\/?post_type=product&#038;p=5347"},"modified":"2025-12-12T06:41:36","modified_gmt":"2025-12-12T06:41:36","slug":"sm01-bl-surveying-marker","status":"publish","type":"product","link":"https:\/\/mountlaser.com\/sq\/produkt\/sm01-bl-surveying-marker\/","title":{"rendered":"Sh\u00ebnues Mat\u00ebs SM01-BL"},"content":{"rendered":"<p data-start=\"255\" data-end=\"730\">I\/E\/T\u00eb\/T\u00eb <a href=\"https:\/\/mountlaser.com\/sq\/products\/\"><strong data-start=\"259\" data-end=\"287\">Sh\u00ebnues Mat\u00ebs SM01-BL<\/strong><\/a> \u00ebsht\u00eb nj\u00eb sh\u00ebnues pik\u00eb referimi i q\u00ebndruesh\u00ebm dhe me precizion t\u00eb lart\u00eb, i projektuar p\u00ebr mjedise profesionale t\u00eb matjeve dhe nd\u00ebrtimit. I prodhuar nga plastik\u00eb e derdhur me injeksion me cil\u00ebsi t\u00eb lart\u00eb, Sh\u00ebnuesi i Matjes SM01-BL ofron forc\u00ebn dhe jet\u00ebgjat\u00ebsin\u00eb e nevojshme p\u00ebr vendet e v\u00ebshtira t\u00eb pun\u00ebs n\u00eb natyr\u00eb. Si nj\u00eb nga m\u00eb t\u00eb besueshmit <a href=\"https:\/\/mountlaser.com\/sq\/contact-us\/\"><strong data-start=\"597\" data-end=\"620\">sh\u00ebnuesit e studimit t\u00eb tok\u00ebs<\/strong><\/a>, ai siguron pozicionim t\u00eb sakt\u00eb n\u00eb m\u00ebnyr\u00eb t\u00eb vazhdueshme p\u00ebr linjat e paraqitjes, identifikimin e kufijve dhe pikat e kontrollit.<\/p>\n<p data-start=\"732\" data-end=\"1222\">I disponuesh\u00ebm n\u00eb nj\u00eb gam\u00eb ngjyrash t\u00eb ndritshme dhe me dukshm\u00ebri t\u00eb lart\u00eb, Sh\u00ebnuesi i Matjes SM01-BL siguron njohje t\u00eb qart\u00eb n\u00eb t\u00eb gjitha kushtet e ndri\u00e7imit dhe terrenit. Mat\u00ebsit q\u00eb mb\u00ebshteten n\u00eb sh\u00ebnuesit e matjeve t\u00eb tok\u00ebs p\u00ebr operacionet e p\u00ebrditshme n\u00eb terren do ta vler\u00ebsojn\u00eb besueshm\u00ebrin\u00eb, rezistenc\u00ebn ndaj motit dhe leht\u00ebsin\u00eb e vendosjes s\u00eb tij. Qoft\u00eb i p\u00ebrdorur n\u00eb planimetri nd\u00ebrtimi apo n\u00eb pikat e kontrollit t\u00eb matjeve afatgjata, <a href=\"https:\/\/mountlaser.com\/sq\/\">Sh\u00ebnues Mat\u00ebs SM01-BL<\/a> dallohet si nj\u00eb zgjidhje e nivelit profesional midis sh\u00ebnjuesve modern\u00eb t\u00eb matjeve t\u00eb tok\u00ebs.<\/p>\n<div>\n<table style=\"border-collapse: collapse; width: 681.77pt;\" border=\"0\" width=\"909\" cellspacing=\"0\" cellpadding=\"0\">\n<tbody>\n<tr style=\"height: 14.25pt;\">\n<td class=\"et2\" style=\"height: 14.25pt; width: 127.50pt;\" width=\"170\" height=\"19\">NUM\u00cbR<\/td>\n<td class=\"et2\" style=\"width: 196.50pt;\" width=\"262\">NGJYRA<\/td>\n<td class=\"et2\" style=\"width: 213.00pt;\" width=\"284\">MADH\u00cbSIA D x D x L<\/td>\n<td class=\"et3\" style=\"width: 144.75pt;\" width=\"193\">FOTO<\/td>\n<\/tr>\n<tr style=\"height: 14.25pt;\">\n<td class=\"et4\" style=\"height: 14.25pt;\" height=\"19\">SM01-BL<\/td>\n<td class=\"et5\">Blu<\/td>\n<td class=\"et6\">D46 \u00d7 d10 \u00d7 H6 mm<\/td>\n<td class=\"et7\"><img fetchpriority=\"high\" decoding=\"async\" class=\"alignnone wp-image-5349\" src=\"https:\/\/mountlaser.com\/wp-content\/uploads\/2025\/12\/SM01-Surveying-Marker4.webp\" alt=\"SM01-BL Surveying Marker\" width=\"500\" height=\"500\" srcset=\"https:\/\/mountlaser.com\/wp-content\/uploads\/2025\/12\/SM01-Surveying-Marker4.webp 1000w, https:\/\/mountlaser.com\/wp-content\/uploads\/2025\/12\/SM01-Surveying-Marker4-300x300.webp 300w, https:\/\/mountlaser.com\/wp-content\/uploads\/2025\/12\/SM01-Surveying-Marker4-150x150.webp 150w, https:\/\/mountlaser.com\/wp-content\/uploads\/2025\/12\/SM01-Surveying-Marker4-768x768.webp 768w, https:\/\/mountlaser.com\/wp-content\/uploads\/2025\/12\/SM01-Surveying-Marker4-12x12.webp 12w, https:\/\/mountlaser.com\/wp-content\/uploads\/2025\/12\/SM01-Surveying-Marker4-600x600.webp 600w, https:\/\/mountlaser.com\/wp-content\/uploads\/2025\/12\/SM01-Surveying-Marker4-800x800.webp 800w, https:\/\/mountlaser.com\/wp-content\/uploads\/2025\/12\/SM01-Surveying-Marker4-400x400.webp 400w\" sizes=\"(max-width: 500px) 100vw, 500px\" \/><\/td>\n<\/tr>\n<\/tbody>\n<\/table>\n<\/div>","protected":false},"excerpt":{"rendered":"<ul>\n<li>Material i q\u00ebndruesh\u00ebm: Prodhuar me plastik\u00eb t\u00eb formuar me injeksion me cil\u00ebsi t\u00eb lart\u00eb p\u00ebr jet\u00ebgjat\u00ebsi t\u00eb gjat\u00eb sh\u00ebrbimi.<\/li>\n<li>Dukshm\u00ebri e lart\u00eb: Ofrohet blu - p\u00ebr njohje t\u00eb leht\u00eb n\u00eb \u00e7do terren.<\/li>\n<li>Mjet referimi preciz: Ideal p\u00ebr sh\u00ebnimin e pikave t\u00eb kontrollit, kufijve, vijave t\u00eb planimetris\u00eb dhe koordinatave thelb\u00ebsore t\u00eb matjes.<\/li>\n<li>I q\u00ebndruesh\u00ebm dhe i leht\u00eb: I thjesht\u00eb p\u00ebr t\u2019u pozicionuar dhe siguruar, i p\u00ebrshtatsh\u00ebm p\u00ebr t\u00eb gjitha mjediset e matjeve t\u00eb tok\u00ebs dhe nd\u00ebrtimit.<\/li>\n<li>Madh\u00ebsia standarde D46 \u00d7 Th 10 \u00d7 H6 mm p\u00ebr t&#039;iu p\u00ebrshtatur aplikimeve t\u00eb gjera t\u00eb matjeve.<\/li>\n<\/ul>","protected":false},"featured_media":5352,"comment_status":"open","ping_status":"closed","template":"","meta":[],"product_brand":[],"product_cat":[79,152],"product_tag":[],"class_list":{"0":"post-5347","1":"product","2":"type-product","3":"status-publish","4":"has-post-thumbnail","6":"product_cat-surveying-accessory","7":"product_cat-surveying-marker","9":"first","10":"instock","11":"shipping-taxable","12":"product-type-simple"},"_links":{"self":[{"href":"https:\/\/mountlaser.com\/sq\/wp-json\/wp\/v2\/product\/5347","targetHints":{"allow":["GET"]}}],"collection":[{"href":"https:\/\/mountlaser.com\/sq\/wp-json\/wp\/v2\/product"}],"about":[{"href":"https:\/\/mountlaser.com\/sq\/wp-json\/wp\/v2\/types\/product"}],"replies":[{"embeddable":true,"href":"https:\/\/mountlaser.com\/sq\/wp-json\/wp\/v2\/comments?post=5347"}],"wp:featuredmedia":[{"embeddable":true,"href":"https:\/\/mountlaser.com\/sq\/wp-json\/wp\/v2\/media\/5352"}],"wp:attachment":[{"href":"https:\/\/mountlaser.com\/sq\/wp-json\/wp\/v2\/media?parent=5347"}],"wp:term":[{"taxonomy":"product_brand","embeddable":true,"href":"https:\/\/mountlaser.com\/sq\/wp-json\/wp\/v2\/product_brand?post=5347"},{"taxonomy":"product_cat","embeddable":true,"href":"https:\/\/mountlaser.com\/sq\/wp-json\/wp\/v2\/product_cat?post=5347"},{"taxonomy":"product_tag","embeddable":true,"href":"https:\/\/mountlaser.com\/sq\/wp-json\/wp\/v2\/product_tag?post=5347"}],"curies":[{"name":"wp","href":"https:\/\/api.w.org\/{rel}","templated":true}]}}