{"id":5343,"date":"2025-12-04T06:08:54","date_gmt":"2025-12-04T06:08:54","guid":{"rendered":"https:\/\/mountlaser.com\/?post_type=product&#038;p=5343"},"modified":"2025-12-04T08:58:08","modified_gmt":"2025-12-04T08:58:08","slug":"cw01-crack-width-gauge","status":"publish","type":"product","link":"https:\/\/mountlaser.com\/sq\/produkt\/cw01-crack-width-gauge\/","title":{"rendered":"Mat\u00ebs i gjer\u00ebsis\u00eb s\u00eb \u00e7arjeve CW01"},"content":{"rendered":"<p data-start=\"160\" data-end=\"642\">I\/E\/T\u00eb\/T\u00eb<a href=\"https:\/\/mountlaser.com\/sq\/\"> <strong data-start=\"164\" data-end=\"194\">Mat\u00ebs i gjer\u00ebsis\u00eb s\u00eb \u00e7arjeve t\u00eb betonit<\/strong><\/a> \u00ebsht\u00eb nj\u00eb mjet inspektimi i besuesh\u00ebm dhe i leht\u00eb p\u00ebr t\u2019u p\u00ebrdorur, i projektuar p\u00ebr monitorim t\u00eb shpejt\u00eb dhe t\u00eb sakt\u00eb t\u00eb \u00e7arjeve strukturore. I prodhuar nga polikarbonat i q\u00ebndruesh\u00ebm dhe me ndikim t\u00eb lart\u00eb, ky mat\u00ebs siguron performanc\u00eb afatgjat\u00eb n\u00eb terren edhe n\u00eb mjedise t\u00eb k\u00ebrkuara nd\u00ebrtimi ose inxhinierie.\u00a0<a href=\"https:\/\/mountlaser.com\/sq\/products\/\"><strong data-start=\"499\" data-end=\"520\">Mat\u00ebs i gjer\u00ebsis\u00eb s\u00eb \u00e7arjes<\/strong><\/a> Funksionet jan\u00eb t\u00eb integruara n\u00eb dizajnin kompakt, duke u mund\u00ebsuar profesionist\u00ebve t\u00eb kryejn\u00eb vler\u00ebsime t\u00eb sakta t\u00eb \u00e7arjeve me besim.<\/p>\n<p data-start=\"160\" data-end=\"642\"><img fetchpriority=\"high\" decoding=\"async\" class=\"aligncenter wp-image-5344\" src=\"https:\/\/mountlaser.com\/wp-content\/uploads\/2025\/12\/CW01.webp\" alt=\"Concrete Crack Width Gauge\" width=\"500\" height=\"500\" srcset=\"https:\/\/mountlaser.com\/wp-content\/uploads\/2025\/12\/CW01.webp 1000w, https:\/\/mountlaser.com\/wp-content\/uploads\/2025\/12\/CW01-300x300.webp 300w, https:\/\/mountlaser.com\/wp-content\/uploads\/2025\/12\/CW01-150x150.webp 150w, https:\/\/mountlaser.com\/wp-content\/uploads\/2025\/12\/CW01-768x768.webp 768w, https:\/\/mountlaser.com\/wp-content\/uploads\/2025\/12\/CW01-12x12.webp 12w, https:\/\/mountlaser.com\/wp-content\/uploads\/2025\/12\/CW01-600x600.webp 600w, https:\/\/mountlaser.com\/wp-content\/uploads\/2025\/12\/CW01-800x800.webp 800w, https:\/\/mountlaser.com\/wp-content\/uploads\/2025\/12\/CW01-400x400.webp 400w\" sizes=\"(max-width: 500px) 100vw, 500px\" \/><\/p>\n<p data-start=\"644\" data-end=\"1141\">Nj\u00ebra an\u00eb e Mat\u00ebsit t\u00eb Gjer\u00ebsis\u00eb s\u00eb \u00c7arjeve t\u00eb Betonit p\u00ebrmban nj\u00eb shkall\u00eb t\u00eb graduar 80 mm me shenja t\u00eb qarta milimetrike dhe centimetri p\u00ebr matje t\u00eb thjeshta t\u00eb p\u00ebrgjithshme. N\u00eb an\u00ebn e pasme, tabela krahasuese e Mat\u00ebsit t\u00eb Gjer\u00ebsis\u00eb s\u00eb \u00c7arjeve ofron referenca vizuale q\u00eb variojn\u00eb nga 0.1 mm deri n\u00eb 7.0 mm, duke u lejuar inspektor\u00ebve t\u00eb identifikojn\u00eb shpejt madh\u00ebsin\u00eb e \u00e7arjeve pa mjete shtes\u00eb. Qoft\u00eb i p\u00ebrdorur p\u00ebr kontrolle rutin\u00eb apo monitorim t\u00eb detajuar t\u00eb struktur\u00ebs, kjo <a href=\"https:\/\/mountlaser.com\/sq\/contact-us\/\">Mat\u00ebs i gjer\u00ebsis\u00eb s\u00eb \u00e7arjes<\/a> Ofron sakt\u00ebsi t\u00eb besueshme n\u00eb \u00e7do inspektim.<\/p>","protected":false},"excerpt":{"rendered":"<ul>\n<li>Ofron vler\u00ebsim t\u00eb shpejt\u00eb dhe t\u00eb sakt\u00eb t\u00eb gjer\u00ebsis\u00eb s\u00eb \u00e7arjeve q\u00eb variojn\u00eb nga 0.1 mm\u20137.0 mm<\/li>\n<li>Dizajn me dy an\u00eb: shkall\u00eb matjeje + tabel\u00eb krahasimi t\u00eb \u00e7arjeve<\/li>\n<li>Nd\u00ebrtuar me polikarbonat me ndikim t\u00eb lart\u00eb p\u00ebr jet\u00ebgjat\u00ebsi t\u00eb gjat\u00eb sh\u00ebrbimi<\/li>\n<li>I leht\u00eb dhe i l\u00ebvizsh\u00ebm p\u00ebr inspektime n\u00eb terren<\/li>\n<li>Ideale p\u00ebr inxhinieri civile, mir\u00ebmbajtje nd\u00ebrtesash dhe monitorim t\u00eb siguris\u00eb strukturore<\/li>\n<\/ul>","protected":false},"featured_media":5344,"comment_status":"open","ping_status":"closed","template":"","meta":[],"product_brand":[],"product_cat":[79,151],"product_tag":[],"class_list":{"0":"post-5343","1":"product","2":"type-product","3":"status-publish","4":"has-post-thumbnail","6":"product_cat-surveying-accessory","7":"product_cat-crack-monitor","9":"first","10":"instock","11":"shipping-taxable","12":"product-type-simple"},"_links":{"self":[{"href":"https:\/\/mountlaser.com\/sq\/wp-json\/wp\/v2\/product\/5343","targetHints":{"allow":["GET"]}}],"collection":[{"href":"https:\/\/mountlaser.com\/sq\/wp-json\/wp\/v2\/product"}],"about":[{"href":"https:\/\/mountlaser.com\/sq\/wp-json\/wp\/v2\/types\/product"}],"replies":[{"embeddable":true,"href":"https:\/\/mountlaser.com\/sq\/wp-json\/wp\/v2\/comments?post=5343"}],"wp:featuredmedia":[{"embeddable":true,"href":"https:\/\/mountlaser.com\/sq\/wp-json\/wp\/v2\/media\/5344"}],"wp:attachment":[{"href":"https:\/\/mountlaser.com\/sq\/wp-json\/wp\/v2\/media?parent=5343"}],"wp:term":[{"taxonomy":"product_brand","embeddable":true,"href":"https:\/\/mountlaser.com\/sq\/wp-json\/wp\/v2\/product_brand?post=5343"},{"taxonomy":"product_cat","embeddable":true,"href":"https:\/\/mountlaser.com\/sq\/wp-json\/wp\/v2\/product_cat?post=5343"},{"taxonomy":"product_tag","embeddable":true,"href":"https:\/\/mountlaser.com\/sq\/wp-json\/wp\/v2\/product_tag?post=5343"}],"curies":[{"name":"wp","href":"https:\/\/api.w.org\/{rel}","templated":true}]}}