{"id":5338,"date":"2025-12-04T05:07:10","date_gmt":"2025-12-04T05:07:10","guid":{"rendered":"https:\/\/mountlaser.com\/?post_type=product&#038;p=5338"},"modified":"2025-12-04T05:07:10","modified_gmt":"2025-12-04T05:07:10","slug":"ts01-02-topo-shoe","status":"publish","type":"product","link":"https:\/\/mountlaser.com\/sq\/produkt\/ts01-02-topo-shoe\/","title":{"rendered":"K\u00ebpuc\u00eb Topo TS01\/02"},"content":{"rendered":"<p>I\/E\/T\u00eb\/T\u00eb <a href=\"https:\/\/mountlaser.com\/sq\/\"><strong>K\u00ebpuc\u00eb Prism Pole Topo<\/strong><\/a> \u00ebsht\u00eb nj\u00eb aksesor i projektuar me precizion t\u00eb lart\u00eb, i projektuar p\u00ebr t\u00eb siguruar nj\u00eb baz\u00eb t\u00eb q\u00ebndrueshme p\u00ebr shtyllat e prizm\u00ebs n\u00eb mjedise t\u00eb ndryshme matjeje. Si K\u00ebpuca Topo e Prizm\u00ebs ashtu edhe <strong><a href=\"https:\/\/mountlaser.com\/sq\/kategori-produkti\/surveying-pole-rod\/\">K\u00ebpuc\u00eb Topo me Baz\u00eb t\u00eb Gjer\u00eb<\/a><\/strong> kan\u00eb nj\u00eb nd\u00ebrtim t\u00eb q\u00ebndruesh\u00ebm dhe nj\u00eb fileto fem\u00ebr 5\/8\u2033-11, duke siguruar fiksim t\u00eb sigurt dhe performanc\u00eb t\u00eb besueshme n\u00eb kushte t\u00eb v\u00ebshtira terreni. Topograf\u00ebt q\u00eb punojn\u00eb n\u00eb terren t\u00eb pabarabart\u00eb ose t\u00eb but\u00eb p\u00ebrfitojn\u00eb shum\u00eb nga stabiliteti i p\u00ebrmir\u00ebsuar i ofruar nga Topo Shoe, nd\u00ebrsa Topo Shoe me Baz\u00eb t\u00eb Gjer\u00eb ofron kontakt m\u00eb t\u00eb gjer\u00eb me tok\u00ebn p\u00ebr ekuilib\u00ebr maksimal. K\u00ebto topo k\u00ebpuc\u00eb jan\u00eb thelb\u00ebsore p\u00ebr ruajtjen e matjeve t\u00eb sakta dhe nivelimit t\u00eb q\u00ebndruesh\u00ebm gjat\u00eb matjeve profesionale t\u00eb tok\u00ebs.<\/p>\n<figure id=\"attachment_5339\" aria-describedby=\"caption-attachment-5339\" style=\"width: 500px\" class=\"wp-caption aligncenter\"><img fetchpriority=\"high\" decoding=\"async\" class=\"wp-image-5339\" src=\"https:\/\/mountlaser.com\/wp-content\/uploads\/2025\/12\/IMG_0632.webp\" alt=\"Wide Base Topo Shoe\" width=\"500\" height=\"500\" srcset=\"https:\/\/mountlaser.com\/wp-content\/uploads\/2025\/12\/IMG_0632.webp 1000w, https:\/\/mountlaser.com\/wp-content\/uploads\/2025\/12\/IMG_0632-300x300.webp 300w, https:\/\/mountlaser.com\/wp-content\/uploads\/2025\/12\/IMG_0632-150x150.webp 150w, https:\/\/mountlaser.com\/wp-content\/uploads\/2025\/12\/IMG_0632-768x768.webp 768w, https:\/\/mountlaser.com\/wp-content\/uploads\/2025\/12\/IMG_0632-12x12.webp 12w, https:\/\/mountlaser.com\/wp-content\/uploads\/2025\/12\/IMG_0632-600x600.webp 600w, https:\/\/mountlaser.com\/wp-content\/uploads\/2025\/12\/IMG_0632-800x800.webp 800w, https:\/\/mountlaser.com\/wp-content\/uploads\/2025\/12\/IMG_0632-400x400.webp 400w\" sizes=\"(max-width: 500px) 100vw, 500px\" \/><figcaption id=\"caption-attachment-5339\" class=\"wp-caption-text\">K\u00ebpuc\u00eb Topo me Baz\u00eb t\u00eb Gjer\u00eb TS01<\/figcaption><\/figure>\n<figure id=\"attachment_5340\" aria-describedby=\"caption-attachment-5340\" style=\"width: 500px\" class=\"wp-caption aligncenter\"><img decoding=\"async\" class=\"wp-image-5340\" src=\"https:\/\/mountlaser.com\/wp-content\/uploads\/2025\/12\/TS02.webp\" alt=\"Prism Pole Topo Shoe\" width=\"500\" height=\"500\" srcset=\"https:\/\/mountlaser.com\/wp-content\/uploads\/2025\/12\/TS02.webp 1000w, https:\/\/mountlaser.com\/wp-content\/uploads\/2025\/12\/TS02-300x300.webp 300w, https:\/\/mountlaser.com\/wp-content\/uploads\/2025\/12\/TS02-150x150.webp 150w, https:\/\/mountlaser.com\/wp-content\/uploads\/2025\/12\/TS02-768x768.webp 768w, https:\/\/mountlaser.com\/wp-content\/uploads\/2025\/12\/TS02-12x12.webp 12w, https:\/\/mountlaser.com\/wp-content\/uploads\/2025\/12\/TS02-600x600.webp 600w, https:\/\/mountlaser.com\/wp-content\/uploads\/2025\/12\/TS02-800x800.webp 800w, https:\/\/mountlaser.com\/wp-content\/uploads\/2025\/12\/TS02-400x400.webp 400w\" sizes=\"(max-width: 500px) 100vw, 500px\" \/><figcaption id=\"caption-attachment-5340\" class=\"wp-caption-text\">K\u00ebpuc\u00eb Topo me Prizm\u00eb TS02<\/figcaption><\/figure>","protected":false},"excerpt":{"rendered":"<ul>\n<li>Siguron nj\u00eb baz\u00eb t\u00eb q\u00ebndrueshme p\u00ebr shtyllat e prizm\u00ebs n\u00eb tok\u00eb t\u00eb but\u00eb, t\u00eb pabarabart\u00eb ose t\u00eb thyer.<\/li>\n<li>Siguron fiksim t\u00eb sigurt me nj\u00eb fileto t\u00eb brendshme fem\u00ebrore 5\/8\u2033-11.<\/li>\n<li>P\u00ebrmir\u00ebson sakt\u00ebsin\u00eb e matjes duke minimizuar zhvendosjen ose fundosjen e poleve.<\/li>\n<li>Projektuar p\u00ebr p\u00ebrdorim n\u00eb terren t\u00eb r\u00ebnd\u00eb me konstruksion metalik me rezistenc\u00eb t\u00eb lart\u00eb.<\/li>\n<\/ul>","protected":false},"featured_media":5339,"comment_status":"open","ping_status":"closed","template":"","meta":[],"product_brand":[],"product_cat":[89,150],"product_tag":[],"class_list":{"0":"post-5338","1":"product","2":"type-product","3":"status-publish","4":"has-post-thumbnail","6":"product_cat-surveying-pole-rod","7":"product_cat-pole-accessory","9":"first","10":"instock","11":"shipping-taxable","12":"product-type-simple"},"_links":{"self":[{"href":"https:\/\/mountlaser.com\/sq\/wp-json\/wp\/v2\/product\/5338","targetHints":{"allow":["GET"]}}],"collection":[{"href":"https:\/\/mountlaser.com\/sq\/wp-json\/wp\/v2\/product"}],"about":[{"href":"https:\/\/mountlaser.com\/sq\/wp-json\/wp\/v2\/types\/product"}],"replies":[{"embeddable":true,"href":"https:\/\/mountlaser.com\/sq\/wp-json\/wp\/v2\/comments?post=5338"}],"wp:featuredmedia":[{"embeddable":true,"href":"https:\/\/mountlaser.com\/sq\/wp-json\/wp\/v2\/media\/5339"}],"wp:attachment":[{"href":"https:\/\/mountlaser.com\/sq\/wp-json\/wp\/v2\/media?parent=5338"}],"wp:term":[{"taxonomy":"product_brand","embeddable":true,"href":"https:\/\/mountlaser.com\/sq\/wp-json\/wp\/v2\/product_brand?post=5338"},{"taxonomy":"product_cat","embeddable":true,"href":"https:\/\/mountlaser.com\/sq\/wp-json\/wp\/v2\/product_cat?post=5338"},{"taxonomy":"product_tag","embeddable":true,"href":"https:\/\/mountlaser.com\/sq\/wp-json\/wp\/v2\/product_tag?post=5338"}],"curies":[{"name":"wp","href":"https:\/\/api.w.org\/{rel}","templated":true}]}}