{"id":5331,"date":"2025-12-04T04:43:31","date_gmt":"2025-12-04T04:43:31","guid":{"rendered":"https:\/\/mountlaser.com\/?post_type=product&#038;p=5331"},"modified":"2025-12-04T04:43:31","modified_gmt":"2025-12-04T04:43:31","slug":"hrt01-pole-tip","status":"publish","type":"product","link":"https:\/\/mountlaser.com\/sq\/produkt\/hrt01-pole-tip\/","title":{"rendered":"Maja e shtyll\u00ebs HRT01"},"content":{"rendered":"<p>I\/E\/T\u00eb\/T\u00eb <a href=\"https:\/\/mountlaser.com\/sq\/\"><strong>pik\u00eb polie matjeje<\/strong><\/a> \u00ebsht\u00eb nj\u00eb komponent thelb\u00ebsor p\u00ebr t\u00eb siguruar pozicionim t\u00eb q\u00ebndruesh\u00ebm, t\u00eb sakt\u00eb dhe t\u00eb q\u00ebndruesh\u00ebm n\u00eb detyrat e matjes n\u00eb terren. Modeli yn\u00eb HRT01 p\u00ebrmban nj\u00eb shuf\u00ebr gjasht\u00ebk\u00ebndore t\u00eb q\u00ebndrueshme t\u00eb \u00e7ift\u00ebzuar me nj\u00eb maj\u00eb t\u00eb p\u00ebrforcuar t\u00eb projektuar p\u00ebr besueshm\u00ebri afatgjat\u00eb. Kjo pik\u00eb poli e matjes p\u00ebrmir\u00ebson kapjen n\u00eb terrene t\u00eb ndryshme, duke u lejuar mat\u00ebsve t\u00eb ruajn\u00eb shtrirjen vertikale t\u00eb sakt\u00eb edhe n\u00eb mjedise sfiduese.<\/p>\n<p>I projektuar si nj\u00eb <a href=\"https:\/\/mountlaser.com\/sq\/kategori-produkti\/surveying-pole-rod\/\"><strong>Ti i z\u00ebvend\u00ebsuesh\u00ebm me maj\u00eb t\u00eb mpreht\u00eb t\u00eb poleve<\/strong><\/a>p, HRT01 ofron nj\u00eb zgjidhje t\u00eb sigurt dhe rezistente ndaj konsumimit q\u00eb mund t\u00eb nd\u00ebrrohet pa mundim kur \u00ebsht\u00eb e nevojshme. Struktura gjasht\u00ebk\u00ebndore parandalon rrotullimin dhe siguron nj\u00eb lidhje t\u00eb ngurt\u00eb dhe t\u00eb besueshme midis shtyll\u00ebs dhe tok\u00ebzimit. Pavar\u00ebsisht n\u00ebse p\u00ebrdoret me shtylla GPS, shtylla prizmash ose shufra mat\u00ebse tradicionale, kjo pik\u00eb shtylle p\u00ebr matje ofron stabilitet superior.<\/p>\n<p><img fetchpriority=\"high\" decoding=\"async\" class=\"aligncenter wp-image-5333\" src=\"https:\/\/mountlaser.com\/wp-content\/uploads\/2025\/12\/HRT012.webp\" alt=\"surveying pole point\" width=\"500\" height=\"500\" srcset=\"https:\/\/mountlaser.com\/wp-content\/uploads\/2025\/12\/HRT012.webp 1000w, https:\/\/mountlaser.com\/wp-content\/uploads\/2025\/12\/HRT012-300x300.webp 300w, https:\/\/mountlaser.com\/wp-content\/uploads\/2025\/12\/HRT012-150x150.webp 150w, https:\/\/mountlaser.com\/wp-content\/uploads\/2025\/12\/HRT012-768x768.webp 768w, https:\/\/mountlaser.com\/wp-content\/uploads\/2025\/12\/HRT012-12x12.webp 12w, https:\/\/mountlaser.com\/wp-content\/uploads\/2025\/12\/HRT012-600x600.webp 600w, https:\/\/mountlaser.com\/wp-content\/uploads\/2025\/12\/HRT012-800x800.webp 800w, https:\/\/mountlaser.com\/wp-content\/uploads\/2025\/12\/HRT012-400x400.webp 400w\" sizes=\"(max-width: 500px) 100vw, 500px\" \/><\/p>\n<p>Si nj\u00eb e v\u00ebrtet\u00eb <a href=\"https:\/\/mountlaser.com\/sq\/about-us\/\">Maj\u00eb e Mpreht\u00eb e Z\u00ebvend\u00ebsueshme me Maj\u00eb t\u00eb Mpreht\u00eb<\/a>, ofron mir\u00ebmbajtje t\u00eb leht\u00eb, koh\u00eb t\u00eb reduktuar nd\u00ebrprerjesh dhe performanc\u00eb t\u00eb q\u00ebndrueshme n\u00eb aplikime t\u00eb ndryshme matjeje. Nd\u00ebrtimi i tij i fort\u00eb garanton jet\u00ebgjat\u00ebsi t\u00eb gjat\u00eb sh\u00ebrbimi, duke e b\u00ebr\u00eb at\u00eb z\u00ebvend\u00ebsimin ideal p\u00ebr majat e konsumuara. Profesionist\u00ebt q\u00eb k\u00ebrkojn\u00eb precizion dhe q\u00ebndrueshm\u00ebri do ta gjejn\u00eb k\u00ebt\u00eb pik\u00eb referimi matjeje si nj\u00eb aset t\u00eb besuesh\u00ebm n\u00eb operacionet e p\u00ebrditshme n\u00eb terren.<\/p>","protected":false},"excerpt":{"rendered":"<ul>\n<li>Ofron nj\u00eb pik\u00eb kontakti t\u00eb q\u00ebndrueshme p\u00ebr shtyllat n\u00eb terren t\u00eb but\u00eb ose t\u00eb pabarabart\u00eb<\/li>\n<li>Parandalon rr\u00ebshqitjen dhe rrotullimin fal\u00eb dizajnit t\u00eb shufr\u00ebs gjasht\u00ebk\u00ebndore<\/li>\n<li>Sh\u00ebrben si maj\u00eb e z\u00ebvend\u00ebsueshme me maj\u00eb t\u00eb mpreht\u00eb p\u00ebr z\u00ebvend\u00ebsim t\u00eb shpejt\u00eb dhe mir\u00ebmbajtje t\u00eb ul\u00ebt<\/li>\n<li>Rrit sakt\u00ebsin\u00eb e shtrirjes vertikale gjat\u00eb pun\u00ebs s\u00eb matjes<\/li>\n<\/ul>","protected":false},"featured_media":5332,"comment_status":"open","ping_status":"closed","template":"","meta":[],"product_brand":[],"product_cat":[89,150],"product_tag":[],"class_list":{"0":"post-5331","1":"product","2":"type-product","3":"status-publish","4":"has-post-thumbnail","6":"product_cat-surveying-pole-rod","7":"product_cat-pole-accessory","9":"first","10":"instock","11":"shipping-taxable","12":"product-type-simple"},"_links":{"self":[{"href":"https:\/\/mountlaser.com\/sq\/wp-json\/wp\/v2\/product\/5331","targetHints":{"allow":["GET"]}}],"collection":[{"href":"https:\/\/mountlaser.com\/sq\/wp-json\/wp\/v2\/product"}],"about":[{"href":"https:\/\/mountlaser.com\/sq\/wp-json\/wp\/v2\/types\/product"}],"replies":[{"embeddable":true,"href":"https:\/\/mountlaser.com\/sq\/wp-json\/wp\/v2\/comments?post=5331"}],"wp:featuredmedia":[{"embeddable":true,"href":"https:\/\/mountlaser.com\/sq\/wp-json\/wp\/v2\/media\/5332"}],"wp:attachment":[{"href":"https:\/\/mountlaser.com\/sq\/wp-json\/wp\/v2\/media?parent=5331"}],"wp:term":[{"taxonomy":"product_brand","embeddable":true,"href":"https:\/\/mountlaser.com\/sq\/wp-json\/wp\/v2\/product_brand?post=5331"},{"taxonomy":"product_cat","embeddable":true,"href":"https:\/\/mountlaser.com\/sq\/wp-json\/wp\/v2\/product_cat?post=5331"},{"taxonomy":"product_tag","embeddable":true,"href":"https:\/\/mountlaser.com\/sq\/wp-json\/wp\/v2\/product_tag?post=5331"}],"curies":[{"name":"wp","href":"https:\/\/api.w.org\/{rel}","templated":true}]}}