{"id":5325,"date":"2025-12-04T02:38:47","date_gmt":"2025-12-04T02:38:47","guid":{"rendered":"https:\/\/mountlaser.com\/?post_type=product&#038;p=5325"},"modified":"2025-12-04T02:38:47","modified_gmt":"2025-12-04T02:38:47","slug":"tip01-pole-tip","status":"publish","type":"product","link":"https:\/\/mountlaser.com\/sq\/produkt\/tip01-pole-tip\/","title":{"rendered":"Maja e shtyll\u00ebs TIP01"},"content":{"rendered":"<p data-start=\"198\" data-end=\"516\">I\/E\/T\u00eb\/T\u00eb <a href=\"https:\/\/mountlaser.com\/sq\/\"><strong data-start=\"202\" data-end=\"231\">Maj\u00eb Z\u00ebvend\u00ebsimi p\u00ebr Shtyllat<\/strong><\/a> \u00ebsht\u00eb nj\u00eb aksesor i q\u00ebndruesh\u00ebm dhe i p\u00ebrpunuar me precizion, i projektuar p\u00ebr t\u00eb mbajtur shtyllat tuaja t\u00eb matjes t\u00eb q\u00ebndrueshme dhe t\u00eb sakta n\u00eb \u00e7do terren. I projektuar nga metal me cil\u00ebsi t\u00eb lart\u00eb me p\u00ebrfundim argjendi, ky maj\u00eb z\u00ebvend\u00ebsuese p\u00ebr shtyllat ofron performanc\u00eb afatgjat\u00eb dhe dep\u00ebrtim t\u00eb sigurt n\u00eb tok\u00eb gjat\u00eb pun\u00ebs n\u00eb terren.<\/p>\n<p data-start=\"518\" data-end=\"894\">Ton\u00eb <a href=\"https:\/\/mountlaser.com\/sq\/products\/\"><strong data-start=\"522\" data-end=\"560\">Maja e Shtyll\u00ebs GPS e Mpreht\u00eb Maja Z\u00ebvend\u00ebsuese<\/strong><\/a> Ofron nj\u00eb kapje m\u00eb t\u00eb mir\u00eb n\u00eb tok\u00eb, zhavorr ose sip\u00ebrfaqe t\u00eb pabarabarta, duke siguruar q\u00eb shufra juaj e matjes t\u00eb mbetet e vendosur fort p\u00ebr matje t\u00eb q\u00ebndrueshme. Pavar\u00ebsisht n\u00ebse punoni me nj\u00eb shuf\u00ebr GPS, shuf\u00ebr prizmi apo shuf\u00ebr GNSS, maja z\u00ebvend\u00ebsuese GPS Pole Tip Sharp ofron p\u00ebrputhshm\u00ebri t\u00eb besueshme, instalim t\u00eb leht\u00eb dhe q\u00ebndrueshm\u00ebri t\u00eb besueshme.<\/p>\n<p data-start=\"518\" data-end=\"894\"><img fetchpriority=\"high\" decoding=\"async\" class=\"aligncenter wp-image-5328\" src=\"https:\/\/mountlaser.com\/wp-content\/uploads\/2025\/12\/TIP013.webp\" alt=\"Replacement Tip for Poles\" width=\"500\" height=\"500\" srcset=\"https:\/\/mountlaser.com\/wp-content\/uploads\/2025\/12\/TIP013.webp 1000w, https:\/\/mountlaser.com\/wp-content\/uploads\/2025\/12\/TIP013-300x300.webp 300w, https:\/\/mountlaser.com\/wp-content\/uploads\/2025\/12\/TIP013-150x150.webp 150w, https:\/\/mountlaser.com\/wp-content\/uploads\/2025\/12\/TIP013-768x768.webp 768w, https:\/\/mountlaser.com\/wp-content\/uploads\/2025\/12\/TIP013-12x12.webp 12w, https:\/\/mountlaser.com\/wp-content\/uploads\/2025\/12\/TIP013-600x600.webp 600w, https:\/\/mountlaser.com\/wp-content\/uploads\/2025\/12\/TIP013-800x800.webp 800w, https:\/\/mountlaser.com\/wp-content\/uploads\/2025\/12\/TIP013-400x400.webp 400w\" sizes=\"(max-width: 500px) 100vw, 500px\" \/><\/p>\n<p data-start=\"896\" data-end=\"1118\">Me nd\u00ebrtimin e tij t\u00eb fort\u00eb dhe p\u00ebrshtatjen universale, <a href=\"https:\/\/mountlaser.com\/sq\/about-us\/\">Maj\u00eb Z\u00ebvend\u00ebsimi p\u00ebr Shtyllat<\/a>\u00a0jan\u00eb aksesor\u00eb thelb\u00ebsor\u00eb p\u00ebr ruajtjen e sakt\u00ebsis\u00eb s\u00eb pajisjeve dhe zgjatjen e jet\u00ebgjat\u00ebsis\u00eb s\u00eb sistemit tuaj t\u00eb shtyllave.<\/p>","protected":false},"excerpt":{"rendered":"<ul>\n<li data-start=\"1142\" data-end=\"1196\">\n<p data-start=\"1144\" data-end=\"1196\">Ofron nj\u00eb pik\u00eb t\u00eb mpreht\u00eb dhe t\u00eb q\u00ebndrueshme tok\u00ebzimi p\u00ebr shtyllat<\/p>\n<\/li>\n<li data-start=\"1197\" data-end=\"1263\">\n<p data-start=\"1199\" data-end=\"1263\">Rrit sakt\u00ebsin\u00eb duke minimizuar l\u00ebvizjen e shtyll\u00ebs n\u00eb terren t\u00eb ashp\u00ebr<\/p>\n<\/li>\n<li data-start=\"1264\" data-end=\"1320\">\n<p data-start=\"1266\" data-end=\"1320\">Ofron z\u00ebvend\u00ebsim t\u00eb leht\u00eb me shtylla matjeje t\u00eb pajtueshme<\/p>\n<\/li>\n<li data-start=\"1321\" data-end=\"1370\">\n<p data-start=\"1323\" data-end=\"1370\">I b\u00ebr\u00eb nga metal i q\u00ebndruesh\u00ebm p\u00ebr jet\u00ebgjat\u00ebsi t\u00eb gjat\u00eb sh\u00ebrbimi<\/p>\n<\/li>\n<li data-start=\"1371\" data-end=\"1458\">\n<p data-start=\"1373\" data-end=\"1458\">Siguron performanc\u00eb t\u00eb besueshme n\u00eb matjet e tok\u00ebs, nd\u00ebrtimin dhe aplikimet GNSS<\/p>\n<\/li>\n<\/ul>","protected":false},"featured_media":5326,"comment_status":"open","ping_status":"closed","template":"","meta":[],"product_brand":[],"product_cat":[89,150],"product_tag":[],"class_list":{"0":"post-5325","1":"product","2":"type-product","3":"status-publish","4":"has-post-thumbnail","6":"product_cat-surveying-pole-rod","7":"product_cat-pole-accessory","9":"first","10":"instock","11":"shipping-taxable","12":"product-type-simple"},"_links":{"self":[{"href":"https:\/\/mountlaser.com\/sq\/wp-json\/wp\/v2\/product\/5325","targetHints":{"allow":["GET"]}}],"collection":[{"href":"https:\/\/mountlaser.com\/sq\/wp-json\/wp\/v2\/product"}],"about":[{"href":"https:\/\/mountlaser.com\/sq\/wp-json\/wp\/v2\/types\/product"}],"replies":[{"embeddable":true,"href":"https:\/\/mountlaser.com\/sq\/wp-json\/wp\/v2\/comments?post=5325"}],"wp:featuredmedia":[{"embeddable":true,"href":"https:\/\/mountlaser.com\/sq\/wp-json\/wp\/v2\/media\/5326"}],"wp:attachment":[{"href":"https:\/\/mountlaser.com\/sq\/wp-json\/wp\/v2\/media?parent=5325"}],"wp:term":[{"taxonomy":"product_brand","embeddable":true,"href":"https:\/\/mountlaser.com\/sq\/wp-json\/wp\/v2\/product_brand?post=5325"},{"taxonomy":"product_cat","embeddable":true,"href":"https:\/\/mountlaser.com\/sq\/wp-json\/wp\/v2\/product_cat?post=5325"},{"taxonomy":"product_tag","embeddable":true,"href":"https:\/\/mountlaser.com\/sq\/wp-json\/wp\/v2\/product_tag?post=5325"}],"curies":[{"name":"wp","href":"https:\/\/api.w.org\/{rel}","templated":true}]}}