{"id":5288,"date":"2025-12-04T01:51:53","date_gmt":"2025-12-04T01:51:53","guid":{"rendered":"https:\/\/mountlaser.com\/?post_type=product&#038;p=5288"},"modified":"2025-12-04T01:51:53","modified_gmt":"2025-12-04T01:51:53","slug":"rl01-rod-level","status":"publish","type":"product","link":"https:\/\/mountlaser.com\/sq\/produkt\/rl01-rod-level\/","title":{"rendered":"Niveli i shufr\u00ebs RL01"},"content":{"rendered":"<p>I\/E\/T\u00eb\/T\u00eb <a href=\"https:\/\/mountlaser.com\/sq\/\"><strong>Niveli i shufr\u00ebs<\/strong><\/a> \u00ebsht\u00eb nj\u00eb mjet thelb\u00ebsor p\u00ebr shtrirjen, i projektuar p\u00ebr t\u00eb ndihmuar topograf\u00ebt t\u00eb arrijn\u00eb lexime t\u00eb sakta vertikale kur punojn\u00eb me shufra nivelimi dhe shtylla stafesh. I projektuar p\u00ebr besueshm\u00ebri dhe leht\u00ebsi p\u00ebrdorimi, Niveli siguron pozicionimin e duhur t\u00eb shufr\u00ebs n\u00eb nj\u00eb gam\u00eb t\u00eb gjer\u00eb mjedisesh n\u00eb terren. Gama jon\u00eb p\u00ebrfshin materiale dhe stile t\u00eb shumta fiksimi - t\u00eb tilla si llojet e kapjes dhe rripave - duke u lejuar profesionist\u00ebve t\u00eb zgjedhin m\u00eb t\u00eb p\u00ebrshtatshmet. <a href=\"https:\/\/mountlaser.com\/sq\/kategori-produkti\/surveying-pole-rod\/\"><strong>Niveli i rregulluesh\u00ebm i shufr\u00ebs s\u00eb matjes<\/strong><\/a> p\u00ebr rrjedh\u00ebn e tyre t\u00eb pun\u00ebs.<\/p>\n<p>I nd\u00ebrtuar me shishe flluskash precize 40&#039;\/2 mm, \u00e7do Nivel Shufre ofron reagime t\u00eb shpejta vizuale p\u00ebr nj\u00eb shtrirje t\u00eb besueshme. Opsionet p\u00ebrfshijn\u00eb trupa plastik\u00eb t\u00eb leht\u00eb si RL01, korniza alumini t\u00eb forta n\u00eb RL02 dhe RL03, dhe dizajne t\u00eb gjithanshme t\u00eb montuara n\u00eb rrip q\u00eb gjenden n\u00eb RL04 dhe PA40. Si nj\u00eb Nivel Shufresh i Rregulluesh\u00ebm p\u00ebr Matjet, mjeti akomodon lloje t\u00eb ndryshme shufrash, duke siguruar p\u00ebrputhshm\u00ebri dhe performanc\u00eb t\u00eb q\u00ebndrueshme edhe n\u00eb kushte t\u00eb v\u00ebshtira matjetjeje.<\/p>\n<p>Pavar\u00ebsisht n\u00ebse p\u00ebrdoret p\u00ebr planifikimin e nd\u00ebrtimit, matjen e tok\u00ebs apo matjen topografike, niveli rrit efikasitetin duke p\u00ebrmir\u00ebsuar stabilitetin e shufr\u00ebs dhe duke siguruar lexime t\u00eb sakta referuese. Mat\u00ebsit mb\u00ebshteten n\u00eb <a href=\"https:\/\/mountlaser.com\/sq\/contact-us\/\">Niveli i shufr\u00ebs<\/a> p\u00ebr t\u00eb zvog\u00ebluar gabimet, p\u00ebr t\u00eb ruajtur nj\u00eb fluks pune t\u00eb q\u00ebndruesh\u00ebm dhe p\u00ebr t\u00eb siguruar nj\u00eb shtrirje vertikale t\u00eb besueshme n\u00eb \u00e7do projekt.<\/p>\n<div>\n<table style=\"border-collapse: collapse; width: 710.27pt;\" border=\"0\" width=\"947\" cellspacing=\"0\" cellpadding=\"0\">\n<tbody>\n<tr style=\"height: 14.25pt;\">\n<td class=\"et2\" style=\"height: 14.25pt; width: 99.75pt;\" width=\"133\" height=\"19\">NUM\u00cbR<\/td>\n<td class=\"et3\" style=\"width: 75.75pt;\" width=\"101\">MATERIALI<\/td>\n<td class=\"et4\" style=\"width: 108.75pt;\" width=\"145\">Shishe me flluska<\/td>\n<td class=\"et4\" style=\"width: 144.00pt;\" width=\"192\">METODA E FIKSIMIT<\/td>\n<td class=\"et4\" style=\"width: 114.00pt;\" width=\"152\">NGJYRA<\/td>\n<td class=\"et5\" style=\"width: 168.00pt;\" width=\"224\">FOTO<\/td>\n<\/tr>\n<tr style=\"height: 14.25pt;\">\n<td class=\"et6\" style=\"height: 14.25pt;\" height=\"19\">RL01<\/td>\n<td class=\"et6\">Plastik\u00eb<\/td>\n<td class=\"et6\">40&#039;\/ 2 mm<\/td>\n<td class=\"et6\">\u2014<\/td>\n<td class=\"et6\">Portokalli<\/td>\n<td class=\"et7\"><img fetchpriority=\"high\" decoding=\"async\" class=\"alignnone wp-image-5290\" src=\"https:\/\/mountlaser.com\/wp-content\/uploads\/2025\/12\/RL012.webp\" alt=\"Rod Level\" width=\"500\" height=\"500\" srcset=\"https:\/\/mountlaser.com\/wp-content\/uploads\/2025\/12\/RL012.webp 1200w, https:\/\/mountlaser.com\/wp-content\/uploads\/2025\/12\/RL012-300x300.webp 300w, https:\/\/mountlaser.com\/wp-content\/uploads\/2025\/12\/RL012-1024x1024.webp 1024w, https:\/\/mountlaser.com\/wp-content\/uploads\/2025\/12\/RL012-150x150.webp 150w, https:\/\/mountlaser.com\/wp-content\/uploads\/2025\/12\/RL012-768x768.webp 768w, https:\/\/mountlaser.com\/wp-content\/uploads\/2025\/12\/RL012-12x12.webp 12w, https:\/\/mountlaser.com\/wp-content\/uploads\/2025\/12\/RL012-600x600.webp 600w, https:\/\/mountlaser.com\/wp-content\/uploads\/2025\/12\/RL012-800x800.webp 800w, https:\/\/mountlaser.com\/wp-content\/uploads\/2025\/12\/RL012-400x400.webp 400w\" sizes=\"(max-width: 500px) 100vw, 500px\" \/><\/td>\n<\/tr>\n<tr style=\"height: 14.25pt;\">\n<td class=\"et6\" style=\"height: 14.25pt;\" height=\"19\">RL02<\/td>\n<td class=\"et6\">Alumini<\/td>\n<td class=\"et6\">40&#039;\/ 2 mm<\/td>\n<td class=\"et6\">\u2014<\/td>\n<td class=\"et6\">E KUQE\/ E zez\u00eb<\/td>\n<td class=\"et7\"><img decoding=\"async\" class=\"alignnone wp-image-5297\" src=\"https:\/\/mountlaser.com\/wp-content\/uploads\/2025\/12\/RL024.webp\" alt=\"Rod Level\" width=\"500\" height=\"500\" srcset=\"https:\/\/mountlaser.com\/wp-content\/uploads\/2025\/12\/RL024.webp 1200w, https:\/\/mountlaser.com\/wp-content\/uploads\/2025\/12\/RL024-300x300.webp 300w, https:\/\/mountlaser.com\/wp-content\/uploads\/2025\/12\/RL024-1024x1024.webp 1024w, https:\/\/mountlaser.com\/wp-content\/uploads\/2025\/12\/RL024-150x150.webp 150w, https:\/\/mountlaser.com\/wp-content\/uploads\/2025\/12\/RL024-768x768.webp 768w, https:\/\/mountlaser.com\/wp-content\/uploads\/2025\/12\/RL024-12x12.webp 12w, https:\/\/mountlaser.com\/wp-content\/uploads\/2025\/12\/RL024-600x600.webp 600w, https:\/\/mountlaser.com\/wp-content\/uploads\/2025\/12\/RL024-800x800.webp 800w, https:\/\/mountlaser.com\/wp-content\/uploads\/2025\/12\/RL024-400x400.webp 400w\" sizes=\"(max-width: 500px) 100vw, 500px\" \/><\/td>\n<\/tr>\n<tr style=\"height: 14.25pt;\">\n<td class=\"et6\" style=\"height: 14.25pt;\" height=\"19\">RL03<\/td>\n<td class=\"et6\">Alumini<\/td>\n<td class=\"et6\">40&#039;\/ 2 mm<\/td>\n<td class=\"et6\">Vendosje me kap\u00ebse<\/td>\n<td class=\"et6\">E zez\u00eb<\/td>\n<td class=\"et7\"><img decoding=\"async\" class=\"alignnone wp-image-5303\" src=\"https:\/\/mountlaser.com\/wp-content\/uploads\/2025\/12\/RL034.webp\" alt=\"Rod Level\" width=\"500\" height=\"500\" srcset=\"https:\/\/mountlaser.com\/wp-content\/uploads\/2025\/12\/RL034.webp 1200w, https:\/\/mountlaser.com\/wp-content\/uploads\/2025\/12\/RL034-300x300.webp 300w, https:\/\/mountlaser.com\/wp-content\/uploads\/2025\/12\/RL034-1024x1024.webp 1024w, https:\/\/mountlaser.com\/wp-content\/uploads\/2025\/12\/RL034-150x150.webp 150w, https:\/\/mountlaser.com\/wp-content\/uploads\/2025\/12\/RL034-768x768.webp 768w, https:\/\/mountlaser.com\/wp-content\/uploads\/2025\/12\/RL034-12x12.webp 12w, https:\/\/mountlaser.com\/wp-content\/uploads\/2025\/12\/RL034-600x600.webp 600w, https:\/\/mountlaser.com\/wp-content\/uploads\/2025\/12\/RL034-800x800.webp 800w, https:\/\/mountlaser.com\/wp-content\/uploads\/2025\/12\/RL034-400x400.webp 400w\" sizes=\"(max-width: 500px) 100vw, 500px\" \/><\/td>\n<\/tr>\n<tr style=\"height: 14.25pt;\">\n<td class=\"et6\" style=\"height: 14.25pt;\" height=\"19\">RL04<\/td>\n<td class=\"et6\">Alumini<\/td>\n<td class=\"et6\">40&#039;\/ 2 mm<\/td>\n<td class=\"et6\">Rrip<\/td>\n<td class=\"et6\">E KUQE\/ E zez\u00eb<\/td>\n<td class=\"et7\"><img loading=\"lazy\" decoding=\"async\" class=\"alignnone wp-image-5310\" src=\"https:\/\/mountlaser.com\/wp-content\/uploads\/2025\/12\/RL046.webp\" alt=\"Rod Level\" width=\"500\" height=\"500\" srcset=\"https:\/\/mountlaser.com\/wp-content\/uploads\/2025\/12\/RL046.webp 1200w, https:\/\/mountlaser.com\/wp-content\/uploads\/2025\/12\/RL046-300x300.webp 300w, https:\/\/mountlaser.com\/wp-content\/uploads\/2025\/12\/RL046-1024x1024.webp 1024w, https:\/\/mountlaser.com\/wp-content\/uploads\/2025\/12\/RL046-150x150.webp 150w, https:\/\/mountlaser.com\/wp-content\/uploads\/2025\/12\/RL046-768x768.webp 768w, https:\/\/mountlaser.com\/wp-content\/uploads\/2025\/12\/RL046-12x12.webp 12w, https:\/\/mountlaser.com\/wp-content\/uploads\/2025\/12\/RL046-600x600.webp 600w, https:\/\/mountlaser.com\/wp-content\/uploads\/2025\/12\/RL046-800x800.webp 800w, https:\/\/mountlaser.com\/wp-content\/uploads\/2025\/12\/RL046-400x400.webp 400w\" sizes=\"(max-width: 500px) 100vw, 500px\" \/><\/td>\n<\/tr>\n<tr style=\"height: 14.25pt;\">\n<td class=\"et6\" style=\"height: 14.25pt;\" height=\"19\">PA40<\/td>\n<td class=\"et6\">Alumini<\/td>\n<td class=\"et6\">40&#039;\/ 2 mm<\/td>\n<td class=\"et6\">Rrip<\/td>\n<td class=\"et6\">E verdh\u00eb<\/td>\n<td class=\"et7\"><img loading=\"lazy\" decoding=\"async\" class=\"alignnone wp-image-5317\" src=\"https:\/\/mountlaser.com\/wp-content\/uploads\/2025\/12\/PA406.webp\" alt=\"Rod Level\" width=\"500\" height=\"500\" srcset=\"https:\/\/mountlaser.com\/wp-content\/uploads\/2025\/12\/PA406.webp 1200w, https:\/\/mountlaser.com\/wp-content\/uploads\/2025\/12\/PA406-300x300.webp 300w, https:\/\/mountlaser.com\/wp-content\/uploads\/2025\/12\/PA406-1024x1024.webp 1024w, https:\/\/mountlaser.com\/wp-content\/uploads\/2025\/12\/PA406-150x150.webp 150w, https:\/\/mountlaser.com\/wp-content\/uploads\/2025\/12\/PA406-768x768.webp 768w, https:\/\/mountlaser.com\/wp-content\/uploads\/2025\/12\/PA406-12x12.webp 12w, https:\/\/mountlaser.com\/wp-content\/uploads\/2025\/12\/PA406-600x600.webp 600w, https:\/\/mountlaser.com\/wp-content\/uploads\/2025\/12\/PA406-800x800.webp 800w, https:\/\/mountlaser.com\/wp-content\/uploads\/2025\/12\/PA406-400x400.webp 400w\" sizes=\"(max-width: 500px) 100vw, 500px\" \/><\/td>\n<\/tr>\n<\/tbody>\n<\/table>\n<\/div>","protected":false},"excerpt":{"rendered":"<ul>\n<li>Ofron shtrirje vertikale t\u00eb sakt\u00eb p\u00ebr t\u00eb gjitha shufrat e zakonshme t\u00eb matjes.<\/li>\n<li>E pajisur me nj\u00eb shishk\u00eb fllusk\u00eb 40&#039;\/2 mm p\u00ebr nivelim t\u00eb shpejt\u00eb dhe t\u00eb sakt\u00eb.<\/li>\n<li>N\u00eb dispozicion n\u00eb trupa plastike ose alumini p\u00ebr t&#039;iu p\u00ebrshtatur nevojave t\u00eb ndryshme t\u00eb q\u00ebndrueshm\u00ebris\u00eb.<\/li>\n<li>Metodat e shum\u00ebfishta t\u00eb fiksimit - me kap\u00ebse ose me rrip - ofrojn\u00eb mund\u00ebsi fleksibile instalimi.<\/li>\n<li>Funksionon si nj\u00eb nivel i rregulluesh\u00ebm shufre matjeje p\u00ebr diametra t\u00eb ndrysh\u00ebm shufre dhe aplikime n\u00eb terren.<\/li>\n<\/ul>","protected":false},"featured_media":5294,"comment_status":"open","ping_status":"closed","template":"","meta":[],"product_brand":[],"product_cat":[89,150],"product_tag":[],"class_list":{"0":"post-5288","1":"product","2":"type-product","3":"status-publish","4":"has-post-thumbnail","6":"product_cat-surveying-pole-rod","7":"product_cat-pole-accessory","9":"first","10":"instock","11":"shipping-taxable","12":"product-type-simple"},"_links":{"self":[{"href":"https:\/\/mountlaser.com\/sq\/wp-json\/wp\/v2\/product\/5288","targetHints":{"allow":["GET"]}}],"collection":[{"href":"https:\/\/mountlaser.com\/sq\/wp-json\/wp\/v2\/product"}],"about":[{"href":"https:\/\/mountlaser.com\/sq\/wp-json\/wp\/v2\/types\/product"}],"replies":[{"embeddable":true,"href":"https:\/\/mountlaser.com\/sq\/wp-json\/wp\/v2\/comments?post=5288"}],"wp:featuredmedia":[{"embeddable":true,"href":"https:\/\/mountlaser.com\/sq\/wp-json\/wp\/v2\/media\/5294"}],"wp:attachment":[{"href":"https:\/\/mountlaser.com\/sq\/wp-json\/wp\/v2\/media?parent=5288"}],"wp:term":[{"taxonomy":"product_brand","embeddable":true,"href":"https:\/\/mountlaser.com\/sq\/wp-json\/wp\/v2\/product_brand?post=5288"},{"taxonomy":"product_cat","embeddable":true,"href":"https:\/\/mountlaser.com\/sq\/wp-json\/wp\/v2\/product_cat?post=5288"},{"taxonomy":"product_tag","embeddable":true,"href":"https:\/\/mountlaser.com\/sq\/wp-json\/wp\/v2\/product_tag?post=5288"}],"curies":[{"name":"wp","href":"https:\/\/api.w.org\/{rel}","templated":true}]}}