{"id":5287,"date":"2025-12-04T01:37:53","date_gmt":"2025-12-04T01:37:53","guid":{"rendered":"https:\/\/mountlaser.com\/?post_type=product&#038;p=5287"},"modified":"2025-12-04T01:54:26","modified_gmt":"2025-12-04T01:54:26","slug":"bbp-bubble-and-holder","status":"publish","type":"product","link":"https:\/\/mountlaser.com\/sq\/produkt\/bbp-bubble-and-holder\/","title":{"rendered":"Fllusk\u00eb dhe Mbajt\u00ebse BBP"},"content":{"rendered":"<p>I\/E\/T\u00eb\/T\u00eb <a href=\"https:\/\/mountlaser.com\/sq\/kategori-produkti\/surveying-pole-rod\/\"><strong>Mbajt\u00ebse flluskash p\u00ebr shkopin<\/strong><\/a> \u00ebsht\u00eb nj\u00eb aksesor i projektuar me precizion t\u00eb lart\u00eb, i projektuar p\u00ebr t\u00eb siguruar nivelim t\u00eb sakt\u00eb p\u00ebr shtyllat e matjes me diametra t\u00eb ndrysh\u00ebm. I disponuesh\u00ebm n\u00eb versionet e zeza BBP25\/30\/32\/36 dhe versionet argjendi SBP32\/38, ky mbajt\u00ebs siguron nj\u00eb vendosje t\u00eb sigurt dhe performanc\u00eb t\u00eb q\u00ebndrueshme n\u00eb mjedise t\u00eb k\u00ebrkuara n\u00eb terren. Pavar\u00ebsisht n\u00ebse p\u00ebrdoret n\u00eb shtylla prizmash ose n\u00eb shtylla matjeje GPS, Mbajt\u00ebsja e Flluskave p\u00ebr shtyll\u00ebn ofron besueshm\u00ebri t\u00eb vazhdueshme dhe p\u00ebrputhshm\u00ebri t\u00eb p\u00ebrsosur me nj\u00eb gam\u00eb t\u00eb gjer\u00eb t\u00eb llojeve t\u00eb shtyllave me flluska. Nd\u00ebrtimi i saj i q\u00ebndruesh\u00ebm dhe dizajni ergonomik e b\u00ebjn\u00eb t\u00eb leht\u00eb instalimin, duke u lejuar gjeodet\u00ebve t\u00eb rregullojn\u00eb dhe kontrollojn\u00eb shpejt shtrirjen vertikale.<\/p>\n<figure id=\"attachment_5279\" aria-describedby=\"caption-attachment-5279\" style=\"width: 500px\" class=\"wp-caption aligncenter\"><img fetchpriority=\"high\" decoding=\"async\" class=\"wp-image-5279\" src=\"https:\/\/mountlaser.com\/wp-content\/uploads\/2025\/12\/BBP3.webp\" alt=\"Bubble Holder for pole\" width=\"500\" height=\"500\" srcset=\"https:\/\/mountlaser.com\/wp-content\/uploads\/2025\/12\/BBP3.webp 1000w, https:\/\/mountlaser.com\/wp-content\/uploads\/2025\/12\/BBP3-300x300.webp 300w, https:\/\/mountlaser.com\/wp-content\/uploads\/2025\/12\/BBP3-150x150.webp 150w, https:\/\/mountlaser.com\/wp-content\/uploads\/2025\/12\/BBP3-768x768.webp 768w, https:\/\/mountlaser.com\/wp-content\/uploads\/2025\/12\/BBP3-12x12.webp 12w, https:\/\/mountlaser.com\/wp-content\/uploads\/2025\/12\/BBP3-600x600.webp 600w, https:\/\/mountlaser.com\/wp-content\/uploads\/2025\/12\/BBP3-800x800.webp 800w, https:\/\/mountlaser.com\/wp-content\/uploads\/2025\/12\/BBP3-400x400.webp 400w\" sizes=\"(max-width: 500px) 100vw, 500px\" \/><figcaption id=\"caption-attachment-5279\" class=\"wp-caption-text\">BBP25\/30\/32\/36<\/figcaption><\/figure>\n<figure id=\"attachment_5319\" aria-describedby=\"caption-attachment-5319\" style=\"width: 500px\" class=\"wp-caption aligncenter\"><img decoding=\"async\" class=\"wp-image-5319\" src=\"https:\/\/mountlaser.com\/wp-content\/uploads\/2025\/12\/SBP1.webp\" alt=\"Bubble Holder for pole\" width=\"500\" height=\"500\" srcset=\"https:\/\/mountlaser.com\/wp-content\/uploads\/2025\/12\/SBP1.webp 1200w, https:\/\/mountlaser.com\/wp-content\/uploads\/2025\/12\/SBP1-300x300.webp 300w, https:\/\/mountlaser.com\/wp-content\/uploads\/2025\/12\/SBP1-1024x1024.webp 1024w, https:\/\/mountlaser.com\/wp-content\/uploads\/2025\/12\/SBP1-150x150.webp 150w, https:\/\/mountlaser.com\/wp-content\/uploads\/2025\/12\/SBP1-768x768.webp 768w, https:\/\/mountlaser.com\/wp-content\/uploads\/2025\/12\/SBP1-12x12.webp 12w, https:\/\/mountlaser.com\/wp-content\/uploads\/2025\/12\/SBP1-600x600.webp 600w, https:\/\/mountlaser.com\/wp-content\/uploads\/2025\/12\/SBP1-800x800.webp 800w, https:\/\/mountlaser.com\/wp-content\/uploads\/2025\/12\/SBP1-400x400.webp 400w\" sizes=\"(max-width: 500px) 100vw, 500px\" \/><figcaption id=\"caption-attachment-5319\" class=\"wp-caption-text\">SBP32\/38<\/figcaption><\/figure>\n<p>Me dukshm\u00ebri t\u00eb p\u00ebrmir\u00ebsuar dhe sakt\u00ebsi afatgjat\u00eb, Mbajt\u00ebsja e Bubble Holder p\u00ebr shufr\u00ebn \u00ebsht\u00eb nj\u00eb mjet thelb\u00ebsor p\u00ebr profesionist\u00ebt q\u00eb mb\u00ebshteten n\u00eb matje t\u00eb sakta, ve\u00e7an\u00ebrisht kur shoq\u00ebrohet me matje me cil\u00ebsi t\u00eb lart\u00eb.<a href=\"https:\/\/mountlaser.com\/sq\/about-us\/\"><strong> fllusk\u00eb p\u00ebr shtyll\u00eb<\/strong><\/a> komponent\u00eb dhe aksesor\u00eb.<\/p>","protected":false},"excerpt":{"rendered":"<ul>\n<li>Ofron shtrirje vertikale t\u00eb shpejt\u00eb dhe t\u00eb sakt\u00eb p\u00ebr shtyllat e matjes<\/li>\n<li>I pajtuesh\u00ebm me diametra t\u00eb shumt\u00eb t\u00eb shtyllave (25\/30\/32\/36 mm dhe 32\/38 mm)<\/li>\n<li>Siguron fort fllusk\u00ebn p\u00ebr shishet e poleve n\u00eb vend<\/li>\n<li>P\u00ebrmir\u00ebson sakt\u00ebsin\u00eb e matjeve n\u00eb nd\u00ebrtim, hart\u00ebzim dhe matje t\u00eb tok\u00ebs<\/li>\n<li>I projektuar p\u00ebr q\u00ebndrueshm\u00ebri dhe kushte t\u00eb jashtme n\u00eb terren<\/li>\n<\/ul>","protected":false},"featured_media":5277,"comment_status":"open","ping_status":"closed","template":"","meta":[],"product_brand":[],"product_cat":[89,150],"product_tag":[],"class_list":{"0":"post-5287","1":"product","2":"type-product","3":"status-publish","4":"has-post-thumbnail","6":"product_cat-surveying-pole-rod","7":"product_cat-pole-accessory","9":"first","10":"instock","11":"shipping-taxable","12":"product-type-simple"},"_links":{"self":[{"href":"https:\/\/mountlaser.com\/sq\/wp-json\/wp\/v2\/product\/5287","targetHints":{"allow":["GET"]}}],"collection":[{"href":"https:\/\/mountlaser.com\/sq\/wp-json\/wp\/v2\/product"}],"about":[{"href":"https:\/\/mountlaser.com\/sq\/wp-json\/wp\/v2\/types\/product"}],"replies":[{"embeddable":true,"href":"https:\/\/mountlaser.com\/sq\/wp-json\/wp\/v2\/comments?post=5287"}],"wp:featuredmedia":[{"embeddable":true,"href":"https:\/\/mountlaser.com\/sq\/wp-json\/wp\/v2\/media\/5277"}],"wp:attachment":[{"href":"https:\/\/mountlaser.com\/sq\/wp-json\/wp\/v2\/media?parent=5287"}],"wp:term":[{"taxonomy":"product_brand","embeddable":true,"href":"https:\/\/mountlaser.com\/sq\/wp-json\/wp\/v2\/product_brand?post=5287"},{"taxonomy":"product_cat","embeddable":true,"href":"https:\/\/mountlaser.com\/sq\/wp-json\/wp\/v2\/product_cat?post=5287"},{"taxonomy":"product_tag","embeddable":true,"href":"https:\/\/mountlaser.com\/sq\/wp-json\/wp\/v2\/product_tag?post=5287"}],"curies":[{"name":"wp","href":"https:\/\/api.w.org\/{rel}","templated":true}]}}