{"id":5286,"date":"2025-12-03T09:14:35","date_gmt":"2025-12-03T09:14:35","guid":{"rendered":"https:\/\/mountlaser.com\/?post_type=product&#038;p=5286"},"modified":"2025-12-03T09:17:43","modified_gmt":"2025-12-03T09:17:43","slug":"bl09-pole-bubble-vial","status":"publish","type":"product","link":"https:\/\/mountlaser.com\/sq\/produkt\/bl09-pole-bubble-vial\/","title":{"rendered":"Shishe me flluska BL09"},"content":{"rendered":"<p>I\/E\/T\u00eb\/T\u00eb <a href=\"https:\/\/mountlaser.com\/sq\/\"><strong>Shishe me flluska BL09<\/strong><\/a> \u00ebsht\u00eb nj\u00eb aksesor p\u00ebr shtrirjen me precizion t\u00eb projektuar p\u00ebr shtyllat e prizm\u00ebs dhe shtyllat GPS, duke siguruar matje t\u00eb q\u00ebndrueshme dhe t\u00eb sakta n\u00eb terren. I nd\u00ebrtuar me l\u00ebng me qart\u00ebsi t\u00eb lart\u00eb dhe nj\u00eb streh\u00eb t\u00eb q\u00ebndrueshme, Shishja me Fllusk\u00eb p\u00ebr Shtyll\u00eb BL09 ofron nivelim t\u00eb shpejt\u00eb vizual, duke e b\u00ebr\u00eb at\u00eb ideale p\u00ebr aplikime t\u00eb k\u00ebrkuara t\u00eb matjeve.<\/p>\n<p>Kjo e besueshme <a href=\"https:\/\/mountlaser.com\/sq\/products\/\"><strong>Montimi i Shishes me Flluska<\/strong><\/a> \u00ebsht\u00eb i leht\u00eb p\u00ebr t\u2019u instaluar, rezistent ndaj goditjeve dhe ruan sakt\u00ebsin\u00eb edhe n\u00eb kushte t\u00eb v\u00ebshtira t\u00eb jashtme. Qoft\u00eb i p\u00ebrdorur si komponent z\u00ebvend\u00ebsues apo si p\u00ebrmir\u00ebsim, <!--StartFragment --><span class=\"cf0\">Montimi i Shishes me Flluska<\/span><!--EndFragment --> garanton performanc\u00eb t\u00eb q\u00ebndrueshme dhe q\u00ebndrueshm\u00ebri afatgjat\u00eb.<\/p>\n<p>Me struktur\u00ebn e saj kompakte dhe pajtueshm\u00ebrin\u00eb universale, Montimi i Shishk\u00ebs me Flluska rrit efikasitetin e matjes dhe zvog\u00eblon koh\u00ebn e instalimit. Mat\u00ebsit mund t\u00eb mb\u00ebshteten te Shishja me Flluska me Shtyll\u00eb BL09 p\u00ebr t\u00eb ruajtur vertikalitetin e sakt\u00eb, nd\u00ebrsa Montimi i Shishk\u00ebs me Flluska ofron mb\u00ebshtetje t\u00eb q\u00ebndrueshme p\u00ebr \u00e7do vend pune.<\/p>\n<p><img fetchpriority=\"high\" decoding=\"async\" class=\"aligncenter wp-image-5273\" src=\"https:\/\/mountlaser.com\/wp-content\/uploads\/2025\/12\/BL093.webp\" alt=\"BL09 Pole Bubble Vial\" width=\"500\" height=\"500\" srcset=\"https:\/\/mountlaser.com\/wp-content\/uploads\/2025\/12\/BL093.webp 1000w, https:\/\/mountlaser.com\/wp-content\/uploads\/2025\/12\/BL093-300x300.webp 300w, https:\/\/mountlaser.com\/wp-content\/uploads\/2025\/12\/BL093-150x150.webp 150w, https:\/\/mountlaser.com\/wp-content\/uploads\/2025\/12\/BL093-768x768.webp 768w, https:\/\/mountlaser.com\/wp-content\/uploads\/2025\/12\/BL093-12x12.webp 12w, https:\/\/mountlaser.com\/wp-content\/uploads\/2025\/12\/BL093-600x600.webp 600w, https:\/\/mountlaser.com\/wp-content\/uploads\/2025\/12\/BL093-800x800.webp 800w, https:\/\/mountlaser.com\/wp-content\/uploads\/2025\/12\/BL093-400x400.webp 400w\" sizes=\"(max-width: 500px) 100vw, 500px\" \/><\/p>\n<p>Me struktur\u00ebn e saj kompakte dhe pajtueshm\u00ebrin\u00eb universale, <a href=\"https:\/\/mountlaser.com\/sq\/contact-us\/\">Montimi i Shishes me Flluska<\/a> rrit efikasitetin e matjes dhe zvog\u00eblon koh\u00ebn e p\u00ebrgatitjes. Topograf\u00ebt mund t\u00eb mb\u00ebshteten te Shishja me Flluska BL09 me Shtyll\u00eb p\u00ebr t\u00eb ruajtur vertikalitetin e sakt\u00eb, nd\u00ebrsa Montimi i Shish\u00ebs me Flluska ofron mb\u00ebshtetje t\u00eb q\u00ebndrueshme p\u00ebr \u00e7do vend pune.<\/p>","protected":false},"excerpt":{"rendered":"<ul>\n<li>Siguron nivelim t\u00eb sakt\u00eb t\u00eb shtyllave t\u00eb prizm\u00ebs dhe shtyllave GPS<\/li>\n<li>Ofron dukshm\u00ebri t\u00eb shpejt\u00eb t\u00eb flluskave p\u00ebr konfigurim efikas t\u00eb fush\u00ebs<\/li>\n<li>Nd\u00ebrtimi i q\u00ebndruesh\u00ebm ruan sakt\u00ebsin\u00eb n\u00eb mjedise t\u00eb jashtme<\/li>\n<li>Instalim i thjesht\u00eb dhe fiksim i q\u00ebndruesh\u00ebm<\/li>\n<\/ul>","protected":false},"featured_media":5271,"comment_status":"open","ping_status":"closed","template":"","meta":[],"product_brand":[],"product_cat":[89,150],"product_tag":[],"class_list":{"0":"post-5286","1":"product","2":"type-product","3":"status-publish","4":"has-post-thumbnail","6":"product_cat-surveying-pole-rod","7":"product_cat-pole-accessory","9":"first","10":"instock","11":"shipping-taxable","12":"product-type-simple"},"_links":{"self":[{"href":"https:\/\/mountlaser.com\/sq\/wp-json\/wp\/v2\/product\/5286","targetHints":{"allow":["GET"]}}],"collection":[{"href":"https:\/\/mountlaser.com\/sq\/wp-json\/wp\/v2\/product"}],"about":[{"href":"https:\/\/mountlaser.com\/sq\/wp-json\/wp\/v2\/types\/product"}],"replies":[{"embeddable":true,"href":"https:\/\/mountlaser.com\/sq\/wp-json\/wp\/v2\/comments?post=5286"}],"wp:featuredmedia":[{"embeddable":true,"href":"https:\/\/mountlaser.com\/sq\/wp-json\/wp\/v2\/media\/5271"}],"wp:attachment":[{"href":"https:\/\/mountlaser.com\/sq\/wp-json\/wp\/v2\/media?parent=5286"}],"wp:term":[{"taxonomy":"product_brand","embeddable":true,"href":"https:\/\/mountlaser.com\/sq\/wp-json\/wp\/v2\/product_brand?post=5286"},{"taxonomy":"product_cat","embeddable":true,"href":"https:\/\/mountlaser.com\/sq\/wp-json\/wp\/v2\/product_cat?post=5286"},{"taxonomy":"product_tag","embeddable":true,"href":"https:\/\/mountlaser.com\/sq\/wp-json\/wp\/v2\/product_tag?post=5286"}],"curies":[{"name":"wp","href":"https:\/\/api.w.org\/{rel}","templated":true}]}}