{"id":5261,"date":"2025-12-03T07:43:46","date_gmt":"2025-12-03T07:43:46","guid":{"rendered":"https:\/\/mountlaser.com\/?post_type=product&#038;p=5261"},"modified":"2025-12-03T07:43:46","modified_gmt":"2025-12-03T07:43:46","slug":"chaining-pin","status":"publish","type":"product","link":"https:\/\/mountlaser.com\/sq\/produkt\/chaining-pin\/","title":{"rendered":"Kunj zinxhiri"},"content":{"rendered":"<p>Kunja zinxhirore \u00ebsht\u00eb nj\u00eb mjet thelb\u00ebsor q\u00eb p\u00ebrdoret p\u00ebr matjen dhe shtrirjen e distanc\u00ebs, duke ofruar q\u00ebndrueshm\u00ebri dhe dukshm\u00ebri t\u00eb lart\u00eb p\u00ebr aplikimet e vrojtimit n\u00eb terren. I projektuar p\u00ebr besueshm\u00ebri, <a href=\"https:\/\/mountlaser.com\/sq\/\"><strong>Lidhja e kunjave me zinxhir n\u00eb matje<\/strong><\/a> jan\u00eb prodhuar nga \u00e7elik i fort\u00eb me sust\u00eb dhe t\u00eb veshur me ngjyra alternative t\u00eb kuqe dhe t\u00eb bardha p\u00ebr shikueshm\u00ebri maksimale n\u00eb terrene t\u00eb ndryshme. Qoft\u00eb duke sh\u00ebnuar pika t\u00eb nd\u00ebrmjetme apo duke p\u00ebrcaktuar distanca t\u00eb gjata, secila <a href=\"https:\/\/mountlaser.com\/sq\/kategori-produkti\/surveying-pole-rod\/\"><strong>Kunj zinxhiri<\/strong><\/a> siguron performanc\u00eb t\u00eb q\u00ebndrueshme dhe leht\u00ebsi vendosjeje.<\/p>\n<p>T\u00eb disponueshme n\u00eb diametra dhe gjat\u00ebsi t\u00eb shum\u00ebfishta, kunjat zinxhir\u00eb n\u00eb matje u lejojn\u00eb profesionist\u00ebve t\u00eb zgjedhin madh\u00ebsin\u00eb e duhur p\u00ebr rrjedh\u00ebn e tyre specifike t\u00eb pun\u00ebs. Struktura e fort\u00eb e \u00e7elikut me sust\u00eb siguron q\u00eb kunjat t\u00eb ruajn\u00eb form\u00ebn edhe me futje t\u00eb p\u00ebrs\u00ebritura n\u00eb tok\u00eb. K\u00ebto opsione shum\u00ebfunksionale t\u00eb kunjave zinxhir\u00eb jan\u00eb t\u00eb p\u00ebrshtatshme p\u00ebr matje topografike, planimetri nd\u00ebrtimi dhe detyra t\u00eb p\u00ebrgjithshme matjeje t\u00eb tok\u00ebs.<\/p>\n<p>Duke kombinuar forc\u00ebn, dukshm\u00ebrin\u00eb dhe p\u00ebrzgjedhjet e shum\u00ebfishta t\u00eb madh\u00ebsive, <a href=\"https:\/\/mountlaser.com\/sq\/contact-us\/\">Lidhja e kunjave me zinxhir n\u00eb matje<\/a> t\u00eb ofroj\u00eb performanc\u00eb t\u00eb besueshme p\u00ebr ekipet e anketimit q\u00eb k\u00ebrkojn\u00eb sakt\u00ebsi dhe efikasitet n\u00eb \u00e7do projekt.<\/p>\n<div>\n<table style=\"border-collapse: collapse; width: 284.27pt;\" border=\"0\" width=\"379\" cellspacing=\"0\" cellpadding=\"0\">\n<tbody>\n<tr style=\"height: 14.25pt;\">\n<td class=\"et2\" style=\"height: 14.25pt; width: 99.75pt;\" width=\"133\" height=\"19\">NUM\u00cbR<\/td>\n<td class=\"et3\" style=\"width: 75.75pt;\" width=\"101\">DIAMETRI<\/td>\n<td class=\"et3\" style=\"width: 108.75pt;\" width=\"145\">GJAT\u00cbSI<\/td>\n<\/tr>\n<tr style=\"height: 14.25pt;\">\n<td class=\"et4\" style=\"height: 14.25pt;\" height=\"19\">CP4030<\/td>\n<td class=\"et4\">4.0 mm<\/td>\n<td class=\"et4\">30 cm<\/td>\n<\/tr>\n<tr style=\"height: 14.25pt;\">\n<td class=\"et4\" style=\"height: 14.25pt;\" height=\"19\">CP4050<\/td>\n<td class=\"et4\">4.0 mm<\/td>\n<td class=\"et4\">50 cm<\/td>\n<\/tr>\n<tr style=\"height: 14.25pt;\">\n<td class=\"et4\" style=\"height: 14.25pt;\" height=\"19\">CP6030<\/td>\n<td class=\"et4\">6.0 mm<\/td>\n<td class=\"et4\">30 cm<\/td>\n<\/tr>\n<tr style=\"height: 14.25pt;\">\n<td class=\"et4\" style=\"height: 14.25pt;\" height=\"19\">CP6050<\/td>\n<td class=\"et4\">6.0 mm<\/td>\n<td class=\"et4\">50 cm<\/td>\n<\/tr>\n<tr style=\"height: 14.25pt;\">\n<td class=\"et4\" style=\"height: 14.25pt;\" height=\"19\">CP6060<\/td>\n<td class=\"et4\">6.0 mm<\/td>\n<td class=\"et4\">60 cm<\/td>\n<\/tr>\n<tr style=\"height: 14.25pt;\">\n<td class=\"et4\" style=\"height: 14.25pt;\" height=\"19\">CP80100<\/td>\n<td class=\"et4\">8.0 mm<\/td>\n<td class=\"et4\">100 cm<\/td>\n<\/tr>\n<\/tbody>\n<\/table>\n<p><img fetchpriority=\"high\" decoding=\"async\" class=\"aligncenter wp-image-5258\" src=\"https:\/\/mountlaser.com\/wp-content\/uploads\/2025\/12\/Chaning-Pin5.webp\" alt=\"Chaining pins in surveying\" width=\"500\" height=\"500\" srcset=\"https:\/\/mountlaser.com\/wp-content\/uploads\/2025\/12\/Chaning-Pin5.webp 1000w, https:\/\/mountlaser.com\/wp-content\/uploads\/2025\/12\/Chaning-Pin5-300x300.webp 300w, https:\/\/mountlaser.com\/wp-content\/uploads\/2025\/12\/Chaning-Pin5-150x150.webp 150w, https:\/\/mountlaser.com\/wp-content\/uploads\/2025\/12\/Chaning-Pin5-768x768.webp 768w, https:\/\/mountlaser.com\/wp-content\/uploads\/2025\/12\/Chaning-Pin5-12x12.webp 12w, https:\/\/mountlaser.com\/wp-content\/uploads\/2025\/12\/Chaning-Pin5-600x600.webp 600w, https:\/\/mountlaser.com\/wp-content\/uploads\/2025\/12\/Chaning-Pin5-800x800.webp 800w, https:\/\/mountlaser.com\/wp-content\/uploads\/2025\/12\/Chaning-Pin5-400x400.webp 400w\" sizes=\"(max-width: 500px) 100vw, 500px\" \/><\/p>\n<\/div>","protected":false},"excerpt":{"rendered":"<ul>\n<li>Dukshm\u00ebri e lart\u00eb: Veshje alternative e kuqe dhe e bardh\u00eb siguron identifikim t\u00eb leht\u00eb n\u00eb distanca t\u00eb gjata.<\/li>\n<li>Nd\u00ebrtim i q\u00ebndruesh\u00ebm: I b\u00ebr\u00eb nga \u00e7elik pranveror p\u00ebr q\u00ebndrueshm\u00ebri dhe fleksibilitet afatgjat\u00eb.<\/li>\n<li>Madh\u00ebsi t\u00eb shumta n\u00eb dispozicion: Diametra nga 4 mm deri n\u00eb 8 mm dhe gjat\u00ebsi q\u00eb variojn\u00eb nga 30 cm deri n\u00eb 100 cm.<\/li>\n<li>Sh\u00ebnim preciz: Ideal p\u00ebr matjen e distanc\u00ebs, rreshtimin zinxhir dhe sh\u00ebnimin e pikave t\u00eb studimit.<\/li>\n<\/ul>","protected":false},"featured_media":5255,"comment_status":"open","ping_status":"closed","template":"","meta":[],"product_brand":[],"product_cat":[89,148],"product_tag":[],"class_list":{"0":"post-5261","1":"product","2":"type-product","3":"status-publish","4":"has-post-thumbnail","6":"product_cat-surveying-pole-rod","7":"product_cat-chaining-pin","9":"first","10":"instock","11":"shipping-taxable","12":"product-type-simple"},"_links":{"self":[{"href":"https:\/\/mountlaser.com\/sq\/wp-json\/wp\/v2\/product\/5261","targetHints":{"allow":["GET"]}}],"collection":[{"href":"https:\/\/mountlaser.com\/sq\/wp-json\/wp\/v2\/product"}],"about":[{"href":"https:\/\/mountlaser.com\/sq\/wp-json\/wp\/v2\/types\/product"}],"replies":[{"embeddable":true,"href":"https:\/\/mountlaser.com\/sq\/wp-json\/wp\/v2\/comments?post=5261"}],"wp:featuredmedia":[{"embeddable":true,"href":"https:\/\/mountlaser.com\/sq\/wp-json\/wp\/v2\/media\/5255"}],"wp:attachment":[{"href":"https:\/\/mountlaser.com\/sq\/wp-json\/wp\/v2\/media?parent=5261"}],"wp:term":[{"taxonomy":"product_brand","embeddable":true,"href":"https:\/\/mountlaser.com\/sq\/wp-json\/wp\/v2\/product_brand?post=5261"},{"taxonomy":"product_cat","embeddable":true,"href":"https:\/\/mountlaser.com\/sq\/wp-json\/wp\/v2\/product_cat?post=5261"},{"taxonomy":"product_tag","embeddable":true,"href":"https:\/\/mountlaser.com\/sq\/wp-json\/wp\/v2\/product_tag?post=5261"}],"curies":[{"name":"wp","href":"https:\/\/api.w.org\/{rel}","templated":true}]}}