{"id":5246,"date":"2025-12-03T07:14:47","date_gmt":"2025-12-03T07:14:47","guid":{"rendered":"https:\/\/mountlaser.com\/?post_type=product&#038;p=5246"},"modified":"2025-12-03T07:14:47","modified_gmt":"2025-12-03T07:14:47","slug":"rp-is-range-pole","status":"publish","type":"product","link":"https:\/\/mountlaser.com\/sq\/produkt\/rp-is-range-pole\/","title":{"rendered":"Shtyll\u00eb RP-IS"},"content":{"rendered":"<p>I\/E\/T\u00eb\/T\u00eb <a href=\"https:\/\/mountlaser.com\/sq\/\"><strong>Shtyll\u00eb RP-IS<\/strong><\/a> \u00ebsht\u00eb nj\u00eb zgjidhje e q\u00ebndrueshme dhe e besueshme e projektuar p\u00ebr matje t\u00eb sakta n\u00eb terren dhe aplikime profesionale t\u00eb matjeve. E nd\u00ebrtuar me konstruksion t\u00eb fort\u00eb \u00e7eliku, Shtylla e Rrezes RP-IS siguron stabilitet dhe sakt\u00ebsi afatgjat\u00eb, duke e b\u00ebr\u00eb at\u00eb ideale p\u00ebr mjedise t\u00eb ashpra t\u00eb jashtme. Si pjes\u00eb e kategoris\u00eb s\u00eb <a href=\"https:\/\/mountlaser.com\/sq\/kategori-produkti\/surveying-pole-rod\/\"><strong>Shkopinj p\u00ebr matjen e tok\u00ebs<\/strong><\/a>, ky model ofron performanc\u00eb t\u00eb besueshme p\u00ebr rreshtimin, vendosjen e piketave dhe sh\u00ebnimin e pozicionit n\u00eb terrene t\u00eb ndryshme.<\/p>\n<p>Duke paraqitur nj\u00eb struktur\u00eb tubi \u00e7eliku t\u00eb tipit fut\u00ebs, Shtylla e Rrezes RP-IS ofron ngurt\u00ebsi t\u00eb jasht\u00ebzakonshme p\u00ebr t\u00eb ruajtur pozicionim vertikal t\u00eb q\u00ebndruesh\u00ebm. Dizajni i shiritit 50 cm t\u00eb kuq dhe t\u00eb bardh\u00eb t\u00eb lyer me sprej rrit dukshm\u00ebrin\u00eb, duke mb\u00ebshtetur shikueshm\u00ebrin\u00eb e sakt\u00eb n\u00eb distanca t\u00eb gjata. T\u00eb disponueshme n\u00eb seksione modulare 1 m, k\u00ebto shufra mund t\u00eb zgjaten n\u00eb 1 m, 2 m ose 3 m bazuar n\u00eb k\u00ebrkesat e projektit, duke ofruar fleksibilitet t\u00eb pakrahasuesh\u00ebm n\u00eb terren.<\/p>\n<div>\n<table style=\"border-collapse: collapse; width: 444.77pt;\" border=\"0\" width=\"593\" cellspacing=\"0\" cellpadding=\"0\">\n<tbody>\n<tr style=\"height: 14.25pt;\">\n<td class=\"et2\" style=\"height: 14.25pt; width: 99.75pt;\" width=\"133\" height=\"19\">NUM\u00cbR<\/td>\n<td class=\"et3\" style=\"width: 75.75pt;\" width=\"101\">MATERIALI<\/td>\n<td class=\"et3\" style=\"width: 219.75pt;\" width=\"293\">GJAT\u00cbSI<\/td>\n<td class=\"et4\" style=\"width: 49.50pt;\" width=\"66\">FOTO<\/td>\n<\/tr>\n<tr style=\"height: 14.25pt;\">\n<td class=\"et5\" style=\"height: 14.25pt;\" height=\"19\">RP-IS11\/22\/33<\/td>\n<td class=\"et6\">\u00c7elik i fort\u00eb<\/td>\n<td class=\"et6\">Seksione 1m x 1\/2\/3, Zgjat deri n\u00eb 1\/2\/3m<\/td>\n<td class=\"et7\"><img fetchpriority=\"high\" decoding=\"async\" class=\"alignnone wp-image-5249\" src=\"https:\/\/mountlaser.com\/wp-content\/uploads\/2025\/12\/RP-IS3.webp\" alt=\"RP-IS Range Pole\" width=\"500\" height=\"500\" srcset=\"https:\/\/mountlaser.com\/wp-content\/uploads\/2025\/12\/RP-IS3.webp 1000w, https:\/\/mountlaser.com\/wp-content\/uploads\/2025\/12\/RP-IS3-300x300.webp 300w, https:\/\/mountlaser.com\/wp-content\/uploads\/2025\/12\/RP-IS3-150x150.webp 150w, https:\/\/mountlaser.com\/wp-content\/uploads\/2025\/12\/RP-IS3-768x768.webp 768w, https:\/\/mountlaser.com\/wp-content\/uploads\/2025\/12\/RP-IS3-12x12.webp 12w, https:\/\/mountlaser.com\/wp-content\/uploads\/2025\/12\/RP-IS3-600x600.webp 600w, https:\/\/mountlaser.com\/wp-content\/uploads\/2025\/12\/RP-IS3-800x800.webp 800w, https:\/\/mountlaser.com\/wp-content\/uploads\/2025\/12\/RP-IS3-400x400.webp 400w\" sizes=\"(max-width: 500px) 100vw, 500px\" \/><\/td>\n<\/tr>\n<\/tbody>\n<\/table>\n<\/div>","protected":false},"excerpt":{"rendered":"<ul>\n<li>Tub \u00e7eliku me rezistenc\u00eb t\u00eb lart\u00eb: Struktura e tipit fut\u00ebs siguron ngurt\u00ebsi t\u00eb shk\u00eblqyer dhe q\u00ebndrueshm\u00ebri afatgjat\u00eb.<\/li>\n<li>Dukshm\u00ebri e p\u00ebrmir\u00ebsuar: Boj\u00eb spraj 50 cm me shirita t\u00eb kuq dhe t\u00eb bardh\u00eb p\u00ebrmir\u00ebson njohjen e shtrirjes n\u00eb kushte t\u00eb ndryshme.<\/li>\n<li>Opsionet e Gjat\u00ebsis\u00eb Modulare: Mund t\u00eb konfigurohet n\u00eb seksione 1 m p\u00ebr t&#039;u zgjeruar deri n\u00eb 3 m p\u00ebr aplikime fleksibile t\u00eb matjeve.<\/li>\n<li>Ideale p\u00ebr P\u00ebrdorim Profesional: I p\u00ebrshtatsh\u00ebm p\u00ebr planifikimin e nd\u00ebrtimit, matjen inxhinierike, matjen e tok\u00ebs dhe sh\u00ebnimin e pikave t\u00eb kontrollit.<\/li>\n<\/ul>","protected":false},"featured_media":5247,"comment_status":"open","ping_status":"closed","template":"","meta":[],"product_brand":[],"product_cat":[89,147],"product_tag":[],"class_list":{"0":"post-5246","1":"product","2":"type-product","3":"status-publish","4":"has-post-thumbnail","6":"product_cat-surveying-pole-rod","7":"product_cat-range-pole","9":"first","10":"instock","11":"shipping-taxable","12":"product-type-simple"},"_links":{"self":[{"href":"https:\/\/mountlaser.com\/sq\/wp-json\/wp\/v2\/product\/5246","targetHints":{"allow":["GET"]}}],"collection":[{"href":"https:\/\/mountlaser.com\/sq\/wp-json\/wp\/v2\/product"}],"about":[{"href":"https:\/\/mountlaser.com\/sq\/wp-json\/wp\/v2\/types\/product"}],"replies":[{"embeddable":true,"href":"https:\/\/mountlaser.com\/sq\/wp-json\/wp\/v2\/comments?post=5246"}],"wp:featuredmedia":[{"embeddable":true,"href":"https:\/\/mountlaser.com\/sq\/wp-json\/wp\/v2\/media\/5247"}],"wp:attachment":[{"href":"https:\/\/mountlaser.com\/sq\/wp-json\/wp\/v2\/media?parent=5246"}],"wp:term":[{"taxonomy":"product_brand","embeddable":true,"href":"https:\/\/mountlaser.com\/sq\/wp-json\/wp\/v2\/product_brand?post=5246"},{"taxonomy":"product_cat","embeddable":true,"href":"https:\/\/mountlaser.com\/sq\/wp-json\/wp\/v2\/product_cat?post=5246"},{"taxonomy":"product_tag","embeddable":true,"href":"https:\/\/mountlaser.com\/sq\/wp-json\/wp\/v2\/product_tag?post=5246"}],"curies":[{"name":"wp","href":"https:\/\/api.w.org\/{rel}","templated":true}]}}