{"id":5236,"date":"2025-12-03T06:43:31","date_gmt":"2025-12-03T06:43:31","guid":{"rendered":"https:\/\/mountlaser.com\/?post_type=product&#038;p=5236"},"modified":"2025-12-03T06:43:32","modified_gmt":"2025-12-03T06:43:32","slug":"rp-ca-cas-range-pole","status":"publish","type":"product","link":"https:\/\/mountlaser.com\/sq\/produkt\/rp-ca-cas-range-pole\/","title":{"rendered":"Shtyll\u00eb diapazoni RP-CA\/CAS"},"content":{"rendered":"<p>I\/E\/T\u00eb\/T\u00eb <a href=\"https:\/\/mountlaser.com\/sq\/\"><strong>Shtyll\u00eb sob\u00eb alumini<\/strong><\/a> \u00ebsht\u00eb nj\u00eb shtyll\u00eb matjeje e nivelit profesional, e projektuar p\u00ebr sh\u00ebnimin e sakt\u00eb t\u00eb pikave dhe shtrirjen vertikale t\u00eb besueshme n\u00eb aplikimet n\u00eb terren. E projektuar me nj\u00eb tub preciz teleskopik, Shtylla e Alumini ofron ngurt\u00ebsi t\u00eb shk\u00eblqyer, zgjatje t\u00eb l\u00ebmuar dhe q\u00ebndrueshm\u00ebri afatgjat\u00eb p\u00ebr detyra matjeje, nd\u00ebrtimi dhe gjeohap\u00ebsire.<\/p>\n<p>I\/E\/T\u00eb\/T\u00eb <a href=\"https:\/\/mountlaser.com\/sq\/kategori-produkti\/surveying-pole-rod\/\"><strong>Shtyll\u00eb diapazoni RP-CA\/CAS<\/strong><\/a> Seria p\u00ebrmban nj\u00eb konstruksion t\u00eb leht\u00eb alumini t\u00eb kombinuar me nj\u00eb sistem t\u00eb besuesh\u00ebm bllokimi kompresimi (C) q\u00eb siguron rregullim t\u00eb q\u00ebndruesh\u00ebm t\u00eb lart\u00ebsis\u00eb gjat\u00eb p\u00ebrdorimit. I disponuesh\u00ebm n\u00eb konfigurime 2m, 3m dhe 5m, Shtylla e Rreshtit RP-CA\/CAS ofron shkatht\u00ebsi t\u00eb jasht\u00ebzakonshme nd\u00ebrsa mbetet e leht\u00eb p\u00ebr t&#039;u transportuar fal\u00eb \u00e7ant\u00ebs s\u00eb transportit t\u00eb p\u00ebrfshir\u00eb. Secila<a href=\"https:\/\/mountlaser.com\/sq\/contact-us\/\"> Shtyll\u00eb sob\u00eb alumini<\/a> \u00ebsht\u00eb nd\u00ebrtuar p\u00ebr performanc\u00eb t\u00eb q\u00ebndrueshme dhe me precizion t\u00eb lart\u00eb n\u00eb mjedise t\u00eb v\u00ebshtira n\u00eb terren.<\/p>\n<div>\n<table style=\"border-collapse: collapse; width: 395.27pt;\" border=\"0\" width=\"527\" cellspacing=\"0\" cellpadding=\"0\">\n<tbody>\n<tr style=\"height: 14.25pt;\">\n<td class=\"et2\" style=\"height: 14.25pt; width: 99.75pt;\" width=\"133\" height=\"19\">NUM\u00cbR<\/td>\n<td class=\"et3\" style=\"width: 75.75pt;\" width=\"101\">MATERIALI<\/td>\n<td class=\"et3\" style=\"width: 219.75pt;\" width=\"293\">GJAT\u00cbSI<\/td>\n<\/tr>\n<tr style=\"height: 14.25pt;\">\n<td class=\"et4\" style=\"height: 14.25pt;\" height=\"19\">RP-CA22\/33\/53<\/td>\n<td class=\"et4\">Alumini<\/td>\n<td class=\"et4\">Zgjat deri n\u00eb 2\/3\/5m, seksione 2\/3\/3<\/td>\n<\/tr>\n<tr style=\"height: 14.25pt;\">\n<td class=\"et4\" style=\"height: 14.25pt;\" height=\"19\">RP-CAS22\/33\/53<\/td>\n<td class=\"et4\">Alumini<\/td>\n<td class=\"et4\">Zgjat deri n\u00eb 2\/3\/5m, seksione 2\/3\/3<\/td>\n<\/tr>\n<\/tbody>\n<\/table>\n<p><img fetchpriority=\"high\" decoding=\"async\" class=\"aligncenter wp-image-5237\" src=\"https:\/\/mountlaser.com\/wp-content\/uploads\/2025\/12\/RP-CA1.webp\" alt=\"Aluminum Range Pole\" width=\"500\" height=\"500\" srcset=\"https:\/\/mountlaser.com\/wp-content\/uploads\/2025\/12\/RP-CA1.webp 1000w, https:\/\/mountlaser.com\/wp-content\/uploads\/2025\/12\/RP-CA1-300x300.webp 300w, https:\/\/mountlaser.com\/wp-content\/uploads\/2025\/12\/RP-CA1-150x150.webp 150w, https:\/\/mountlaser.com\/wp-content\/uploads\/2025\/12\/RP-CA1-768x768.webp 768w, https:\/\/mountlaser.com\/wp-content\/uploads\/2025\/12\/RP-CA1-12x12.webp 12w, https:\/\/mountlaser.com\/wp-content\/uploads\/2025\/12\/RP-CA1-600x600.webp 600w, https:\/\/mountlaser.com\/wp-content\/uploads\/2025\/12\/RP-CA1-800x800.webp 800w, https:\/\/mountlaser.com\/wp-content\/uploads\/2025\/12\/RP-CA1-400x400.webp 400w\" sizes=\"(max-width: 500px) 100vw, 500px\" \/><\/p>\n<\/div>","protected":false},"excerpt":{"rendered":"<ul>\n<li>Rregullimi i lart\u00ebsis\u00eb: Tubat teleskopik\u00eb t\u00eb aluminit me bllokim kompresioni ruajn\u00eb zgjatjen e sigurt gjat\u00eb detyrave t\u00eb matjes.<\/li>\n<li>Dukshm\u00ebri dhe precizion i lart\u00eb: Siguron shikim t\u00eb qart\u00eb dhe referenc\u00eb vertikale t\u00eb sakt\u00eb p\u00ebr rrjedhat e pun\u00ebs t\u00eb stacionit total ose GNSS.<\/li>\n<li>Nd\u00ebrtim i Q\u00ebndruesh\u00ebm: Alumini rezistent ndaj korrozionit siguron forc\u00eb pa pesh\u00eb t\u00eb tep\u00ebrt.<\/li>\n<li>Komoditet n\u00eb terren: Dizajni i leht\u00eb dhe \u00e7anta e bartjes e p\u00ebrfshir\u00eb mb\u00ebshtesin vendosjen dhe transportin e shpejt\u00eb.<\/li>\n<\/ul>","protected":false},"featured_media":5237,"comment_status":"open","ping_status":"closed","template":"","meta":[],"product_brand":[],"product_cat":[89,147],"product_tag":[],"class_list":{"0":"post-5236","1":"product","2":"type-product","3":"status-publish","4":"has-post-thumbnail","6":"product_cat-surveying-pole-rod","7":"product_cat-range-pole","9":"first","10":"instock","11":"shipping-taxable","12":"product-type-simple"},"_links":{"self":[{"href":"https:\/\/mountlaser.com\/sq\/wp-json\/wp\/v2\/product\/5236","targetHints":{"allow":["GET"]}}],"collection":[{"href":"https:\/\/mountlaser.com\/sq\/wp-json\/wp\/v2\/product"}],"about":[{"href":"https:\/\/mountlaser.com\/sq\/wp-json\/wp\/v2\/types\/product"}],"replies":[{"embeddable":true,"href":"https:\/\/mountlaser.com\/sq\/wp-json\/wp\/v2\/comments?post=5236"}],"wp:featuredmedia":[{"embeddable":true,"href":"https:\/\/mountlaser.com\/sq\/wp-json\/wp\/v2\/media\/5237"}],"wp:attachment":[{"href":"https:\/\/mountlaser.com\/sq\/wp-json\/wp\/v2\/media?parent=5236"}],"wp:term":[{"taxonomy":"product_brand","embeddable":true,"href":"https:\/\/mountlaser.com\/sq\/wp-json\/wp\/v2\/product_brand?post=5236"},{"taxonomy":"product_cat","embeddable":true,"href":"https:\/\/mountlaser.com\/sq\/wp-json\/wp\/v2\/product_cat?post=5236"},{"taxonomy":"product_tag","embeddable":true,"href":"https:\/\/mountlaser.com\/sq\/wp-json\/wp\/v2\/product_tag?post=5236"}],"curies":[{"name":"wp","href":"https:\/\/api.w.org\/{rel}","templated":true}]}}