{"id":5231,"date":"2025-12-03T05:58:07","date_gmt":"2025-12-03T05:58:07","guid":{"rendered":"https:\/\/mountlaser.com\/?post_type=product&#038;p=5231"},"modified":"2025-12-03T05:58:07","modified_gmt":"2025-12-03T05:58:07","slug":"rp-a-s-range-pole","status":"publish","type":"product","link":"https:\/\/mountlaser.com\/sq\/produkt\/rp-a-s-range-pole\/","title":{"rendered":"Shtyll\u00eb RP-A\/S"},"content":{"rendered":"<p>I\/E\/T\u00eb\/T\u00eb <a href=\"https:\/\/mountlaser.com\/sq\/kategori-produkti\/surveying-pole-rod\/\"><strong>Shtyll\u00eb RP-A\/S<\/strong><\/a> \u00ebsht\u00eb nj\u00eb mjet matjeje i q\u00ebndruesh\u00ebm dhe i besuesh\u00ebm i projektuar p\u00ebr sh\u00ebnimin e sakt\u00eb t\u00eb pikave dhe shtrirjen e vij\u00ebs s\u00eb shikimit n\u00eb terren. I projektuar p\u00ebr profesionist\u00eb q\u00eb k\u00ebrkojn\u00eb referenca t\u00eb q\u00ebndrueshme dhe t\u00eb sakta,<a href=\"https:\/\/mountlaser.com\/sq\/about-us\/\"><strong> shkopi i matjes<\/strong> <\/a>Ofron performanc\u00eb t\u00eb jasht\u00ebzakonshme n\u00eb nd\u00ebrtim, matje t\u00eb tok\u00ebs, inxhinieri dhe aplikime topografike. I disponuesh\u00ebm n\u00eb alumin me rezistenc\u00eb t\u00eb lart\u00eb (RP-A22\/33\/55) ose \u00e7elik t\u00eb fort\u00eb (RP-S22\/33\/55), shtylla e telekomand\u00ebs ofron integritet strukturor afatgjat\u00eb edhe n\u00eb mjedise t\u00eb ashpra.<\/p>\n<p>\u00c7do shtyll\u00eb telekomand\u00eb vjen n\u00eb nj\u00eb dizajn kompakt me seksion 1 met\u00ebr, duke u lejuar p\u00ebrdoruesve t\u00eb montojn\u00eb shpejt konfigurime 2 m, 3 m ose 5 m n\u00eb var\u00ebsi t\u00eb k\u00ebrkesave t\u00eb pun\u00ebs. Nd\u00ebrtimi i segmentuar e b\u00ebn transportin t\u00eb p\u00ebrshtatsh\u00ebm, nd\u00ebrsa \u00e7anta e p\u00ebrfshir\u00eb siguron trajtim t\u00eb leht\u00eb n\u00eb vend. Me shenja t\u00eb gjalla me ngjyra dhe p\u00ebrshtatje t\u00eb sakta t\u00eb seksionit, <a href=\"https:\/\/mountlaser.com\/sq\/contact-us\/\">Shtyll\u00eb RP-A\/S<\/a> Ofron shikueshm\u00ebri t\u00eb shk\u00eblqyer dhe shtrirje vertikale t\u00eb besueshme gjat\u00eb detyrave t\u00eb matjes.<\/p>\n<p><img fetchpriority=\"high\" decoding=\"async\" class=\"aligncenter wp-image-5233\" src=\"https:\/\/mountlaser.com\/wp-content\/uploads\/2025\/12\/RP-Range-Pole4.webp\" alt=\"ranging pole\" width=\"500\" height=\"500\" srcset=\"https:\/\/mountlaser.com\/wp-content\/uploads\/2025\/12\/RP-Range-Pole4.webp 800w, https:\/\/mountlaser.com\/wp-content\/uploads\/2025\/12\/RP-Range-Pole4-300x300.webp 300w, https:\/\/mountlaser.com\/wp-content\/uploads\/2025\/12\/RP-Range-Pole4-150x150.webp 150w, https:\/\/mountlaser.com\/wp-content\/uploads\/2025\/12\/RP-Range-Pole4-768x768.webp 768w, https:\/\/mountlaser.com\/wp-content\/uploads\/2025\/12\/RP-Range-Pole4-12x12.webp 12w, https:\/\/mountlaser.com\/wp-content\/uploads\/2025\/12\/RP-Range-Pole4-600x600.webp 600w, https:\/\/mountlaser.com\/wp-content\/uploads\/2025\/12\/RP-Range-Pole4-400x400.webp 400w\" sizes=\"(max-width: 500px) 100vw, 500px\" \/><\/p>\n<div>\n<table style=\"border-collapse: collapse; width: 395.27pt;\" border=\"0\" width=\"527\" cellspacing=\"0\" cellpadding=\"0\">\n<tbody>\n<tr style=\"height: 14.25pt;\">\n<td class=\"et2\" style=\"height: 14.25pt; width: 99.75pt;\" width=\"133\" height=\"19\">NUM\u00cbR<\/td>\n<td class=\"et3\" style=\"width: 75.75pt;\" width=\"101\">MATERIALI<\/td>\n<td class=\"et3\" style=\"width: 219.75pt;\" width=\"293\">GJAT\u00cbSI<\/td>\n<\/tr>\n<tr style=\"height: 14.25pt;\">\n<td class=\"et4\" style=\"height: 14.25pt;\" height=\"19\">RP-A22\/33\/55<\/td>\n<td class=\"et4\">Alumini<\/td>\n<td class=\"et4\">Seksione 1m x 2\/3\/5, Zgjat deri n\u00eb 2\/3\/5m<\/td>\n<\/tr>\n<tr style=\"height: 14.25pt;\">\n<td class=\"et4\" style=\"height: 14.25pt;\" height=\"19\">RP-S22\/33\/55<\/td>\n<td class=\"et4\">\u00c7elik i fort\u00eb<\/td>\n<td class=\"et4\">Seksione 1m x 2\/3\/5, Zgjat deri n\u00eb 2\/3\/5m<\/td>\n<\/tr>\n<\/tbody>\n<\/table>\n<\/div>","protected":false},"excerpt":{"rendered":"<ul>\n<li>Konfigurimi i lart\u00ebsis\u00eb: Seksione 1 met\u00ebr q\u00eb mblidhen n\u00eb konfigurime shtyllash me diapazon 2 m, 3 m ose 5 m.<\/li>\n<li>Opsionet e Materialit: Modelet e aluminit (RP-A22\/33\/55) i japin p\u00ebrpar\u00ebsi manovrimit t\u00eb leht\u00eb, nd\u00ebrsa modelet e \u00e7elikut (RP-S22\/33\/55) maksimizojn\u00eb forc\u00ebn.<\/li>\n<li>Dukshm\u00ebri e Lart\u00eb: I projektuar p\u00ebr shikim dhe drejtim t\u00eb qart\u00eb n\u00eb distanca t\u00eb gjata.<\/li>\n<li>Q\u00ebndrueshm\u00ebria n\u00eb terren: I projektuar p\u00ebr t&#039;i b\u00ebr\u00eb ball\u00eb kushteve t\u00eb jashtme me stabilitet afatgjat\u00eb.<\/li>\n<li>Transport i leht\u00eb: T\u00eb gjitha modelet e polit RP-A\/S Range Pole p\u00ebrfshijn\u00eb nj\u00eb \u00e7ant\u00eb mbajt\u00ebse p\u00ebr l\u00ebvizshm\u00ebri efikase n\u00eb terren.<\/li>\n<\/ul>","protected":false},"featured_media":5232,"comment_status":"open","ping_status":"closed","template":"","meta":[],"product_brand":[],"product_cat":[89],"product_tag":[],"class_list":{"0":"post-5231","1":"product","2":"type-product","3":"status-publish","4":"has-post-thumbnail","6":"product_cat-surveying-pole-rod","8":"first","9":"instock","10":"shipping-taxable","11":"product-type-simple"},"_links":{"self":[{"href":"https:\/\/mountlaser.com\/sq\/wp-json\/wp\/v2\/product\/5231","targetHints":{"allow":["GET"]}}],"collection":[{"href":"https:\/\/mountlaser.com\/sq\/wp-json\/wp\/v2\/product"}],"about":[{"href":"https:\/\/mountlaser.com\/sq\/wp-json\/wp\/v2\/types\/product"}],"replies":[{"embeddable":true,"href":"https:\/\/mountlaser.com\/sq\/wp-json\/wp\/v2\/comments?post=5231"}],"wp:featuredmedia":[{"embeddable":true,"href":"https:\/\/mountlaser.com\/sq\/wp-json\/wp\/v2\/media\/5232"}],"wp:attachment":[{"href":"https:\/\/mountlaser.com\/sq\/wp-json\/wp\/v2\/media?parent=5231"}],"wp:term":[{"taxonomy":"product_brand","embeddable":true,"href":"https:\/\/mountlaser.com\/sq\/wp-json\/wp\/v2\/product_brand?post=5231"},{"taxonomy":"product_cat","embeddable":true,"href":"https:\/\/mountlaser.com\/sq\/wp-json\/wp\/v2\/product_cat?post=5231"},{"taxonomy":"product_tag","embeddable":true,"href":"https:\/\/mountlaser.com\/sq\/wp-json\/wp\/v2\/product_tag?post=5231"}],"curies":[{"name":"wp","href":"https:\/\/api.w.org\/{rel}","templated":true}]}}