{"id":5193,"date":"2025-12-03T02:46:05","date_gmt":"2025-12-03T02:46:05","guid":{"rendered":"https:\/\/mountlaser.com\/?post_type=product&#038;p=5193"},"modified":"2025-12-03T05:06:30","modified_gmt":"2025-12-03T05:06:30","slug":"gp220tlb-ac-gps-pole-twist-lock","status":"publish","type":"product","link":"https:\/\/mountlaser.com\/sq\/produkt\/gp220tlb-ac-gps-pole-twist-lock\/","title":{"rendered":"Ky\u00e7 me rrotullim p\u00ebr shtyll\u00ebn GPS GP220TLB-AC"},"content":{"rendered":"<p>Prezantimi i <a href=\"https:\/\/mountlaser.com\/sq\/kategori-produkti\/surveying-pole-rod\/\"><strong>Ky\u00e7 me rrotullim p\u00ebr shtyll\u00ebn GPS GP220TLB-AC<\/strong><\/a>, nj\u00eb shtyll\u00eb gjeodete e nivelit profesional e projektuar p\u00ebr precizion, q\u00ebndrueshm\u00ebri dhe performanc\u00eb t\u00eb besueshme n\u00eb terren. E projektuar si nj\u00eb <a href=\"https:\/\/mountlaser.com\/sq\/about-us\/\"><strong>Shtyll\u00eb GPS Rover me Grad Metrike 2.5 m me maj\u00eb t\u00eb fiksuar<\/strong><\/a>, ky model siguron matje t\u00eb sakta t\u00eb lart\u00ebsis\u00eb dhe mbledhje t\u00eb q\u00ebndrueshme t\u00eb t\u00eb dh\u00ebnave GNSS n\u00eb mjedise t\u00eb k\u00ebrkuara. Ky\u00e7ja me rrotullim e shtyll\u00ebs GPS GP220TLB-AC integron nj\u00eb mekaniz\u00ebm t\u00eb qet\u00eb dhe t\u00eb sigurt t\u00eb ky\u00e7jes me rrotullim, duke u lejuar gjeodet\u00ebve t\u00eb rregullojn\u00eb shpejt shtyll\u00ebn n\u00eb lart\u00ebsin\u00eb e sakt\u00eb duke ruajtur stabilitet absolut gjat\u00eb gjith\u00eb p\u00ebrdorimit.<\/p>\n<p>I nd\u00ebrtuar nga nj\u00eb kombinim alumini dhe fibrash karboni ekonomik, Shtylla GPS Rover me Tip t\u00eb Fiksuar Metrik Grad 2.5 m ofron nj\u00eb ekuilib\u00ebr ideal t\u00eb forc\u00ebs, pesh\u00ebs dhe q\u00ebndrueshm\u00ebris\u00eb afatgjat\u00eb. \u00c7do nj\u00ebsi \u00ebsht\u00eb e pajisur me nj\u00eb shishe rrethore 30\u2032 dhe nj\u00eb baz\u00eb t\u00eb fort\u00eb alumini me flluska q\u00eb p\u00ebrmban nj\u00eb kllap\u00eb, busull dhe nivel t\u00eb integruar, duke ofruar sakt\u00ebsi t\u00eb shtuar t\u00eb konfigurimit n\u00eb terren. Nj\u00eb fileto 5\/8\u2033-11 siguron p\u00ebrputhshm\u00ebri me marr\u00ebsit dhe aksesor\u00ebt standard\u00eb GNSS, nd\u00ebrsa kutia e but\u00eb e p\u00ebrfshir\u00eb siguron transport dhe mbrojtje t\u00eb p\u00ebrshtatshme gjat\u00eb p\u00ebrdorimit t\u00eb p\u00ebrditsh\u00ebm.<\/p>\n<p>Me dizajnin e tij t\u00eb besuesh\u00ebm me ky\u00e7je rrotulluese, shenjat metrike t\u00eb shkall\u00ebzimit dhe maj\u00ebn e fiksuar t\u00eb fort\u00eb, <a href=\"https:\/\/mountlaser.com\/sq\/contact-us\/\">Ky\u00e7 me rrotullim p\u00ebr shtyll\u00ebn GPS GP220TLB-AC<\/a>\u00a0\u00ebsht\u00eb nj\u00eb mjet i domosdosh\u00ebm p\u00ebr gjeodet\u00ebt, inxhinier\u00ebt e nd\u00ebrtimit, ekipet e hart\u00ebzimit GNSS dhe profesionist\u00ebt e monitorimit q\u00eb k\u00ebrkojn\u00eb performanc\u00eb t\u00eb besueshme dhe rezultate t\u00eb sakta.<\/p>\n<div>\n<table style=\"border-collapse: collapse; width: 669.77pt;\" border=\"0\" width=\"893\" cellspacing=\"0\" cellpadding=\"0\">\n<tbody>\n<tr style=\"height: 14.25pt;\">\n<td class=\"et2\" style=\"height: 14.25pt; width: 99.75pt;\" width=\"133\" height=\"19\">NUM\u00cbR<\/td>\n<td class=\"et2\" style=\"width: 75.75pt;\" width=\"101\">ZGJATJE<\/td>\n<td class=\"et3\" style=\"width: 46.50pt;\" width=\"62\">KY\u00c7<\/td>\n<td class=\"et3\" style=\"width: 49.50pt;\" width=\"66\">DIPLOMA<\/td>\n<td class=\"et3\" style=\"width: 176.25pt;\" width=\"235\">MATERIALI I TUBIT<\/td>\n<td class=\"et3\" style=\"width: 114.00pt;\" width=\"152\">BAZ\u00cb ME FLLUSKA<\/td>\n<td class=\"et3\" style=\"width: 54.00pt;\" width=\"72\">DIAMETRI<\/td>\n<td class=\"et4\" style=\"width: 54.00pt;\" width=\"72\">FOTO<\/td>\n<\/tr>\n<tr style=\"height: 14.25pt;\">\n<td class=\"et5\" style=\"height: 14.25pt;\" height=\"19\">GP220TLB-AC<\/td>\n<td class=\"et5\">220 cm<\/td>\n<td class=\"et5\">Kthes\u00eb<\/td>\n<td class=\"et5\">cm<\/td>\n<td class=\"et5\">Fib\u00ebr karboni alumini\/ekonomike<\/td>\n<td class=\"et5\">me kllap\u00eb, busull. fllusk\u00eb<\/td>\n<td class=\"et5\">25\/32 mm<\/td>\n<td><img fetchpriority=\"high\" decoding=\"async\" class=\"alignnone wp-image-5205\" src=\"https:\/\/mountlaser.com\/wp-content\/uploads\/2025\/12\/GP220TLB-AC\uff082\uff09.webp\" alt=\"GP220TLB-AC GPS Pole Thread Lock\" width=\"500\" height=\"500\" srcset=\"https:\/\/mountlaser.com\/wp-content\/uploads\/2025\/12\/GP220TLB-AC\uff082\uff09.webp 1000w, https:\/\/mountlaser.com\/wp-content\/uploads\/2025\/12\/GP220TLB-AC\uff082\uff09-300x300.webp 300w, https:\/\/mountlaser.com\/wp-content\/uploads\/2025\/12\/GP220TLB-AC\uff082\uff09-150x150.webp 150w, https:\/\/mountlaser.com\/wp-content\/uploads\/2025\/12\/GP220TLB-AC\uff082\uff09-768x768.webp 768w, https:\/\/mountlaser.com\/wp-content\/uploads\/2025\/12\/GP220TLB-AC\uff082\uff09-12x12.webp 12w, https:\/\/mountlaser.com\/wp-content\/uploads\/2025\/12\/GP220TLB-AC\uff082\uff09-600x600.webp 600w, https:\/\/mountlaser.com\/wp-content\/uploads\/2025\/12\/GP220TLB-AC\uff082\uff09-800x800.webp 800w, https:\/\/mountlaser.com\/wp-content\/uploads\/2025\/12\/GP220TLB-AC\uff082\uff09-400x400.webp 400w\" sizes=\"(max-width: 500px) 100vw, 500px\" \/><\/td>\n<\/tr>\n<tr style=\"height: 14.25pt;\">\n<td class=\"et5\" style=\"height: 14.25pt;\" height=\"19\">GP220TL-AC<\/td>\n<td class=\"et5\">220 cm<\/td>\n<td class=\"et5\">Kthes\u00eb<\/td>\n<td class=\"et5\">cm<\/td>\n<td class=\"et5\">Fib\u00ebr karboni alumini\/premium<\/td>\n<td class=\"et5\">me fllusk\u00eb<\/td>\n<td class=\"et5\">25\/32 mm<\/td>\n<td><img decoding=\"async\" class=\"alignnone wp-image-5200\" src=\"https:\/\/mountlaser.com\/wp-content\/uploads\/2025\/12\/GP220TL-AC7.webp\" alt=\"GP220TLB-AC GPS Pole Thread Lock\" width=\"500\" height=\"500\" srcset=\"https:\/\/mountlaser.com\/wp-content\/uploads\/2025\/12\/GP220TL-AC7.webp 1000w, https:\/\/mountlaser.com\/wp-content\/uploads\/2025\/12\/GP220TL-AC7-300x300.webp 300w, https:\/\/mountlaser.com\/wp-content\/uploads\/2025\/12\/GP220TL-AC7-150x150.webp 150w, https:\/\/mountlaser.com\/wp-content\/uploads\/2025\/12\/GP220TL-AC7-768x768.webp 768w, https:\/\/mountlaser.com\/wp-content\/uploads\/2025\/12\/GP220TL-AC7-12x12.webp 12w, https:\/\/mountlaser.com\/wp-content\/uploads\/2025\/12\/GP220TL-AC7-600x600.webp 600w, https:\/\/mountlaser.com\/wp-content\/uploads\/2025\/12\/GP220TL-AC7-800x800.webp 800w, https:\/\/mountlaser.com\/wp-content\/uploads\/2025\/12\/GP220TL-AC7-400x400.webp 400w\" sizes=\"(max-width: 500px) 100vw, 500px\" \/><\/td>\n<\/tr>\n<tr style=\"height: 14.25pt;\">\n<td class=\"et5\" style=\"height: 14.25pt;\" height=\"19\">GP250TL-AC<\/td>\n<td class=\"et5\">250 cm<\/td>\n<td class=\"et5\">Kthes\u00eb<\/td>\n<td class=\"et5\">cm<\/td>\n<td class=\"et5\">Fib\u00ebr karboni alumini\/premium<\/td>\n<td class=\"et5\">me fllusk\u00eb<\/td>\n<td class=\"et5\">25\/32 mm<\/td>\n<td><img decoding=\"async\" class=\"alignnone wp-image-5216\" src=\"https:\/\/mountlaser.com\/wp-content\/uploads\/2025\/12\/GP250TL-AC4.webp\" alt=\"GP220TLB-AC GPS Pole Thread Lock\" width=\"500\" height=\"500\" srcset=\"https:\/\/mountlaser.com\/wp-content\/uploads\/2025\/12\/GP250TL-AC4.webp 1000w, https:\/\/mountlaser.com\/wp-content\/uploads\/2025\/12\/GP250TL-AC4-300x300.webp 300w, https:\/\/mountlaser.com\/wp-content\/uploads\/2025\/12\/GP250TL-AC4-150x150.webp 150w, https:\/\/mountlaser.com\/wp-content\/uploads\/2025\/12\/GP250TL-AC4-768x768.webp 768w, https:\/\/mountlaser.com\/wp-content\/uploads\/2025\/12\/GP250TL-AC4-12x12.webp 12w, https:\/\/mountlaser.com\/wp-content\/uploads\/2025\/12\/GP250TL-AC4-600x600.webp 600w, https:\/\/mountlaser.com\/wp-content\/uploads\/2025\/12\/GP250TL-AC4-800x800.webp 800w, https:\/\/mountlaser.com\/wp-content\/uploads\/2025\/12\/GP250TL-AC4-400x400.webp 400w\" sizes=\"(max-width: 500px) 100vw, 500px\" \/><\/td>\n<\/tr>\n<tr style=\"height: 14.25pt;\">\n<td class=\"et5\" style=\"height: 14.25pt;\" height=\"19\">GP220TLD-2C<\/td>\n<td class=\"et5\">220 cm<\/td>\n<td class=\"et5\">Kthes\u00eb<\/td>\n<td class=\"et5\">cm\/ft<\/td>\n<td class=\"et5\">Fib\u00ebr karboni alumini\/premium<\/td>\n<td class=\"et5\">me fllusk\u00eb<\/td>\n<td class=\"et5\">25\/32 mm<\/td>\n<td><img loading=\"lazy\" decoding=\"async\" class=\"alignnone wp-image-5218\" src=\"https:\/\/mountlaser.com\/wp-content\/uploads\/2025\/12\/GP250TL-AC6.webp\" alt=\"GP220TLB-AC GPS Pole Thread Lock\" width=\"500\" height=\"500\" srcset=\"https:\/\/mountlaser.com\/wp-content\/uploads\/2025\/12\/GP250TL-AC6.webp 1000w, https:\/\/mountlaser.com\/wp-content\/uploads\/2025\/12\/GP250TL-AC6-300x300.webp 300w, https:\/\/mountlaser.com\/wp-content\/uploads\/2025\/12\/GP250TL-AC6-150x150.webp 150w, https:\/\/mountlaser.com\/wp-content\/uploads\/2025\/12\/GP250TL-AC6-768x768.webp 768w, https:\/\/mountlaser.com\/wp-content\/uploads\/2025\/12\/GP250TL-AC6-12x12.webp 12w, https:\/\/mountlaser.com\/wp-content\/uploads\/2025\/12\/GP250TL-AC6-600x600.webp 600w, https:\/\/mountlaser.com\/wp-content\/uploads\/2025\/12\/GP250TL-AC6-800x800.webp 800w, https:\/\/mountlaser.com\/wp-content\/uploads\/2025\/12\/GP250TL-AC6-400x400.webp 400w\" sizes=\"(max-width: 500px) 100vw, 500px\" \/><\/td>\n<\/tr>\n<tr style=\"height: 14.25pt;\">\n<td class=\"et6\" style=\"height: 14.25pt;\" height=\"19\">GP250TLD-2C<\/td>\n<td class=\"et5\">250 cm<\/td>\n<td class=\"et5\">Kthes\u00eb<\/td>\n<td class=\"et5\">cm\/ft<\/td>\n<td class=\"et5\">Premium, t\u00ebr\u00ebsisht me fibra karboni<\/td>\n<td class=\"et5\">me fllusk\u00eb<\/td>\n<td class=\"et5\">25\/32 mm<\/td>\n<td><img loading=\"lazy\" decoding=\"async\" class=\"alignnone wp-image-5226\" src=\"https:\/\/mountlaser.com\/wp-content\/uploads\/2025\/12\/GP250TLD-CC6.webp\" alt=\"GP220TLB-AC GPS Pole Thread Lock\" width=\"500\" height=\"500\" srcset=\"https:\/\/mountlaser.com\/wp-content\/uploads\/2025\/12\/GP250TLD-CC6.webp 1000w, https:\/\/mountlaser.com\/wp-content\/uploads\/2025\/12\/GP250TLD-CC6-300x300.webp 300w, https:\/\/mountlaser.com\/wp-content\/uploads\/2025\/12\/GP250TLD-CC6-150x150.webp 150w, https:\/\/mountlaser.com\/wp-content\/uploads\/2025\/12\/GP250TLD-CC6-768x768.webp 768w, https:\/\/mountlaser.com\/wp-content\/uploads\/2025\/12\/GP250TLD-CC6-12x12.webp 12w, https:\/\/mountlaser.com\/wp-content\/uploads\/2025\/12\/GP250TLD-CC6-600x600.webp 600w, https:\/\/mountlaser.com\/wp-content\/uploads\/2025\/12\/GP250TLD-CC6-800x800.webp 800w, https:\/\/mountlaser.com\/wp-content\/uploads\/2025\/12\/GP250TLD-CC6-400x400.webp 400w\" sizes=\"(max-width: 500px) 100vw, 500px\" \/><\/td>\n<\/tr>\n<\/tbody>\n<\/table>\n<\/div>","protected":false},"excerpt":{"rendered":"<ul data-start=\"1639\" data-end=\"2157\">\n<li data-start=\"1639\" data-end=\"1733\">\n<p data-start=\"1641\" data-end=\"1733\">Rregullim i lart\u00ebsis\u00eb me ky\u00e7 rrotullues p\u00ebr pozicionim t\u00eb shpejt\u00eb dhe t\u00eb q\u00ebndruesh\u00ebm n\u00eb matjet metrike t\u00eb gradacionit.<\/p>\n<\/li>\n<li data-start=\"1734\" data-end=\"1823\">\n<p data-start=\"1736\" data-end=\"1823\">Dizajni me maj\u00eb t\u00eb fiksuar siguron kontakt t\u00eb q\u00ebndruesh\u00ebm me tok\u00ebn dhe zvog\u00eblon devijimin e matjes.<\/p>\n<\/li>\n<li data-start=\"1824\" data-end=\"1913\">\n<p data-start=\"1826\" data-end=\"1913\">Kllap\u00eb e integruar, busull dhe shishe fllusk\u00eb 30\u2032 p\u00ebr nivelim dhe orientim t\u00eb shpejt\u00eb.<\/p>\n<\/li>\n<li data-start=\"1914\" data-end=\"2000\">\n<p data-start=\"1916\" data-end=\"2000\">Pajtueshm\u00ebria me fileto 5\/8\u2033-11 mb\u00ebshtet shumic\u00ebn e marr\u00ebsve GNSS dhe sistemeve rover.<\/p>\n<\/li>\n<li data-start=\"2001\" data-end=\"2097\">\n<p data-start=\"2003\" data-end=\"2097\">Nd\u00ebrtim hibrid i q\u00ebndruesh\u00ebm i aluminit dhe fibrave t\u00eb karbonit ekonomik p\u00ebr jet\u00ebgjat\u00ebsi t\u00eb gjat\u00eb sh\u00ebrbimi.<\/p>\n<\/li>\n<li data-start=\"2098\" data-end=\"2157\">\n<p data-start=\"2100\" data-end=\"2157\">\u00c7ant\u00eb e but\u00eb p\u00ebr transport t\u00eb sigurt dhe t\u00eb leht\u00eb.<\/p>\n<\/li>\n<\/ul>","protected":false},"featured_media":5204,"comment_status":"open","ping_status":"closed","template":"","meta":[],"product_brand":[],"product_cat":[89,146],"product_tag":[],"class_list":{"0":"post-5193","1":"product","2":"type-product","3":"status-publish","4":"has-post-thumbnail","6":"product_cat-surveying-pole-rod","7":"product_cat-gps-pole-twist-lock","9":"first","10":"instock","11":"shipping-taxable","12":"product-type-simple"},"_links":{"self":[{"href":"https:\/\/mountlaser.com\/sq\/wp-json\/wp\/v2\/product\/5193","targetHints":{"allow":["GET"]}}],"collection":[{"href":"https:\/\/mountlaser.com\/sq\/wp-json\/wp\/v2\/product"}],"about":[{"href":"https:\/\/mountlaser.com\/sq\/wp-json\/wp\/v2\/types\/product"}],"replies":[{"embeddable":true,"href":"https:\/\/mountlaser.com\/sq\/wp-json\/wp\/v2\/comments?post=5193"}],"wp:featuredmedia":[{"embeddable":true,"href":"https:\/\/mountlaser.com\/sq\/wp-json\/wp\/v2\/media\/5204"}],"wp:attachment":[{"href":"https:\/\/mountlaser.com\/sq\/wp-json\/wp\/v2\/media?parent=5193"}],"wp:term":[{"taxonomy":"product_brand","embeddable":true,"href":"https:\/\/mountlaser.com\/sq\/wp-json\/wp\/v2\/product_brand?post=5193"},{"taxonomy":"product_cat","embeddable":true,"href":"https:\/\/mountlaser.com\/sq\/wp-json\/wp\/v2\/product_cat?post=5193"},{"taxonomy":"product_tag","embeddable":true,"href":"https:\/\/mountlaser.com\/sq\/wp-json\/wp\/v2\/product_tag?post=5193"}],"curies":[{"name":"wp","href":"https:\/\/api.w.org\/{rel}","templated":true}]}}