{"id":5186,"date":"2025-12-03T01:33:40","date_gmt":"2025-12-03T01:33:40","guid":{"rendered":"https:\/\/mountlaser.com\/?post_type=product&#038;p=5186"},"modified":"2025-12-03T05:08:31","modified_gmt":"2025-12-03T05:08:31","slug":"gls30-gps-pole-compression-snap-lock","status":"publish","type":"product","link":"https:\/\/mountlaser.com\/sq\/produkt\/gls30-gps-pole-compression-snap-lock\/","title":{"rendered":"Kompresim dhe bllokim me kapak i shtyll\u00ebs GPS GLS30"},"content":{"rendered":"<p>I\/E\/T\u00eb\/T\u00eb <a href=\"https:\/\/mountlaser.com\/sq\/\"><strong>Rover GPS Rover me fib\u00ebr karboni 2 metra<\/strong><\/a> \u00cbsht\u00eb projektuar p\u00ebr matje profesionale GNSS, duke ofruar forc\u00eb, stabilitet dhe manovrim t\u00eb leht\u00eb superior n\u00eb mjedise t\u00eb v\u00ebshtira n\u00eb terren. I projektuar me materiale premium, shufra GPS Rover Rover 2 metra me fib\u00ebr karboni siguron ngurt\u00ebsi t\u00eb jasht\u00ebzakonshme dhe p\u00ebrkulje t\u00eb reduktuar gjat\u00eb matjes, duke e b\u00ebr\u00eb at\u00eb ideal p\u00ebr pun\u00eb precize GNSS.<\/p>\n<p>Shufra \u00ebsht\u00eb drejtp\u00ebrdrejt e pajtueshme me nj\u00eb gam\u00eb t\u00eb gjer\u00eb marr\u00ebsish GNSS, dhe cil\u00ebsia e saj e nd\u00ebrtimit p\u00ebrputhet me standardet kryesore t\u00eb industris\u00eb. Si nj\u00eb alternativ\u00eb me performanc\u00eb t\u00eb lart\u00eb, <a href=\"https:\/\/mountlaser.com\/sq\/kategori-produkti\/surveying-pole-rod\/\"><strong>Shtyll\u00eb GNSS prej karboni GLS30<\/strong><\/a> ofron q\u00ebndrueshm\u00ebri t\u00eb jasht\u00ebzakonshme dhe funksionim t\u00eb qet\u00eb si n\u00eb kushte rutinore ashtu edhe n\u00eb kushte t\u00eb v\u00ebshtira studimi.<\/p>\n<p>Duke ofruar nj\u00eb sistem t\u00eb besuesh\u00ebm kompresimi dhe mbylljeje me kapak, Shtylla GLS30 prej karboni GL50 lejon rregullime t\u00eb shpejta t\u00eb lart\u00ebsis\u00eb duke ruajtur stabilitet t\u00eb sigurt gjat\u00eb funksionimit. Baza e integruar e aluminit me flluska me nj\u00eb shishe rrethore 30\u2032 siguron nivelim t\u00eb shpejt\u00eb, nd\u00ebrsa filetoja 5\/8\u2033-11 mb\u00ebshtet montimin e pajisjeve universale GNSS.<\/p>\n<p>Nd\u00ebrtuar me <a href=\"https:\/\/mountlaser.com\/sq\/about-us\/\">fib\u00ebr karboni premium<\/a>, GPS Rover Rod 2 metra prej fibre karboni arrin nj\u00eb ekuilib\u00ebr t\u00eb shk\u00eblqyer midis transportueshm\u00ebris\u00eb s\u00eb leht\u00eb dhe q\u00ebndrueshm\u00ebris\u00eb afatgjat\u00eb n\u00eb terren. I pajisur me nj\u00eb kuti t\u00eb but\u00eb mbrojt\u00ebse, \u00ebsht\u00eb nj\u00eb zgjedhje ideale p\u00ebr gjeodet\u00ebt q\u00eb k\u00ebrkojn\u00eb sakt\u00ebsi, komoditet dhe besueshm\u00ebri.<\/p>\n<div>\n<table style=\"border-collapse: collapse; width: 1055.28pt;\" border=\"0\" width=\"1407\" cellspacing=\"0\" cellpadding=\"0\">\n<tbody>\n<tr style=\"height: 14.25pt;\">\n<td class=\"et2\" style=\"height: 14.25pt; width: 235.50pt;\" width=\"314\" height=\"19\">NUM\u00cbR<\/td>\n<td class=\"et2\" style=\"width: 309.00pt;\" width=\"412\">ZGJATJE<\/td>\n<td class=\"et3\" style=\"width: 88.50pt;\" width=\"118\">MATERIALI<\/td>\n<td class=\"et4\" style=\"width: 138.00pt;\" width=\"184\">BAZ\u00cb ME FLLUSKA<\/td>\n<td class=\"et4\" style=\"width: 176.25pt;\" width=\"235\">KY\u00c7<\/td>\n<td class=\"et2\" style=\"width: 54.00pt;\" width=\"72\">DIAMETRI<\/td>\n<td class=\"et5\" style=\"width: 54.00pt;\" width=\"72\">FOTO<\/td>\n<\/tr>\n<tr style=\"height: 14.25pt;\">\n<td class=\"et6\" style=\"height: 14.25pt;\" height=\"19\">GLS30<\/td>\n<td class=\"et6\">200 cm<\/td>\n<td class=\"et6\">Fib\u00ebr karboni premium<\/td>\n<td class=\"et6\">me fllusk\u00eb<\/td>\n<td class=\"et6\">Kompresim dhe kapje<\/td>\n<td class=\"et6\">18\/25 mm<\/td>\n<td><img fetchpriority=\"high\" decoding=\"async\" class=\"alignnone wp-image-5188\" src=\"https:\/\/mountlaser.com\/wp-content\/uploads\/2025\/12\/GLS302.webp\" alt=\"2 Meter carbon fiber GPS Rover Rod\" width=\"500\" height=\"500\" srcset=\"https:\/\/mountlaser.com\/wp-content\/uploads\/2025\/12\/GLS302.webp 1000w, https:\/\/mountlaser.com\/wp-content\/uploads\/2025\/12\/GLS302-300x300.webp 300w, https:\/\/mountlaser.com\/wp-content\/uploads\/2025\/12\/GLS302-150x150.webp 150w, https:\/\/mountlaser.com\/wp-content\/uploads\/2025\/12\/GLS302-768x768.webp 768w, https:\/\/mountlaser.com\/wp-content\/uploads\/2025\/12\/GLS302-12x12.webp 12w, https:\/\/mountlaser.com\/wp-content\/uploads\/2025\/12\/GLS302-600x600.webp 600w, https:\/\/mountlaser.com\/wp-content\/uploads\/2025\/12\/GLS302-800x800.webp 800w, https:\/\/mountlaser.com\/wp-content\/uploads\/2025\/12\/GLS302-400x400.webp 400w\" sizes=\"(max-width: 500px) 100vw, 500px\" \/><\/td>\n<\/tr>\n<\/tbody>\n<\/table>\n<\/div>","protected":false},"excerpt":{"rendered":"<ul>\n<li>Ofron referenc\u00eb t\u00eb q\u00ebndrueshme dhe t\u00eb sakt\u00eb lart\u00ebsie p\u00ebr matjet GNSS<\/li>\n<li>Siguron rregullim t\u00eb shpejt\u00eb dhe t\u00eb sigurt t\u00eb lart\u00ebsis\u00eb me bllokim me kompresim dhe kapje<\/li>\n<li>Mb\u00ebshtet marr\u00ebs universal\u00eb GNSS me fileto standarde montimi 5\/8\u2033-11<\/li>\n<li>P\u00ebrmir\u00ebson sakt\u00ebsin\u00eb e nivelimit n\u00ebp\u00ebrmjet shishes rrethore t\u00eb integruar 30\u2032<\/li>\n<li>Dizajni i leht\u00eb me fibra karboni p\u00ebrmir\u00ebson manovrimin dhe q\u00ebndrueshm\u00ebrin\u00eb afatgjat\u00eb<\/li>\n<\/ul>","protected":false},"featured_media":5187,"comment_status":"open","ping_status":"closed","template":"","meta":[],"product_brand":[],"product_cat":[89,145],"product_tag":[],"class_list":{"0":"post-5186","1":"product","2":"type-product","3":"status-publish","4":"has-post-thumbnail","6":"product_cat-surveying-pole-rod","7":"product_cat-gps-pole-compression-snap-lock","9":"first","10":"instock","11":"shipping-taxable","12":"product-type-simple"},"_links":{"self":[{"href":"https:\/\/mountlaser.com\/sq\/wp-json\/wp\/v2\/product\/5186","targetHints":{"allow":["GET"]}}],"collection":[{"href":"https:\/\/mountlaser.com\/sq\/wp-json\/wp\/v2\/product"}],"about":[{"href":"https:\/\/mountlaser.com\/sq\/wp-json\/wp\/v2\/types\/product"}],"replies":[{"embeddable":true,"href":"https:\/\/mountlaser.com\/sq\/wp-json\/wp\/v2\/comments?post=5186"}],"wp:featuredmedia":[{"embeddable":true,"href":"https:\/\/mountlaser.com\/sq\/wp-json\/wp\/v2\/media\/5187"}],"wp:attachment":[{"href":"https:\/\/mountlaser.com\/sq\/wp-json\/wp\/v2\/media?parent=5186"}],"wp:term":[{"taxonomy":"product_brand","embeddable":true,"href":"https:\/\/mountlaser.com\/sq\/wp-json\/wp\/v2\/product_brand?post=5186"},{"taxonomy":"product_cat","embeddable":true,"href":"https:\/\/mountlaser.com\/sq\/wp-json\/wp\/v2\/product_cat?post=5186"},{"taxonomy":"product_tag","embeddable":true,"href":"https:\/\/mountlaser.com\/sq\/wp-json\/wp\/v2\/product_tag?post=5186"}],"curies":[{"name":"wp","href":"https:\/\/api.w.org\/{rel}","templated":true}]}}