{"id":5168,"date":"2025-12-03T01:03:04","date_gmt":"2025-12-03T01:03:04","guid":{"rendered":"https:\/\/mountlaser.com\/?post_type=product&#038;p=5168"},"modified":"2025-12-03T05:17:23","modified_gmt":"2025-12-03T05:17:23","slug":"gp200sc-2-gps-pole-compression-snap-lock","status":"publish","type":"product","link":"https:\/\/mountlaser.com\/sq\/produkt\/gp200sc-2-gps-pole-compression-snap-lock\/","title":{"rendered":"GP200SC-2 Shtyll\u00eb GPS me Kompresim dhe Mbyllje me Kap\u00ebse"},"content":{"rendered":"<p>I\/E\/T\u00eb\/T\u00eb <a href=\"https:\/\/mountlaser.com\/sq\/kategori-produkti\/surveying-pole-rod\/\"><strong>Shtyll\u00eb GPS alumini 2m<\/strong><\/a> \u00ebsht\u00eb projektuar p\u00ebr matje profesionale GNSS, duke ofruar q\u00ebndrueshm\u00ebri, stabilitet dhe funksionim t\u00eb p\u00ebrshtatsh\u00ebm n\u00eb terren. I nd\u00ebrtuar me nj\u00eb sistem kompresimi dhe mbylljeje me kapak, Shtylla GPS prej alumini 2m siguron rregullim t\u00eb shpejt\u00eb t\u00eb lart\u00ebsis\u00eb dhe mbyllje t\u00eb sigurt, duke e b\u00ebr\u00eb at\u00eb ideale p\u00ebr detyra matjeje me sakt\u00ebsi t\u00eb lart\u00eb. <a href=\"https:\/\/mountlaser.com\/sq\/\"><strong>GP200SC-2 Shtyll\u00eb GPS me Kompresim dhe Mbyllje me Kap\u00ebse<\/strong>\u00a0<\/a>rrit m\u00eb tej performanc\u00ebn duke ofruar lidhje t\u00eb besueshme me fileto p\u00ebr t\u00eb gjith\u00eb marr\u00ebsit standard\u00eb GNSS 5\/8\u2033-11 t\u00eb montuar. Me nj\u00eb shishe rrethore 30\u2032 dhe nj\u00eb baz\u00eb t\u00eb fort\u00eb alumini me flluska, kompresimi dhe bllokimi i shtyll\u00ebs GPS GP200SC-2 siguron nivelim t\u00eb sakt\u00eb n\u00eb mjedise t\u00eb k\u00ebrkuara.<\/p>\n<p>I nd\u00ebrtuar nga alumini me rezistenc\u00eb t\u00eb lart\u00eb, shkopi GPS prej alumini 2 metrash mbetet i leht\u00eb, por mjaft i fort\u00eb p\u00ebr pun\u00eb t\u00eb p\u00ebrditshme n\u00eb terren. <a href=\"https:\/\/mountlaser.com\/sq\/contact-us\/\">GP200SC-2 Shtyll\u00eb GPS me Kompresim dhe Mbyllje me Kap\u00ebse<\/a>\u00a0\u00ebsht\u00eb i disponuesh\u00ebm si n\u00eb versionet e aluminit ashtu edhe n\u00eb ato premium me fibra karboni, duke u dh\u00ebn\u00eb gjeodet\u00ebve mund\u00ebsi fleksibile p\u00ebr aplikime t\u00eb ndryshme. \u00c7do shtyll\u00eb p\u00ebrfshin nj\u00eb \u00e7ant\u00eb t\u00eb but\u00eb mbajt\u00ebse dhe nj\u00eb kuti mbrojt\u00ebse t\u00eb brendshme, duke siguruar transport t\u00eb sigurt dhe q\u00ebndrueshm\u00ebri afatgjat\u00eb.<\/p>\n<div>\n<table style=\"border-collapse: collapse; width: 1055.28pt;\" border=\"0\" width=\"1407\" cellspacing=\"0\" cellpadding=\"0\">\n<tbody>\n<tr style=\"height: 14.25pt;\">\n<td class=\"et2\" style=\"height: 14.25pt; width: 235.50pt;\" width=\"314\" height=\"19\">NUM\u00cbR<\/td>\n<td class=\"et2\" style=\"width: 309.00pt;\" width=\"412\">ZGJATJE<\/td>\n<td class=\"et3\" style=\"width: 88.50pt;\" width=\"118\">MATERIALI<\/td>\n<td class=\"et4\" style=\"width: 138.00pt;\" width=\"184\">BAZ\u00cb ME FLLUSKA<\/td>\n<td class=\"et4\" style=\"width: 176.25pt;\" width=\"235\">KY\u00c7<\/td>\n<td class=\"et2\" style=\"width: 54.00pt;\" width=\"72\">DIAMETRI<\/td>\n<td class=\"et5\" style=\"width: 54.00pt;\" width=\"72\">FOTO<\/td>\n<\/tr>\n<tr style=\"height: 14.25pt;\">\n<td class=\"et6\" style=\"height: 14.25pt;\" height=\"19\">GP200SC-2A<\/td>\n<td class=\"et6\">200 cm<\/td>\n<td class=\"et7\">Alumini<\/td>\n<td class=\"et6\">me fllusk\u00eb<\/td>\n<td class=\"et6\">Kompresim dhe kapje<\/td>\n<td class=\"et6\">25\/32 mm<\/td>\n<td><img fetchpriority=\"high\" decoding=\"async\" class=\"alignnone wp-image-5173\" src=\"https:\/\/mountlaser.com\/wp-content\/uploads\/2025\/12\/GP200SC-AA-5.webp\" alt=\"2m Aluminum GPS Pole\" width=\"500\" height=\"500\" srcset=\"https:\/\/mountlaser.com\/wp-content\/uploads\/2025\/12\/GP200SC-AA-5.webp 1000w, https:\/\/mountlaser.com\/wp-content\/uploads\/2025\/12\/GP200SC-AA-5-300x300.webp 300w, https:\/\/mountlaser.com\/wp-content\/uploads\/2025\/12\/GP200SC-AA-5-150x150.webp 150w, https:\/\/mountlaser.com\/wp-content\/uploads\/2025\/12\/GP200SC-AA-5-768x768.webp 768w, https:\/\/mountlaser.com\/wp-content\/uploads\/2025\/12\/GP200SC-AA-5-12x12.webp 12w, https:\/\/mountlaser.com\/wp-content\/uploads\/2025\/12\/GP200SC-AA-5-600x600.webp 600w, https:\/\/mountlaser.com\/wp-content\/uploads\/2025\/12\/GP200SC-AA-5-800x800.webp 800w, https:\/\/mountlaser.com\/wp-content\/uploads\/2025\/12\/GP200SC-AA-5-400x400.webp 400w\" sizes=\"(max-width: 500px) 100vw, 500px\" \/><\/td>\n<\/tr>\n<tr style=\"height: 14.25pt;\">\n<td class=\"et6\" style=\"height: 14.25pt;\" height=\"19\">GP200SC-2C<\/td>\n<td class=\"et6\">200 cm<\/td>\n<td class=\"et6\">Fib\u00ebr karboni premium<\/td>\n<td class=\"et6\">me fllusk\u00eb<\/td>\n<td class=\"et6\">Kompresim dhe kapje<\/td>\n<td class=\"et6\">25\/32 mm<\/td>\n<td><img decoding=\"async\" class=\"alignnone wp-image-5178\" src=\"https:\/\/mountlaser.com\/wp-content\/uploads\/2025\/12\/GP200SC-CC-1.webp\" alt=\"2m Aluminum GPS Pole\" width=\"500\" height=\"500\" srcset=\"https:\/\/mountlaser.com\/wp-content\/uploads\/2025\/12\/GP200SC-CC-1.webp 1000w, https:\/\/mountlaser.com\/wp-content\/uploads\/2025\/12\/GP200SC-CC-1-300x300.webp 300w, https:\/\/mountlaser.com\/wp-content\/uploads\/2025\/12\/GP200SC-CC-1-150x150.webp 150w, https:\/\/mountlaser.com\/wp-content\/uploads\/2025\/12\/GP200SC-CC-1-768x768.webp 768w, https:\/\/mountlaser.com\/wp-content\/uploads\/2025\/12\/GP200SC-CC-1-12x12.webp 12w, https:\/\/mountlaser.com\/wp-content\/uploads\/2025\/12\/GP200SC-CC-1-600x600.webp 600w, https:\/\/mountlaser.com\/wp-content\/uploads\/2025\/12\/GP200SC-CC-1-800x800.webp 800w, https:\/\/mountlaser.com\/wp-content\/uploads\/2025\/12\/GP200SC-CC-1-400x400.webp 400w\" sizes=\"(max-width: 500px) 100vw, 500px\" \/><\/td>\n<\/tr>\n<\/tbody>\n<\/table>\n<\/div>","protected":false},"excerpt":{"rendered":"<ul>\n<li>Rregullim i shpejt\u00eb i lart\u00ebsis\u00eb: Sistemi i kompresimit dhe i bllokimit mund\u00ebson konfigurim t\u00eb shpejt\u00eb dhe t\u00eb sigurt.<\/li>\n<li>Nivelim me sakt\u00ebsi t\u00eb lart\u00eb: Baza e flluskave prej alumini me shishk\u00eb rrethore 30&#039; siguron matje t\u00eb q\u00ebndrueshme dhe t\u00eb sakta.<\/li>\n<li>Pajtueshm\u00ebri universale: E pajisur me nj\u00eb fileto 5\/8\u2033-11 p\u00ebr shumic\u00ebn e marr\u00ebsve dhe aksesor\u00ebve GNSS.<\/li>\n<li>Nd\u00ebrtim i Q\u00ebndruesh\u00ebm: Tuba alumini me rezistenc\u00eb t\u00eb lart\u00eb siguron jet\u00ebgjat\u00ebsi n\u00eb mjedise t\u00eb ashpra n\u00eb terren.<\/li>\n<li>Dizajn portativ: Struktura e shk\u00ebputshme dhe kutia e but\u00eb e p\u00ebrfshir\u00eb e b\u00ebjn\u00eb shufr\u00ebn t\u00eb leht\u00eb p\u00ebr t\u2019u mbajtur dhe ruajtur.<\/li>\n<\/ul>","protected":false},"featured_media":5173,"comment_status":"open","ping_status":"closed","template":"","meta":[],"product_brand":[],"product_cat":[89,145],"product_tag":[],"class_list":{"0":"post-5168","1":"product","2":"type-product","3":"status-publish","4":"has-post-thumbnail","6":"product_cat-surveying-pole-rod","7":"product_cat-gps-pole-compression-snap-lock","9":"first","10":"instock","11":"shipping-taxable","12":"product-type-simple"},"_links":{"self":[{"href":"https:\/\/mountlaser.com\/sq\/wp-json\/wp\/v2\/product\/5168","targetHints":{"allow":["GET"]}}],"collection":[{"href":"https:\/\/mountlaser.com\/sq\/wp-json\/wp\/v2\/product"}],"about":[{"href":"https:\/\/mountlaser.com\/sq\/wp-json\/wp\/v2\/types\/product"}],"replies":[{"embeddable":true,"href":"https:\/\/mountlaser.com\/sq\/wp-json\/wp\/v2\/comments?post=5168"}],"wp:featuredmedia":[{"embeddable":true,"href":"https:\/\/mountlaser.com\/sq\/wp-json\/wp\/v2\/media\/5173"}],"wp:attachment":[{"href":"https:\/\/mountlaser.com\/sq\/wp-json\/wp\/v2\/media?parent=5168"}],"wp:term":[{"taxonomy":"product_brand","embeddable":true,"href":"https:\/\/mountlaser.com\/sq\/wp-json\/wp\/v2\/product_brand?post=5168"},{"taxonomy":"product_cat","embeddable":true,"href":"https:\/\/mountlaser.com\/sq\/wp-json\/wp\/v2\/product_cat?post=5168"},{"taxonomy":"product_tag","embeddable":true,"href":"https:\/\/mountlaser.com\/sq\/wp-json\/wp\/v2\/product_tag?post=5168"}],"curies":[{"name":"wp","href":"https:\/\/api.w.org\/{rel}","templated":true}]}}