{"id":5156,"date":"2025-12-02T09:14:54","date_gmt":"2025-12-02T09:14:54","guid":{"rendered":"https:\/\/mountlaser.com\/?post_type=product&#038;p=5156"},"modified":"2025-12-03T05:21:02","modified_gmt":"2025-12-03T05:21:02","slug":"gp180sc-2a-gps-pole-compression-snap-lock","status":"publish","type":"product","link":"https:\/\/mountlaser.com\/sq\/produkt\/gp180sc-2a-gps-pole-compression-snap-lock\/","title":{"rendered":"GP180SC-2A Shtyll\u00eb GPS me Kompresim dhe Mbyllje me Kap\u00ebse"},"content":{"rendered":"<p>I\/E\/T\u00eb\/T\u00eb <a href=\"https:\/\/mountlaser.com\/sq\/kategori-produkti\/surveying-pole-rod\/\"><strong>Shuf\u00ebr alumini me mbyllje t\u00eb shpejt\u00eb Rover<\/strong><\/a> \u00ebsht\u00eb nj\u00eb shtyll\u00eb matjeje e q\u00ebndrueshme dhe e gatshme p\u00ebr n\u00eb terren, e projektuar p\u00ebr profesionist\u00eb q\u00eb kan\u00eb nevoj\u00eb p\u00ebr stabilitet t\u00eb besuesh\u00ebm n\u00eb lart\u00ebsi dhe montim t\u00eb shpejt\u00eb. E nd\u00ebrtuar nga alumini me cil\u00ebsi t\u00eb lart\u00eb, kjo shuf\u00ebr alumini me ky\u00e7je me snap-lock kombinon nj\u00eb ky\u00e7je kompresimi me nj\u00eb mekaniz\u00ebm t\u00eb besuesh\u00ebm ky\u00e7jeje me snap-lock, duke siguruar zgjatje t\u00eb sigurt edhe n\u00eb terren t\u00eb v\u00ebshtir\u00eb. E projektuar si nj\u00eb shuf\u00ebr shum\u00ebfunksionale. <a href=\"https:\/\/mountlaser.com\/sq\/about-us\/\">Shuf\u00ebr alumini Rover<\/a>, ofron ngurt\u00ebsi t\u00eb shk\u00eblqyer nd\u00ebrkoh\u00eb q\u00eb mbetet i leht\u00eb p\u00ebr rrjedhat e p\u00ebrditshme t\u00eb pun\u00ebs me GNSS dhe stacionet totale.<\/p>\n<div>\n<p>E pajisur me nj\u00eb fileto 5\/8\u2033-11 dhe distancues t\u00eb rrumbullak\u00ebt opsional, shufra Rover prej alumini Snap-Lock p\u00ebrshtatet leht\u00ebsisht me marr\u00ebs dhe aksesor\u00eb t\u00eb ndrysh\u00ebm. Baza e saj e zez\u00eb me flluska OD32 mm siguron shtrirje vertikale t\u00eb sakt\u00eb, nd\u00ebrsa kutia e but\u00eb e p\u00ebrfshir\u00eb dhe kutia e brendshme e b\u00ebjn\u00eb transportin t\u00eb sigurt dhe t\u00eb p\u00ebrshtatsh\u00ebm. Me sistemin e saj efikas t\u00eb ky\u00e7jes dhe nd\u00ebrtimin e fort\u00eb, kjo shuf\u00ebr Rover prej alumini ofron matje t\u00eb q\u00ebndrueshme dhe t\u00eb p\u00ebrs\u00ebritshme p\u00ebr detyra profesionale t\u00eb matjes.<\/p>\n<table style=\"border-collapse: collapse; width: 1055.28pt;\" border=\"0\" width=\"1407\" cellspacing=\"0\" cellpadding=\"0\">\n<tbody>\n<tr style=\"height: 14.25pt;\">\n<td class=\"et2\" style=\"height: 14.25pt; width: 235.50pt;\" width=\"314\" height=\"19\">NUM\u00cbR<\/td>\n<td class=\"et2\" style=\"width: 309.00pt;\" width=\"412\">ZGJATJE<\/td>\n<td class=\"et3\" style=\"width: 88.50pt;\" width=\"118\">MATERIALI<\/td>\n<td class=\"et4\" style=\"width: 138.00pt;\" width=\"184\">BAZ\u00cb ME FLLUSKA<\/td>\n<td class=\"et4\" style=\"width: 176.25pt;\" width=\"235\">KY\u00c7<\/td>\n<td class=\"et2\" style=\"width: 54.00pt;\" width=\"72\">DIAMETRI<\/td>\n<td class=\"et5\" style=\"width: 54.00pt;\" width=\"72\">FOTO<\/td>\n<\/tr>\n<tr style=\"height: 14.25pt;\">\n<td class=\"et6\" style=\"height: 14.25pt;\" height=\"19\">GP180SC-2A<\/td>\n<td class=\"et7\">180 cm<\/td>\n<td class=\"et6\">Alumini<\/td>\n<td class=\"et6\" style=\"text-align: center;\">&#8211;<\/td>\n<td class=\"et6\">Kompresim dhe kapje<\/td>\n<td class=\"et6\">18\/25 mm<\/td>\n<td><img fetchpriority=\"high\" decoding=\"async\" class=\"alignnone wp-image-5160\" src=\"https:\/\/mountlaser.com\/wp-content\/uploads\/2025\/12\/GP180SC-AA-4.webp\" alt=\"Aluminum Snap-Lock Rover Rod\" width=\"500\" height=\"500\" srcset=\"https:\/\/mountlaser.com\/wp-content\/uploads\/2025\/12\/GP180SC-AA-4.webp 1000w, https:\/\/mountlaser.com\/wp-content\/uploads\/2025\/12\/GP180SC-AA-4-300x300.webp 300w, https:\/\/mountlaser.com\/wp-content\/uploads\/2025\/12\/GP180SC-AA-4-150x150.webp 150w, https:\/\/mountlaser.com\/wp-content\/uploads\/2025\/12\/GP180SC-AA-4-768x768.webp 768w, https:\/\/mountlaser.com\/wp-content\/uploads\/2025\/12\/GP180SC-AA-4-12x12.webp 12w, https:\/\/mountlaser.com\/wp-content\/uploads\/2025\/12\/GP180SC-AA-4-600x600.webp 600w, https:\/\/mountlaser.com\/wp-content\/uploads\/2025\/12\/GP180SC-AA-4-800x800.webp 800w, https:\/\/mountlaser.com\/wp-content\/uploads\/2025\/12\/GP180SC-AA-4-400x400.webp 400w\" sizes=\"(max-width: 500px) 100vw, 500px\" \/><\/td>\n<\/tr>\n<\/tbody>\n<\/table>\n<\/div>","protected":false},"excerpt":{"rendered":"<ul>\n<li data-start=\"1200\" data-end=\"1286\">\n<p data-start=\"1202\" data-end=\"1286\">Ofron nj\u00eb zgjidhje t\u00eb q\u00ebndrueshme montimi p\u00ebr marr\u00ebsit GNSS dhe pajisjet e stacionit total<\/p>\n<\/li>\n<li data-start=\"1287\" data-end=\"1368\">\n<p data-start=\"1289\" data-end=\"1368\">Mekanizmi i ky\u00e7jes me shkop + kompresim siguron zgjatje t\u00eb shpejt\u00eb dhe t\u00eb sigurt t\u00eb shufr\u00ebs<\/p>\n<\/li>\n<li data-start=\"1369\" data-end=\"1449\">\n<p data-start=\"1371\" data-end=\"1449\">Ruan vertikalitetin e sakt\u00eb me shishen me flluska 30&#039; t\u00eb integruar n\u00eb baz\u00eb<\/p>\n<\/li>\n<li data-start=\"1450\" data-end=\"1507\">\n<p data-start=\"1452\" data-end=\"1507\">I pajtuesh\u00ebm me instrumentet standarde me fileto 5\/8\u2033-11<\/p>\n<\/li>\n<li data-start=\"1508\" data-end=\"1567\">\n<p data-start=\"1510\" data-end=\"1567\">Struktura e q\u00ebndrueshme e aluminit mb\u00ebshtet p\u00ebrdorimin afatgjat\u00eb n\u00eb terren<\/p>\n<\/li>\n<\/ul>","protected":false},"featured_media":5161,"comment_status":"open","ping_status":"closed","template":"","meta":[],"product_brand":[],"product_cat":[89,145],"product_tag":[],"class_list":{"0":"post-5156","1":"product","2":"type-product","3":"status-publish","4":"has-post-thumbnail","6":"product_cat-surveying-pole-rod","7":"product_cat-gps-pole-compression-snap-lock","9":"first","10":"instock","11":"shipping-taxable","12":"product-type-simple"},"_links":{"self":[{"href":"https:\/\/mountlaser.com\/sq\/wp-json\/wp\/v2\/product\/5156","targetHints":{"allow":["GET"]}}],"collection":[{"href":"https:\/\/mountlaser.com\/sq\/wp-json\/wp\/v2\/product"}],"about":[{"href":"https:\/\/mountlaser.com\/sq\/wp-json\/wp\/v2\/types\/product"}],"replies":[{"embeddable":true,"href":"https:\/\/mountlaser.com\/sq\/wp-json\/wp\/v2\/comments?post=5156"}],"wp:featuredmedia":[{"embeddable":true,"href":"https:\/\/mountlaser.com\/sq\/wp-json\/wp\/v2\/media\/5161"}],"wp:attachment":[{"href":"https:\/\/mountlaser.com\/sq\/wp-json\/wp\/v2\/media?parent=5156"}],"wp:term":[{"taxonomy":"product_brand","embeddable":true,"href":"https:\/\/mountlaser.com\/sq\/wp-json\/wp\/v2\/product_brand?post=5156"},{"taxonomy":"product_cat","embeddable":true,"href":"https:\/\/mountlaser.com\/sq\/wp-json\/wp\/v2\/product_cat?post=5156"},{"taxonomy":"product_tag","embeddable":true,"href":"https:\/\/mountlaser.com\/sq\/wp-json\/wp\/v2\/product_tag?post=5156"}],"curies":[{"name":"wp","href":"https:\/\/api.w.org\/{rel}","templated":true}]}}