{"id":5124,"date":"2025-12-02T08:53:06","date_gmt":"2025-12-02T08:53:06","guid":{"rendered":"https:\/\/mountlaser.com\/?post_type=product&#038;p=5124"},"modified":"2025-12-03T05:22:39","modified_gmt":"2025-12-03T05:22:39","slug":"gp150cl-gps-pole-compression-snap-lock","status":"publish","type":"product","link":"https:\/\/mountlaser.com\/sq\/produkt\/gp150cl-gps-pole-compression-snap-lock\/","title":{"rendered":"GP150CL Shtyll\u00eb GPS me Kompresim dhe Mbyllje me Kap\u00ebse"},"content":{"rendered":"<p>I\/E\/T\u00eb\/T\u00eb <a href=\"https:\/\/mountlaser.com\/sq\/kategori-produkti\/surveying-pole-rod\/\"><strong>Shtylla GPS me mbyllje me kapak<\/strong><\/a> Seria \u00ebsht\u00eb projektuar p\u00ebr matje profesionale GNSS, duke ofruar stabilitet, sakt\u00ebsi dhe vendosje t\u00eb shpejt\u00eb n\u00eb terren. T\u00eb nd\u00ebrtuara me nj\u00eb struktur\u00eb alumini t\u00eb q\u00ebndrueshme dhe t\u00eb pajisura me nj\u00eb mekaniz\u00ebm kompresimi dhe mbylljeje shum\u00eb t\u00eb besueshme, k\u00ebto shtylla sigurojn\u00eb cil\u00ebsime t\u00eb sigurta lart\u00ebsie edhe gjat\u00eb p\u00ebrdorimit intensiv t\u00eb p\u00ebrditsh\u00ebm. \u00c7do model Shtyll\u00eb GPS me Mbyllje me K\u00ebmb\u00eb p\u00ebrmban nj\u00eb shishe rrethore 30\u2032 t\u00eb montuar n\u00eb nj\u00eb baz\u00eb t\u00eb fort\u00eb alumini me flluska, duke siguruar nivelim t\u00eb sakt\u00eb p\u00ebr marr\u00ebsit GNSS dhe konfigurimet e rover\u00ebve.<\/p>\n<p>I projektuar si nj\u00eb shum\u00ebfunksional <a href=\"https:\/\/mountlaser.com\/sq\/about-us\/\"><strong>shuf\u00ebr alumini GT Rover me mbyllje t\u00eb menj\u00ebhershme<\/strong><\/a>, ky sistem mb\u00ebshtet rregullime t\u00eb l\u00ebmuara t\u00eb lart\u00ebsis\u00eb dhe shtrirje t\u00eb q\u00ebndrueshme, duke e b\u00ebr\u00eb ideal p\u00ebr studime topografike, vendosje t\u00eb stampave n\u00eb nd\u00ebrtim dhe mbledhje t\u00eb t\u00eb dh\u00ebnave GIS. Struktura e shufr\u00ebs s\u00eb roverit GT prej alumini me mbyllje me \u00e7el\u00ebs rrit transportueshm\u00ebrin\u00eb me nj\u00eb dizajn t\u00eb shk\u00ebputsh\u00ebm dhe p\u00ebrfshin nj\u00eb \u00e7ant\u00eb t\u00eb but\u00eb p\u00ebr transport t\u00eb leht\u00eb. Me gjat\u00ebsi dhe konfigurime t\u00eb shumta n\u00eb dispozicion, Shtyllat GPS me mbyllje me \u00e7el\u00ebs ofrojn\u00eb nj\u00eb zgjidhje t\u00eb besueshme dhe t\u00eb adaptueshme si p\u00ebr topograf\u00ebt fillestar\u00eb ashtu edhe p\u00ebr ata profesionist\u00eb q\u00eb k\u00ebrkojn\u00eb nj\u00eb sistem t\u00eb q\u00ebndruesh\u00ebm dhe efikas. <a href=\"https:\/\/mountlaser.com\/sq\/contact-us\/\">shuf\u00ebr alumini GT Rover me mbyllje t\u00eb menj\u00ebhershme<\/a> n\u00eb fush\u00eb.<\/p>\n<div>\n<table style=\"border-collapse: collapse; width: 1055.28pt;\" border=\"0\" width=\"1407\" cellspacing=\"0\" cellpadding=\"0\">\n<tbody>\n<tr style=\"height: 14.25pt;\">\n<td class=\"et2\" style=\"height: 14.25pt; width: 235.50pt;\" width=\"314\" height=\"19\">NUM\u00cbR<\/td>\n<td class=\"et2\" style=\"width: 309.00pt;\" width=\"412\">ZGJATJE<\/td>\n<td class=\"et3\" style=\"width: 88.50pt;\" width=\"118\">MATERIALI<\/td>\n<td class=\"et4\" style=\"width: 138.00pt;\" width=\"184\">BAZ\u00cb ME FLLUSKA<\/td>\n<td class=\"et4\" style=\"width: 176.25pt;\" width=\"235\">KY\u00c7<\/td>\n<td class=\"et2\" style=\"width: 54.00pt;\" width=\"72\">DIAMETRI<\/td>\n<td class=\"et5\" style=\"width: 54.00pt;\" width=\"72\">FOTO<\/td>\n<\/tr>\n<tr style=\"height: 14.25pt;\">\n<td class=\"et6\" style=\"height: 14.25pt;\" height=\"19\">GP150CL-4A<\/td>\n<td class=\"et6\">150 cm<\/td>\n<td class=\"et6\">Alumini<\/td>\n<td class=\"et6\">me fllusk\u00eb<\/td>\n<td class=\"et6\">Kompresim<\/td>\n<td class=\"et6\">20\/24\/28\/32 mm<\/td>\n<td><img fetchpriority=\"high\" decoding=\"async\" class=\"alignnone wp-image-5125\" src=\"https:\/\/mountlaser.com\/wp-content\/uploads\/2025\/12\/GP150CL-4A1.webp\" alt=\"GPS Poles with Snap-Lock\" width=\"500\" height=\"500\" srcset=\"https:\/\/mountlaser.com\/wp-content\/uploads\/2025\/12\/GP150CL-4A1.webp 1000w, https:\/\/mountlaser.com\/wp-content\/uploads\/2025\/12\/GP150CL-4A1-300x300.webp 300w, https:\/\/mountlaser.com\/wp-content\/uploads\/2025\/12\/GP150CL-4A1-150x150.webp 150w, https:\/\/mountlaser.com\/wp-content\/uploads\/2025\/12\/GP150CL-4A1-768x768.webp 768w, https:\/\/mountlaser.com\/wp-content\/uploads\/2025\/12\/GP150CL-4A1-12x12.webp 12w, https:\/\/mountlaser.com\/wp-content\/uploads\/2025\/12\/GP150CL-4A1-600x600.webp 600w, https:\/\/mountlaser.com\/wp-content\/uploads\/2025\/12\/GP150CL-4A1-800x800.webp 800w, https:\/\/mountlaser.com\/wp-content\/uploads\/2025\/12\/GP150CL-4A1-400x400.webp 400w\" sizes=\"(max-width: 500px) 100vw, 500px\" \/><\/td>\n<\/tr>\n<tr style=\"height: 14.25pt;\">\n<td class=\"et6\" style=\"height: 14.25pt;\" height=\"19\">GP180CL-4A<\/td>\n<td class=\"et6\">180 cm<\/td>\n<td class=\"et6\">Alumini<\/td>\n<td class=\"et6\">me fllusk\u00eb<\/td>\n<td class=\"et6\">Kompresim<\/td>\n<td class=\"et6\">20\/24\/28\/32 mm<\/td>\n<td><img decoding=\"async\" class=\"alignnone wp-image-5146\" src=\"https:\/\/mountlaser.com\/wp-content\/uploads\/2025\/12\/GP180CL-4A7.webp\" alt=\"GPS Poles with Snap-Lock\" width=\"500\" height=\"500\" srcset=\"https:\/\/mountlaser.com\/wp-content\/uploads\/2025\/12\/GP180CL-4A7.webp 1000w, https:\/\/mountlaser.com\/wp-content\/uploads\/2025\/12\/GP180CL-4A7-300x300.webp 300w, https:\/\/mountlaser.com\/wp-content\/uploads\/2025\/12\/GP180CL-4A7-150x150.webp 150w, https:\/\/mountlaser.com\/wp-content\/uploads\/2025\/12\/GP180CL-4A7-768x768.webp 768w, https:\/\/mountlaser.com\/wp-content\/uploads\/2025\/12\/GP180CL-4A7-12x12.webp 12w, https:\/\/mountlaser.com\/wp-content\/uploads\/2025\/12\/GP180CL-4A7-600x600.webp 600w, https:\/\/mountlaser.com\/wp-content\/uploads\/2025\/12\/GP180CL-4A7-800x800.webp 800w, https:\/\/mountlaser.com\/wp-content\/uploads\/2025\/12\/GP180CL-4A7-400x400.webp 400w\" sizes=\"(max-width: 500px) 100vw, 500px\" \/><\/td>\n<\/tr>\n<tr style=\"height: 14.25pt;\">\n<td class=\"et6\" style=\"height: 14.25pt;\" height=\"19\">GP150CL-4AB<\/td>\n<td class=\"et6\">150 cm<\/td>\n<td class=\"et6\">Alumini<\/td>\n<td class=\"et6\">me kllap\u00eb, busull, fllusk\u00eb<\/td>\n<td class=\"et6\">Kompresim<\/td>\n<td class=\"et6\">20\/24\/28\/32 mm<\/td>\n<td><img decoding=\"async\" class=\"alignnone wp-image-5136\" src=\"https:\/\/mountlaser.com\/wp-content\/uploads\/2025\/12\/GP150CL-4AB4.webp\" alt=\"GPS Poles with Snap-Lock\" width=\"500\" height=\"500\" srcset=\"https:\/\/mountlaser.com\/wp-content\/uploads\/2025\/12\/GP150CL-4AB4.webp 1000w, https:\/\/mountlaser.com\/wp-content\/uploads\/2025\/12\/GP150CL-4AB4-300x300.webp 300w, https:\/\/mountlaser.com\/wp-content\/uploads\/2025\/12\/GP150CL-4AB4-150x150.webp 150w, https:\/\/mountlaser.com\/wp-content\/uploads\/2025\/12\/GP150CL-4AB4-768x768.webp 768w, https:\/\/mountlaser.com\/wp-content\/uploads\/2025\/12\/GP150CL-4AB4-12x12.webp 12w, https:\/\/mountlaser.com\/wp-content\/uploads\/2025\/12\/GP150CL-4AB4-600x600.webp 600w, https:\/\/mountlaser.com\/wp-content\/uploads\/2025\/12\/GP150CL-4AB4-800x800.webp 800w, https:\/\/mountlaser.com\/wp-content\/uploads\/2025\/12\/GP150CL-4AB4-400x400.webp 400w\" sizes=\"(max-width: 500px) 100vw, 500px\" \/><\/td>\n<\/tr>\n<tr style=\"height: 14.25pt;\">\n<td class=\"et6\" style=\"height: 14.25pt;\" height=\"19\">GP180CL-4AB<\/td>\n<td class=\"et6\">180 cm<\/td>\n<td class=\"et6\">Alumini<\/td>\n<td class=\"et6\">me kllap\u00eb, busull, fllusk\u00eb<\/td>\n<td class=\"et6\">Kompresim<\/td>\n<td class=\"et6\">20\/24\/28\/32 mm<\/td>\n<td><img loading=\"lazy\" decoding=\"async\" class=\"alignnone wp-image-5150\" src=\"https:\/\/mountlaser.com\/wp-content\/uploads\/2025\/12\/GP180CL-4AB4.webp\" alt=\"GPS Poles with Snap-Lock\" width=\"500\" height=\"500\" srcset=\"https:\/\/mountlaser.com\/wp-content\/uploads\/2025\/12\/GP180CL-4AB4.webp 1000w, https:\/\/mountlaser.com\/wp-content\/uploads\/2025\/12\/GP180CL-4AB4-300x300.webp 300w, https:\/\/mountlaser.com\/wp-content\/uploads\/2025\/12\/GP180CL-4AB4-150x150.webp 150w, https:\/\/mountlaser.com\/wp-content\/uploads\/2025\/12\/GP180CL-4AB4-768x768.webp 768w, https:\/\/mountlaser.com\/wp-content\/uploads\/2025\/12\/GP180CL-4AB4-12x12.webp 12w, https:\/\/mountlaser.com\/wp-content\/uploads\/2025\/12\/GP180CL-4AB4-600x600.webp 600w, https:\/\/mountlaser.com\/wp-content\/uploads\/2025\/12\/GP180CL-4AB4-800x800.webp 800w, https:\/\/mountlaser.com\/wp-content\/uploads\/2025\/12\/GP180CL-4AB4-400x400.webp 400w\" sizes=\"(max-width: 500px) 100vw, 500px\" \/><\/td>\n<\/tr>\n<\/tbody>\n<\/table>\n<\/div>","protected":false},"excerpt":{"rendered":"<ul>\n<li>Rregullim i shpejt\u00eb i lart\u00ebsis\u00eb: Sistemi i kompresimit + bllokimit me kapak siguron konfigurim t\u00eb shpejt\u00eb dhe mbyllje t\u00eb sigurt.<\/li>\n<li>Nivelim preciz: Shishja rrethore e integruar 30&#039; n\u00eb baz\u00ebn e flluskave t\u00eb aluminit mund\u00ebson shtrirjen vertikale t\u00eb sakt\u00eb.<\/li>\n<li>Pajtueshm\u00ebri universale: E pajisur me nj\u00eb fileto 5\/8\u2033-11 p\u00ebr t&#039;iu p\u00ebrshtatur shumic\u00ebs s\u00eb marr\u00ebsve GNSS dhe instrumenteve t\u00eb matjes.<\/li>\n<li>Q\u00ebndrueshm\u00ebri e gatshme p\u00ebr p\u00ebrdorim n\u00eb terren: Dizajni i tubit t\u00eb aluminit me distancues t\u00eb rrumbullak\u00ebt opsional\u00eb mb\u00ebshtet p\u00ebrdorimin e fort\u00eb n\u00eb natyr\u00eb.<\/li>\n<li>Konfigurime t\u00eb gjithanshme: N\u00eb dispozicion n\u00eb gjat\u00ebsi t\u00eb shum\u00ebfishta (150 cm \/ 180 cm) dhe versione opsionale me kllapa ose busull.<\/li>\n<\/ul>","protected":false},"featured_media":5125,"comment_status":"open","ping_status":"closed","template":"","meta":[],"product_brand":[],"product_cat":[89,145],"product_tag":[],"class_list":{"0":"post-5124","1":"product","2":"type-product","3":"status-publish","4":"has-post-thumbnail","6":"product_cat-surveying-pole-rod","7":"product_cat-gps-pole-compression-snap-lock","9":"first","10":"instock","11":"shipping-taxable","12":"product-type-simple"},"_links":{"self":[{"href":"https:\/\/mountlaser.com\/sq\/wp-json\/wp\/v2\/product\/5124","targetHints":{"allow":["GET"]}}],"collection":[{"href":"https:\/\/mountlaser.com\/sq\/wp-json\/wp\/v2\/product"}],"about":[{"href":"https:\/\/mountlaser.com\/sq\/wp-json\/wp\/v2\/types\/product"}],"replies":[{"embeddable":true,"href":"https:\/\/mountlaser.com\/sq\/wp-json\/wp\/v2\/comments?post=5124"}],"wp:featuredmedia":[{"embeddable":true,"href":"https:\/\/mountlaser.com\/sq\/wp-json\/wp\/v2\/media\/5125"}],"wp:attachment":[{"href":"https:\/\/mountlaser.com\/sq\/wp-json\/wp\/v2\/media?parent=5124"}],"wp:term":[{"taxonomy":"product_brand","embeddable":true,"href":"https:\/\/mountlaser.com\/sq\/wp-json\/wp\/v2\/product_brand?post=5124"},{"taxonomy":"product_cat","embeddable":true,"href":"https:\/\/mountlaser.com\/sq\/wp-json\/wp\/v2\/product_cat?post=5124"},{"taxonomy":"product_tag","embeddable":true,"href":"https:\/\/mountlaser.com\/sq\/wp-json\/wp\/v2\/product_tag?post=5124"}],"curies":[{"name":"wp","href":"https:\/\/api.w.org\/{rel}","templated":true}]}}