{"id":5116,"date":"2025-12-02T08:10:15","date_gmt":"2025-12-02T08:10:15","guid":{"rendered":"https:\/\/mountlaser.com\/?post_type=product&#038;p=5116"},"modified":"2025-12-02T08:10:15","modified_gmt":"2025-12-02T08:10:15","slug":"gp300-6c-gps-pole-thread-lock","status":"publish","type":"product","link":"https:\/\/mountlaser.com\/sq\/produkt\/gp300-6c-gps-pole-thread-lock\/","title":{"rendered":"Ky\u00e7 me fileto p\u00ebr shtyll\u00ebn GPS GP300-6C"},"content":{"rendered":"<p>I\/E\/T\u00eb\/T\u00eb <a href=\"https:\/\/mountlaser.com\/sq\/\"><strong>Ky\u00e7 me fileto p\u00ebr shtyll\u00ebn GPS GP300-6C<\/strong><\/a> \u00ebsht\u00eb nj\u00eb shuf\u00ebr topografike premium 300 cm e projektuar p\u00ebr profesionist\u00ebt q\u00eb k\u00ebrkojn\u00eb stabilitet maksimal, precizion dhe transportueshm\u00ebri n\u00eb terren. I projektuar si nj\u00eb <a href=\"https:\/\/mountlaser.com\/sq\/kategori-produkti\/surveying-pole-rod\/\">shuf\u00ebr GNSS e zez\u00eb<\/a>, ofron q\u00ebndrueshm\u00ebri t\u00eb jasht\u00ebzakonshme me nd\u00ebrtimin e tij t\u00ebr\u00ebsisht prej alumini dhe diametrin e tubit OD32 mm. Ky\u00e7i me fileto i shtyll\u00ebs GPS GP300-6C p\u00ebrmban nj\u00eb mekaniz\u00ebm t\u00eb besuesh\u00ebm ky\u00e7jeje me fileto q\u00eb siguron rregullim t\u00eb sigurt t\u00eb lart\u00ebsis\u00eb, edhe gjat\u00eb pun\u00ebs intensive t\u00eb matjes GNSS. Struktura e saj e shk\u00ebputshme me 6 seksione e b\u00ebn k\u00ebt\u00eb shtyll\u00eb t\u00eb zez\u00eb GNSS t\u00eb leht\u00eb p\u00ebr t&#039;u transportuar, duke ruajtur nj\u00eb form\u00eb t\u00eb ngurt\u00eb t\u00eb zgjatur.<\/p>\n<p>E pajisur me nj\u00eb baz\u00eb alumini me flluska q\u00eb p\u00ebrmban nj\u00eb shishk\u00eb rrethore 30\u2032, ky\u00e7i me fileto GPS GP300-6C lejon nivelim t\u00eb shpejt\u00eb dhe t\u00eb sakt\u00eb p\u00ebr mbledhje t\u00eb sakt\u00eb t\u00eb t\u00eb dh\u00ebnave. Ai vjen standard me nj\u00eb mbules\u00eb anti-rr\u00ebshqitje, nj\u00eb fileto montimi 5\/8\u2033-11 dhe nj\u00eb \u00e7ant\u00eb t\u00eb but\u00eb mbajt\u00ebse - duke ofruar komoditet dhe performanc\u00eb t\u00eb besueshme n\u00eb \u00e7do vend pune. P\u00ebr gjeodet\u00ebt q\u00eb k\u00ebrkojn\u00eb nj\u00eb pajisje t\u00eb leht\u00eb por t\u00eb fuqishme. <a href=\"https:\/\/mountlaser.com\/sq\/contact-us\/\">shuf\u00ebr GNSS e zez\u00eb<\/a>, ky model ofron nj\u00eb ekuilib\u00ebr optimal t\u00eb forc\u00ebs, p\u00ebrdorshm\u00ebris\u00eb dhe sakt\u00ebsis\u00eb s\u00eb matjes.<\/p>\n<div>\n<table style=\"border-collapse: collapse; width: 1055.28pt;\" border=\"0\" width=\"1407\" cellspacing=\"0\" cellpadding=\"0\">\n<tbody>\n<tr style=\"height: 14.25pt;\">\n<td class=\"et2\" style=\"height: 14.25pt; width: 235.50pt;\" width=\"314\" height=\"19\">NUM\u00cbR<\/td>\n<td class=\"et2\" style=\"width: 309.00pt;\" width=\"412\">ZGJATJE<\/td>\n<td class=\"et2\" style=\"width: 88.50pt;\" width=\"118\">SEKSIONET<\/td>\n<td class=\"et2\" style=\"width: 138.00pt;\" width=\"184\">MATERIALI<\/td>\n<td class=\"et2\" style=\"width: 176.25pt;\" width=\"235\">NGJYRA<\/td>\n<td class=\"et2\" style=\"width: 54.00pt;\" width=\"72\">DIAMETRI<\/td>\n<td class=\"et3\" style=\"width: 54.00pt;\" width=\"72\">FOTO<\/td>\n<\/tr>\n<tr style=\"height: 14.25pt;\">\n<td class=\"et4\" style=\"height: 14.25pt;\" height=\"19\">GP300-6C<\/td>\n<td class=\"et4\">300 cm<\/td>\n<td class=\"et5\">6<\/td>\n<td class=\"et4\">Fib\u00ebr karboni premium<\/td>\n<td class=\"et4\">E zez\u00eb<\/td>\n<td class=\"et4\">32 mm<\/td>\n<td><img fetchpriority=\"high\" decoding=\"async\" class=\"alignnone wp-image-5121\" src=\"https:\/\/mountlaser.com\/wp-content\/uploads\/2025\/12\/GP300-6C-5.webp\" alt=\"GP300-6C GPS Pole Thread Lock\" width=\"500\" height=\"500\" srcset=\"https:\/\/mountlaser.com\/wp-content\/uploads\/2025\/12\/GP300-6C-5.webp 1000w, https:\/\/mountlaser.com\/wp-content\/uploads\/2025\/12\/GP300-6C-5-300x300.webp 300w, https:\/\/mountlaser.com\/wp-content\/uploads\/2025\/12\/GP300-6C-5-150x150.webp 150w, https:\/\/mountlaser.com\/wp-content\/uploads\/2025\/12\/GP300-6C-5-768x768.webp 768w, https:\/\/mountlaser.com\/wp-content\/uploads\/2025\/12\/GP300-6C-5-12x12.webp 12w, https:\/\/mountlaser.com\/wp-content\/uploads\/2025\/12\/GP300-6C-5-600x600.webp 600w, https:\/\/mountlaser.com\/wp-content\/uploads\/2025\/12\/GP300-6C-5-800x800.webp 800w, https:\/\/mountlaser.com\/wp-content\/uploads\/2025\/12\/GP300-6C-5-400x400.webp 400w\" sizes=\"(max-width: 500px) 100vw, 500px\" \/><\/td>\n<\/tr>\n<\/tbody>\n<\/table>\n<\/div>","protected":false},"excerpt":{"rendered":"<ul>\n<li>Sistemi i Sigurt i Ky\u00e7jes me Filetim \u2013 Siguron fiksim t\u00eb q\u00ebndruesh\u00ebm t\u00eb lart\u00ebsis\u00eb gjat\u00eb gjith\u00eb operacioneve t\u00eb matjes GNSS.<\/li>\n<li>Dizajn i shk\u00ebputsh\u00ebm me 6 seksione \u2013 Lejon q\u00eb shufra t\u00eb zgjerohet deri n\u00eb 300 cm duke mbetur kompakte p\u00ebr transport.<\/li>\n<li>Nivelim preciz \u2013 Baza e integruar e flluskave prej alumini me shishk\u00eb rrethore 30\u2032 rrit sakt\u00ebsin\u00eb e shtrirjes.<\/li>\n<li>Mbrojtje kund\u00ebr rr\u00ebshqitjes \u2013 Mbulesa standarde kund\u00ebr rr\u00ebshqitjes rrit sigurin\u00eb gjat\u00eb manovrimit dhe parandalon rr\u00ebshqitjen n\u00eb terren t\u00eb thyer.<\/li>\n<li>Pajtueshm\u00ebri universale \u2013 filetoja 5\/8\u2033-11 i p\u00ebrshtatet t\u00eb gjith\u00eb marr\u00ebsit kryesor\u00eb GNSS dhe instrumenteve t\u00eb matjes.<\/li>\n<li>Nd\u00ebrtim i q\u00ebndruesh\u00ebm \u2013 Tuba alumini me diamet\u00ebr OD32 mm siguron forc\u00eb dhe besueshm\u00ebri afatgjat\u00eb.<\/li>\n<\/ul>","protected":false},"featured_media":5121,"comment_status":"open","ping_status":"closed","template":"","meta":[],"product_brand":[],"product_cat":[89,143],"product_tag":[],"class_list":{"0":"post-5116","1":"product","2":"type-product","3":"status-publish","4":"has-post-thumbnail","6":"product_cat-surveying-pole-rod","7":"product_cat-gps-pole-thread-lock","9":"first","10":"instock","11":"shipping-taxable","12":"product-type-simple"},"_links":{"self":[{"href":"https:\/\/mountlaser.com\/sq\/wp-json\/wp\/v2\/product\/5116","targetHints":{"allow":["GET"]}}],"collection":[{"href":"https:\/\/mountlaser.com\/sq\/wp-json\/wp\/v2\/product"}],"about":[{"href":"https:\/\/mountlaser.com\/sq\/wp-json\/wp\/v2\/types\/product"}],"replies":[{"embeddable":true,"href":"https:\/\/mountlaser.com\/sq\/wp-json\/wp\/v2\/comments?post=5116"}],"wp:featuredmedia":[{"embeddable":true,"href":"https:\/\/mountlaser.com\/sq\/wp-json\/wp\/v2\/media\/5121"}],"wp:attachment":[{"href":"https:\/\/mountlaser.com\/sq\/wp-json\/wp\/v2\/media?parent=5116"}],"wp:term":[{"taxonomy":"product_brand","embeddable":true,"href":"https:\/\/mountlaser.com\/sq\/wp-json\/wp\/v2\/product_brand?post=5116"},{"taxonomy":"product_cat","embeddable":true,"href":"https:\/\/mountlaser.com\/sq\/wp-json\/wp\/v2\/product_cat?post=5116"},{"taxonomy":"product_tag","embeddable":true,"href":"https:\/\/mountlaser.com\/sq\/wp-json\/wp\/v2\/product_tag?post=5116"}],"curies":[{"name":"wp","href":"https:\/\/api.w.org\/{rel}","templated":true}]}}