{"id":5097,"date":"2025-12-02T07:46:21","date_gmt":"2025-12-02T07:46:21","guid":{"rendered":"https:\/\/mountlaser.com\/?post_type=product&#038;p=5097"},"modified":"2025-12-02T07:46:21","modified_gmt":"2025-12-02T07:46:21","slug":"gp200-2a-gps-pole-thread-lock","status":"publish","type":"product","link":"https:\/\/mountlaser.com\/sq\/produkt\/gp200-2a-gps-pole-thread-lock\/","title":{"rendered":"Ky\u00e7 me fileto p\u00ebr shtyll\u00eb GPS GP200-2A"},"content":{"rendered":"<p>I\/E\/T\u00eb\/T\u00eb <a href=\"https:\/\/mountlaser.com\/sq\/kategori-produkti\/surveying-pole-rod\/\">Ky\u00e7 me fileto p\u00ebr shtyll\u00eb GPS GP200-2A<\/a> \u00ebsht\u00eb nj\u00eb shuf\u00ebr matjeje e q\u00ebndrueshme dhe e besueshme e projektuar p\u00ebr aplikime profesionale GNSS. I projektuar si nj\u00eb shuf\u00ebr e fuqishme GNSS, ajo p\u00ebrmban nj\u00eb mekaniz\u00ebm ky\u00e7jeje me fileto q\u00eb siguron rregullime t\u00eb sigurta t\u00eb lart\u00ebsis\u00eb dhe performanc\u00eb t\u00eb q\u00ebndrueshme n\u00eb terren. Ky\u00e7i me fileto i shufr\u00ebs GPS GP200-2A ofron nj\u00eb struktur\u00eb t\u00eb shk\u00ebputshme dhe t\u00eb leht\u00eb p\u00ebr t\u2019u mbajtur, duke e b\u00ebr\u00eb at\u00eb ideale p\u00ebr gjeodet\u00ebt q\u00eb k\u00ebrkojn\u00eb transportueshm\u00ebri pa kompromentuar sakt\u00ebsin\u00eb.<\/p>\n<p>I nd\u00ebrtuar nga alumini me cil\u00ebsi t\u00eb lart\u00eb dhe i pajisur me nj\u00eb shishk\u00eb rrethore 30\u2032 n\u00eb baz\u00ebn e zez\u00eb me flluska, kjo <a href=\"https:\/\/mountlaser.com\/sq\/\">Shufra GNSS<\/a> garanton nivelim t\u00eb sakt\u00eb n\u00eb kushte t\u00eb v\u00ebshtira. Diametri i tubit OD32 mm, mbulesa anti-rr\u00ebshqit\u00ebse dhe filetoja e montimit 5\/8\u2033-11 sigurojn\u00eb p\u00ebrputhshm\u00ebri me nj\u00eb gam\u00eb t\u00eb gjer\u00eb marr\u00ebsish GNSS. I disponuesh\u00ebm n\u00eb opsione t\u00eb shumta ngjyrash, <a href=\"https:\/\/mountlaser.com\/sq\/contact-us\/\">Ky\u00e7 me fileto p\u00ebr shtyll\u00eb GPS GP200-2A<\/a> P\u00ebrshtatet pa probleme n\u00eb \u00e7do fluks pune p\u00ebr matje. Pavar\u00ebsisht n\u00ebse p\u00ebrdoret si nj\u00eb shuf\u00ebr kryesore GNSS ose si nj\u00eb rezerv\u00eb e besueshme n\u00eb terren, ajo ofron forc\u00eb, stabilitet dhe p\u00ebrdorshm\u00ebri afatgjat\u00eb.<\/p>\n<div>\n<table style=\"border-collapse: collapse; width: 1055.28pt;\" border=\"0\" width=\"1407\" cellspacing=\"0\" cellpadding=\"0\">\n<tbody>\n<tr style=\"height: 14.25pt;\">\n<td class=\"et2\" style=\"height: 14.25pt; width: 235.50pt;\" width=\"314\" height=\"19\">NUM\u00cbR<\/td>\n<td class=\"et2\" style=\"width: 309.00pt;\" width=\"412\">ZGJATJE<\/td>\n<td class=\"et2\" style=\"width: 88.50pt;\" width=\"118\">SEKSIONET<\/td>\n<td class=\"et2\" style=\"width: 138.00pt;\" width=\"184\">MATERIALI<\/td>\n<td class=\"et2\" style=\"width: 176.25pt;\" width=\"235\">NGJYRA<\/td>\n<td class=\"et2\" style=\"width: 54.00pt;\" width=\"72\">DIAMETRI<\/td>\n<td class=\"et3\" style=\"width: 54.00pt;\" width=\"72\">FOTO<\/td>\n<\/tr>\n<tr style=\"height: 14.25pt;\">\n<td class=\"et4\" style=\"height: 14.25pt;\" height=\"19\">GP200-2ABK<\/td>\n<td class=\"et4\">200 cm<\/td>\n<td class=\"et5\">2<\/td>\n<td class=\"et4\">Alumini<\/td>\n<td class=\"et4\">E zez\u00eb<\/td>\n<td class=\"et4\">32 mm<\/td>\n<td><img fetchpriority=\"high\" decoding=\"async\" class=\"alignnone wp-image-5101\" src=\"https:\/\/mountlaser.com\/wp-content\/uploads\/2025\/12\/GP200-2A-4.webp\" alt=\"GP200-2A GPS Pole Thread Lock\" width=\"500\" height=\"500\" srcset=\"https:\/\/mountlaser.com\/wp-content\/uploads\/2025\/12\/GP200-2A-4.webp 1000w, https:\/\/mountlaser.com\/wp-content\/uploads\/2025\/12\/GP200-2A-4-300x300.webp 300w, https:\/\/mountlaser.com\/wp-content\/uploads\/2025\/12\/GP200-2A-4-150x150.webp 150w, https:\/\/mountlaser.com\/wp-content\/uploads\/2025\/12\/GP200-2A-4-768x768.webp 768w, https:\/\/mountlaser.com\/wp-content\/uploads\/2025\/12\/GP200-2A-4-12x12.webp 12w, https:\/\/mountlaser.com\/wp-content\/uploads\/2025\/12\/GP200-2A-4-600x600.webp 600w, https:\/\/mountlaser.com\/wp-content\/uploads\/2025\/12\/GP200-2A-4-800x800.webp 800w, https:\/\/mountlaser.com\/wp-content\/uploads\/2025\/12\/GP200-2A-4-400x400.webp 400w\" sizes=\"(max-width: 500px) 100vw, 500px\" \/><\/td>\n<\/tr>\n<tr style=\"height: 14.25pt;\">\n<td class=\"et4\" style=\"height: 14.25pt;\" height=\"19\">GP200-2AGN<\/td>\n<td class=\"et4\">200 cm<\/td>\n<td class=\"et5\">2<\/td>\n<td class=\"et4\">Alumini<\/td>\n<td class=\"et4\">Jeshile<\/td>\n<td class=\"et4\">32 mm<\/td>\n<td><img decoding=\"async\" class=\"alignnone wp-image-5111\" src=\"https:\/\/mountlaser.com\/wp-content\/uploads\/2025\/12\/GP200-2A-5-1.webp\" alt=\"\" width=\"500\" height=\"500\" srcset=\"https:\/\/mountlaser.com\/wp-content\/uploads\/2025\/12\/GP200-2A-5-1.webp 1000w, https:\/\/mountlaser.com\/wp-content\/uploads\/2025\/12\/GP200-2A-5-1-300x300.webp 300w, https:\/\/mountlaser.com\/wp-content\/uploads\/2025\/12\/GP200-2A-5-1-150x150.webp 150w, https:\/\/mountlaser.com\/wp-content\/uploads\/2025\/12\/GP200-2A-5-1-768x768.webp 768w, https:\/\/mountlaser.com\/wp-content\/uploads\/2025\/12\/GP200-2A-5-1-12x12.webp 12w, https:\/\/mountlaser.com\/wp-content\/uploads\/2025\/12\/GP200-2A-5-1-600x600.webp 600w, https:\/\/mountlaser.com\/wp-content\/uploads\/2025\/12\/GP200-2A-5-1-800x800.webp 800w, https:\/\/mountlaser.com\/wp-content\/uploads\/2025\/12\/GP200-2A-5-1-400x400.webp 400w\" sizes=\"(max-width: 500px) 100vw, 500px\" \/><\/td>\n<\/tr>\n<tr style=\"height: 14.25pt;\">\n<td class=\"et4\" style=\"height: 14.25pt;\" height=\"19\">GP200-4AYL<\/td>\n<td class=\"et4\">200 cm<\/td>\n<td class=\"et5\">4<\/td>\n<td class=\"et4\">Alumini<\/td>\n<td class=\"et4\">E verdh\u00eb<\/td>\n<td class=\"et4\">32 mm<\/td>\n<td><\/td>\n<\/tr>\n<\/tbody>\n<\/table>\n<\/div>","protected":false},"excerpt":{"rendered":"<ul>\n<li>Ofron rregullim t\u00eb sigurt dhe t\u00eb q\u00ebndruesh\u00ebm t\u00eb lart\u00ebsis\u00eb me nj\u00eb sistem ky\u00e7jeje me fileto<\/li>\n<li>Funksionon si nj\u00eb shuf\u00ebr GNSS me sakt\u00ebsi t\u00eb lart\u00eb p\u00ebr marr\u00ebsit GNSS, pajisjet GPS dhe instrumentet e matjes<\/li>\n<li>Siguron nivelim t\u00eb sakt\u00eb duke p\u00ebrdorur nj\u00eb shishk\u00eb rrethore t\u00eb integruar 30\u2032<\/li>\n<li>Ofron l\u00ebvizshm\u00ebri me nj\u00eb dizajn t\u00eb shk\u00ebputsh\u00ebm me shum\u00eb seksione<\/li>\n<li>Ofron kapje dhe siguri t\u00eb shk\u00eblqyer fal\u00eb mbules\u00ebs s\u00eb saj anti-rr\u00ebshqit\u00ebse<\/li>\n<li>I pajtuesh\u00ebm me t\u00eb gjith\u00eb marr\u00ebsit GPS\/GNSS me fileto 5\/8\u2033-11<\/li>\n<li>P\u00ebrfshin nj\u00eb \u00e7ant\u00eb t\u00eb but\u00eb p\u00ebr transport dhe mbrojtje t\u00eb leht\u00eb<\/li>\n<\/ul>","protected":false},"featured_media":5109,"comment_status":"open","ping_status":"closed","template":"","meta":[],"product_brand":[],"product_cat":[89,143],"product_tag":[],"class_list":{"0":"post-5097","1":"product","2":"type-product","3":"status-publish","4":"has-post-thumbnail","6":"product_cat-surveying-pole-rod","7":"product_cat-gps-pole-thread-lock","9":"first","10":"instock","11":"shipping-taxable","12":"product-type-simple"},"_links":{"self":[{"href":"https:\/\/mountlaser.com\/sq\/wp-json\/wp\/v2\/product\/5097","targetHints":{"allow":["GET"]}}],"collection":[{"href":"https:\/\/mountlaser.com\/sq\/wp-json\/wp\/v2\/product"}],"about":[{"href":"https:\/\/mountlaser.com\/sq\/wp-json\/wp\/v2\/types\/product"}],"replies":[{"embeddable":true,"href":"https:\/\/mountlaser.com\/sq\/wp-json\/wp\/v2\/comments?post=5097"}],"wp:featuredmedia":[{"embeddable":true,"href":"https:\/\/mountlaser.com\/sq\/wp-json\/wp\/v2\/media\/5109"}],"wp:attachment":[{"href":"https:\/\/mountlaser.com\/sq\/wp-json\/wp\/v2\/media?parent=5097"}],"wp:term":[{"taxonomy":"product_brand","embeddable":true,"href":"https:\/\/mountlaser.com\/sq\/wp-json\/wp\/v2\/product_brand?post=5097"},{"taxonomy":"product_cat","embeddable":true,"href":"https:\/\/mountlaser.com\/sq\/wp-json\/wp\/v2\/product_cat?post=5097"},{"taxonomy":"product_tag","embeddable":true,"href":"https:\/\/mountlaser.com\/sq\/wp-json\/wp\/v2\/product_tag?post=5097"}],"curies":[{"name":"wp","href":"https:\/\/api.w.org\/{rel}","templated":true}]}}