{"id":5087,"date":"2025-12-02T06:41:46","date_gmt":"2025-12-02T06:41:46","guid":{"rendered":"https:\/\/mountlaser.com\/?post_type=product&#038;p=5087"},"modified":"2025-12-02T06:41:47","modified_gmt":"2025-12-02T06:41:47","slug":"gp180-gps-pole-thread-lock","status":"publish","type":"product","link":"https:\/\/mountlaser.com\/sq\/produkt\/gp180-gps-pole-thread-lock\/","title":{"rendered":"Ky\u00e7 me fileto p\u00ebr shtyll\u00eb GPS GP180"},"content":{"rendered":"<p>I\/E\/T\u00eb\/T\u00eb <a href=\"https:\/\/mountlaser.com\/sq\/kategori-produkti\/surveying-pole-rod\/\"><strong>Ky\u00e7 me fileto p\u00ebr shtyll\u00eb GPS GP180<\/strong><\/a> \u00ebsht\u00eb nj\u00eb zgjidhje e nivelit profesional e projektuar p\u00ebr gjeodet\u00ebt q\u00eb k\u00ebrkojn\u00eb stabilitet dhe besueshm\u00ebri maksimale n\u00eb terren. Ky sistem i avancuar i bllokimit me fileto t\u00eb shtyll\u00ebs GP180 GPS siguron nj\u00eb lidhje t\u00eb sigurt dhe rezistente ndaj dridhjeve, duke e b\u00ebr\u00eb at\u00eb ideal p\u00ebr aplikime GNSS me k\u00ebrkesa t\u00eb larta. I nd\u00ebrtuar p\u00ebr shkatht\u00ebsi, shtylla \u00ebsht\u00eb plot\u00ebsisht e pajtueshme me \u00e7do shtyll\u00eb standarde GPS, nd\u00ebrsa struktura e saj e shk\u00ebputshme me ky\u00e7 me fileto rrit transportueshm\u00ebrin\u00eb dhe leht\u00ebsin\u00eb e p\u00ebrdorimit. Qoft\u00eb n\u00eb robotik\u00ebn GNSS, pun\u00ebn kadastrale apo matjet e nd\u00ebrtimit, bllokimi me fileto t\u00eb shtyll\u00ebs GP180 GPS ofron performanc\u00eb t\u00eb besueshme \u00e7do dit\u00eb.<\/p>\n<p>T\u00eb punuara nga fibra karboni premium, secila <strong><a href=\"https:\/\/mountlaser.com\/sq\/about-us\/\">Shtyll\u00eb GPS<\/a> <\/strong>ofron forc\u00eb t\u00eb jasht\u00ebzakonshme me pesh\u00eb minimale, dhe baza e aluminit me flluska p\u00ebrfshin nj\u00eb shishe rrethore precize 30\u2032 p\u00ebr nivelim t\u00eb menj\u00ebhersh\u00ebm. Nj\u00eb mbules\u00eb e integruar kund\u00ebr rr\u00ebshqitjes p\u00ebrmir\u00ebson manovrimin n\u00eb mjedise t\u00eb ashpra, nd\u00ebrsa filetoja 5\/8\u2033-11 siguron p\u00ebrputhshm\u00ebri universale me instrumentet konvencionale t\u00eb matjes. Me mund\u00ebsi t\u00eb shumta konfigurimi - t\u00eb tilla si modelet 180 cm dhe 200 cm - <a href=\"https:\/\/mountlaser.com\/sq\/contact-us\/\">Shtyll\u00eb GPS<\/a> Sistemi p\u00ebrshtatet pa mundim me k\u00ebrkesat e ndryshme t\u00eb vendit t\u00eb pun\u00ebs.<\/p>\n<div>\n<table style=\"border-collapse: collapse; width: 1055.28pt;\" border=\"0\" width=\"1407\" cellspacing=\"0\" cellpadding=\"0\">\n<tbody>\n<tr style=\"height: 14.25pt;\">\n<td class=\"et2\" style=\"height: 14.25pt; width: 235.50pt;\" width=\"314\" height=\"19\">NUM\u00cbR<\/td>\n<td class=\"et2\" style=\"width: 309.00pt;\" width=\"412\">ZGJATJE<\/td>\n<td class=\"et2\" style=\"width: 88.50pt;\" width=\"118\">SEKSIONET<\/td>\n<td class=\"et2\" style=\"width: 138.00pt;\" width=\"184\">MATERIALI<\/td>\n<td class=\"et2\" style=\"width: 176.25pt;\" width=\"235\">NGJYRA<\/td>\n<td class=\"et2\" style=\"width: 54.00pt;\" width=\"72\">DIAMETRI<\/td>\n<td class=\"et3\" style=\"width: 54.00pt;\" width=\"72\">FOTO<\/td>\n<\/tr>\n<tr style=\"height: 14.25pt;\">\n<td class=\"et4\" style=\"height: 14.25pt;\" height=\"19\">GP180-4C<\/td>\n<td class=\"et4\">180 cm<\/td>\n<td class=\"et5\">4<\/td>\n<td class=\"et4\">Fib\u00ebr karboni premium<\/td>\n<td class=\"et4\">E zez\u00eb<\/td>\n<td class=\"et4\">32 mm<\/td>\n<td><img fetchpriority=\"high\" decoding=\"async\" class=\"alignnone wp-image-5079\" src=\"https:\/\/mountlaser.com\/wp-content\/uploads\/2025\/12\/GP180-4C-3.webp\" alt=\"GP180 GPS Pole Thread Lock\" width=\"500\" height=\"500\" srcset=\"https:\/\/mountlaser.com\/wp-content\/uploads\/2025\/12\/GP180-4C-3.webp 1000w, https:\/\/mountlaser.com\/wp-content\/uploads\/2025\/12\/GP180-4C-3-300x300.webp 300w, https:\/\/mountlaser.com\/wp-content\/uploads\/2025\/12\/GP180-4C-3-150x150.webp 150w, https:\/\/mountlaser.com\/wp-content\/uploads\/2025\/12\/GP180-4C-3-768x768.webp 768w, https:\/\/mountlaser.com\/wp-content\/uploads\/2025\/12\/GP180-4C-3-12x12.webp 12w, https:\/\/mountlaser.com\/wp-content\/uploads\/2025\/12\/GP180-4C-3-600x600.webp 600w, https:\/\/mountlaser.com\/wp-content\/uploads\/2025\/12\/GP180-4C-3-800x800.webp 800w, https:\/\/mountlaser.com\/wp-content\/uploads\/2025\/12\/GP180-4C-3-400x400.webp 400w\" sizes=\"(max-width: 500px) 100vw, 500px\" \/><\/td>\n<\/tr>\n<tr style=\"height: 14.25pt;\">\n<td class=\"et4\" style=\"height: 14.25pt;\" height=\"19\">GP200-4C<\/td>\n<td class=\"et4\">200 cm<\/td>\n<td class=\"et5\">4<\/td>\n<td class=\"et4\">Fib\u00ebr karboni premium<\/td>\n<td class=\"et4\">E zez\u00eb<\/td>\n<td class=\"et4\">32 mm<\/td>\n<td><img decoding=\"async\" class=\"alignnone wp-image-5081\" src=\"https:\/\/mountlaser.com\/wp-content\/uploads\/2025\/12\/GP180-4C-5.webp\" alt=\"GP180 GPS Pole Thread Lock\" width=\"500\" height=\"500\" srcset=\"https:\/\/mountlaser.com\/wp-content\/uploads\/2025\/12\/GP180-4C-5.webp 1000w, https:\/\/mountlaser.com\/wp-content\/uploads\/2025\/12\/GP180-4C-5-300x300.webp 300w, https:\/\/mountlaser.com\/wp-content\/uploads\/2025\/12\/GP180-4C-5-150x150.webp 150w, https:\/\/mountlaser.com\/wp-content\/uploads\/2025\/12\/GP180-4C-5-768x768.webp 768w, https:\/\/mountlaser.com\/wp-content\/uploads\/2025\/12\/GP180-4C-5-12x12.webp 12w, https:\/\/mountlaser.com\/wp-content\/uploads\/2025\/12\/GP180-4C-5-600x600.webp 600w, https:\/\/mountlaser.com\/wp-content\/uploads\/2025\/12\/GP180-4C-5-800x800.webp 800w, https:\/\/mountlaser.com\/wp-content\/uploads\/2025\/12\/GP180-4C-5-400x400.webp 400w\" sizes=\"(max-width: 500px) 100vw, 500px\" \/><\/td>\n<\/tr>\n<tr style=\"height: 14.25pt;\">\n<td class=\"et4\" style=\"height: 14.25pt;\" height=\"19\">GP200-2C<\/td>\n<td class=\"et4\">200 cm<\/td>\n<td class=\"et5\">2<\/td>\n<td class=\"et4\">Fib\u00ebr karboni premium<\/td>\n<td class=\"et4\">E zez\u00eb<\/td>\n<td class=\"et4\">32 mm<\/td>\n<td><img decoding=\"async\" class=\"alignnone wp-image-5091\" src=\"https:\/\/mountlaser.com\/wp-content\/uploads\/2025\/12\/GP200-2C-4.webp\" alt=\"GP180 GPS Pole Thread Lock\" width=\"500\" height=\"500\" srcset=\"https:\/\/mountlaser.com\/wp-content\/uploads\/2025\/12\/GP200-2C-4.webp 1000w, https:\/\/mountlaser.com\/wp-content\/uploads\/2025\/12\/GP200-2C-4-300x300.webp 300w, https:\/\/mountlaser.com\/wp-content\/uploads\/2025\/12\/GP200-2C-4-150x150.webp 150w, https:\/\/mountlaser.com\/wp-content\/uploads\/2025\/12\/GP200-2C-4-768x768.webp 768w, https:\/\/mountlaser.com\/wp-content\/uploads\/2025\/12\/GP200-2C-4-12x12.webp 12w, https:\/\/mountlaser.com\/wp-content\/uploads\/2025\/12\/GP200-2C-4-600x600.webp 600w, https:\/\/mountlaser.com\/wp-content\/uploads\/2025\/12\/GP200-2C-4-800x800.webp 800w, https:\/\/mountlaser.com\/wp-content\/uploads\/2025\/12\/GP200-2C-4-400x400.webp 400w\" sizes=\"(max-width: 500px) 100vw, 500px\" \/><\/td>\n<\/tr>\n<\/tbody>\n<\/table>\n<\/div>","protected":false},"excerpt":{"rendered":"<ul>\n<li>Sistemi i Sigurt i Bllokimit t\u00eb Fijeve: Siguron lidhje t\u00eb ngusht\u00eb dhe t\u00eb besueshme midis seksioneve t\u00eb poleve p\u00ebr sakt\u00ebsi t\u00eb shtuar t\u00eb GNSS.<\/li>\n<li>Q\u00ebndrueshm\u00ebri e lart\u00eb: Nd\u00ebrtimi premium i fibrave t\u00eb karbonit siguron ngurt\u00ebsi t\u00eb jasht\u00ebzakonshme dhe jet\u00ebgjat\u00ebsi t\u00eb gjat\u00eb sh\u00ebrbimi.<\/li>\n<li>Nivelim i sakt\u00eb: Baza e flluskave prej alumini me shishk\u00eb rrethore 30&#039; ofron konfigurim t\u00eb shpejt\u00eb dhe pozicionim t\u00eb sakt\u00eb.<\/li>\n<li>Kompakt dhe i l\u00ebvizsh\u00ebm: Dizajni i shk\u00ebputsh\u00ebm dhe \u00e7anta e but\u00eb e mbajtjes lejojn\u00eb transport dhe ruajtje t\u00eb leht\u00eb.<\/li>\n<li>Pajtueshm\u00ebri universale: E pajisur me fileto 5\/8\u2033-11, e p\u00ebrshtatshme p\u00ebr nj\u00eb gam\u00eb t\u00eb gjer\u00eb marr\u00ebsish, prizmash dhe aksesor\u00ebsh GNSS.<\/li>\n<li>Kapje dhe stabilitet i p\u00ebrmir\u00ebsuar: Mbulesa anti-rr\u00ebshqitje siguron manovrim t\u00eb sigurt n\u00eb terren t\u00eb lag\u00ebsht, me pluhur ose t\u00eb pabarabart\u00eb.<\/li>\n<\/ul>","protected":false},"featured_media":5079,"comment_status":"open","ping_status":"closed","template":"","meta":[],"product_brand":[],"product_cat":[89,143],"product_tag":[],"class_list":{"0":"post-5087","1":"product","2":"type-product","3":"status-publish","4":"has-post-thumbnail","6":"product_cat-surveying-pole-rod","7":"product_cat-gps-pole-thread-lock","9":"first","10":"instock","11":"shipping-taxable","12":"product-type-simple"},"_links":{"self":[{"href":"https:\/\/mountlaser.com\/sq\/wp-json\/wp\/v2\/product\/5087","targetHints":{"allow":["GET"]}}],"collection":[{"href":"https:\/\/mountlaser.com\/sq\/wp-json\/wp\/v2\/product"}],"about":[{"href":"https:\/\/mountlaser.com\/sq\/wp-json\/wp\/v2\/types\/product"}],"replies":[{"embeddable":true,"href":"https:\/\/mountlaser.com\/sq\/wp-json\/wp\/v2\/comments?post=5087"}],"wp:featuredmedia":[{"embeddable":true,"href":"https:\/\/mountlaser.com\/sq\/wp-json\/wp\/v2\/media\/5079"}],"wp:attachment":[{"href":"https:\/\/mountlaser.com\/sq\/wp-json\/wp\/v2\/media?parent=5087"}],"wp:term":[{"taxonomy":"product_brand","embeddable":true,"href":"https:\/\/mountlaser.com\/sq\/wp-json\/wp\/v2\/product_brand?post=5087"},{"taxonomy":"product_cat","embeddable":true,"href":"https:\/\/mountlaser.com\/sq\/wp-json\/wp\/v2\/product_cat?post=5087"},{"taxonomy":"product_tag","embeddable":true,"href":"https:\/\/mountlaser.com\/sq\/wp-json\/wp\/v2\/product_tag?post=5087"}],"curies":[{"name":"wp","href":"https:\/\/api.w.org\/{rel}","templated":true}]}}