{"id":5063,"date":"2025-12-02T05:10:42","date_gmt":"2025-12-02T05:10:42","guid":{"rendered":"https:\/\/mountlaser.com\/?post_type=product&#038;p=5063"},"modified":"2025-12-02T05:10:42","modified_gmt":"2025-12-02T05:10:42","slug":"ad-d64-pole-adapter","status":"publish","type":"product","link":"https:\/\/mountlaser.com\/sq\/produkt\/ad-d64-pole-adapter\/","title":{"rendered":"P\u00ebrshtat\u00ebs Shtylle AD-D64"},"content":{"rendered":"<p>I\/E\/T\u00eb\/T\u00eb <a href=\"https:\/\/mountlaser.com\/sq\/\"><strong>P\u00ebrshtat\u00ebs Shtylle AD-D64<\/strong><\/a> \u00ebsht\u00eb nj\u00eb aksesor i projektuar me precizion t\u00eb lart\u00eb, i projektuar p\u00ebr t\u00eb rritur p\u00ebrputhshm\u00ebrin\u00eb dhe fleksibilitetin n\u00eb robotik\u00ebn GNSS dhe aplikacionet e matjeve me stacione totale. I nd\u00ebrtuar p\u00ebr p\u00ebrdorim profesional n\u00eb terren, Adaptori i Shtyll\u00ebs AD-D64 siguron integrim t\u00eb qet\u00eb me shtyllat e nd\u00ebrrueshme t\u00eb matjeve dhe ofron pozicionim t\u00eb q\u00ebndruesh\u00ebm dhe t\u00eb sakt\u00eb t\u00eb objektivit. Si nj\u00eb element thelb\u00ebsor <a href=\"https:\/\/mountlaser.com\/sq\/products\/\"><strong>p\u00ebrshtat\u00ebs shtylle zgjatuese<\/strong><\/a>, u lejon gjeodet\u00ebve t\u00eb konvertojn\u00eb shpejt midis sistemeve t\u00eb ndryshme t\u00eb synuara, duke ruajtur nj\u00ebkoh\u00ebsisht sakt\u00ebsin\u00eb e matjes.<\/p>\n<p>I projektuar posa\u00e7\u00ebrisht p\u00ebr objektivin zviceran GPH1, <a href=\"https:\/\/mountlaser.com\/sq\/contact-us\/\">P\u00ebrshtat\u00ebs Shtylle AD-D64<\/a> siguron nj\u00eb lart\u00ebsi objektivi prej 86 mm me nj\u00eb gjat\u00ebsi p\u00ebrshtat\u00ebsi 50 mm, duke siguruar shtrirje t\u00eb duhur dhe performanc\u00eb t\u00eb besueshme n\u00eb terren. Struktura e p\u00ebrshtat\u00ebsit t\u00eb shtyll\u00ebs s\u00eb zgjatur p\u00ebrmban nj\u00eb fileto standarde montimi 5\/8\u2033-11, duke e b\u00ebr\u00eb at\u00eb shum\u00eb t\u00eb pajtuesh\u00ebm me nj\u00eb gam\u00eb t\u00eb gjer\u00eb pajisjesh gjeodetike. Qoft\u00eb duke p\u00ebrmir\u00ebsuar nj\u00eb konfigurim ekzistues t\u00eb shtyll\u00ebs apo duke u p\u00ebrshtatur me pajisje t\u00eb reja, P\u00ebrshtat\u00ebsi i Shtyll\u00ebs AD-D64 garanton instalim t\u00eb shpejt\u00eb, t\u00eb sigurt dhe t\u00eb sakt\u00eb.<\/p>\n<div>\n<table style=\"border-collapse: collapse; width: 947.27pt;\" border=\"0\" width=\"1263\" cellspacing=\"0\" cellpadding=\"0\">\n<tbody>\n<tr style=\"height: 17.25pt;\">\n<td class=\"et2\" style=\"height: 17.25pt; width: 235.50pt;\" width=\"314\" height=\"23\">NUMRI I PJES\u00cbS<\/td>\n<td class=\"et3\" style=\"width: 309.00pt;\" width=\"412\">OBJEKTIVI I DIZAJNUAR P\u00cbR<\/td>\n<td class=\"et3\" style=\"width: 88.50pt;\" width=\"118\">LART\u00cbSIA E OBJEKTIT<\/td>\n<td class=\"et3\" style=\"width: 138.00pt;\" width=\"184\">GJAT\u00cbSIA E P\u00cbRSHTAT\u00cbSIT<\/td>\n<td class=\"et4\" style=\"width: 176.25pt;\" width=\"235\">FOTO<\/td>\n<\/tr>\n<tr style=\"height: 14.25pt;\">\n<td class=\"et5\" style=\"height: 14.25pt;\" height=\"19\">AD-D64<\/td>\n<td class=\"et5\">Zviceran GPH1<\/td>\n<td class=\"et5\">86 mm<\/td>\n<td class=\"et5\">50 mm<\/td>\n<td><img fetchpriority=\"high\" decoding=\"async\" class=\"alignnone wp-image-5067\" src=\"https:\/\/mountlaser.com\/wp-content\/uploads\/2025\/12\/AD-D64-4.webp\" alt=\"AD-D64 Pole Adapter\" width=\"500\" height=\"500\" srcset=\"https:\/\/mountlaser.com\/wp-content\/uploads\/2025\/12\/AD-D64-4.webp 1000w, https:\/\/mountlaser.com\/wp-content\/uploads\/2025\/12\/AD-D64-4-300x300.webp 300w, https:\/\/mountlaser.com\/wp-content\/uploads\/2025\/12\/AD-D64-4-150x150.webp 150w, https:\/\/mountlaser.com\/wp-content\/uploads\/2025\/12\/AD-D64-4-768x768.webp 768w, https:\/\/mountlaser.com\/wp-content\/uploads\/2025\/12\/AD-D64-4-12x12.webp 12w, https:\/\/mountlaser.com\/wp-content\/uploads\/2025\/12\/AD-D64-4-600x600.webp 600w, https:\/\/mountlaser.com\/wp-content\/uploads\/2025\/12\/AD-D64-4-800x800.webp 800w, https:\/\/mountlaser.com\/wp-content\/uploads\/2025\/12\/AD-D64-4-400x400.webp 400w\" sizes=\"(max-width: 500px) 100vw, 500px\" \/><\/td>\n<\/tr>\n<\/tbody>\n<\/table>\n<\/div>","protected":false},"excerpt":{"rendered":"<ul>\n<li>Pajtueshm\u00ebria e Dizajnit t\u00eb Nd\u00ebrruesh\u00ebm: Funksionon me shtylla matjeje t\u00eb nd\u00ebrtuara p\u00ebr robotik\u00ebn GNSS dhe operacionet e stacioneve totale.<\/li>\n<li>Funksionaliteti i Zgjerimit: Vepron si nj\u00eb p\u00ebrshtat\u00ebs i besuesh\u00ebm i shtyll\u00ebs s\u00eb zgjatjes p\u00ebr rregullimin dhe konvertimin e lart\u00ebsive t\u00eb objektivit.<\/li>\n<li>Rreshtimi i Sakt\u00eb i Sh\u00ebnjestrave: I projektuar posa\u00e7\u00ebrisht p\u00ebr sh\u00ebnjestr\u00ebn zvicerane GPH1 me nj\u00eb lart\u00ebsi sh\u00ebnjestre prej 86 mm.<\/li>\n<li>Filetim Standard Montimi: P\u00ebrmban nj\u00eb fileto universale 5\/8\u2033-11 p\u00ebr p\u00ebrputhshm\u00ebri t\u00eb gjer\u00eb t\u00eb pajisjeve.<\/li>\n<li>Gjat\u00ebsia e optimizuar e adaptorit: Gjat\u00ebsia e adaptorit 50 mm \u00ebsht\u00eb projektuar p\u00ebr t\u00eb ofruar gjeometri matjeje konsistente.<\/li>\n<li>Mund\u00ebsia e Konvertimit t\u00eb Shpejt\u00eb: Mund\u00ebson nd\u00ebrrimin e shpejt\u00eb midis aplikacioneve duke ndryshuar thjesht adaptor\u00ebt.<\/li>\n<li>Nd\u00ebrtim i Q\u00ebndruesh\u00ebm: I nd\u00ebrtuar p\u00ebr performanc\u00eb afatgjat\u00eb n\u00eb terren n\u00eb mjedise t\u00eb k\u00ebrkuara matjeje.<\/li>\n<\/ul>","protected":false},"featured_media":5064,"comment_status":"open","ping_status":"closed","template":"","meta":[],"product_brand":[],"product_cat":[142,89],"product_tag":[],"class_list":{"0":"post-5063","1":"product","2":"type-product","3":"status-publish","4":"has-post-thumbnail","6":"product_cat-pole-adapter","7":"product_cat-surveying-pole-rod","9":"first","10":"instock","11":"shipping-taxable","12":"product-type-simple"},"_links":{"self":[{"href":"https:\/\/mountlaser.com\/sq\/wp-json\/wp\/v2\/product\/5063","targetHints":{"allow":["GET"]}}],"collection":[{"href":"https:\/\/mountlaser.com\/sq\/wp-json\/wp\/v2\/product"}],"about":[{"href":"https:\/\/mountlaser.com\/sq\/wp-json\/wp\/v2\/types\/product"}],"replies":[{"embeddable":true,"href":"https:\/\/mountlaser.com\/sq\/wp-json\/wp\/v2\/comments?post=5063"}],"wp:featuredmedia":[{"embeddable":true,"href":"https:\/\/mountlaser.com\/sq\/wp-json\/wp\/v2\/media\/5064"}],"wp:attachment":[{"href":"https:\/\/mountlaser.com\/sq\/wp-json\/wp\/v2\/media?parent=5063"}],"wp:term":[{"taxonomy":"product_brand","embeddable":true,"href":"https:\/\/mountlaser.com\/sq\/wp-json\/wp\/v2\/product_brand?post=5063"},{"taxonomy":"product_cat","embeddable":true,"href":"https:\/\/mountlaser.com\/sq\/wp-json\/wp\/v2\/product_cat?post=5063"},{"taxonomy":"product_tag","embeddable":true,"href":"https:\/\/mountlaser.com\/sq\/wp-json\/wp\/v2\/product_tag?post=5063"}],"curies":[{"name":"wp","href":"https:\/\/api.w.org\/{rel}","templated":true}]}}